{"id":10296,"date":"2019-10-18T13:12:48","date_gmt":"2019-10-18T13:12:48","guid":{"rendered":"https:\/\/scar-id.com\/produto\/fold-sweater-black-acrilic-on-black\/"},"modified":"2020-04-27T19:40:45","modified_gmt":"2020-04-27T19:40:45","slug":"fold-sweater-black-acrilic-on-black","status":"publish","type":"product","link":"https:\/\/scar-id.com\/pt-pt\/produto\/fold-sweater-black-acrilic-on-black\/","title":{"rendered":"Sweater com Prega, Acr\u00edlico Preto sobre Preto"},"content":{"rendered":"<!DOCTYPE html PUBLIC \"-\/\/W3C\/\/DTD HTML 4.0 Transitional\/\/EN\" \"http:\/\/www.w3.org\/TR\/REC-html40\/loose.dtd\">\n<html><body><p><img fetchpriority=\"high\" decoding=\"async\" class=\"size-full wp-image-5127 aligncenter\" src=\"https:\/\/scar-id.com\/wp-content\/uploads\/2019\/10\/Fold-Sweater.jpg\" alt=\"\" width=\"1400\" height=\"2310\" srcset=\"https:\/\/scar-id.com\/wp-content\/uploads\/2019\/10\/Fold-Sweater.jpg 606w, https:\/\/scar-id.com\/wp-content\/uploads\/2019\/10\/Fold-Sweater-182x300.jpg 182w, https:\/\/scar-id.com\/wp-content\/uploads\/2019\/10\/Fold-Sweater-768x1267.jpg 768w, https:\/\/scar-id.com\/wp-content\/uploads\/2019\/10\/Fold-Sweater-621x1024.jpg 621w, https:\/\/scar-id.com\/wp-content\/uploads\/2019\/10\/Fold-Sweater-324x535.jpg 324w, https:\/\/scar-id.com\/wp-content\/uploads\/2019\/10\/Fold-Sweater-416x686.jpg 416w\" sizes=\"(max-width: 1400px) 100vw, 1400px\" \/><\/p>\n<\/body><\/html>\n","protected":false},"excerpt":{"rendered":"<h6><strong>Detalhe:<\/strong> Pintado \u00e0 m\u00e3o sobre tecido com tinta acr\u00edlica;<\/h6>\n<h6><strong>Material:<\/strong> 74% Viscose + 22% Poliamida + 4% Elastano<\/h6>\n<h6><strong>Largura:<\/strong> 100cm<\/h6>\n<h6><strong>Altura:<\/strong> 100cm<\/h6>\n<h6><\/h6>\n<p>&nbsp;<\/p>\n<h6>As colec\u00e7\u00f5es ATER by scar-id s\u00e3o exclusivas, dispon\u00edveis na scar-id store e em scar-id.com<\/h6>\n<h6>Desenhado e Produzido em Portugal<\/h6>\n<h6>Para informa\u00e7\u00f5es n\u00e3o hesite em nos contactar<\/h6>\n<h6><a href=\"mailto:info@scar-id.com\">info@scar-id.com<\/a>\u00a0\/ (+351) 22\u00a0203 3087<\/h6>\n","protected":false},"featured_media":5159,"template":"","meta":{"_uag_custom_page_level_css":""},"product_brand":[],"product_cat":[132],"product_tag":[],"class_list":{"0":"post-10296","1":"product","2":"type-product","3":"status-publish","4":"has-post-thumbnail","6":"product_cat-ater-x-liv","8":"first","9":"instock","10":"taxable","11":"shipping-taxable","12":"purchasable","13":"product-type-simple"},"aioseo_notices":[],"uagb_featured_image_src":{"full":["https:\/\/scar-id.com\/wp-content\/uploads\/2019\/10\/Fold-sweat.jpg",824,1138,false],"thumbnail":["https:\/\/scar-id.com\/wp-content\/uploads\/2019\/10\/Fold-sweat-150x150.jpg",150,150,true],"medium":["https:\/\/scar-id.com\/wp-content\/uploads\/2019\/10\/Fold-sweat-217x300.jpg",217,300,true],"medium_large":["https:\/\/scar-id.com\/wp-content\/uploads\/2019\/10\/Fold-sweat-768x1061.jpg",768,1061,true],"large":["https:\/\/scar-id.com\/wp-content\/uploads\/2019\/10\/Fold-sweat-741x1024.jpg",741,1024,true],"1536x1536":["https:\/\/scar-id.com\/wp-content\/uploads\/2019\/10\/Fold-sweat.jpg",824,1138,false],"2048x2048":["https:\/\/scar-id.com\/wp-content\/uploads\/2019\/10\/Fold-sweat.jpg",824,1138,false],"woocommerce_thumbnail":["https:\/\/scar-id.com\/wp-content\/uploads\/2019\/10\/Fold-sweat-324x447.jpg",324,447,true],"woocommerce_single":["https:\/\/scar-id.com\/wp-content\/uploads\/2019\/10\/Fold-sweat-416x575.jpg",416,575,true],"woocommerce_gallery_thumbnail":["https:\/\/scar-id.com\/wp-content\/uploads\/2019\/10\/Fold-sweat-100x100.jpg",100,100,true]},"uagb_author_info":{"display_name":"scar-id","author_link":"https:\/\/scar-id.com\/pt-pt\/author\/"},"uagb_comment_info":0,"uagb_excerpt":"Detalhe: Pintado \u00e0 m\u00e3o sobre tecido com tinta acr\u00edlica; Material: 74% Viscose + 22% Poliamida + 4% Elastano Largura: 100cm Altura: 100cm &nbsp; As colec\u00e7\u00f5es ATER by scar-id s\u00e3o exclusivas, dispon\u00edveis na scar-id store e em scar-id.com Desenhado e Produzido em Portugal Para informa\u00e7\u00f5es n\u00e3o hesite em nos contactar info@scar-id.com\u00a0\/ (+351) 22\u00a0203 3087","_links":{"self":[{"href":"https:\/\/scar-id.com\/pt-pt\/wp-json\/wp\/v2\/product\/10296","targetHints":{"allow":["GET"]}}],"collection":[{"href":"https:\/\/scar-id.com\/pt-pt\/wp-json\/wp\/v2\/product"}],"about":[{"href":"https:\/\/scar-id.com\/pt-pt\/wp-json\/wp\/v2\/types\/product"}],"wp:featuredmedia":[{"embeddable":true,"href":"https:\/\/scar-id.com\/pt-pt\/wp-json\/wp\/v2\/media\/5159"}],"wp:attachment":[{"href":"https:\/\/scar-id.com\/pt-pt\/wp-json\/wp\/v2\/media?parent=10296"}],"wp:term":[{"taxonomy":"product_brand","embeddable":true,"href":"https:\/\/scar-id.com\/pt-pt\/wp-json\/wp\/v2\/product_brand?post=10296"},{"taxonomy":"product_cat","embeddable":true,"href":"https:\/\/scar-id.com\/pt-pt\/wp-json\/wp\/v2\/product_cat?post=10296"},{"taxonomy":"product_tag","embeddable":true,"href":"https:\/\/scar-id.com\/pt-pt\/wp-json\/wp\/v2\/product_tag?post=10296"}],"curies":[{"name":"wp","href":"https:\/\/api.w.org\/{rel}","templated":true}]}}