{"id":10306,"date":"2020-01-25T16:23:27","date_gmt":"2020-01-25T16:23:27","guid":{"rendered":"https:\/\/scar-id.com\/produto\/ater-handpainted-cushion\/"},"modified":"2020-04-26T20:03:18","modified_gmt":"2020-04-26T20:03:18","slug":"ater-handpainted-cushion","status":"publish","type":"product","link":"https:\/\/scar-id.com\/pt-pt\/produto\/ater-handpainted-cushion\/","title":{"rendered":"ATER Handpainted Cushion"},"content":{"rendered":"<!DOCTYPE html PUBLIC \"-\/\/W3C\/\/DTD HTML 4.0 Transitional\/\/EN\" \"http:\/\/www.w3.org\/TR\/REC-html40\/loose.dtd\">\n<html><body><p><img fetchpriority=\"high\" decoding=\"async\" class=\"alignnone size-full wp-image-8448\" src=\"https:\/\/scar-id.com\/wp-content\/uploads\/2020\/01\/ater-2.jpg\" alt=\"\" width=\"1400\" height=\"1676\" srcset=\"https:\/\/scar-id.com\/wp-content\/uploads\/2020\/01\/ater-2.jpg 835w, https:\/\/scar-id.com\/wp-content\/uploads\/2020\/01\/ater-2-251x300.jpg 251w, https:\/\/scar-id.com\/wp-content\/uploads\/2020\/01\/ater-2-855x1024.jpg 855w, https:\/\/scar-id.com\/wp-content\/uploads\/2020\/01\/ater-2-768x919.jpg 768w, https:\/\/scar-id.com\/wp-content\/uploads\/2020\/01\/ater-2-1283x1536.jpg 1283w, https:\/\/scar-id.com\/wp-content\/uploads\/2020\/01\/ater-2-324x388.jpg 324w, https:\/\/scar-id.com\/wp-content\/uploads\/2020\/01\/ater-2-416x498.jpg 416w\" sizes=\"(max-width: 1400px) 100vw, 1400px\" \/><\/p>\n<\/body><\/html>\n","protected":false},"excerpt":{"rendered":"<h6><strong>Description:<\/strong> Capa de Almofada, 100% Algod\u00e3o, pintada \u00e0 m\u00e3o com tinta acr\u00edlica; fecho invis\u00edvel<\/h6>\n<h6><strong>Dimens\u00e3o<\/strong>: 50cm x 50cm<\/h6>\n<h6>Desenhado e produzido no Porto, Portugal<\/h6>\n<h6>Para informa\u00e7\u00f5es, por favor contacte-nos:<\/h6>\n<h6><a href=\"mailto:info@scar-id.com\">info@scar-id.com<\/a> \/ (+351)222 033 087<\/h6>\n","protected":false},"featured_media":8451,"template":"","meta":{"_uag_custom_page_level_css":""},"product_brand":[],"product_cat":[356,285],"product_tag":[],"class_list":{"0":"post-10306","1":"product","2":"type-product","3":"status-publish","4":"has-post-thumbnail","6":"product_cat-ater-objects-pt","7":"product_cat-seleccao-interiores","9":"first","10":"instock","11":"taxable","12":"shipping-taxable","13":"purchasable","14":"product-type-simple"},"aioseo_notices":[],"uagb_featured_image_src":{"full":["https:\/\/scar-id.com\/wp-content\/uploads\/2020\/01\/ater-3.jpg",824,1138,false],"thumbnail":["https:\/\/scar-id.com\/wp-content\/uploads\/2020\/01\/ater-3-150x150.jpg",150,150,true],"medium":["https:\/\/scar-id.com\/wp-content\/uploads\/2020\/01\/ater-3-217x300.jpg",217,300,true],"medium_large":["https:\/\/scar-id.com\/wp-content\/uploads\/2020\/01\/ater-3-768x1061.jpg",768,1061,true],"large":["https:\/\/scar-id.com\/wp-content\/uploads\/2020\/01\/ater-3-741x1024.jpg",741,1024,true],"1536x1536":["https:\/\/scar-id.com\/wp-content\/uploads\/2020\/01\/ater-3.jpg",824,1138,false],"2048x2048":["https:\/\/scar-id.com\/wp-content\/uploads\/2020\/01\/ater-3.jpg",824,1138,false],"woocommerce_thumbnail":["https:\/\/scar-id.com\/wp-content\/uploads\/2020\/01\/ater-3-324x447.jpg",324,447,true],"woocommerce_single":["https:\/\/scar-id.com\/wp-content\/uploads\/2020\/01\/ater-3-416x575.jpg",416,575,true],"woocommerce_gallery_thumbnail":["https:\/\/scar-id.com\/wp-content\/uploads\/2020\/01\/ater-3-100x100.jpg",100,100,true]},"uagb_author_info":{"display_name":"scar-id","author_link":"https:\/\/scar-id.com\/pt-pt\/author\/"},"uagb_comment_info":0,"uagb_excerpt":"Description: Capa de Almofada, 100% Algod\u00e3o, pintada \u00e0 m\u00e3o com tinta acr\u00edlica; fecho invis\u00edvel Dimens\u00e3o: 50cm x 50cm Desenhado e produzido no Porto, Portugal Para informa\u00e7\u00f5es, por favor contacte-nos: info@scar-id.com \/ (+351)222 033 087","_links":{"self":[{"href":"https:\/\/scar-id.com\/pt-pt\/wp-json\/wp\/v2\/product\/10306","targetHints":{"allow":["GET"]}}],"collection":[{"href":"https:\/\/scar-id.com\/pt-pt\/wp-json\/wp\/v2\/product"}],"about":[{"href":"https:\/\/scar-id.com\/pt-pt\/wp-json\/wp\/v2\/types\/product"}],"wp:featuredmedia":[{"embeddable":true,"href":"https:\/\/scar-id.com\/pt-pt\/wp-json\/wp\/v2\/media\/8451"}],"wp:attachment":[{"href":"https:\/\/scar-id.com\/pt-pt\/wp-json\/wp\/v2\/media?parent=10306"}],"wp:term":[{"taxonomy":"product_brand","embeddable":true,"href":"https:\/\/scar-id.com\/pt-pt\/wp-json\/wp\/v2\/product_brand?post=10306"},{"taxonomy":"product_cat","embeddable":true,"href":"https:\/\/scar-id.com\/pt-pt\/wp-json\/wp\/v2\/product_cat?post=10306"},{"taxonomy":"product_tag","embeddable":true,"href":"https:\/\/scar-id.com\/pt-pt\/wp-json\/wp\/v2\/product_tag?post=10306"}],"curies":[{"name":"wp","href":"https:\/\/api.w.org\/{rel}","templated":true}]}}