{"id":10315,"date":"2019-10-04T16:38:44","date_gmt":"2019-10-04T16:38:44","guid":{"rendered":"https:\/\/scar-id.com\/produto\/cutting-board-03\/"},"modified":"2021-04-06T15:46:22","modified_gmt":"2021-04-06T15:46:22","slug":"cutting-board-03","status":"publish","type":"product","link":"https:\/\/scar-id.com\/pt-pt\/produto\/cutting-board-03\/","title":{"rendered":"T\u00e1bua de Corte 03"},"content":{"rendered":"<!DOCTYPE html PUBLIC \"-\/\/W3C\/\/DTD HTML 4.0 Transitional\/\/EN\" \"http:\/\/www.w3.org\/TR\/REC-html40\/loose.dtd\">\n<html><body><p><img fetchpriority=\"high\" decoding=\"async\" class=\"size-full wp-image-5065 aligncenter\" src=\"https:\/\/scar-id.com\/wp-content\/uploads\/2019\/10\/3-3.jpg\" alt=\"\" width=\"1400\" height=\"1675\" srcset=\"https:\/\/scar-id.com\/wp-content\/uploads\/2019\/10\/3-3.jpg 836w, https:\/\/scar-id.com\/wp-content\/uploads\/2019\/10\/3-3-251x300.jpg 251w, https:\/\/scar-id.com\/wp-content\/uploads\/2019\/10\/3-3-768x919.jpg 768w, https:\/\/scar-id.com\/wp-content\/uploads\/2019\/10\/3-3-856x1024.jpg 856w, https:\/\/scar-id.com\/wp-content\/uploads\/2019\/10\/3-3-324x388.jpg 324w, https:\/\/scar-id.com\/wp-content\/uploads\/2019\/10\/3-3-416x498.jpg 416w\" sizes=\"(max-width: 1400px) 100vw, 1400px\" \/> <img decoding=\"async\" class=\"size-full wp-image-5067 aligncenter\" src=\"https:\/\/scar-id.com\/wp-content\/uploads\/2019\/10\/kit1.jpg\" alt=\"\" width=\"1400\" height=\"1349\" srcset=\"https:\/\/scar-id.com\/wp-content\/uploads\/2019\/10\/kit1.jpg 1000w, https:\/\/scar-id.com\/wp-content\/uploads\/2019\/10\/kit1-300x289.jpg 300w, https:\/\/scar-id.com\/wp-content\/uploads\/2019\/10\/kit1-768x740.jpg 768w, https:\/\/scar-id.com\/wp-content\/uploads\/2019\/10\/kit1-1024x987.jpg 1024w, https:\/\/scar-id.com\/wp-content\/uploads\/2019\/10\/kit1-324x312.jpg 324w, https:\/\/scar-id.com\/wp-content\/uploads\/2019\/10\/kit1-416x401.jpg 416w\" sizes=\"(max-width: 1400px) 100vw, 1400px\" \/><\/p>\n<\/body><\/html>\n","protected":false},"excerpt":{"rendered":"<h6><strong>Descri\u00e7\u00e3o:<\/strong> T\u00e1bua de corte em contraplacado de B\u00e9tula, 100% madeira, resistente \u00e0 \u00e1gua, ideal para uso na cozinha.<\/h6>\n<h6>Sugere-se que esporadicamente se aplique uma camada de azeite em todas as faces com um pano de algod\u00e3o.<\/h6>\n<h6>Produzido numa pequena cooperativa de carpintaria no centro do Porto.<\/h6>\n<h6><\/h6>\n<h6><strong>Altura (max.):<\/strong> 44cm<\/h6>\n<h6><strong>Largura (max.):<\/strong> 30cm<\/h6>\n<h6><strong>Espessura:<\/strong> 12mm<\/h6>\n<h6>Para informa\u00e7\u00f5es, por favor contacte-nos:<\/h6>\n<h6><a href=\"mailto:info@scar-id.com\">info@scar-id.com<\/a> \/ (+351)222 033 087<\/h6>\n","protected":false},"featured_media":5083,"template":"","meta":{"_uag_custom_page_level_css":""},"product_brand":[],"product_cat":[356,285],"product_tag":[],"class_list":{"0":"post-10315","1":"product","2":"type-product","3":"status-publish","4":"has-post-thumbnail","6":"product_cat-ater-objects-pt","7":"product_cat-seleccao-interiores","9":"first","10":"instock","11":"taxable","12":"shipping-taxable","13":"purchasable","14":"product-type-simple"},"aioseo_notices":[],"uagb_featured_image_src":{"full":["https:\/\/scar-id.com\/wp-content\/uploads\/2019\/10\/3-4.jpg",824,1138,false],"thumbnail":["https:\/\/scar-id.com\/wp-content\/uploads\/2019\/10\/3-4-150x150.jpg",150,150,true],"medium":["https:\/\/scar-id.com\/wp-content\/uploads\/2019\/10\/3-4-217x300.jpg",217,300,true],"medium_large":["https:\/\/scar-id.com\/wp-content\/uploads\/2019\/10\/3-4-768x1061.jpg",768,1061,true],"large":["https:\/\/scar-id.com\/wp-content\/uploads\/2019\/10\/3-4-741x1024.jpg",741,1024,true],"1536x1536":["https:\/\/scar-id.com\/wp-content\/uploads\/2019\/10\/3-4.jpg",824,1138,false],"2048x2048":["https:\/\/scar-id.com\/wp-content\/uploads\/2019\/10\/3-4.jpg",824,1138,false],"woocommerce_thumbnail":["https:\/\/scar-id.com\/wp-content\/uploads\/2019\/10\/3-4-324x447.jpg",324,447,true],"woocommerce_single":["https:\/\/scar-id.com\/wp-content\/uploads\/2019\/10\/3-4-416x575.jpg",416,575,true],"woocommerce_gallery_thumbnail":["https:\/\/scar-id.com\/wp-content\/uploads\/2019\/10\/3-4-100x100.jpg",100,100,true]},"uagb_author_info":{"display_name":"scar-id webmaster","author_link":"https:\/\/scar-id.com\/pt-pt\/author\/"},"uagb_comment_info":0,"uagb_excerpt":"Descri\u00e7\u00e3o: T\u00e1bua de corte em contraplacado de B\u00e9tula, 100% madeira, resistente \u00e0 \u00e1gua, ideal para uso na cozinha. Sugere-se que esporadicamente se aplique uma camada de azeite em todas as faces com um pano de algod\u00e3o. Produzido numa pequena cooperativa de carpintaria no centro do Porto. Altura (max.): 44cm Largura (max.): 30cm Espessura: 12mm Para&hellip;","_links":{"self":[{"href":"https:\/\/scar-id.com\/pt-pt\/wp-json\/wp\/v2\/product\/10315","targetHints":{"allow":["GET"]}}],"collection":[{"href":"https:\/\/scar-id.com\/pt-pt\/wp-json\/wp\/v2\/product"}],"about":[{"href":"https:\/\/scar-id.com\/pt-pt\/wp-json\/wp\/v2\/types\/product"}],"wp:featuredmedia":[{"embeddable":true,"href":"https:\/\/scar-id.com\/pt-pt\/wp-json\/wp\/v2\/media\/5083"}],"wp:attachment":[{"href":"https:\/\/scar-id.com\/pt-pt\/wp-json\/wp\/v2\/media?parent=10315"}],"wp:term":[{"taxonomy":"product_brand","embeddable":true,"href":"https:\/\/scar-id.com\/pt-pt\/wp-json\/wp\/v2\/product_brand?post=10315"},{"taxonomy":"product_cat","embeddable":true,"href":"https:\/\/scar-id.com\/pt-pt\/wp-json\/wp\/v2\/product_cat?post=10315"},{"taxonomy":"product_tag","embeddable":true,"href":"https:\/\/scar-id.com\/pt-pt\/wp-json\/wp\/v2\/product_tag?post=10315"}],"curies":[{"name":"wp","href":"https:\/\/api.w.org\/{rel}","templated":true}]}}