{"id":10318,"date":"2019-10-17T14:39:58","date_gmt":"2019-10-17T14:39:58","guid":{"rendered":"https:\/\/scar-id.com\/produto\/id-4-holes-board\/"},"modified":"2020-11-30T00:00:40","modified_gmt":"2020-11-30T00:00:40","slug":"id-4-holes-board","status":"publish","type":"product","link":"https:\/\/scar-id.com\/pt-pt\/produto\/id-4-holes-board\/","title":{"rendered":"ID (4 holes) Board"},"content":{"rendered":"<!DOCTYPE html PUBLIC \"-\/\/W3C\/\/DTD HTML 4.0 Transitional\/\/EN\" \"http:\/\/www.w3.org\/TR\/REC-html40\/loose.dtd\">\n<html><body><p><img fetchpriority=\"high\" decoding=\"async\" class=\"size-full wp-image-5090 aligncenter\" src=\"https:\/\/scar-id.com\/wp-content\/uploads\/2019\/10\/ID-4holes-Board-1.jpg\" alt=\"\" width=\"1400\" height=\"1261\" srcset=\"https:\/\/scar-id.com\/wp-content\/uploads\/2019\/10\/ID-4holes-Board-1.jpg 1000w, https:\/\/scar-id.com\/wp-content\/uploads\/2019\/10\/ID-4holes-Board-1-300x270.jpg 300w, https:\/\/scar-id.com\/wp-content\/uploads\/2019\/10\/ID-4holes-Board-1-768x692.jpg 768w, https:\/\/scar-id.com\/wp-content\/uploads\/2019\/10\/ID-4holes-Board-1-1024x922.jpg 1024w, https:\/\/scar-id.com\/wp-content\/uploads\/2019\/10\/ID-4holes-Board-1-324x292.jpg 324w, https:\/\/scar-id.com\/wp-content\/uploads\/2019\/10\/ID-4holes-Board-1-416x375.jpg 416w\" sizes=\"(max-width: 1400px) 100vw, 1400px\" \/> <img decoding=\"async\" class=\"size-full wp-image-5092 aligncenter\" src=\"https:\/\/scar-id.com\/wp-content\/uploads\/2019\/10\/ID-4holes-Board-2.jpg\" alt=\"\" width=\"1400\" height=\"1932\" srcset=\"https:\/\/scar-id.com\/wp-content\/uploads\/2019\/10\/ID-4holes-Board-2.jpg 725w, https:\/\/scar-id.com\/wp-content\/uploads\/2019\/10\/ID-4holes-Board-2-217x300.jpg 217w, https:\/\/scar-id.com\/wp-content\/uploads\/2019\/10\/ID-4holes-Board-2-768x1060.jpg 768w, https:\/\/scar-id.com\/wp-content\/uploads\/2019\/10\/ID-4holes-Board-2-742x1024.jpg 742w, https:\/\/scar-id.com\/wp-content\/uploads\/2019\/10\/ID-4holes-Board-2-324x447.jpg 324w, https:\/\/scar-id.com\/wp-content\/uploads\/2019\/10\/ID-4holes-Board-2-416x574.jpg 416w\" sizes=\"(max-width: 1400px) 100vw, 1400px\" \/> <img decoding=\"async\" class=\"size-full wp-image-5094 aligncenter\" src=\"https:\/\/scar-id.com\/wp-content\/uploads\/2019\/10\/ID-4holes-Board-3.jpg\" alt=\"\" width=\"1400\" height=\"1932\" srcset=\"https:\/\/scar-id.com\/wp-content\/uploads\/2019\/10\/ID-4holes-Board-3.jpg 725w, https:\/\/scar-id.com\/wp-content\/uploads\/2019\/10\/ID-4holes-Board-3-217x300.jpg 217w, https:\/\/scar-id.com\/wp-content\/uploads\/2019\/10\/ID-4holes-Board-3-768x1060.jpg 768w, https:\/\/scar-id.com\/wp-content\/uploads\/2019\/10\/ID-4holes-Board-3-742x1024.jpg 742w, https:\/\/scar-id.com\/wp-content\/uploads\/2019\/10\/ID-4holes-Board-3-324x447.jpg 324w, https:\/\/scar-id.com\/wp-content\/uploads\/2019\/10\/ID-4holes-Board-3-416x574.jpg 416w\" sizes=\"(max-width: 1400px) 100vw, 1400px\" \/> <img loading=\"lazy\" decoding=\"async\" class=\"size-full wp-image-5096 aligncenter\" src=\"https:\/\/scar-id.com\/wp-content\/uploads\/2019\/10\/ID-4holes-Board.1.jpg\" alt=\"\" width=\"1400\" height=\"1932\" srcset=\"https:\/\/scar-id.com\/wp-content\/uploads\/2019\/10\/ID-4holes-Board.1.jpg 725w, https:\/\/scar-id.com\/wp-content\/uploads\/2019\/10\/ID-4holes-Board.1-217x300.jpg 217w, https:\/\/scar-id.com\/wp-content\/uploads\/2019\/10\/ID-4holes-Board.1-768x1060.jpg 768w, https:\/\/scar-id.com\/wp-content\/uploads\/2019\/10\/ID-4holes-Board.1-742x1024.jpg 742w, https:\/\/scar-id.com\/wp-content\/uploads\/2019\/10\/ID-4holes-Board.1-324x447.jpg 324w, https:\/\/scar-id.com\/wp-content\/uploads\/2019\/10\/ID-4holes-Board.1-416x574.jpg 416w\" sizes=\"(max-width: 1400px) 100vw, 1400px\" \/><\/p>\n<\/body><\/html>\n","protected":false},"excerpt":{"rendered":"<h6><strong>Descri\u00e7\u00e3o:<\/strong> ID(4holes) Board \u00e9 uma fina fatia de m\u00e1rmore branco para estar pousada junto a si, em cima do seu confort\u00e1vel sof\u00e1 com alguma comida e um copo de vinho pousado.<\/h6>\n<h6><strong>Material:<\/strong> M\u00e1rmore Branco<\/h6>\n<h6><strong>Largura:<\/strong> 41cm<\/h6>\n<h6><strong>Comprimento:<\/strong> 30cm<\/h6>\n<h6><strong>Espessura:<\/strong> 1cm<\/h6>\n<p>&nbsp;<\/p>\n<h6><\/h6>\n<h6>Produzido num pequeno marmorista no centro do Porto, Portugal<\/h6>\n<h6>Para informa\u00e7\u00f5es, por favor contacte-nos:<\/h6>\n<h6><a href=\"mailto:info@scar-id.com\">info@scar-id.com<\/a> \/ (+351)222 033\u00a0087<\/h6>\n","protected":false},"featured_media":5109,"template":"","meta":{"_uag_custom_page_level_css":""},"product_brand":[],"product_cat":[356],"product_tag":[],"class_list":{"0":"post-10318","1":"product","2":"type-product","3":"status-publish","4":"has-post-thumbnail","6":"product_cat-ater-objects-pt","8":"first","9":"outofstock","10":"taxable","11":"shipping-taxable","12":"product-type-simple"},"aioseo_notices":[],"uagb_featured_image_src":{"full":["https:\/\/scar-id.com\/wp-content\/uploads\/2019\/10\/whiteboard-1.jpg",824,1138,false],"thumbnail":["https:\/\/scar-id.com\/wp-content\/uploads\/2019\/10\/whiteboard-1-150x150.jpg",150,150,true],"medium":["https:\/\/scar-id.com\/wp-content\/uploads\/2019\/10\/whiteboard-1-217x300.jpg",217,300,true],"medium_large":["https:\/\/scar-id.com\/wp-content\/uploads\/2019\/10\/whiteboard-1-768x1061.jpg",768,1061,true],"large":["https:\/\/scar-id.com\/wp-content\/uploads\/2019\/10\/whiteboard-1-741x1024.jpg",741,1024,true],"1536x1536":["https:\/\/scar-id.com\/wp-content\/uploads\/2019\/10\/whiteboard-1.jpg",824,1138,false],"2048x2048":["https:\/\/scar-id.com\/wp-content\/uploads\/2019\/10\/whiteboard-1.jpg",824,1138,false],"woocommerce_thumbnail":["https:\/\/scar-id.com\/wp-content\/uploads\/2019\/10\/whiteboard-1-324x447.jpg",324,447,true],"woocommerce_single":["https:\/\/scar-id.com\/wp-content\/uploads\/2019\/10\/whiteboard-1-416x575.jpg",416,575,true],"woocommerce_gallery_thumbnail":["https:\/\/scar-id.com\/wp-content\/uploads\/2019\/10\/whiteboard-1-100x100.jpg",100,100,true]},"uagb_author_info":{"display_name":"scar-id","author_link":"https:\/\/scar-id.com\/pt-pt\/author\/"},"uagb_comment_info":0,"uagb_excerpt":"Descri\u00e7\u00e3o: ID(4holes) Board \u00e9 uma fina fatia de m\u00e1rmore branco para estar pousada junto a si, em cima do seu confort\u00e1vel sof\u00e1 com alguma comida e um copo de vinho pousado. Material: M\u00e1rmore Branco Largura: 41cm Comprimento: 30cm Espessura: 1cm &nbsp; Produzido num pequeno marmorista no centro do Porto, Portugal Para informa\u00e7\u00f5es, por favor contacte-nos:&hellip;","_links":{"self":[{"href":"https:\/\/scar-id.com\/pt-pt\/wp-json\/wp\/v2\/product\/10318","targetHints":{"allow":["GET"]}}],"collection":[{"href":"https:\/\/scar-id.com\/pt-pt\/wp-json\/wp\/v2\/product"}],"about":[{"href":"https:\/\/scar-id.com\/pt-pt\/wp-json\/wp\/v2\/types\/product"}],"wp:featuredmedia":[{"embeddable":true,"href":"https:\/\/scar-id.com\/pt-pt\/wp-json\/wp\/v2\/media\/5109"}],"wp:attachment":[{"href":"https:\/\/scar-id.com\/pt-pt\/wp-json\/wp\/v2\/media?parent=10318"}],"wp:term":[{"taxonomy":"product_brand","embeddable":true,"href":"https:\/\/scar-id.com\/pt-pt\/wp-json\/wp\/v2\/product_brand?post=10318"},{"taxonomy":"product_cat","embeddable":true,"href":"https:\/\/scar-id.com\/pt-pt\/wp-json\/wp\/v2\/product_cat?post=10318"},{"taxonomy":"product_tag","embeddable":true,"href":"https:\/\/scar-id.com\/pt-pt\/wp-json\/wp\/v2\/product_tag?post=10318"}],"curies":[{"name":"wp","href":"https:\/\/api.w.org\/{rel}","templated":true}]}}