{"id":10331,"date":"2019-11-16T12:01:37","date_gmt":"2019-11-16T12:01:37","guid":{"rendered":"https:\/\/scar-id.com\/produto\/grey-rug\/"},"modified":"2020-02-26T18:21:38","modified_gmt":"2020-02-26T18:21:38","slug":"grey-rug","status":"publish","type":"product","link":"https:\/\/scar-id.com\/pt-pt\/produto\/grey-rug\/","title":{"rendered":"Tapete Cinza com Puxados"},"content":{"rendered":"<!DOCTYPE html PUBLIC \"-\/\/W3C\/\/DTD HTML 4.0 Transitional\/\/EN\" \"http:\/\/www.w3.org\/TR\/REC-html40\/loose.dtd\">\n<html><body><p><img fetchpriority=\"high\" decoding=\"async\" class=\"alignnone size-full wp-image-8758\" src=\"https:\/\/scar-id.com\/wp-content\/uploads\/2019\/11\/1836-1.jpg\" alt=\"\" width=\"1400\" height=\"1823\" srcset=\"https:\/\/scar-id.com\/wp-content\/uploads\/2019\/11\/1836-1.jpg 768w, https:\/\/scar-id.com\/wp-content\/uploads\/2019\/11\/1836-1-230x300.jpg 230w, https:\/\/scar-id.com\/wp-content\/uploads\/2019\/11\/1836-1-786x1024.jpg 786w, https:\/\/scar-id.com\/wp-content\/uploads\/2019\/11\/1836-1-1180x1536.jpg 1180w, https:\/\/scar-id.com\/wp-content\/uploads\/2019\/11\/1836-1-324x422.jpg 324w, https:\/\/scar-id.com\/wp-content\/uploads\/2019\/11\/1836-1-416x542.jpg 416w\" sizes=\"(max-width: 1400px) 100vw, 1400px\" \/><\/p>\n<p><img decoding=\"async\" class=\"size-full wp-image-8760\" src=\"https:\/\/scar-id.com\/wp-content\/uploads\/2019\/11\/Tapete-Cinza-Puxados-1-1.jpg\" alt=\"\" width=\"1400\" height=\"1384\" srcset=\"https:\/\/scar-id.com\/wp-content\/uploads\/2019\/11\/Tapete-Cinza-Puxados-1-1.jpg 1000w, https:\/\/scar-id.com\/wp-content\/uploads\/2019\/11\/Tapete-Cinza-Puxados-1-1-300x297.jpg 300w, https:\/\/scar-id.com\/wp-content\/uploads\/2019\/11\/Tapete-Cinza-Puxados-1-1-1024x1012.jpg 1024w, https:\/\/scar-id.com\/wp-content\/uploads\/2019\/11\/Tapete-Cinza-Puxados-1-1-768x759.jpg 768w, https:\/\/scar-id.com\/wp-content\/uploads\/2019\/11\/Tapete-Cinza-Puxados-1-1-324x320.jpg 324w, https:\/\/scar-id.com\/wp-content\/uploads\/2019\/11\/Tapete-Cinza-Puxados-1-1-416x411.jpg 416w, https:\/\/scar-id.com\/wp-content\/uploads\/2019\/11\/Tapete-Cinza-Puxados-1-1-100x100.jpg 100w\" sizes=\"(max-width: 1400px) 100vw, 1400px\" \/><\/p>\n<\/body><\/html>\n","protected":false},"excerpt":{"rendered":"<h6>Material:\u00a080% Desperdicio T\u00eaxtil + 20% Juta<\/h6>\n<h6>Largura: 100cm<\/h6>\n<h6>Comprimento: 120cm<\/h6>\n<h6><\/h6>\n<p>&nbsp;<\/p>\n<h6>Todas as pe\u00e7as seleccionadas de Teresa Gameiro s\u00e3o<\/h6>\n<h6>Desenhadas e Produzidas em Portugal<\/h6>\n<h6>Para informa\u00e7\u00f5es n\u00e3o hesite em nos contactar<\/h6>\n<h6><a href=\"mailto:info@scar-id.com\">info@scar-id.com<\/a>\u00a0\/ (+351) 22\u00a0203 3087<\/h6>\n","protected":false},"featured_media":7125,"template":"","meta":{"_uag_custom_page_level_css":""},"product_brand":[],"product_cat":[173],"product_tag":[],"class_list":{"0":"post-10331","1":"product","2":"type-product","3":"status-publish","4":"has-post-thumbnail","6":"product_cat-teresa-gameiro","7":"pif-has-gallery","9":"first","10":"outofstock","11":"taxable","12":"shipping-taxable","13":"product-type-simple"},"aioseo_notices":[],"uagb_featured_image_src":{"full":["https:\/\/scar-id.com\/wp-content\/uploads\/2019\/11\/1836.jpg",824,1138,false],"thumbnail":["https:\/\/scar-id.com\/wp-content\/uploads\/2019\/11\/1836-150x150.jpg",150,150,true],"medium":["https:\/\/scar-id.com\/wp-content\/uploads\/2019\/11\/1836-217x300.jpg",217,300,true],"medium_large":["https:\/\/scar-id.com\/wp-content\/uploads\/2019\/11\/1836-768x1061.jpg",768,1061,true],"large":["https:\/\/scar-id.com\/wp-content\/uploads\/2019\/11\/1836-741x1024.jpg",741,1024,true],"1536x1536":["https:\/\/scar-id.com\/wp-content\/uploads\/2019\/11\/1836.jpg",824,1138,false],"2048x2048":["https:\/\/scar-id.com\/wp-content\/uploads\/2019\/11\/1836.jpg",824,1138,false],"woocommerce_thumbnail":["https:\/\/scar-id.com\/wp-content\/uploads\/2019\/11\/1836-324x447.jpg",324,447,true],"woocommerce_single":["https:\/\/scar-id.com\/wp-content\/uploads\/2019\/11\/1836-416x575.jpg",416,575,true],"woocommerce_gallery_thumbnail":["https:\/\/scar-id.com\/wp-content\/uploads\/2019\/11\/1836-100x100.jpg",100,100,true]},"uagb_author_info":{"display_name":"scar-id","author_link":"https:\/\/scar-id.com\/pt-pt\/author\/"},"uagb_comment_info":0,"uagb_excerpt":"Material:\u00a080% Desperdicio T\u00eaxtil + 20% Juta Largura: 100cm Comprimento: 120cm &nbsp; Todas as pe\u00e7as seleccionadas de Teresa Gameiro s\u00e3o Desenhadas e Produzidas em Portugal Para informa\u00e7\u00f5es n\u00e3o hesite em nos contactar info@scar-id.com\u00a0\/ (+351) 22\u00a0203 3087","_links":{"self":[{"href":"https:\/\/scar-id.com\/pt-pt\/wp-json\/wp\/v2\/product\/10331","targetHints":{"allow":["GET"]}}],"collection":[{"href":"https:\/\/scar-id.com\/pt-pt\/wp-json\/wp\/v2\/product"}],"about":[{"href":"https:\/\/scar-id.com\/pt-pt\/wp-json\/wp\/v2\/types\/product"}],"wp:featuredmedia":[{"embeddable":true,"href":"https:\/\/scar-id.com\/pt-pt\/wp-json\/wp\/v2\/media\/7125"}],"wp:attachment":[{"href":"https:\/\/scar-id.com\/pt-pt\/wp-json\/wp\/v2\/media?parent=10331"}],"wp:term":[{"taxonomy":"product_brand","embeddable":true,"href":"https:\/\/scar-id.com\/pt-pt\/wp-json\/wp\/v2\/product_brand?post=10331"},{"taxonomy":"product_cat","embeddable":true,"href":"https:\/\/scar-id.com\/pt-pt\/wp-json\/wp\/v2\/product_cat?post=10331"},{"taxonomy":"product_tag","embeddable":true,"href":"https:\/\/scar-id.com\/pt-pt\/wp-json\/wp\/v2\/product_tag?post=10331"}],"curies":[{"name":"wp","href":"https:\/\/api.w.org\/{rel}","templated":true}]}}