{"id":10332,"date":"2019-11-16T12:00:14","date_gmt":"2019-11-16T12:00:14","guid":{"rendered":"https:\/\/scar-id.com\/produto\/grey-table-runner\/"},"modified":"2020-02-26T18:23:36","modified_gmt":"2020-02-26T18:23:36","slug":"grey-table-runner","status":"publish","type":"product","link":"https:\/\/scar-id.com\/pt-pt\/produto\/grey-table-runner\/","title":{"rendered":"Caminho de Mesa Cinza"},"content":{"rendered":"<!DOCTYPE html PUBLIC \"-\/\/W3C\/\/DTD HTML 4.0 Transitional\/\/EN\" \"http:\/\/www.w3.org\/TR\/REC-html40\/loose.dtd\">\n<html><body><p><img fetchpriority=\"high\" decoding=\"async\" class=\"alignnone size-full wp-image-8763\" src=\"https:\/\/scar-id.com\/wp-content\/uploads\/2019\/11\/Caminho-Mesa-Cinza-1.jpg\" alt=\"\" width=\"1400\" height=\"1885\" srcset=\"https:\/\/scar-id.com\/wp-content\/uploads\/2019\/11\/Caminho-Mesa-Cinza-1.jpg 743w, https:\/\/scar-id.com\/wp-content\/uploads\/2019\/11\/Caminho-Mesa-Cinza-1-223x300.jpg 223w, https:\/\/scar-id.com\/wp-content\/uploads\/2019\/11\/Caminho-Mesa-Cinza-1-761x1024.jpg 761w, https:\/\/scar-id.com\/wp-content\/uploads\/2019\/11\/Caminho-Mesa-Cinza-1-768x1034.jpg 768w, https:\/\/scar-id.com\/wp-content\/uploads\/2019\/11\/Caminho-Mesa-Cinza-1-1141x1536.jpg 1141w, https:\/\/scar-id.com\/wp-content\/uploads\/2019\/11\/Caminho-Mesa-Cinza-1-324x436.jpg 324w, https:\/\/scar-id.com\/wp-content\/uploads\/2019\/11\/Caminho-Mesa-Cinza-1-416x560.jpg 416w\" sizes=\"(max-width: 1400px) 100vw, 1400px\" \/><\/p>\n<\/body><\/html>\n","protected":false},"excerpt":{"rendered":"<h6>Material: 80% Algod\u00e3o + 20% Desperdicio T\u00eaxtil<\/h6>\n<h6>Largura: 49cm<\/h6>\n<h6>Comprimento: 138cm<\/h6>\n<h6><\/h6>\n<p>&nbsp;<\/p>\n<h6>Todas as pe\u00e7as seleccionadas de Teresa Gameiro s\u00e3o<\/h6>\n<h6>Desenhadas e Produzidas em Portugal<\/h6>\n<h6>Para informa\u00e7\u00f5es n\u00e3o hesite em nos contactar<\/h6>\n<h6><a href=\"mailto:info@scar-id.com\">info@scar-id.com<\/a>\u00a0\/ (+351) 22\u00a0203 3087<\/h6>\n","protected":false},"featured_media":8764,"template":"","meta":{"_uag_custom_page_level_css":""},"product_brand":[],"product_cat":[173],"product_tag":[],"class_list":{"0":"post-10332","1":"product","2":"type-product","3":"status-publish","4":"has-post-thumbnail","6":"product_cat-teresa-gameiro","8":"first","9":"instock","10":"taxable","11":"shipping-taxable","12":"purchasable","13":"product-type-simple"},"aioseo_notices":[],"uagb_featured_image_src":{"full":["https:\/\/scar-id.com\/wp-content\/uploads\/2019\/11\/Caminho-Mesa-Cinza-1.jpg",1400,1885,false],"thumbnail":["https:\/\/scar-id.com\/wp-content\/uploads\/2019\/11\/Caminho-Mesa-Cinza-1-150x150.jpg",150,150,true],"medium":["https:\/\/scar-id.com\/wp-content\/uploads\/2019\/11\/Caminho-Mesa-Cinza-1-223x300.jpg",223,300,true],"medium_large":["https:\/\/scar-id.com\/wp-content\/uploads\/2019\/11\/Caminho-Mesa-Cinza-1-768x1034.jpg",768,1034,true],"large":["https:\/\/scar-id.com\/wp-content\/uploads\/2019\/11\/Caminho-Mesa-Cinza-1-761x1024.jpg",761,1024,true],"1536x1536":["https:\/\/scar-id.com\/wp-content\/uploads\/2019\/11\/Caminho-Mesa-Cinza-1-1141x1536.jpg",1141,1536,true],"2048x2048":["https:\/\/scar-id.com\/wp-content\/uploads\/2019\/11\/Caminho-Mesa-Cinza-1.jpg",1400,1885,false],"woocommerce_thumbnail":["https:\/\/scar-id.com\/wp-content\/uploads\/2019\/11\/Caminho-Mesa-Cinza-1-324x436.jpg",324,436,true],"woocommerce_single":["https:\/\/scar-id.com\/wp-content\/uploads\/2019\/11\/Caminho-Mesa-Cinza-1-416x560.jpg",416,560,true],"woocommerce_gallery_thumbnail":["https:\/\/scar-id.com\/wp-content\/uploads\/2019\/11\/Caminho-Mesa-Cinza-1-100x100.jpg",100,100,true]},"uagb_author_info":{"display_name":"scar-id","author_link":"https:\/\/scar-id.com\/pt-pt\/author\/"},"uagb_comment_info":0,"uagb_excerpt":"Material: 80% Algod\u00e3o + 20% Desperdicio T\u00eaxtil Largura: 49cm Comprimento: 138cm &nbsp; Todas as pe\u00e7as seleccionadas de Teresa Gameiro s\u00e3o Desenhadas e Produzidas em Portugal Para informa\u00e7\u00f5es n\u00e3o hesite em nos contactar info@scar-id.com\u00a0\/ (+351) 22\u00a0203 3087","_links":{"self":[{"href":"https:\/\/scar-id.com\/pt-pt\/wp-json\/wp\/v2\/product\/10332","targetHints":{"allow":["GET"]}}],"collection":[{"href":"https:\/\/scar-id.com\/pt-pt\/wp-json\/wp\/v2\/product"}],"about":[{"href":"https:\/\/scar-id.com\/pt-pt\/wp-json\/wp\/v2\/types\/product"}],"wp:featuredmedia":[{"embeddable":true,"href":"https:\/\/scar-id.com\/pt-pt\/wp-json\/wp\/v2\/media\/8764"}],"wp:attachment":[{"href":"https:\/\/scar-id.com\/pt-pt\/wp-json\/wp\/v2\/media?parent=10332"}],"wp:term":[{"taxonomy":"product_brand","embeddable":true,"href":"https:\/\/scar-id.com\/pt-pt\/wp-json\/wp\/v2\/product_brand?post=10332"},{"taxonomy":"product_cat","embeddable":true,"href":"https:\/\/scar-id.com\/pt-pt\/wp-json\/wp\/v2\/product_cat?post=10332"},{"taxonomy":"product_tag","embeddable":true,"href":"https:\/\/scar-id.com\/pt-pt\/wp-json\/wp\/v2\/product_tag?post=10332"}],"curies":[{"name":"wp","href":"https:\/\/api.w.org\/{rel}","templated":true}]}}