{"id":10333,"date":"2019-11-16T11:59:13","date_gmt":"2019-11-16T11:59:13","guid":{"rendered":"https:\/\/scar-id.com\/produto\/grey-striped-tapestry\/"},"modified":"2020-02-26T18:27:23","modified_gmt":"2020-02-26T18:27:23","slug":"grey-striped-tapestry","status":"publish","type":"product","link":"https:\/\/scar-id.com\/pt-pt\/produto\/grey-striped-tapestry\/","title":{"rendered":"Tapete Riscadilho Cinza"},"content":{"rendered":"<!DOCTYPE html PUBLIC \"-\/\/W3C\/\/DTD HTML 4.0 Transitional\/\/EN\" \"http:\/\/www.w3.org\/TR\/REC-html40\/loose.dtd\">\n<html><body><p><img fetchpriority=\"high\" decoding=\"async\" class=\"size-full wp-image-8766\" src=\"https:\/\/scar-id.com\/wp-content\/uploads\/2019\/11\/tapete-Cinza-Riscadilho-1.jpg\" alt=\"\" width=\"1400\" height=\"1547\" srcset=\"https:\/\/scar-id.com\/wp-content\/uploads\/2019\/11\/tapete-Cinza-Riscadilho-1.jpg 905w, https:\/\/scar-id.com\/wp-content\/uploads\/2019\/11\/tapete-Cinza-Riscadilho-1-271x300.jpg 271w, https:\/\/scar-id.com\/wp-content\/uploads\/2019\/11\/tapete-Cinza-Riscadilho-1-927x1024.jpg 927w, https:\/\/scar-id.com\/wp-content\/uploads\/2019\/11\/tapete-Cinza-Riscadilho-1-768x849.jpg 768w, https:\/\/scar-id.com\/wp-content\/uploads\/2019\/11\/tapete-Cinza-Riscadilho-1-1390x1536.jpg 1390w, https:\/\/scar-id.com\/wp-content\/uploads\/2019\/11\/tapete-Cinza-Riscadilho-1-324x358.jpg 324w, https:\/\/scar-id.com\/wp-content\/uploads\/2019\/11\/tapete-Cinza-Riscadilho-1-416x460.jpg 416w\" sizes=\"(max-width: 1400px) 100vw, 1400px\" \/><\/p>\n<\/body><\/html>\n","protected":false},"excerpt":{"rendered":"<h6>Material: 50 % Fio de Algod\u00e3o + 50% Desperd\u00edcio T\u00eaxtil<\/h6>\n<h6>Largura: 67cm<\/h6>\n<h6>Comprimento: 133cm<\/h6>\n<h6><\/h6>\n<p>&nbsp;<\/p>\n<h6>Todas as pe\u00e7as seleccionadas de Teresa Gameiro s\u00e3o<\/h6>\n<h6>Desenhadas e Produzidas em Portugal<\/h6>\n<h6>Para informa\u00e7\u00f5es n\u00e3o hesite em nos contactar<\/h6>\n<h6><a href=\"mailto:info@scar-id.com\">info@scar-id.com<\/a>\u00a0\/ (+351) 22\u00a0203 3087<\/h6>\n","protected":false},"featured_media":7131,"template":"","meta":{"_uag_custom_page_level_css":""},"product_brand":[],"product_cat":[173],"product_tag":[],"class_list":{"0":"post-10333","1":"product","2":"type-product","3":"status-publish","4":"has-post-thumbnail","6":"product_cat-teresa-gameiro","8":"first","9":"instock","10":"taxable","11":"shipping-taxable","12":"purchasable","13":"product-type-simple"},"aioseo_notices":[],"uagb_featured_image_src":{"full":["https:\/\/scar-id.com\/wp-content\/uploads\/2019\/11\/tapete-Cinza-Riscadilho2.jpg",824,1138,false],"thumbnail":["https:\/\/scar-id.com\/wp-content\/uploads\/2019\/11\/tapete-Cinza-Riscadilho2-150x150.jpg",150,150,true],"medium":["https:\/\/scar-id.com\/wp-content\/uploads\/2019\/11\/tapete-Cinza-Riscadilho2-217x300.jpg",217,300,true],"medium_large":["https:\/\/scar-id.com\/wp-content\/uploads\/2019\/11\/tapete-Cinza-Riscadilho2-768x1061.jpg",768,1061,true],"large":["https:\/\/scar-id.com\/wp-content\/uploads\/2019\/11\/tapete-Cinza-Riscadilho2-741x1024.jpg",741,1024,true],"1536x1536":["https:\/\/scar-id.com\/wp-content\/uploads\/2019\/11\/tapete-Cinza-Riscadilho2.jpg",824,1138,false],"2048x2048":["https:\/\/scar-id.com\/wp-content\/uploads\/2019\/11\/tapete-Cinza-Riscadilho2.jpg",824,1138,false],"woocommerce_thumbnail":["https:\/\/scar-id.com\/wp-content\/uploads\/2019\/11\/tapete-Cinza-Riscadilho2-324x447.jpg",324,447,true],"woocommerce_single":["https:\/\/scar-id.com\/wp-content\/uploads\/2019\/11\/tapete-Cinza-Riscadilho2-416x575.jpg",416,575,true],"woocommerce_gallery_thumbnail":["https:\/\/scar-id.com\/wp-content\/uploads\/2019\/11\/tapete-Cinza-Riscadilho2-100x100.jpg",100,100,true]},"uagb_author_info":{"display_name":"scar-id","author_link":"https:\/\/scar-id.com\/pt-pt\/author\/"},"uagb_comment_info":0,"uagb_excerpt":"Material: 50 % Fio de Algod\u00e3o + 50% Desperd\u00edcio T\u00eaxtil Largura: 67cm Comprimento: 133cm &nbsp; Todas as pe\u00e7as seleccionadas de Teresa Gameiro s\u00e3o Desenhadas e Produzidas em Portugal Para informa\u00e7\u00f5es n\u00e3o hesite em nos contactar info@scar-id.com\u00a0\/ (+351) 22\u00a0203 3087","_links":{"self":[{"href":"https:\/\/scar-id.com\/pt-pt\/wp-json\/wp\/v2\/product\/10333","targetHints":{"allow":["GET"]}}],"collection":[{"href":"https:\/\/scar-id.com\/pt-pt\/wp-json\/wp\/v2\/product"}],"about":[{"href":"https:\/\/scar-id.com\/pt-pt\/wp-json\/wp\/v2\/types\/product"}],"wp:featuredmedia":[{"embeddable":true,"href":"https:\/\/scar-id.com\/pt-pt\/wp-json\/wp\/v2\/media\/7131"}],"wp:attachment":[{"href":"https:\/\/scar-id.com\/pt-pt\/wp-json\/wp\/v2\/media?parent=10333"}],"wp:term":[{"taxonomy":"product_brand","embeddable":true,"href":"https:\/\/scar-id.com\/pt-pt\/wp-json\/wp\/v2\/product_brand?post=10333"},{"taxonomy":"product_cat","embeddable":true,"href":"https:\/\/scar-id.com\/pt-pt\/wp-json\/wp\/v2\/product_cat?post=10333"},{"taxonomy":"product_tag","embeddable":true,"href":"https:\/\/scar-id.com\/pt-pt\/wp-json\/wp\/v2\/product_tag?post=10333"}],"curies":[{"name":"wp","href":"https:\/\/api.w.org\/{rel}","templated":true}]}}