{"id":10364,"date":"2019-10-31T14:46:44","date_gmt":"2019-10-31T14:46:44","guid":{"rendered":"https:\/\/scar-id.com\/produto\/jian-red-bowl\/"},"modified":"2020-02-27T11:21:18","modified_gmt":"2020-02-27T11:21:18","slug":"jian-red-bowl","status":"publish","type":"product","link":"https:\/\/scar-id.com\/pt-pt\/produto\/jian-red-bowl\/","title":{"rendered":"Ta\u00e7a Vermelha Jian"},"content":{"rendered":"<!DOCTYPE html PUBLIC \"-\/\/W3C\/\/DTD HTML 4.0 Transitional\/\/EN\" \"http:\/\/www.w3.org\/TR\/REC-html40\/loose.dtd\">\n<html><body><p><img fetchpriority=\"high\" decoding=\"async\" class=\"alignnone size-full wp-image-8462\" src=\"https:\/\/scar-id.com\/wp-content\/uploads\/2019\/10\/1-6.jpg\" alt=\"\" width=\"1400\" height=\"1675\" srcset=\"https:\/\/scar-id.com\/wp-content\/uploads\/2019\/10\/1-6.jpg 836w, https:\/\/scar-id.com\/wp-content\/uploads\/2019\/10\/1-6-251x300.jpg 251w, https:\/\/scar-id.com\/wp-content\/uploads\/2019\/10\/1-6-856x1024.jpg 856w, https:\/\/scar-id.com\/wp-content\/uploads\/2019\/10\/1-6-768x919.jpg 768w, https:\/\/scar-id.com\/wp-content\/uploads\/2019\/10\/1-6-1284x1536.jpg 1284w, https:\/\/scar-id.com\/wp-content\/uploads\/2019\/10\/1-6-324x388.jpg 324w, https:\/\/scar-id.com\/wp-content\/uploads\/2019\/10\/1-6-416x498.jpg 416w\" sizes=\"(max-width: 1400px) 100vw, 1400px\" \/> <img decoding=\"async\" class=\"alignnone size-full wp-image-8464\" src=\"https:\/\/scar-id.com\/wp-content\/uploads\/2019\/10\/2-7.jpg\" alt=\"\" width=\"1400\" height=\"1675\" srcset=\"https:\/\/scar-id.com\/wp-content\/uploads\/2019\/10\/2-7.jpg 836w, https:\/\/scar-id.com\/wp-content\/uploads\/2019\/10\/2-7-251x300.jpg 251w, https:\/\/scar-id.com\/wp-content\/uploads\/2019\/10\/2-7-856x1024.jpg 856w, https:\/\/scar-id.com\/wp-content\/uploads\/2019\/10\/2-7-768x919.jpg 768w, https:\/\/scar-id.com\/wp-content\/uploads\/2019\/10\/2-7-1284x1536.jpg 1284w, https:\/\/scar-id.com\/wp-content\/uploads\/2019\/10\/2-7-324x388.jpg 324w, https:\/\/scar-id.com\/wp-content\/uploads\/2019\/10\/2-7-416x498.jpg 416w\" sizes=\"(max-width: 1400px) 100vw, 1400px\" \/><\/p>\n<\/body><\/html>\n","protected":false},"excerpt":{"rendered":"<h6>\u00a0A\u00a0pe\u00e7a fotografada j\u00e1 foi adquirida.<\/h6>\n<h6>Temos em loja algumas pe\u00e7as semelhantes, com o mesmo desenho e pigmento,<\/h6>\n<h6>mas dada a sua produ\u00e7\u00e3o manual na roda, apresentam algumas diferen\u00e7as.<\/h6>\n<h6>Para informa\u00e7\u00f5es n\u00e3o hesite em nos contactar<\/h6>\n<h6><a href=\"mailto:info@scar-id.com\">info@scar-id.com<\/a>\u00a0\/ (+351) 22\u00a0203 3087<\/h6>\n<h6><\/h6>\n<p>&nbsp;<\/p>\n<h6>Material: Gr\u00e9s<\/h6>\n<h6>Vidrado: Ferro Vermelho<\/h6>\n<h6>Altura: 6cm<\/h6>\n<h6>Di\u00e2metro: 12,5cm<\/h6>\n<h6><\/h6>\n<p>&nbsp;<\/p>\n<h6>Todas as pe\u00e7as s\u00e3o formadas manualmente e revestidas por engobes e vidrados cr\u00fas, desenvolvidos e elaborados empregando mat\u00e9rias-primas naturais.<\/h6>\n<h6>As pe\u00e7as dos Est\u00fadio Hak\u00e9m\u00e9 s\u00e3o pe\u00e7as \u00fanicas, desenhadas e produzidas em Portugal, em exclusividade na scar-id store e em scar-id.com<\/h6>\n","protected":false},"featured_media":8502,"template":"","meta":{"_uag_custom_page_level_css":""},"product_brand":[],"product_cat":[145],"product_tag":[],"class_list":{"0":"post-10364","1":"product","2":"type-product","3":"status-publish","4":"has-post-thumbnail","6":"product_cat-estudio-hakeme","8":"first","9":"instock","10":"taxable","11":"shipping-taxable","12":"purchasable","13":"product-type-simple"},"aioseo_notices":[],"uagb_featured_image_src":{"full":["https:\/\/scar-id.com\/wp-content\/uploads\/2019\/10\/48-2.jpg",824,1138,false],"thumbnail":["https:\/\/scar-id.com\/wp-content\/uploads\/2019\/10\/48-2-150x150.jpg",150,150,true],"medium":["https:\/\/scar-id.com\/wp-content\/uploads\/2019\/10\/48-2-217x300.jpg",217,300,true],"medium_large":["https:\/\/scar-id.com\/wp-content\/uploads\/2019\/10\/48-2-768x1061.jpg",768,1061,true],"large":["https:\/\/scar-id.com\/wp-content\/uploads\/2019\/10\/48-2-741x1024.jpg",741,1024,true],"1536x1536":["https:\/\/scar-id.com\/wp-content\/uploads\/2019\/10\/48-2.jpg",824,1138,false],"2048x2048":["https:\/\/scar-id.com\/wp-content\/uploads\/2019\/10\/48-2.jpg",824,1138,false],"woocommerce_thumbnail":["https:\/\/scar-id.com\/wp-content\/uploads\/2019\/10\/48-2-324x447.jpg",324,447,true],"woocommerce_single":["https:\/\/scar-id.com\/wp-content\/uploads\/2019\/10\/48-2-416x575.jpg",416,575,true],"woocommerce_gallery_thumbnail":["https:\/\/scar-id.com\/wp-content\/uploads\/2019\/10\/48-2-100x100.jpg",100,100,true]},"uagb_author_info":{"display_name":"scar-id","author_link":"https:\/\/scar-id.com\/pt-pt\/author\/"},"uagb_comment_info":0,"uagb_excerpt":"\u00a0A\u00a0pe\u00e7a fotografada j\u00e1 foi adquirida. Temos em loja algumas pe\u00e7as semelhantes, com o mesmo desenho e pigmento, mas dada a sua produ\u00e7\u00e3o manual na roda, apresentam algumas diferen\u00e7as. Para informa\u00e7\u00f5es n\u00e3o hesite em nos contactar info@scar-id.com\u00a0\/ (+351) 22\u00a0203 3087 &nbsp; Material: Gr\u00e9s Vidrado: Ferro Vermelho Altura: 6cm Di\u00e2metro: 12,5cm &nbsp; Todas as pe\u00e7as s\u00e3o formadas&hellip;","_links":{"self":[{"href":"https:\/\/scar-id.com\/pt-pt\/wp-json\/wp\/v2\/product\/10364","targetHints":{"allow":["GET"]}}],"collection":[{"href":"https:\/\/scar-id.com\/pt-pt\/wp-json\/wp\/v2\/product"}],"about":[{"href":"https:\/\/scar-id.com\/pt-pt\/wp-json\/wp\/v2\/types\/product"}],"wp:featuredmedia":[{"embeddable":true,"href":"https:\/\/scar-id.com\/pt-pt\/wp-json\/wp\/v2\/media\/8502"}],"wp:attachment":[{"href":"https:\/\/scar-id.com\/pt-pt\/wp-json\/wp\/v2\/media?parent=10364"}],"wp:term":[{"taxonomy":"product_brand","embeddable":true,"href":"https:\/\/scar-id.com\/pt-pt\/wp-json\/wp\/v2\/product_brand?post=10364"},{"taxonomy":"product_cat","embeddable":true,"href":"https:\/\/scar-id.com\/pt-pt\/wp-json\/wp\/v2\/product_cat?post=10364"},{"taxonomy":"product_tag","embeddable":true,"href":"https:\/\/scar-id.com\/pt-pt\/wp-json\/wp\/v2\/product_tag?post=10364"}],"curies":[{"name":"wp","href":"https:\/\/api.w.org\/{rel}","templated":true}]}}