{"id":10423,"date":"2019-10-18T17:32:27","date_gmt":"2019-10-18T17:32:27","guid":{"rendered":"https:\/\/scar-id.com\/produto\/black-seis-side-center-table\/"},"modified":"2020-02-27T13:16:57","modified_gmt":"2020-02-27T13:16:57","slug":"black-seis-side-center-table","status":"publish","type":"product","link":"https:\/\/scar-id.com\/pt-pt\/produto\/black-seis-side-center-table\/","title":{"rendered":"Seis Mesa de Apoio-Centro Preta"},"content":{"rendered":"<!DOCTYPE html PUBLIC \"-\/\/W3C\/\/DTD HTML 4.0 Transitional\/\/EN\" \"http:\/\/www.w3.org\/TR\/REC-html40\/loose.dtd\">\n<html><body><p><img fetchpriority=\"high\" decoding=\"async\" class=\"alignnone size-full wp-image-6996\" src=\"https:\/\/scar-id.com\/wp-content\/uploads\/2019\/10\/seis-1.jpg\" alt=\"\" width=\"1400\" height=\"1398\" srcset=\"https:\/\/scar-id.com\/wp-content\/uploads\/2019\/10\/seis-1.jpg 1000w, https:\/\/scar-id.com\/wp-content\/uploads\/2019\/10\/seis-1-150x150.jpg 150w, https:\/\/scar-id.com\/wp-content\/uploads\/2019\/10\/seis-1-300x300.jpg 300w, https:\/\/scar-id.com\/wp-content\/uploads\/2019\/10\/seis-1-768x767.jpg 768w, https:\/\/scar-id.com\/wp-content\/uploads\/2019\/10\/seis-1-1024x1024.jpg 1024w, https:\/\/scar-id.com\/wp-content\/uploads\/2019\/10\/seis-1-324x324.jpg 324w, https:\/\/scar-id.com\/wp-content\/uploads\/2019\/10\/seis-1-416x415.jpg 416w, https:\/\/scar-id.com\/wp-content\/uploads\/2019\/10\/seis-1-100x100.jpg 100w\" sizes=\"(max-width: 1400px) 100vw, 1400px\" \/> <img decoding=\"async\" class=\"alignnone size-full wp-image-6998\" src=\"https:\/\/scar-id.com\/wp-content\/uploads\/2019\/10\/seis-2.jpg\" alt=\"\" width=\"1400\" height=\"1404\" srcset=\"https:\/\/scar-id.com\/wp-content\/uploads\/2019\/10\/seis-2.jpg 997w, https:\/\/scar-id.com\/wp-content\/uploads\/2019\/10\/seis-2-150x150.jpg 150w, https:\/\/scar-id.com\/wp-content\/uploads\/2019\/10\/seis-2-300x300.jpg 300w, https:\/\/scar-id.com\/wp-content\/uploads\/2019\/10\/seis-2-768x770.jpg 768w, https:\/\/scar-id.com\/wp-content\/uploads\/2019\/10\/seis-2-1021x1024.jpg 1021w, https:\/\/scar-id.com\/wp-content\/uploads\/2019\/10\/seis-2-324x325.jpg 324w, https:\/\/scar-id.com\/wp-content\/uploads\/2019\/10\/seis-2-416x417.jpg 416w, https:\/\/scar-id.com\/wp-content\/uploads\/2019\/10\/seis-2-100x100.jpg 100w\" sizes=\"(max-width: 1400px) 100vw, 1400px\" \/> <img decoding=\"async\" class=\"alignnone size-full wp-image-7000\" src=\"https:\/\/scar-id.com\/wp-content\/uploads\/2019\/10\/seis-3.jpg\" alt=\"\" width=\"1400\" height=\"1398\" srcset=\"https:\/\/scar-id.com\/wp-content\/uploads\/2019\/10\/seis-3.jpg 1000w, https:\/\/scar-id.com\/wp-content\/uploads\/2019\/10\/seis-3-150x150.jpg 150w, https:\/\/scar-id.com\/wp-content\/uploads\/2019\/10\/seis-3-300x300.jpg 300w, https:\/\/scar-id.com\/wp-content\/uploads\/2019\/10\/seis-3-768x767.jpg 768w, https:\/\/scar-id.com\/wp-content\/uploads\/2019\/10\/seis-3-1024x1024.jpg 1024w, https:\/\/scar-id.com\/wp-content\/uploads\/2019\/10\/seis-3-324x324.jpg 324w, https:\/\/scar-id.com\/wp-content\/uploads\/2019\/10\/seis-3-416x415.jpg 416w, https:\/\/scar-id.com\/wp-content\/uploads\/2019\/10\/seis-3-100x100.jpg 100w\" sizes=\"(max-width: 1400px) 100vw, 1400px\" \/><\/p>\n<\/body><\/html>\n","protected":false},"excerpt":{"rendered":"<h6>Material: A\u00e7o com Pintura Termolacada<\/h6>\n<h6>Cor em Loja: Preto Matte<\/h6>\n<h6><\/h6>\n<p>&nbsp;<\/p>\n<h6>Altura: 38,5cm<\/h6>\n<h6>Di\u00e2metro (Tampo): 50cm<\/h6>\n<h6>Peso: 5,4Kg<\/h6>\n<h6>Uso: Interior e Exterior<\/h6>\n<h6><\/h6>\n<p>&nbsp;<\/p>\n<h6>Todas as pe\u00e7as seleccionadas Galula s\u00e3o<\/h6>\n<h6>Desenhadas e Produzidas em Portugal<\/h6>\n<h6>Para informa\u00e7\u00f5es e medidas n\u00e3o hesite em nos contactar<\/h6>\n<h6><a href=\"mailto:info@scar-id.com\">info@scar-id.com<\/a>\u00a0\/ (+351) 22\u00a0203 3087<\/h6>\n","protected":false},"featured_media":6888,"template":"","meta":{"_uag_custom_page_level_css":""},"product_brand":[],"product_cat":[148,285],"product_tag":[],"class_list":{"0":"post-10423","1":"product","2":"type-product","3":"status-publish","4":"has-post-thumbnail","6":"product_cat-galula","7":"product_cat-seleccao-interiores","8":"pa_cor-grey-pt-pt","9":"pa_cor-preto","10":"pa_cor-red-pt-pt","11":"pa_cor-turquoise-pt-pt","12":"pa_cor-yellow-pt-pt","13":"pif-has-gallery","15":"first","16":"instock","17":"taxable","18":"shipping-taxable","19":"product-type-variable"},"aioseo_notices":[],"uagb_featured_image_src":{"full":["https:\/\/scar-id.com\/wp-content\/uploads\/2019\/10\/miniaturaqedq.jpg",824,1138,false],"thumbnail":["https:\/\/scar-id.com\/wp-content\/uploads\/2019\/10\/miniaturaqedq-150x150.jpg",150,150,true],"medium":["https:\/\/scar-id.com\/wp-content\/uploads\/2019\/10\/miniaturaqedq-217x300.jpg",217,300,true],"medium_large":["https:\/\/scar-id.com\/wp-content\/uploads\/2019\/10\/miniaturaqedq-768x1061.jpg",768,1061,true],"large":["https:\/\/scar-id.com\/wp-content\/uploads\/2019\/10\/miniaturaqedq-741x1024.jpg",741,1024,true],"1536x1536":["https:\/\/scar-id.com\/wp-content\/uploads\/2019\/10\/miniaturaqedq.jpg",824,1138,false],"2048x2048":["https:\/\/scar-id.com\/wp-content\/uploads\/2019\/10\/miniaturaqedq.jpg",824,1138,false],"woocommerce_thumbnail":["https:\/\/scar-id.com\/wp-content\/uploads\/2019\/10\/miniaturaqedq-324x447.jpg",324,447,true],"woocommerce_single":["https:\/\/scar-id.com\/wp-content\/uploads\/2019\/10\/miniaturaqedq-416x575.jpg",416,575,true],"woocommerce_gallery_thumbnail":["https:\/\/scar-id.com\/wp-content\/uploads\/2019\/10\/miniaturaqedq-100x100.jpg",100,100,true]},"uagb_author_info":{"display_name":"scar-id","author_link":"https:\/\/scar-id.com\/pt-pt\/author\/"},"uagb_comment_info":0,"uagb_excerpt":"Material: A\u00e7o com Pintura Termolacada Cor em Loja: Preto Matte &nbsp; Altura: 38,5cm Di\u00e2metro (Tampo): 50cm Peso: 5,4Kg Uso: Interior e Exterior &nbsp; Todas as pe\u00e7as seleccionadas Galula s\u00e3o Desenhadas e Produzidas em Portugal Para informa\u00e7\u00f5es e medidas n\u00e3o hesite em nos contactar info@scar-id.com\u00a0\/ (+351) 22\u00a0203 3087","_links":{"self":[{"href":"https:\/\/scar-id.com\/pt-pt\/wp-json\/wp\/v2\/product\/10423","targetHints":{"allow":["GET"]}}],"collection":[{"href":"https:\/\/scar-id.com\/pt-pt\/wp-json\/wp\/v2\/product"}],"about":[{"href":"https:\/\/scar-id.com\/pt-pt\/wp-json\/wp\/v2\/types\/product"}],"wp:featuredmedia":[{"embeddable":true,"href":"https:\/\/scar-id.com\/pt-pt\/wp-json\/wp\/v2\/media\/6888"}],"wp:attachment":[{"href":"https:\/\/scar-id.com\/pt-pt\/wp-json\/wp\/v2\/media?parent=10423"}],"wp:term":[{"taxonomy":"product_brand","embeddable":true,"href":"https:\/\/scar-id.com\/pt-pt\/wp-json\/wp\/v2\/product_brand?post=10423"},{"taxonomy":"product_cat","embeddable":true,"href":"https:\/\/scar-id.com\/pt-pt\/wp-json\/wp\/v2\/product_cat?post=10423"},{"taxonomy":"product_tag","embeddable":true,"href":"https:\/\/scar-id.com\/pt-pt\/wp-json\/wp\/v2\/product_tag?post=10423"}],"curies":[{"name":"wp","href":"https:\/\/api.w.org\/{rel}","templated":true}]}}