{"id":10436,"date":"2019-10-18T17:29:50","date_gmt":"2019-10-18T17:29:50","guid":{"rendered":"https:\/\/scar-id.com\/produto\/white-glint-desk-lamp-2\/"},"modified":"2020-02-27T13:21:12","modified_gmt":"2020-02-27T13:21:12","slug":"white-glint-desk-lamp-2","status":"publish","type":"product","link":"https:\/\/scar-id.com\/pt-pt\/produto\/white-glint-desk-lamp-2\/","title":{"rendered":"Glint Candeeiro de Mesa Preto"},"content":{"rendered":"<!DOCTYPE html PUBLIC \"-\/\/W3C\/\/DTD HTML 4.0 Transitional\/\/EN\" \"http:\/\/www.w3.org\/TR\/REC-html40\/loose.dtd\">\n<html><body><p><img fetchpriority=\"high\" decoding=\"async\" class=\"alignnone size-full wp-image-6938\" src=\"https:\/\/scar-id.com\/wp-content\/uploads\/2019\/10\/6.sq-Galula-Glint-1-lamp-white-black-1.jpg\" alt=\"\" width=\"1400\" height=\"1288\" srcset=\"https:\/\/scar-id.com\/wp-content\/uploads\/2019\/10\/6.sq-Galula-Glint-1-lamp-white-black-1.jpg 1000w, https:\/\/scar-id.com\/wp-content\/uploads\/2019\/10\/6.sq-Galula-Glint-1-lamp-white-black-1-300x276.jpg 300w, https:\/\/scar-id.com\/wp-content\/uploads\/2019\/10\/6.sq-Galula-Glint-1-lamp-white-black-1-768x707.jpg 768w, https:\/\/scar-id.com\/wp-content\/uploads\/2019\/10\/6.sq-Galula-Glint-1-lamp-white-black-1-1024x942.jpg 1024w, https:\/\/scar-id.com\/wp-content\/uploads\/2019\/10\/6.sq-Galula-Glint-1-lamp-white-black-1-324x298.jpg 324w, https:\/\/scar-id.com\/wp-content\/uploads\/2019\/10\/6.sq-Galula-Glint-1-lamp-white-black-1-416x383.jpg 416w\" sizes=\"(max-width: 1400px) 100vw, 1400px\" \/> <img decoding=\"async\" class=\"alignnone size-full wp-image-6940\" src=\"https:\/\/scar-id.com\/wp-content\/uploads\/2019\/10\/8.sq-Galula-Glint-1-lamp-white-red.jpg\" alt=\"\" width=\"1400\" height=\"1288\" srcset=\"https:\/\/scar-id.com\/wp-content\/uploads\/2019\/10\/8.sq-Galula-Glint-1-lamp-white-red.jpg 1000w, https:\/\/scar-id.com\/wp-content\/uploads\/2019\/10\/8.sq-Galula-Glint-1-lamp-white-red-300x276.jpg 300w, https:\/\/scar-id.com\/wp-content\/uploads\/2019\/10\/8.sq-Galula-Glint-1-lamp-white-red-768x707.jpg 768w, https:\/\/scar-id.com\/wp-content\/uploads\/2019\/10\/8.sq-Galula-Glint-1-lamp-white-red-1024x942.jpg 1024w, https:\/\/scar-id.com\/wp-content\/uploads\/2019\/10\/8.sq-Galula-Glint-1-lamp-white-red-324x298.jpg 324w, https:\/\/scar-id.com\/wp-content\/uploads\/2019\/10\/8.sq-Galula-Glint-1-lamp-white-red-416x383.jpg 416w\" sizes=\"(max-width: 1400px) 100vw, 1400px\" \/> <img decoding=\"async\" class=\"alignnone size-full wp-image-6942\" src=\"https:\/\/scar-id.com\/wp-content\/uploads\/2019\/10\/sq-Galula-Glint-1-lamp-white-red-amb-1.jpg\" alt=\"\" width=\"1400\" height=\"1405\" srcset=\"https:\/\/scar-id.com\/wp-content\/uploads\/2019\/10\/sq-Galula-Glint-1-lamp-white-red-amb-1.jpg 996w, https:\/\/scar-id.com\/wp-content\/uploads\/2019\/10\/sq-Galula-Glint-1-lamp-white-red-amb-1-150x150.jpg 150w, https:\/\/scar-id.com\/wp-content\/uploads\/2019\/10\/sq-Galula-Glint-1-lamp-white-red-amb-1-300x300.jpg 300w, https:\/\/scar-id.com\/wp-content\/uploads\/2019\/10\/sq-Galula-Glint-1-lamp-white-red-amb-1-768x771.jpg 768w, https:\/\/scar-id.com\/wp-content\/uploads\/2019\/10\/sq-Galula-Glint-1-lamp-white-red-amb-1-1020x1024.jpg 1020w, https:\/\/scar-id.com\/wp-content\/uploads\/2019\/10\/sq-Galula-Glint-1-lamp-white-red-amb-1-324x325.jpg 324w, https:\/\/scar-id.com\/wp-content\/uploads\/2019\/10\/sq-Galula-Glint-1-lamp-white-red-amb-1-416x417.jpg 416w, https:\/\/scar-id.com\/wp-content\/uploads\/2019\/10\/sq-Galula-Glint-1-lamp-white-red-amb-1-100x100.jpg 100w\" sizes=\"(max-width: 1400px) 100vw, 1400px\" \/> <img loading=\"lazy\" decoding=\"async\" class=\"alignnone size-full wp-image-6944\" src=\"https:\/\/scar-id.com\/wp-content\/uploads\/2019\/10\/sq-Galula-Glint-1-lamp-white-yellow-amb.jpg\" alt=\"\" width=\"1400\" height=\"1402\" srcset=\"https:\/\/scar-id.com\/wp-content\/uploads\/2019\/10\/sq-Galula-Glint-1-lamp-white-yellow-amb.jpg 1000w, https:\/\/scar-id.com\/wp-content\/uploads\/2019\/10\/sq-Galula-Glint-1-lamp-white-yellow-amb-150x150.jpg 150w, https:\/\/scar-id.com\/wp-content\/uploads\/2019\/10\/sq-Galula-Glint-1-lamp-white-yellow-amb-300x300.jpg 300w, https:\/\/scar-id.com\/wp-content\/uploads\/2019\/10\/sq-Galula-Glint-1-lamp-white-yellow-amb-768x769.jpg 768w, https:\/\/scar-id.com\/wp-content\/uploads\/2019\/10\/sq-Galula-Glint-1-lamp-white-yellow-amb-1024x1024.jpg 1024w, https:\/\/scar-id.com\/wp-content\/uploads\/2019\/10\/sq-Galula-Glint-1-lamp-white-yellow-amb-324x324.jpg 324w, https:\/\/scar-id.com\/wp-content\/uploads\/2019\/10\/sq-Galula-Glint-1-lamp-white-yellow-amb-416x417.jpg 416w, https:\/\/scar-id.com\/wp-content\/uploads\/2019\/10\/sq-Galula-Glint-1-lamp-white-yellow-amb-100x100.jpg 100w\" sizes=\"(max-width: 1400px) 100vw, 1400px\" \/><\/p>\n<\/body><\/html>\n","protected":false},"excerpt":{"rendered":"<h6>Descri\u00e7\u00e3o: Base em A\u00e7o com pintura Termolacada Preta e uma fonte de luz em Corti\u00e7a Clara de alta densidade e \u00edman para se segurar ao metal e desta forma ser poss\u00edvel controlar a intensidade da luz<\/h6>\n<h6>Cor do Fio El\u00e9ctrico: Amarelo (em loja), Preto, Cinza ou Vermelho<\/h6>\n<h6>L\u00e2mpada n\u00e3o inclu\u00edda<\/h6>\n<h6>Para pe\u00e7as dispon\u00edveis apenas Online, tempo de produ\u00e7\u00e3o: 15 dias<\/h6>\n<h6><\/h6>\n<p>&nbsp;<\/p>\n<h6>Dimens\u00e3o da base: 32,5 x 16,3 x 8cm<\/h6>\n<h6>Dimens\u00e3o da fonte de luz: 17cm<\/h6>\n<h6>Dimens\u00e3o do cabo: 185cm (aprox.)<\/h6>\n<h6>Peso: 1,2Kg<\/h6>\n<h6><\/h6>\n<p>&nbsp;<\/p>\n<h6>Todas as pe\u00e7as seleccionadas Galula s\u00e3o<\/h6>\n<h6>Desenhadas e Produzidas em Portugal<\/h6>\n<h6>Para informa\u00e7\u00f5es e medidas n\u00e3o hesite em nos contactar<\/h6>\n<h6><a href=\"mailto:info@scar-id.com\">info@scar-id.com<\/a>\u00a0\/ (+351) 22\u00a0203 3087<\/h6>\n","protected":false},"featured_media":6918,"template":"","meta":{"_uag_custom_page_level_css":""},"product_brand":[],"product_cat":[148],"product_tag":[],"class_list":{"0":"post-10436","1":"product","2":"type-product","3":"status-publish","4":"has-post-thumbnail","6":"product_cat-galula","8":"first","9":"instock","10":"taxable","11":"shipping-taxable","12":"purchasable","13":"product-type-simple"},"aioseo_notices":[],"uagb_featured_image_src":{"full":["https:\/\/scar-id.com\/wp-content\/uploads\/2019\/10\/6.sq-Galula-Glint-1-lamp-white-black.jpg",824,1138,false],"thumbnail":["https:\/\/scar-id.com\/wp-content\/uploads\/2019\/10\/6.sq-Galula-Glint-1-lamp-white-black-150x150.jpg",150,150,true],"medium":["https:\/\/scar-id.com\/wp-content\/uploads\/2019\/10\/6.sq-Galula-Glint-1-lamp-white-black-217x300.jpg",217,300,true],"medium_large":["https:\/\/scar-id.com\/wp-content\/uploads\/2019\/10\/6.sq-Galula-Glint-1-lamp-white-black-768x1061.jpg",768,1061,true],"large":["https:\/\/scar-id.com\/wp-content\/uploads\/2019\/10\/6.sq-Galula-Glint-1-lamp-white-black-741x1024.jpg",741,1024,true],"1536x1536":["https:\/\/scar-id.com\/wp-content\/uploads\/2019\/10\/6.sq-Galula-Glint-1-lamp-white-black.jpg",824,1138,false],"2048x2048":["https:\/\/scar-id.com\/wp-content\/uploads\/2019\/10\/6.sq-Galula-Glint-1-lamp-white-black.jpg",824,1138,false],"woocommerce_thumbnail":["https:\/\/scar-id.com\/wp-content\/uploads\/2019\/10\/6.sq-Galula-Glint-1-lamp-white-black-324x447.jpg",324,447,true],"woocommerce_single":["https:\/\/scar-id.com\/wp-content\/uploads\/2019\/10\/6.sq-Galula-Glint-1-lamp-white-black-416x575.jpg",416,575,true],"woocommerce_gallery_thumbnail":["https:\/\/scar-id.com\/wp-content\/uploads\/2019\/10\/6.sq-Galula-Glint-1-lamp-white-black-100x100.jpg",100,100,true]},"uagb_author_info":{"display_name":"scar-id","author_link":"https:\/\/scar-id.com\/pt-pt\/author\/"},"uagb_comment_info":0,"uagb_excerpt":"Descri\u00e7\u00e3o: Base em A\u00e7o com pintura Termolacada Preta e uma fonte de luz em Corti\u00e7a Clara de alta densidade e \u00edman para se segurar ao metal e desta forma ser poss\u00edvel controlar a intensidade da luz Cor do Fio El\u00e9ctrico: Amarelo (em loja), Preto, Cinza ou Vermelho L\u00e2mpada n\u00e3o inclu\u00edda Para pe\u00e7as dispon\u00edveis apenas Online,&hellip;","_links":{"self":[{"href":"https:\/\/scar-id.com\/pt-pt\/wp-json\/wp\/v2\/product\/10436","targetHints":{"allow":["GET"]}}],"collection":[{"href":"https:\/\/scar-id.com\/pt-pt\/wp-json\/wp\/v2\/product"}],"about":[{"href":"https:\/\/scar-id.com\/pt-pt\/wp-json\/wp\/v2\/types\/product"}],"wp:featuredmedia":[{"embeddable":true,"href":"https:\/\/scar-id.com\/pt-pt\/wp-json\/wp\/v2\/media\/6918"}],"wp:attachment":[{"href":"https:\/\/scar-id.com\/pt-pt\/wp-json\/wp\/v2\/media?parent=10436"}],"wp:term":[{"taxonomy":"product_brand","embeddable":true,"href":"https:\/\/scar-id.com\/pt-pt\/wp-json\/wp\/v2\/product_brand?post=10436"},{"taxonomy":"product_cat","embeddable":true,"href":"https:\/\/scar-id.com\/pt-pt\/wp-json\/wp\/v2\/product_cat?post=10436"},{"taxonomy":"product_tag","embeddable":true,"href":"https:\/\/scar-id.com\/pt-pt\/wp-json\/wp\/v2\/product_tag?post=10436"}],"curies":[{"name":"wp","href":"https:\/\/api.w.org\/{rel}","templated":true}]}}