{"id":10437,"date":"2019-10-18T17:28:18","date_gmt":"2019-10-18T17:28:18","guid":{"rendered":"https:\/\/scar-id.com\/produto\/magneto\/"},"modified":"2020-02-27T13:22:49","modified_gmt":"2020-02-27T13:22:49","slug":"magneto","status":"publish","type":"product","link":"https:\/\/scar-id.com\/pt-pt\/produto\/magneto\/","title":{"rendered":"Magneto"},"content":{"rendered":"<!DOCTYPE html PUBLIC \"-\/\/W3C\/\/DTD HTML 4.0 Transitional\/\/EN\" \"http:\/\/www.w3.org\/TR\/REC-html40\/loose.dtd\">\n<html><body><p><img fetchpriority=\"high\" decoding=\"async\" class=\"alignnone size-full wp-image-6928\" src=\"https:\/\/scar-id.com\/wp-content\/uploads\/2019\/10\/mag.jpg\" alt=\"\" width=\"1400\" height=\"1407\" srcset=\"https:\/\/scar-id.com\/wp-content\/uploads\/2019\/10\/mag.jpg 995w, https:\/\/scar-id.com\/wp-content\/uploads\/2019\/10\/mag-150x150.jpg 150w, https:\/\/scar-id.com\/wp-content\/uploads\/2019\/10\/mag-768x772.jpg 768w, https:\/\/scar-id.com\/wp-content\/uploads\/2019\/10\/mag-1019x1024.jpg 1019w, https:\/\/scar-id.com\/wp-content\/uploads\/2019\/10\/mag-324x326.jpg 324w, https:\/\/scar-id.com\/wp-content\/uploads\/2019\/10\/mag-416x418.jpg 416w, https:\/\/scar-id.com\/wp-content\/uploads\/2019\/10\/mag-100x100.jpg 100w\" sizes=\"(max-width: 1400px) 100vw, 1400px\" \/> <img decoding=\"async\" class=\"alignnone size-full wp-image-6930\" src=\"https:\/\/scar-id.com\/wp-content\/uploads\/2019\/10\/mag1.jpg\" alt=\"\" width=\"1400\" height=\"2000\" srcset=\"https:\/\/scar-id.com\/wp-content\/uploads\/2019\/10\/mag1.jpg 700w, https:\/\/scar-id.com\/wp-content\/uploads\/2019\/10\/mag1-210x300.jpg 210w, https:\/\/scar-id.com\/wp-content\/uploads\/2019\/10\/mag1-768x1097.jpg 768w, https:\/\/scar-id.com\/wp-content\/uploads\/2019\/10\/mag1-717x1024.jpg 717w, https:\/\/scar-id.com\/wp-content\/uploads\/2019\/10\/mag1-324x463.jpg 324w, https:\/\/scar-id.com\/wp-content\/uploads\/2019\/10\/mag1-416x594.jpg 416w\" sizes=\"(max-width: 1400px) 100vw, 1400px\" \/><\/p>\n<\/body><\/html>\n","protected":false},"excerpt":{"rendered":"<h6>Descri\u00e7\u00e3o: Magneto \u00e9 um candeeiro de mesa ou parede com Corti\u00e7a Clara de alta densidade.<\/h6>\n<h6>Cont\u00e9m dois \u00edmanes que possibilitam a sua magnetiza\u00e7\u00e3o ao metal.<\/h6>\n<h6>Cor do Fio El\u00e9ctrico: Preto e Branco<\/h6>\n<h6>L\u00e2mpada inclu\u00edda<\/h6>\n<h6>Em loja<\/h6>\n<h6><\/h6>\n<p>&nbsp;<\/p>\n<h6>Dimens\u00e3o: 21cm<\/h6>\n<h6>Dimens\u00e3o do cabo: 185cm (aprox.)<\/h6>\n<h6><\/h6>\n<p>&nbsp;<\/p>\n<h6>Todas as pe\u00e7as seleccionadas Galula s\u00e3o<\/h6>\n<h6>Desenhadas e Produzidas em Portugal<\/h6>\n<h6>Para informa\u00e7\u00f5es e medidas n\u00e3o hesite em nos contactar<\/h6>\n<h6><a href=\"mailto:info@scar-id.com\">info@scar-id.com<\/a>\u00a0\/ (+351) 22\u00a0203 3087<\/h6>\n","protected":false},"featured_media":6927,"template":"","meta":{"_uag_custom_page_level_css":""},"product_brand":[],"product_cat":[148],"product_tag":[],"class_list":{"0":"post-10437","1":"product","2":"type-product","3":"status-publish","4":"has-post-thumbnail","6":"product_cat-galula","8":"first","9":"instock","10":"taxable","11":"shipping-taxable","12":"purchasable","13":"product-type-simple"},"aioseo_notices":[],"uagb_featured_image_src":{"full":["https:\/\/scar-id.com\/wp-content\/uploads\/2019\/10\/sq-Galula-Magneto-lamp-photos-6.jpg",824,1138,false],"thumbnail":["https:\/\/scar-id.com\/wp-content\/uploads\/2019\/10\/sq-Galula-Magneto-lamp-photos-6-150x150.jpg",150,150,true],"medium":["https:\/\/scar-id.com\/wp-content\/uploads\/2019\/10\/sq-Galula-Magneto-lamp-photos-6-217x300.jpg",217,300,true],"medium_large":["https:\/\/scar-id.com\/wp-content\/uploads\/2019\/10\/sq-Galula-Magneto-lamp-photos-6-768x1061.jpg",768,1061,true],"large":["https:\/\/scar-id.com\/wp-content\/uploads\/2019\/10\/sq-Galula-Magneto-lamp-photos-6-741x1024.jpg",741,1024,true],"1536x1536":["https:\/\/scar-id.com\/wp-content\/uploads\/2019\/10\/sq-Galula-Magneto-lamp-photos-6.jpg",824,1138,false],"2048x2048":["https:\/\/scar-id.com\/wp-content\/uploads\/2019\/10\/sq-Galula-Magneto-lamp-photos-6.jpg",824,1138,false],"woocommerce_thumbnail":["https:\/\/scar-id.com\/wp-content\/uploads\/2019\/10\/sq-Galula-Magneto-lamp-photos-6-324x447.jpg",324,447,true],"woocommerce_single":["https:\/\/scar-id.com\/wp-content\/uploads\/2019\/10\/sq-Galula-Magneto-lamp-photos-6-416x575.jpg",416,575,true],"woocommerce_gallery_thumbnail":["https:\/\/scar-id.com\/wp-content\/uploads\/2019\/10\/sq-Galula-Magneto-lamp-photos-6-100x100.jpg",100,100,true]},"uagb_author_info":{"display_name":"scar-id","author_link":"https:\/\/scar-id.com\/pt-pt\/author\/"},"uagb_comment_info":0,"uagb_excerpt":"Descri\u00e7\u00e3o: Magneto \u00e9 um candeeiro de mesa ou parede com Corti\u00e7a Clara de alta densidade. Cont\u00e9m dois \u00edmanes que possibilitam a sua magnetiza\u00e7\u00e3o ao metal. Cor do Fio El\u00e9ctrico: Preto e Branco L\u00e2mpada inclu\u00edda Em loja &nbsp; Dimens\u00e3o: 21cm Dimens\u00e3o do cabo: 185cm (aprox.) &nbsp; Todas as pe\u00e7as seleccionadas Galula s\u00e3o Desenhadas e Produzidas em&hellip;","_links":{"self":[{"href":"https:\/\/scar-id.com\/pt-pt\/wp-json\/wp\/v2\/product\/10437","targetHints":{"allow":["GET"]}}],"collection":[{"href":"https:\/\/scar-id.com\/pt-pt\/wp-json\/wp\/v2\/product"}],"about":[{"href":"https:\/\/scar-id.com\/pt-pt\/wp-json\/wp\/v2\/types\/product"}],"wp:featuredmedia":[{"embeddable":true,"href":"https:\/\/scar-id.com\/pt-pt\/wp-json\/wp\/v2\/media\/6927"}],"wp:attachment":[{"href":"https:\/\/scar-id.com\/pt-pt\/wp-json\/wp\/v2\/media?parent=10437"}],"wp:term":[{"taxonomy":"product_brand","embeddable":true,"href":"https:\/\/scar-id.com\/pt-pt\/wp-json\/wp\/v2\/product_brand?post=10437"},{"taxonomy":"product_cat","embeddable":true,"href":"https:\/\/scar-id.com\/pt-pt\/wp-json\/wp\/v2\/product_cat?post=10437"},{"taxonomy":"product_tag","embeddable":true,"href":"https:\/\/scar-id.com\/pt-pt\/wp-json\/wp\/v2\/product_tag?post=10437"}],"curies":[{"name":"wp","href":"https:\/\/api.w.org\/{rel}","templated":true}]}}