{"id":10438,"date":"2019-10-18T17:25:11","date_gmt":"2019-10-18T17:25:11","guid":{"rendered":"https:\/\/scar-id.com\/produto\/tres-dark-cork-stool-table\/"},"modified":"2020-02-27T13:24:07","modified_gmt":"2020-02-27T13:24:07","slug":"tres-dark-cork-stool-table","status":"publish","type":"product","link":"https:\/\/scar-id.com\/pt-pt\/produto\/tres-dark-cork-stool-table\/","title":{"rendered":"Mesa-Banco Tr\u00eas em Corti\u00e7a Escura"},"content":{"rendered":"<!DOCTYPE html PUBLIC \"-\/\/W3C\/\/DTD HTML 4.0 Transitional\/\/EN\" \"http:\/\/www.w3.org\/TR\/REC-html40\/loose.dtd\">\n<html><body><p><img fetchpriority=\"high\" decoding=\"async\" class=\"alignnone size-full wp-image-6984\" src=\"https:\/\/scar-id.com\/wp-content\/uploads\/2019\/10\/t1.jpg\" alt=\"\" width=\"1400\" height=\"1406\" srcset=\"https:\/\/scar-id.com\/wp-content\/uploads\/2019\/10\/t1.jpg 996w, https:\/\/scar-id.com\/wp-content\/uploads\/2019\/10\/t1-150x150.jpg 150w, https:\/\/scar-id.com\/wp-content\/uploads\/2019\/10\/t1-300x300.jpg 300w, https:\/\/scar-id.com\/wp-content\/uploads\/2019\/10\/t1-768x771.jpg 768w, https:\/\/scar-id.com\/wp-content\/uploads\/2019\/10\/t1-1020x1024.jpg 1020w, https:\/\/scar-id.com\/wp-content\/uploads\/2019\/10\/t1-324x325.jpg 324w, https:\/\/scar-id.com\/wp-content\/uploads\/2019\/10\/t1-416x418.jpg 416w, https:\/\/scar-id.com\/wp-content\/uploads\/2019\/10\/t1-100x100.jpg 100w\" sizes=\"(max-width: 1400px) 100vw, 1400px\" \/> <img decoding=\"async\" class=\"alignnone size-full wp-image-6986\" src=\"https:\/\/scar-id.com\/wp-content\/uploads\/2019\/10\/t2.jpg\" alt=\"\" width=\"1400\" height=\"1406\" srcset=\"https:\/\/scar-id.com\/wp-content\/uploads\/2019\/10\/t2.jpg 996w, https:\/\/scar-id.com\/wp-content\/uploads\/2019\/10\/t2-150x150.jpg 150w, https:\/\/scar-id.com\/wp-content\/uploads\/2019\/10\/t2-300x300.jpg 300w, https:\/\/scar-id.com\/wp-content\/uploads\/2019\/10\/t2-768x771.jpg 768w, https:\/\/scar-id.com\/wp-content\/uploads\/2019\/10\/t2-1020x1024.jpg 1020w, https:\/\/scar-id.com\/wp-content\/uploads\/2019\/10\/t2-324x325.jpg 324w, https:\/\/scar-id.com\/wp-content\/uploads\/2019\/10\/t2-416x418.jpg 416w, https:\/\/scar-id.com\/wp-content\/uploads\/2019\/10\/t2-100x100.jpg 100w\" sizes=\"(max-width: 1400px) 100vw, 1400px\" \/> <img decoding=\"async\" class=\"alignnone size-full wp-image-6988\" src=\"https:\/\/scar-id.com\/wp-content\/uploads\/2019\/10\/t3.jpg\" alt=\"\" width=\"1400\" height=\"1400\" srcset=\"https:\/\/scar-id.com\/wp-content\/uploads\/2019\/10\/t3.jpg 1000w, https:\/\/scar-id.com\/wp-content\/uploads\/2019\/10\/t3-150x150.jpg 150w, https:\/\/scar-id.com\/wp-content\/uploads\/2019\/10\/t3-300x300.jpg 300w, https:\/\/scar-id.com\/wp-content\/uploads\/2019\/10\/t3-768x768.jpg 768w, https:\/\/scar-id.com\/wp-content\/uploads\/2019\/10\/t3-1024x1024.jpg 1024w, https:\/\/scar-id.com\/wp-content\/uploads\/2019\/10\/t3-324x324.jpg 324w, https:\/\/scar-id.com\/wp-content\/uploads\/2019\/10\/t3-416x416.jpg 416w, https:\/\/scar-id.com\/wp-content\/uploads\/2019\/10\/t3-100x100.jpg 100w\" sizes=\"(max-width: 1400px) 100vw, 1400px\" \/><\/p>\n<\/body><\/html>\n","protected":false},"excerpt":{"rendered":"<h6>Material: Corti\u00e7a Escura de alta densidade e\u00a0A\u00e7o com Pintura Termolacada<\/h6>\n<h6>Cor: Azul Pastel, Amarelo, Vermelho, Cinzento ou Branco mate<\/h6>\n<h6>Dispon\u00edvel Online, tempo de produ\u00e7\u00e3o: 4 semanas<\/h6>\n<h6><\/h6>\n<p>&nbsp;<\/p>\n<h6>Altura: 44cm<\/h6>\n<h6>Tampo: 40 x 35cm<\/h6>\n<h6>Peso: 3,3Kg<\/h6>\n<h6><\/h6>\n<p>&nbsp;<\/p>\n<h6>Todas as pe\u00e7as seleccionadas Galula s\u00e3o<\/h6>\n<h6>Desenhadas e Produzidas em Portugal<\/h6>\n<h6>Para informa\u00e7\u00f5es e medidas n\u00e3o hesite em nos contactar<\/h6>\n<h6><a href=\"mailto:info@scar-id.com\">info@scar-id.com<\/a>\u00a0\/ (+351) 22\u00a0203 3087<\/h6>\n","protected":false},"featured_media":6896,"template":"","meta":{"_uag_custom_page_level_css":""},"product_brand":[],"product_cat":[148],"product_tag":[],"class_list":{"0":"post-10438","1":"product","2":"type-product","3":"status-publish","4":"has-post-thumbnail","6":"product_cat-galula","7":"pa_cor-grey-pt-pt","8":"pa_cor-preto","9":"pa_cor-red-pt-pt","10":"pa_cor-turquoise-pt-pt","11":"pa_cor-yellow-pt-pt","12":"pif-has-gallery","14":"first","15":"instock","16":"taxable","17":"shipping-taxable","18":"product-type-variable"},"aioseo_notices":[],"uagb_featured_image_src":{"full":["https:\/\/scar-id.com\/wp-content\/uploads\/2019\/10\/mini-eewf.jpg",824,1138,false],"thumbnail":["https:\/\/scar-id.com\/wp-content\/uploads\/2019\/10\/mini-eewf-150x150.jpg",150,150,true],"medium":["https:\/\/scar-id.com\/wp-content\/uploads\/2019\/10\/mini-eewf-217x300.jpg",217,300,true],"medium_large":["https:\/\/scar-id.com\/wp-content\/uploads\/2019\/10\/mini-eewf-768x1061.jpg",768,1061,true],"large":["https:\/\/scar-id.com\/wp-content\/uploads\/2019\/10\/mini-eewf-741x1024.jpg",741,1024,true],"1536x1536":["https:\/\/scar-id.com\/wp-content\/uploads\/2019\/10\/mini-eewf.jpg",824,1138,false],"2048x2048":["https:\/\/scar-id.com\/wp-content\/uploads\/2019\/10\/mini-eewf.jpg",824,1138,false],"woocommerce_thumbnail":["https:\/\/scar-id.com\/wp-content\/uploads\/2019\/10\/mini-eewf-324x447.jpg",324,447,true],"woocommerce_single":["https:\/\/scar-id.com\/wp-content\/uploads\/2019\/10\/mini-eewf-416x575.jpg",416,575,true],"woocommerce_gallery_thumbnail":["https:\/\/scar-id.com\/wp-content\/uploads\/2019\/10\/mini-eewf-100x100.jpg",100,100,true]},"uagb_author_info":{"display_name":"scar-id","author_link":"https:\/\/scar-id.com\/pt-pt\/author\/"},"uagb_comment_info":0,"uagb_excerpt":"Material: Corti\u00e7a Escura de alta densidade e\u00a0A\u00e7o com Pintura Termolacada Cor: Azul Pastel, Amarelo, Vermelho, Cinzento ou Branco mate Dispon\u00edvel Online, tempo de produ\u00e7\u00e3o: 4 semanas &nbsp; Altura: 44cm Tampo: 40 x 35cm Peso: 3,3Kg &nbsp; Todas as pe\u00e7as seleccionadas Galula s\u00e3o Desenhadas e Produzidas em Portugal Para informa\u00e7\u00f5es e medidas n\u00e3o hesite em nos&hellip;","_links":{"self":[{"href":"https:\/\/scar-id.com\/pt-pt\/wp-json\/wp\/v2\/product\/10438","targetHints":{"allow":["GET"]}}],"collection":[{"href":"https:\/\/scar-id.com\/pt-pt\/wp-json\/wp\/v2\/product"}],"about":[{"href":"https:\/\/scar-id.com\/pt-pt\/wp-json\/wp\/v2\/types\/product"}],"wp:featuredmedia":[{"embeddable":true,"href":"https:\/\/scar-id.com\/pt-pt\/wp-json\/wp\/v2\/media\/6896"}],"wp:attachment":[{"href":"https:\/\/scar-id.com\/pt-pt\/wp-json\/wp\/v2\/media?parent=10438"}],"wp:term":[{"taxonomy":"product_brand","embeddable":true,"href":"https:\/\/scar-id.com\/pt-pt\/wp-json\/wp\/v2\/product_brand?post=10438"},{"taxonomy":"product_cat","embeddable":true,"href":"https:\/\/scar-id.com\/pt-pt\/wp-json\/wp\/v2\/product_cat?post=10438"},{"taxonomy":"product_tag","embeddable":true,"href":"https:\/\/scar-id.com\/pt-pt\/wp-json\/wp\/v2\/product_tag?post=10438"}],"curies":[{"name":"wp","href":"https:\/\/api.w.org\/{rel}","templated":true}]}}