{"id":10444,"date":"2019-10-18T17:24:50","date_gmt":"2019-10-18T17:24:50","guid":{"rendered":"https:\/\/scar-id.com\/produto\/light-cork-tres-stool-table\/"},"modified":"2020-02-27T13:26:49","modified_gmt":"2020-02-27T13:26:49","slug":"light-cork-tres-stool-table","status":"publish","type":"product","link":"https:\/\/scar-id.com\/pt-pt\/produto\/light-cork-tres-stool-table\/","title":{"rendered":"Mesa-Banco Tres em Corti\u00e7a Clara"},"content":{"rendered":"<!DOCTYPE html PUBLIC \"-\/\/W3C\/\/DTD HTML 4.0 Transitional\/\/EN\" \"http:\/\/www.w3.org\/TR\/REC-html40\/loose.dtd\">\n<html><body><p><img fetchpriority=\"high\" decoding=\"async\" class=\"alignnone size-full wp-image-6974\" src=\"https:\/\/scar-id.com\/wp-content\/uploads\/2019\/10\/ta1.jpg\" alt=\"\" width=\"1400\" height=\"1404\" srcset=\"https:\/\/scar-id.com\/wp-content\/uploads\/2019\/10\/ta1.jpg 997w, https:\/\/scar-id.com\/wp-content\/uploads\/2019\/10\/ta1-150x150.jpg 150w, https:\/\/scar-id.com\/wp-content\/uploads\/2019\/10\/ta1-300x300.jpg 300w, https:\/\/scar-id.com\/wp-content\/uploads\/2019\/10\/ta1-768x770.jpg 768w, https:\/\/scar-id.com\/wp-content\/uploads\/2019\/10\/ta1-1021x1024.jpg 1021w, https:\/\/scar-id.com\/wp-content\/uploads\/2019\/10\/ta1-324x325.jpg 324w, https:\/\/scar-id.com\/wp-content\/uploads\/2019\/10\/ta1-416x417.jpg 416w, https:\/\/scar-id.com\/wp-content\/uploads\/2019\/10\/ta1-100x100.jpg 100w\" sizes=\"(max-width: 1400px) 100vw, 1400px\" \/> <img decoding=\"async\" class=\"alignnone size-full wp-image-6976\" src=\"https:\/\/scar-id.com\/wp-content\/uploads\/2019\/10\/ta2.jpg\" alt=\"\" width=\"1400\" height=\"1404\" srcset=\"https:\/\/scar-id.com\/wp-content\/uploads\/2019\/10\/ta2.jpg 997w, https:\/\/scar-id.com\/wp-content\/uploads\/2019\/10\/ta2-150x150.jpg 150w, https:\/\/scar-id.com\/wp-content\/uploads\/2019\/10\/ta2-300x300.jpg 300w, https:\/\/scar-id.com\/wp-content\/uploads\/2019\/10\/ta2-768x770.jpg 768w, https:\/\/scar-id.com\/wp-content\/uploads\/2019\/10\/ta2-1021x1024.jpg 1021w, https:\/\/scar-id.com\/wp-content\/uploads\/2019\/10\/ta2-324x325.jpg 324w, https:\/\/scar-id.com\/wp-content\/uploads\/2019\/10\/ta2-416x417.jpg 416w, https:\/\/scar-id.com\/wp-content\/uploads\/2019\/10\/ta2-100x100.jpg 100w\" sizes=\"(max-width: 1400px) 100vw, 1400px\" \/> <img decoding=\"async\" class=\"alignnone size-full wp-image-6978\" src=\"https:\/\/scar-id.com\/wp-content\/uploads\/2019\/10\/ta3.jpg\" alt=\"\" width=\"1400\" height=\"1613\" srcset=\"https:\/\/scar-id.com\/wp-content\/uploads\/2019\/10\/ta3.jpg 868w, https:\/\/scar-id.com\/wp-content\/uploads\/2019\/10\/ta3-260x300.jpg 260w, https:\/\/scar-id.com\/wp-content\/uploads\/2019\/10\/ta3-768x885.jpg 768w, https:\/\/scar-id.com\/wp-content\/uploads\/2019\/10\/ta3-889x1024.jpg 889w, https:\/\/scar-id.com\/wp-content\/uploads\/2019\/10\/ta3-324x373.jpg 324w, https:\/\/scar-id.com\/wp-content\/uploads\/2019\/10\/ta3-416x479.jpg 416w\" sizes=\"(max-width: 1400px) 100vw, 1400px\" \/> <img loading=\"lazy\" decoding=\"async\" class=\"alignnone size-full wp-image-6980\" src=\"https:\/\/scar-id.com\/wp-content\/uploads\/2019\/10\/ta4.jpg\" alt=\"\" width=\"1400\" height=\"1404\" srcset=\"https:\/\/scar-id.com\/wp-content\/uploads\/2019\/10\/ta4.jpg 997w, https:\/\/scar-id.com\/wp-content\/uploads\/2019\/10\/ta4-150x150.jpg 150w, https:\/\/scar-id.com\/wp-content\/uploads\/2019\/10\/ta4-300x300.jpg 300w, https:\/\/scar-id.com\/wp-content\/uploads\/2019\/10\/ta4-768x770.jpg 768w, https:\/\/scar-id.com\/wp-content\/uploads\/2019\/10\/ta4-1021x1024.jpg 1021w, https:\/\/scar-id.com\/wp-content\/uploads\/2019\/10\/ta4-324x325.jpg 324w, https:\/\/scar-id.com\/wp-content\/uploads\/2019\/10\/ta4-416x417.jpg 416w, https:\/\/scar-id.com\/wp-content\/uploads\/2019\/10\/ta4-100x100.jpg 100w\" sizes=\"(max-width: 1400px) 100vw, 1400px\" \/> <img loading=\"lazy\" decoding=\"async\" class=\"alignnone size-full wp-image-6982\" src=\"https:\/\/scar-id.com\/wp-content\/uploads\/2019\/10\/ta5.jpg\" alt=\"\" width=\"1400\" height=\"1404\" srcset=\"https:\/\/scar-id.com\/wp-content\/uploads\/2019\/10\/ta5.jpg 997w, https:\/\/scar-id.com\/wp-content\/uploads\/2019\/10\/ta5-150x150.jpg 150w, https:\/\/scar-id.com\/wp-content\/uploads\/2019\/10\/ta5-300x300.jpg 300w, https:\/\/scar-id.com\/wp-content\/uploads\/2019\/10\/ta5-768x770.jpg 768w, https:\/\/scar-id.com\/wp-content\/uploads\/2019\/10\/ta5-1021x1024.jpg 1021w, https:\/\/scar-id.com\/wp-content\/uploads\/2019\/10\/ta5-324x325.jpg 324w, https:\/\/scar-id.com\/wp-content\/uploads\/2019\/10\/ta5-416x417.jpg 416w, https:\/\/scar-id.com\/wp-content\/uploads\/2019\/10\/ta5-100x100.jpg 100w\" sizes=\"(max-width: 1400px) 100vw, 1400px\" \/><\/p>\n<\/body><\/html>\n","protected":false},"excerpt":{"rendered":"<h6>Material: Corti\u00e7a Clara de alta densidade e A\u00e7o com Pintura Termolacada<\/h6>\n<h6>Cor: Preto mate, Branco mate, Azul Pastel, Amarelo, Vermelho ou Cinzento<\/h6>\n<h6>Dispon\u00edvel Online, tempo de produ\u00e7\u00e3o: 4 semanas<\/h6>\n<h6><\/h6>\n<p>&nbsp;<\/p>\n<h6>Altura: 44cm<\/h6>\n<h6>Tampo: 40 x 35cm<\/h6>\n<h6>Peso: 3,3Kg<\/h6>\n<h6><\/h6>\n<p>&nbsp;<\/p>\n<h6>Todas as pe\u00e7as seleccionadas Galula s\u00e3o<\/h6>\n<h6>Desenhadas e Produzidas em Portugal<\/h6>\n<h6>Para informa\u00e7\u00f5es e medidas n\u00e3o hesite em nos contactar<\/h6>\n<h6><a href=\"mailto:info@scar-id.com\">info@scar-id.com<\/a>\u00a0\/ (+351) 22\u00a0203 3087<\/h6>\n","protected":false},"featured_media":6900,"template":"","meta":{"_uag_custom_page_level_css":""},"product_brand":[],"product_cat":[148],"product_tag":[],"class_list":{"0":"post-10444","1":"product","2":"type-product","3":"status-publish","4":"has-post-thumbnail","6":"product_cat-galula","7":"pa_cor-grey-pt-pt","8":"pa_cor-preto","9":"pa_cor-red-pt-pt","10":"pa_cor-turquoise-pt-pt","11":"pa_cor-yellow-pt-pt","12":"pif-has-gallery","14":"first","15":"instock","16":"taxable","17":"shipping-taxable","18":"purchasable","19":"product-type-variable"},"aioseo_notices":[],"uagb_featured_image_src":{"full":["https:\/\/scar-id.com\/wp-content\/uploads\/2019\/10\/mini-aaed.jpg",824,1138,false],"thumbnail":["https:\/\/scar-id.com\/wp-content\/uploads\/2019\/10\/mini-aaed-150x150.jpg",150,150,true],"medium":["https:\/\/scar-id.com\/wp-content\/uploads\/2019\/10\/mini-aaed-217x300.jpg",217,300,true],"medium_large":["https:\/\/scar-id.com\/wp-content\/uploads\/2019\/10\/mini-aaed-768x1061.jpg",768,1061,true],"large":["https:\/\/scar-id.com\/wp-content\/uploads\/2019\/10\/mini-aaed-741x1024.jpg",741,1024,true],"1536x1536":["https:\/\/scar-id.com\/wp-content\/uploads\/2019\/10\/mini-aaed.jpg",824,1138,false],"2048x2048":["https:\/\/scar-id.com\/wp-content\/uploads\/2019\/10\/mini-aaed.jpg",824,1138,false],"woocommerce_thumbnail":["https:\/\/scar-id.com\/wp-content\/uploads\/2019\/10\/mini-aaed-324x447.jpg",324,447,true],"woocommerce_single":["https:\/\/scar-id.com\/wp-content\/uploads\/2019\/10\/mini-aaed-416x575.jpg",416,575,true],"woocommerce_gallery_thumbnail":["https:\/\/scar-id.com\/wp-content\/uploads\/2019\/10\/mini-aaed-100x100.jpg",100,100,true]},"uagb_author_info":{"display_name":"scar-id","author_link":"https:\/\/scar-id.com\/pt-pt\/author\/"},"uagb_comment_info":0,"uagb_excerpt":"Material: Corti\u00e7a Clara de alta densidade e A\u00e7o com Pintura Termolacada Cor: Preto mate, Branco mate, Azul Pastel, Amarelo, Vermelho ou Cinzento Dispon\u00edvel Online, tempo de produ\u00e7\u00e3o: 4 semanas &nbsp; Altura: 44cm Tampo: 40 x 35cm Peso: 3,3Kg &nbsp; Todas as pe\u00e7as seleccionadas Galula s\u00e3o Desenhadas e Produzidas em Portugal Para informa\u00e7\u00f5es e medidas n\u00e3o&hellip;","_links":{"self":[{"href":"https:\/\/scar-id.com\/pt-pt\/wp-json\/wp\/v2\/product\/10444","targetHints":{"allow":["GET"]}}],"collection":[{"href":"https:\/\/scar-id.com\/pt-pt\/wp-json\/wp\/v2\/product"}],"about":[{"href":"https:\/\/scar-id.com\/pt-pt\/wp-json\/wp\/v2\/types\/product"}],"wp:featuredmedia":[{"embeddable":true,"href":"https:\/\/scar-id.com\/pt-pt\/wp-json\/wp\/v2\/media\/6900"}],"wp:attachment":[{"href":"https:\/\/scar-id.com\/pt-pt\/wp-json\/wp\/v2\/media?parent=10444"}],"wp:term":[{"taxonomy":"product_brand","embeddable":true,"href":"https:\/\/scar-id.com\/pt-pt\/wp-json\/wp\/v2\/product_brand?post=10444"},{"taxonomy":"product_cat","embeddable":true,"href":"https:\/\/scar-id.com\/pt-pt\/wp-json\/wp\/v2\/product_cat?post=10444"},{"taxonomy":"product_tag","embeddable":true,"href":"https:\/\/scar-id.com\/pt-pt\/wp-json\/wp\/v2\/product_tag?post=10444"}],"curies":[{"name":"wp","href":"https:\/\/api.w.org\/{rel}","templated":true}]}}