{"id":10455,"date":"2019-10-18T17:23:51","date_gmt":"2019-10-18T17:23:51","guid":{"rendered":"https:\/\/scar-id.com\/produto\/sininho-light-cork\/"},"modified":"2020-02-27T13:29:16","modified_gmt":"2020-02-27T13:29:16","slug":"sininho-light-cork","status":"publish","type":"product","link":"https:\/\/scar-id.com\/pt-pt\/produto\/sininho-light-cork\/","title":{"rendered":"SiniSininho Corti\u00e7a Clara"},"content":{"rendered":"<!DOCTYPE html PUBLIC \"-\/\/W3C\/\/DTD HTML 4.0 Transitional\/\/EN\" \"http:\/\/www.w3.org\/TR\/REC-html40\/loose.dtd\">\n<html><body><p><img fetchpriority=\"high\" decoding=\"async\" class=\"alignnone size-full wp-image-7009\" src=\"https:\/\/scar-id.com\/wp-content\/uploads\/2019\/10\/sn1.jpg\" alt=\"\" width=\"1400\" height=\"2000\" srcset=\"https:\/\/scar-id.com\/wp-content\/uploads\/2019\/10\/sn1.jpg 700w, https:\/\/scar-id.com\/wp-content\/uploads\/2019\/10\/sn1-210x300.jpg 210w, https:\/\/scar-id.com\/wp-content\/uploads\/2019\/10\/sn1-768x1097.jpg 768w, https:\/\/scar-id.com\/wp-content\/uploads\/2019\/10\/sn1-717x1024.jpg 717w, https:\/\/scar-id.com\/wp-content\/uploads\/2019\/10\/sn1-324x463.jpg 324w, https:\/\/scar-id.com\/wp-content\/uploads\/2019\/10\/sn1-416x594.jpg 416w\" sizes=\"(max-width: 1400px) 100vw, 1400px\" \/> <img decoding=\"async\" class=\"alignnone size-full wp-image-7011\" src=\"https:\/\/scar-id.com\/wp-content\/uploads\/2019\/10\/sn3.jpg\" alt=\"\" width=\"1400\" height=\"1401\" srcset=\"https:\/\/scar-id.com\/wp-content\/uploads\/2019\/10\/sn3.jpg 1000w, https:\/\/scar-id.com\/wp-content\/uploads\/2019\/10\/sn3-150x150.jpg 150w, https:\/\/scar-id.com\/wp-content\/uploads\/2019\/10\/sn3-300x300.jpg 300w, https:\/\/scar-id.com\/wp-content\/uploads\/2019\/10\/sn3-768x769.jpg 768w, https:\/\/scar-id.com\/wp-content\/uploads\/2019\/10\/sn3-1024x1024.jpg 1024w, https:\/\/scar-id.com\/wp-content\/uploads\/2019\/10\/sn3-324x324.jpg 324w, https:\/\/scar-id.com\/wp-content\/uploads\/2019\/10\/sn3-416x416.jpg 416w, https:\/\/scar-id.com\/wp-content\/uploads\/2019\/10\/sn3-100x100.jpg 100w\" sizes=\"(max-width: 1400px) 100vw, 1400px\" \/> <img decoding=\"async\" class=\"alignnone size-full wp-image-7017\" src=\"https:\/\/scar-id.com\/wp-content\/uploads\/2019\/10\/sq-Galula-Sininho-lamp-light-red-amb-2.jpg\" alt=\"\" width=\"1400\" height=\"2000\" srcset=\"https:\/\/scar-id.com\/wp-content\/uploads\/2019\/10\/sq-Galula-Sininho-lamp-light-red-amb-2.jpg 700w, https:\/\/scar-id.com\/wp-content\/uploads\/2019\/10\/sq-Galula-Sininho-lamp-light-red-amb-2-210x300.jpg 210w, https:\/\/scar-id.com\/wp-content\/uploads\/2019\/10\/sq-Galula-Sininho-lamp-light-red-amb-2-768x1097.jpg 768w, https:\/\/scar-id.com\/wp-content\/uploads\/2019\/10\/sq-Galula-Sininho-lamp-light-red-amb-2-717x1024.jpg 717w, https:\/\/scar-id.com\/wp-content\/uploads\/2019\/10\/sq-Galula-Sininho-lamp-light-red-amb-2-324x463.jpg 324w, https:\/\/scar-id.com\/wp-content\/uploads\/2019\/10\/sq-Galula-Sininho-lamp-light-red-amb-2-416x594.jpg 416w\" sizes=\"(max-width: 1400px) 100vw, 1400px\" \/><img decoding=\"async\" class=\"alignnone size-full wp-image-7011\" src=\"https:\/\/scar-id.com\/wp-content\/uploads\/2019\/10\/sn3.jpg\" alt=\"\" width=\"1400\" height=\"1401\" srcset=\"https:\/\/scar-id.com\/wp-content\/uploads\/2019\/10\/sn3.jpg 1000w, https:\/\/scar-id.com\/wp-content\/uploads\/2019\/10\/sn3-150x150.jpg 150w, https:\/\/scar-id.com\/wp-content\/uploads\/2019\/10\/sn3-300x300.jpg 300w, https:\/\/scar-id.com\/wp-content\/uploads\/2019\/10\/sn3-768x769.jpg 768w, https:\/\/scar-id.com\/wp-content\/uploads\/2019\/10\/sn3-1024x1024.jpg 1024w, https:\/\/scar-id.com\/wp-content\/uploads\/2019\/10\/sn3-324x324.jpg 324w, https:\/\/scar-id.com\/wp-content\/uploads\/2019\/10\/sn3-416x416.jpg 416w, https:\/\/scar-id.com\/wp-content\/uploads\/2019\/10\/sn3-100x100.jpg 100w\" sizes=\"(max-width: 1400px) 100vw, 1400px\" \/><\/p>\n<\/body><\/html>\n","protected":false},"excerpt":{"rendered":"<h6>Material: Corti\u00e7a Clara de alta densidade, Fio El\u00e9ctrico com revestimento t\u00eaxtil, A\u00e7o com pintura termolacada branca (copo de tecto)<\/h6>\n<h6>Uso: A luz poder\u00e1 ficar virada para cima ou para baixo<\/h6>\n<h6>Cor Fio El\u00e9ctrico: Preto, Azul, Vermelho ou Amarelo<\/h6>\n<h6>L\u00e2mpada n\u00e3o Inclu\u00edda<\/h6>\n<h6>Apenas Online, tempo de produ\u00e7\u00e3o; 15 dias<\/h6>\n<h6><\/h6>\n<p>&nbsp;<\/p>\n<h6>Dimens\u00e3o: 10 x 6,5cm<\/h6>\n<h6>Dimens\u00e3o do cabo: 195cm (aprox.)<\/h6>\n<h6><\/h6>\n<p>&nbsp;<\/p>\n<h6>Todas as pe\u00e7as seleccionadas Galula s\u00e3o<\/h6>\n<h6>Desenhadas e Produzidas em Portugal<\/h6>\n<h6>Para informa\u00e7\u00f5es e medidas n\u00e3o hesite em nos contactar<\/h6>\n<h6><a href=\"mailto:info@scar-id.com\">info@scar-id.com<\/a>\u00a0\/ (+351) 22\u00a0203 3087<\/h6>\n","protected":false},"featured_media":6906,"template":"","meta":{"_uag_custom_page_level_css":""},"product_brand":[],"product_cat":[148],"product_tag":[],"class_list":{"0":"post-10455","1":"product","2":"type-product","3":"status-publish","4":"has-post-thumbnail","6":"product_cat-galula","7":"pa_cor-azul","8":"pa_cor-preto","9":"pa_cor-red-pt-pt","10":"pa_cor-yellow-pt-pt","12":"first","13":"instock","14":"taxable","15":"shipping-taxable","16":"product-type-variable"},"aioseo_notices":[],"uagb_featured_image_src":{"full":["https:\/\/scar-id.com\/wp-content\/uploads\/2019\/10\/miniatura-2.jpg",824,1138,false],"thumbnail":["https:\/\/scar-id.com\/wp-content\/uploads\/2019\/10\/miniatura-2-150x150.jpg",150,150,true],"medium":["https:\/\/scar-id.com\/wp-content\/uploads\/2019\/10\/miniatura-2-217x300.jpg",217,300,true],"medium_large":["https:\/\/scar-id.com\/wp-content\/uploads\/2019\/10\/miniatura-2-768x1061.jpg",768,1061,true],"large":["https:\/\/scar-id.com\/wp-content\/uploads\/2019\/10\/miniatura-2-741x1024.jpg",741,1024,true],"1536x1536":["https:\/\/scar-id.com\/wp-content\/uploads\/2019\/10\/miniatura-2.jpg",824,1138,false],"2048x2048":["https:\/\/scar-id.com\/wp-content\/uploads\/2019\/10\/miniatura-2.jpg",824,1138,false],"woocommerce_thumbnail":["https:\/\/scar-id.com\/wp-content\/uploads\/2019\/10\/miniatura-2-324x447.jpg",324,447,true],"woocommerce_single":["https:\/\/scar-id.com\/wp-content\/uploads\/2019\/10\/miniatura-2-416x575.jpg",416,575,true],"woocommerce_gallery_thumbnail":["https:\/\/scar-id.com\/wp-content\/uploads\/2019\/10\/miniatura-2-100x100.jpg",100,100,true]},"uagb_author_info":{"display_name":"scar-id","author_link":"https:\/\/scar-id.com\/pt-pt\/author\/"},"uagb_comment_info":0,"uagb_excerpt":"Material: Corti\u00e7a Clara de alta densidade, Fio El\u00e9ctrico com revestimento t\u00eaxtil, A\u00e7o com pintura termolacada branca (copo de tecto) Uso: A luz poder\u00e1 ficar virada para cima ou para baixo Cor Fio El\u00e9ctrico: Preto, Azul, Vermelho ou Amarelo L\u00e2mpada n\u00e3o Inclu\u00edda Apenas Online, tempo de produ\u00e7\u00e3o; 15 dias &nbsp; Dimens\u00e3o: 10 x 6,5cm Dimens\u00e3o do&hellip;","_links":{"self":[{"href":"https:\/\/scar-id.com\/pt-pt\/wp-json\/wp\/v2\/product\/10455","targetHints":{"allow":["GET"]}}],"collection":[{"href":"https:\/\/scar-id.com\/pt-pt\/wp-json\/wp\/v2\/product"}],"about":[{"href":"https:\/\/scar-id.com\/pt-pt\/wp-json\/wp\/v2\/types\/product"}],"wp:featuredmedia":[{"embeddable":true,"href":"https:\/\/scar-id.com\/pt-pt\/wp-json\/wp\/v2\/media\/6906"}],"wp:attachment":[{"href":"https:\/\/scar-id.com\/pt-pt\/wp-json\/wp\/v2\/media?parent=10455"}],"wp:term":[{"taxonomy":"product_brand","embeddable":true,"href":"https:\/\/scar-id.com\/pt-pt\/wp-json\/wp\/v2\/product_brand?post=10455"},{"taxonomy":"product_cat","embeddable":true,"href":"https:\/\/scar-id.com\/pt-pt\/wp-json\/wp\/v2\/product_cat?post=10455"},{"taxonomy":"product_tag","embeddable":true,"href":"https:\/\/scar-id.com\/pt-pt\/wp-json\/wp\/v2\/product_tag?post=10455"}],"curies":[{"name":"wp","href":"https:\/\/api.w.org\/{rel}","templated":true}]}}