{"id":10468,"date":"2019-10-18T17:20:45","date_gmt":"2019-10-18T17:20:45","guid":{"rendered":"https:\/\/scar-id.com\/produto\/sino\/"},"modified":"2020-02-27T13:35:36","modified_gmt":"2020-02-27T13:35:36","slug":"sino","status":"publish","type":"product","link":"https:\/\/scar-id.com\/pt-pt\/produto\/sino\/","title":{"rendered":"Sino"},"content":{"rendered":"<!DOCTYPE html PUBLIC \"-\/\/W3C\/\/DTD HTML 4.0 Transitional\/\/EN\" \"http:\/\/www.w3.org\/TR\/REC-html40\/loose.dtd\">\n<html><body><p><img fetchpriority=\"high\" decoding=\"async\" class=\"alignnone size-full wp-image-7020\" src=\"https:\/\/scar-id.com\/wp-content\/uploads\/2019\/10\/s1.jpg\" alt=\"\" width=\"1400\" height=\"2000\" srcset=\"https:\/\/scar-id.com\/wp-content\/uploads\/2019\/10\/s1.jpg 700w, https:\/\/scar-id.com\/wp-content\/uploads\/2019\/10\/s1-210x300.jpg 210w, https:\/\/scar-id.com\/wp-content\/uploads\/2019\/10\/s1-768x1097.jpg 768w, https:\/\/scar-id.com\/wp-content\/uploads\/2019\/10\/s1-717x1024.jpg 717w, https:\/\/scar-id.com\/wp-content\/uploads\/2019\/10\/s1-324x463.jpg 324w, https:\/\/scar-id.com\/wp-content\/uploads\/2019\/10\/s1-416x594.jpg 416w\" sizes=\"(max-width: 1400px) 100vw, 1400px\" \/> <img decoding=\"async\" class=\"alignnone size-full wp-image-7022\" src=\"https:\/\/scar-id.com\/wp-content\/uploads\/2019\/10\/s2.jpg\" alt=\"\" width=\"1400\" height=\"1410\" srcset=\"https:\/\/scar-id.com\/wp-content\/uploads\/2019\/10\/s2.jpg 993w, https:\/\/scar-id.com\/wp-content\/uploads\/2019\/10\/s2-150x150.jpg 150w, https:\/\/scar-id.com\/wp-content\/uploads\/2019\/10\/s2-298x300.jpg 298w, https:\/\/scar-id.com\/wp-content\/uploads\/2019\/10\/s2-768x773.jpg 768w, https:\/\/scar-id.com\/wp-content\/uploads\/2019\/10\/s2-1017x1024.jpg 1017w, https:\/\/scar-id.com\/wp-content\/uploads\/2019\/10\/s2-324x326.jpg 324w, https:\/\/scar-id.com\/wp-content\/uploads\/2019\/10\/s2-416x419.jpg 416w, https:\/\/scar-id.com\/wp-content\/uploads\/2019\/10\/s2-100x100.jpg 100w\" sizes=\"(max-width: 1400px) 100vw, 1400px\" \/> <img decoding=\"async\" class=\"alignnone size-full wp-image-7024\" src=\"https:\/\/scar-id.com\/wp-content\/uploads\/2019\/10\/s5.jpg\" alt=\"\" width=\"1400\" height=\"1407\" srcset=\"https:\/\/scar-id.com\/wp-content\/uploads\/2019\/10\/s5.jpg 995w, https:\/\/scar-id.com\/wp-content\/uploads\/2019\/10\/s5-150x150.jpg 150w, https:\/\/scar-id.com\/wp-content\/uploads\/2019\/10\/s5-768x772.jpg 768w, https:\/\/scar-id.com\/wp-content\/uploads\/2019\/10\/s5-1019x1024.jpg 1019w, https:\/\/scar-id.com\/wp-content\/uploads\/2019\/10\/s5-324x326.jpg 324w, https:\/\/scar-id.com\/wp-content\/uploads\/2019\/10\/s5-416x418.jpg 416w, https:\/\/scar-id.com\/wp-content\/uploads\/2019\/10\/s5-100x100.jpg 100w\" sizes=\"(max-width: 1400px) 100vw, 1400px\" \/><\/p>\n<\/body><\/html>\n","protected":false},"excerpt":{"rendered":"<h6>Material: Corti\u00e7a de alta densidade, Fio El\u00e9ctrico com revestimento t\u00eaxtil, A\u00e7o com pintura termolacada branca (copo de tecto)<\/h6>\n<h6>Cor: Corti\u00e7a Escura ou Corti\u00e7a Clara<\/h6>\n<h6>Cor Fio El\u00e9ctrico: Castanho Escuro ou Castanho Claro<\/h6>\n<h6>L\u00e2mpada n\u00e3o inclu\u00edda<\/h6>\n<h6>Apenas Online, tempo de produ\u00e7\u00e3o: 25 dias<\/h6>\n<h6><\/h6>\n<p>&nbsp;<\/p>\n<h6>Todas as pe\u00e7as seleccionadas Galula s\u00e3o<\/h6>\n<h6>Desenhadas e Produzidas em Portugal<\/h6>\n<h6>Para informa\u00e7\u00f5es e medidas n\u00e3o hesite em nos contactar<\/h6>\n<h6><a href=\"mailto:info@scar-id.com\">info@scar-id.com<\/a>\u00a0\/ (+351) 22\u00a0203 3087<\/h6>\n","protected":false},"featured_media":6914,"template":"","meta":{"_uag_custom_page_level_css":""},"product_brand":[],"product_cat":[148],"product_tag":[],"class_list":{"0":"post-10468","1":"product","2":"type-product","3":"status-publish","4":"has-post-thumbnail","6":"product_cat-galula","7":"pa_cor-dark-cork-pt-pt","8":"pa_cor-light-cork-pt-pt","10":"first","11":"instock","12":"taxable","13":"shipping-taxable","14":"product-type-variable"},"aioseo_notices":[],"uagb_featured_image_src":{"full":["https:\/\/scar-id.com\/wp-content\/uploads\/2019\/10\/sq-Galula-Sino-lamp-dark-cork-triple-amb.jpg",824,1138,false],"thumbnail":["https:\/\/scar-id.com\/wp-content\/uploads\/2019\/10\/sq-Galula-Sino-lamp-dark-cork-triple-amb-150x150.jpg",150,150,true],"medium":["https:\/\/scar-id.com\/wp-content\/uploads\/2019\/10\/sq-Galula-Sino-lamp-dark-cork-triple-amb-217x300.jpg",217,300,true],"medium_large":["https:\/\/scar-id.com\/wp-content\/uploads\/2019\/10\/sq-Galula-Sino-lamp-dark-cork-triple-amb-768x1061.jpg",768,1061,true],"large":["https:\/\/scar-id.com\/wp-content\/uploads\/2019\/10\/sq-Galula-Sino-lamp-dark-cork-triple-amb-741x1024.jpg",741,1024,true],"1536x1536":["https:\/\/scar-id.com\/wp-content\/uploads\/2019\/10\/sq-Galula-Sino-lamp-dark-cork-triple-amb.jpg",824,1138,false],"2048x2048":["https:\/\/scar-id.com\/wp-content\/uploads\/2019\/10\/sq-Galula-Sino-lamp-dark-cork-triple-amb.jpg",824,1138,false],"woocommerce_thumbnail":["https:\/\/scar-id.com\/wp-content\/uploads\/2019\/10\/sq-Galula-Sino-lamp-dark-cork-triple-amb-324x447.jpg",324,447,true],"woocommerce_single":["https:\/\/scar-id.com\/wp-content\/uploads\/2019\/10\/sq-Galula-Sino-lamp-dark-cork-triple-amb-416x575.jpg",416,575,true],"woocommerce_gallery_thumbnail":["https:\/\/scar-id.com\/wp-content\/uploads\/2019\/10\/sq-Galula-Sino-lamp-dark-cork-triple-amb-100x100.jpg",100,100,true]},"uagb_author_info":{"display_name":"scar-id","author_link":"https:\/\/scar-id.com\/pt-pt\/author\/"},"uagb_comment_info":0,"uagb_excerpt":"Material: Corti\u00e7a de alta densidade, Fio El\u00e9ctrico com revestimento t\u00eaxtil, A\u00e7o com pintura termolacada branca (copo de tecto) Cor: Corti\u00e7a Escura ou Corti\u00e7a Clara Cor Fio El\u00e9ctrico: Castanho Escuro ou Castanho Claro L\u00e2mpada n\u00e3o inclu\u00edda Apenas Online, tempo de produ\u00e7\u00e3o: 25 dias &nbsp; Todas as pe\u00e7as seleccionadas Galula s\u00e3o Desenhadas e Produzidas em Portugal Para&hellip;","_links":{"self":[{"href":"https:\/\/scar-id.com\/pt-pt\/wp-json\/wp\/v2\/product\/10468","targetHints":{"allow":["GET"]}}],"collection":[{"href":"https:\/\/scar-id.com\/pt-pt\/wp-json\/wp\/v2\/product"}],"about":[{"href":"https:\/\/scar-id.com\/pt-pt\/wp-json\/wp\/v2\/types\/product"}],"wp:featuredmedia":[{"embeddable":true,"href":"https:\/\/scar-id.com\/pt-pt\/wp-json\/wp\/v2\/media\/6914"}],"wp:attachment":[{"href":"https:\/\/scar-id.com\/pt-pt\/wp-json\/wp\/v2\/media?parent=10468"}],"wp:term":[{"taxonomy":"product_brand","embeddable":true,"href":"https:\/\/scar-id.com\/pt-pt\/wp-json\/wp\/v2\/product_brand?post=10468"},{"taxonomy":"product_cat","embeddable":true,"href":"https:\/\/scar-id.com\/pt-pt\/wp-json\/wp\/v2\/product_cat?post=10468"},{"taxonomy":"product_tag","embeddable":true,"href":"https:\/\/scar-id.com\/pt-pt\/wp-json\/wp\/v2\/product_tag?post=10468"}],"curies":[{"name":"wp","href":"https:\/\/api.w.org\/{rel}","templated":true}]}}