{"id":10477,"date":"2019-10-21T12:27:10","date_gmt":"2019-10-21T12:27:10","guid":{"rendered":"https:\/\/scar-id.com\/produto\/white-pot-ii\/"},"modified":"2020-02-27T15:38:09","modified_gmt":"2020-02-27T15:38:09","slug":"white-pot-ii","status":"publish","type":"product","link":"https:\/\/scar-id.com\/pt-pt\/produto\/white-pot-ii\/","title":{"rendered":"Pote Branco II"},"content":{"rendered":"<!DOCTYPE html PUBLIC \"-\/\/W3C\/\/DTD HTML 4.0 Transitional\/\/EN\" \"http:\/\/www.w3.org\/TR\/REC-html40\/loose.dtd\">\n<html><body><p><img fetchpriority=\"high\" decoding=\"async\" class=\"size-full wp-image-5592 aligncenter\" src=\"https:\/\/scar-id.com\/wp-content\/uploads\/2019\/10\/White-Pot-II.1.jpg\" alt=\"\" width=\"1400\" height=\"1760\" srcset=\"https:\/\/scar-id.com\/wp-content\/uploads\/2019\/10\/White-Pot-II.1.jpg 795w, https:\/\/scar-id.com\/wp-content\/uploads\/2019\/10\/White-Pot-II.1-239x300.jpg 239w, https:\/\/scar-id.com\/wp-content\/uploads\/2019\/10\/White-Pot-II.1-768x965.jpg 768w, https:\/\/scar-id.com\/wp-content\/uploads\/2019\/10\/White-Pot-II.1-815x1024.jpg 815w, https:\/\/scar-id.com\/wp-content\/uploads\/2019\/10\/White-Pot-II.1-324x407.jpg 324w, https:\/\/scar-id.com\/wp-content\/uploads\/2019\/10\/White-Pot-II.1-416x523.jpg 416w\" sizes=\"(max-width: 1400px) 100vw, 1400px\" \/> <img decoding=\"async\" class=\"size-full wp-image-5594 aligncenter\" src=\"https:\/\/scar-id.com\/wp-content\/uploads\/2019\/10\/White-Pot-II.jpg\" alt=\"\" width=\"1400\" height=\"1760\" srcset=\"https:\/\/scar-id.com\/wp-content\/uploads\/2019\/10\/White-Pot-II.jpg 795w, https:\/\/scar-id.com\/wp-content\/uploads\/2019\/10\/White-Pot-II-239x300.jpg 239w, https:\/\/scar-id.com\/wp-content\/uploads\/2019\/10\/White-Pot-II-768x965.jpg 768w, https:\/\/scar-id.com\/wp-content\/uploads\/2019\/10\/White-Pot-II-815x1024.jpg 815w, https:\/\/scar-id.com\/wp-content\/uploads\/2019\/10\/White-Pot-II-324x407.jpg 324w, https:\/\/scar-id.com\/wp-content\/uploads\/2019\/10\/White-Pot-II-416x523.jpg 416w\" sizes=\"(max-width: 1400px) 100vw, 1400px\" \/><\/p>\n<\/body><\/html>\n","protected":false},"excerpt":{"rendered":"<h6>Material: Gr\u00e9s &#8211; Vidrado<\/h6>\n<h6>Altura: 19cm<\/h6>\n<h6>Di\u00e2metro: 15cm<\/h6>\n<h6><\/h6>\n<h6>Todas as pe\u00e7as COA s\u00e3o \u00fanicas, desenhadas e produzidas manualmente em Portugal, dispon\u00edveis na scar-id store e em scar-id.com<\/h6>\n<h6>Para informa\u00e7\u00f5es n\u00e3o hesite em nos contactar<\/h6>\n<h6><a href=\"mailto:info@scar-id.com\">info@scar-id.com<\/a>\u00a0\/ (+351) 22\u00a0203 3087<\/h6>\n<h6><\/h6>\n","protected":false},"featured_media":6401,"template":"","meta":{"_uag_custom_page_level_css":""},"product_brand":[],"product_cat":[139],"product_tag":[],"class_list":{"0":"post-10477","1":"product","2":"type-product","3":"status-publish","4":"has-post-thumbnail","6":"product_cat-coa","7":"pif-has-gallery","9":"first","10":"instock","11":"taxable","12":"shipping-taxable","13":"purchasable","14":"product-type-simple"},"aioseo_notices":[],"uagb_featured_image_src":{"full":["https:\/\/scar-id.com\/wp-content\/uploads\/2019\/10\/White-Pot-II-2.jpg",824,1138,false],"thumbnail":["https:\/\/scar-id.com\/wp-content\/uploads\/2019\/10\/White-Pot-II-2-150x150.jpg",150,150,true],"medium":["https:\/\/scar-id.com\/wp-content\/uploads\/2019\/10\/White-Pot-II-2-217x300.jpg",217,300,true],"medium_large":["https:\/\/scar-id.com\/wp-content\/uploads\/2019\/10\/White-Pot-II-2-768x1061.jpg",768,1061,true],"large":["https:\/\/scar-id.com\/wp-content\/uploads\/2019\/10\/White-Pot-II-2-741x1024.jpg",741,1024,true],"1536x1536":["https:\/\/scar-id.com\/wp-content\/uploads\/2019\/10\/White-Pot-II-2.jpg",824,1138,false],"2048x2048":["https:\/\/scar-id.com\/wp-content\/uploads\/2019\/10\/White-Pot-II-2.jpg",824,1138,false],"woocommerce_thumbnail":["https:\/\/scar-id.com\/wp-content\/uploads\/2019\/10\/White-Pot-II-2-324x447.jpg",324,447,true],"woocommerce_single":["https:\/\/scar-id.com\/wp-content\/uploads\/2019\/10\/White-Pot-II-2-416x575.jpg",416,575,true],"woocommerce_gallery_thumbnail":["https:\/\/scar-id.com\/wp-content\/uploads\/2019\/10\/White-Pot-II-2-100x100.jpg",100,100,true]},"uagb_author_info":{"display_name":"scar-id","author_link":"https:\/\/scar-id.com\/pt-pt\/author\/"},"uagb_comment_info":0,"uagb_excerpt":"Material: Gr\u00e9s - Vidrado Altura: 19cm Di\u00e2metro: 15cm Todas as pe\u00e7as COA s\u00e3o \u00fanicas, desenhadas e produzidas manualmente em Portugal, dispon\u00edveis na scar-id store e em scar-id.com Para informa\u00e7\u00f5es n\u00e3o hesite em nos contactar info@scar-id.com\u00a0\/ (+351) 22\u00a0203 3087","_links":{"self":[{"href":"https:\/\/scar-id.com\/pt-pt\/wp-json\/wp\/v2\/product\/10477","targetHints":{"allow":["GET"]}}],"collection":[{"href":"https:\/\/scar-id.com\/pt-pt\/wp-json\/wp\/v2\/product"}],"about":[{"href":"https:\/\/scar-id.com\/pt-pt\/wp-json\/wp\/v2\/types\/product"}],"wp:featuredmedia":[{"embeddable":true,"href":"https:\/\/scar-id.com\/pt-pt\/wp-json\/wp\/v2\/media\/6401"}],"wp:attachment":[{"href":"https:\/\/scar-id.com\/pt-pt\/wp-json\/wp\/v2\/media?parent=10477"}],"wp:term":[{"taxonomy":"product_brand","embeddable":true,"href":"https:\/\/scar-id.com\/pt-pt\/wp-json\/wp\/v2\/product_brand?post=10477"},{"taxonomy":"product_cat","embeddable":true,"href":"https:\/\/scar-id.com\/pt-pt\/wp-json\/wp\/v2\/product_cat?post=10477"},{"taxonomy":"product_tag","embeddable":true,"href":"https:\/\/scar-id.com\/pt-pt\/wp-json\/wp\/v2\/product_tag?post=10477"}],"curies":[{"name":"wp","href":"https:\/\/api.w.org\/{rel}","templated":true}]}}