{"id":10486,"date":"2019-12-07T14:19:53","date_gmt":"2019-12-07T14:19:53","guid":{"rendered":"https:\/\/scar-id.com\/produto\/black-cilinder\/"},"modified":"2020-02-27T16:19:18","modified_gmt":"2020-02-27T16:19:18","slug":"black-cilinder","status":"publish","type":"product","link":"https:\/\/scar-id.com\/pt-pt\/produto\/black-cilinder\/","title":{"rendered":"Cilindro Preto"},"content":{"rendered":"<!DOCTYPE html PUBLIC \"-\/\/W3C\/\/DTD HTML 4.0 Transitional\/\/EN\" \"http:\/\/www.w3.org\/TR\/REC-html40\/loose.dtd\">\n<html><body><p><img fetchpriority=\"high\" decoding=\"async\" class=\"alignnone size-full wp-image-7521\" src=\"https:\/\/scar-id.com\/wp-content\/uploads\/2019\/12\/E3-1400.jpg\" alt=\"\" width=\"1400\" height=\"933\" srcset=\"https:\/\/scar-id.com\/wp-content\/uploads\/2019\/12\/E3-1400.jpg 1000w, https:\/\/scar-id.com\/wp-content\/uploads\/2019\/12\/E3-1400-300x200.jpg 300w, https:\/\/scar-id.com\/wp-content\/uploads\/2019\/12\/E3-1400-1024x682.jpg 1024w, https:\/\/scar-id.com\/wp-content\/uploads\/2019\/12\/E3-1400-768x512.jpg 768w, https:\/\/scar-id.com\/wp-content\/uploads\/2019\/12\/E3-1400-324x216.jpg 324w, https:\/\/scar-id.com\/wp-content\/uploads\/2019\/12\/E3-1400-416x277.jpg 416w\" sizes=\"(max-width: 1400px) 100vw, 1400px\" \/> <img decoding=\"async\" class=\"alignnone size-full wp-image-7523\" src=\"https:\/\/scar-id.com\/wp-content\/uploads\/2019\/12\/IMG_7014-1400.jpg\" alt=\"\" width=\"1400\" height=\"933\" srcset=\"https:\/\/scar-id.com\/wp-content\/uploads\/2019\/12\/IMG_7014-1400.jpg 1000w, https:\/\/scar-id.com\/wp-content\/uploads\/2019\/12\/IMG_7014-1400-300x200.jpg 300w, https:\/\/scar-id.com\/wp-content\/uploads\/2019\/12\/IMG_7014-1400-1024x682.jpg 1024w, https:\/\/scar-id.com\/wp-content\/uploads\/2019\/12\/IMG_7014-1400-768x512.jpg 768w, https:\/\/scar-id.com\/wp-content\/uploads\/2019\/12\/IMG_7014-1400-324x216.jpg 324w, https:\/\/scar-id.com\/wp-content\/uploads\/2019\/12\/IMG_7014-1400-416x277.jpg 416w\" sizes=\"(max-width: 1400px) 100vw, 1400px\" \/><\/p>\n<\/body><\/html>\n","protected":false},"excerpt":{"rendered":"<h6>Roda, gr\u00e9s, \u00f3xido de mangan\u00eas, vidrado mate, 1250\u00baC<\/h6>\n<h6>Altura: 14cm<\/h6>\n<h6>Di\u00e2metro: 13cm<\/h6>\n<h6><\/h6>\n<p>&nbsp;<\/p>\n<h6><strong>Esqueletos <\/strong><\/h6>\n<h6>\u201cA not\u00e1vel sociedade industrial dos meios urbanos, compostos por constru\u00e7\u00f5es que materializam um projecto pr\u00e9 desenhado, acontecem t\u00e3o gradualmente que se torna impeditivo conhecer o real impacto ao longo de d\u00e9cadas. Os edif\u00edcios s\u00e3o projectados tendo em conta uma falsa eternidade.<\/h6>\n<h6>Evocando a impossibilidade f\u00edsica de durabilidade eterna dos materiais, observamos muta\u00e7\u00f5es constantes em qualquer tipo de obra constru\u00edda. Tal como o ser e o tempo, sempre mut\u00e1veis, notam-se paralelismos entre as duas faces do que significa \u2013 constru\u00e7\u00e3o \u2013 a efemeridade do real, com a particularidade ilus\u00f3ria da eternidade, implac\u00e1vel no tempo.<\/h6>\n<h6>A fragilidade do que parece ser eterno e robusto \u00e9 declarada por um meio t\u00e3o ancestral \u2013 a cer\u00e2mica &#8211; sendo realmente t\u00e3o d\u00e9bil.\u201d COA<\/h6>\n<h6><\/h6>\n<p>&nbsp;<\/p>\n<h6>Todas as pe\u00e7as COA s\u00e3o \u00fanicas, desenhadas e produzidas manualmente em Portugal, dispon\u00edveis na scar-id store e em scar-id.com<\/h6>\n<h6>Para informa\u00e7\u00f5es n\u00e3o hesite em nos contactar<\/h6>\n<h6><a href=\"mailto:info@scar-id.com\">info@scar-id.com<\/a>\u00a0\/ (+351) 22\u00a0203 3087<\/h6>\n","protected":false},"featured_media":7518,"template":"","meta":{"_uag_custom_page_level_css":""},"product_brand":[],"product_cat":[139],"product_tag":[],"class_list":{"0":"post-10486","1":"product","2":"type-product","3":"status-publish","4":"has-post-thumbnail","6":"product_cat-coa","7":"pif-has-gallery","9":"first","10":"instock","11":"taxable","12":"shipping-taxable","13":"purchasable","14":"product-type-simple"},"aioseo_notices":[],"uagb_featured_image_src":{"full":["https:\/\/scar-id.com\/wp-content\/uploads\/2019\/12\/D-E3-MINI-1.jpg",824,1138,false],"thumbnail":["https:\/\/scar-id.com\/wp-content\/uploads\/2019\/12\/D-E3-MINI-1-150x150.jpg",150,150,true],"medium":["https:\/\/scar-id.com\/wp-content\/uploads\/2019\/12\/D-E3-MINI-1-217x300.jpg",217,300,true],"medium_large":["https:\/\/scar-id.com\/wp-content\/uploads\/2019\/12\/D-E3-MINI-1-768x1061.jpg",768,1061,true],"large":["https:\/\/scar-id.com\/wp-content\/uploads\/2019\/12\/D-E3-MINI-1-741x1024.jpg",741,1024,true],"1536x1536":["https:\/\/scar-id.com\/wp-content\/uploads\/2019\/12\/D-E3-MINI-1.jpg",824,1138,false],"2048x2048":["https:\/\/scar-id.com\/wp-content\/uploads\/2019\/12\/D-E3-MINI-1.jpg",824,1138,false],"woocommerce_thumbnail":["https:\/\/scar-id.com\/wp-content\/uploads\/2019\/12\/D-E3-MINI-1-324x447.jpg",324,447,true],"woocommerce_single":["https:\/\/scar-id.com\/wp-content\/uploads\/2019\/12\/D-E3-MINI-1-416x575.jpg",416,575,true],"woocommerce_gallery_thumbnail":["https:\/\/scar-id.com\/wp-content\/uploads\/2019\/12\/D-E3-MINI-1-100x100.jpg",100,100,true]},"uagb_author_info":{"display_name":"scar-id","author_link":"https:\/\/scar-id.com\/pt-pt\/author\/"},"uagb_comment_info":0,"uagb_excerpt":"Roda, gr\u00e9s, \u00f3xido de mangan\u00eas, vidrado mate, 1250\u00baC Altura: 14cm Di\u00e2metro: 13cm &nbsp; Esqueletos \u201cA not\u00e1vel sociedade industrial dos meios urbanos, compostos por constru\u00e7\u00f5es que materializam um projecto pr\u00e9 desenhado, acontecem t\u00e3o gradualmente que se torna impeditivo conhecer o real impacto ao longo de d\u00e9cadas. Os edif\u00edcios s\u00e3o projectados tendo em conta uma falsa eternidade.&hellip;","_links":{"self":[{"href":"https:\/\/scar-id.com\/pt-pt\/wp-json\/wp\/v2\/product\/10486","targetHints":{"allow":["GET"]}}],"collection":[{"href":"https:\/\/scar-id.com\/pt-pt\/wp-json\/wp\/v2\/product"}],"about":[{"href":"https:\/\/scar-id.com\/pt-pt\/wp-json\/wp\/v2\/types\/product"}],"wp:featuredmedia":[{"embeddable":true,"href":"https:\/\/scar-id.com\/pt-pt\/wp-json\/wp\/v2\/media\/7518"}],"wp:attachment":[{"href":"https:\/\/scar-id.com\/pt-pt\/wp-json\/wp\/v2\/media?parent=10486"}],"wp:term":[{"taxonomy":"product_brand","embeddable":true,"href":"https:\/\/scar-id.com\/pt-pt\/wp-json\/wp\/v2\/product_brand?post=10486"},{"taxonomy":"product_cat","embeddable":true,"href":"https:\/\/scar-id.com\/pt-pt\/wp-json\/wp\/v2\/product_cat?post=10486"},{"taxonomy":"product_tag","embeddable":true,"href":"https:\/\/scar-id.com\/pt-pt\/wp-json\/wp\/v2\/product_tag?post=10486"}],"curies":[{"name":"wp","href":"https:\/\/api.w.org\/{rel}","templated":true}]}}