{"id":10500,"date":"2019-10-18T15:46:26","date_gmt":"2019-10-18T15:46:26","guid":{"rendered":"https:\/\/scar-id.com\/produto\/r896-white-socks\/"},"modified":"2020-03-09T19:41:16","modified_gmt":"2020-03-09T19:41:16","slug":"r896-white-socks","status":"publish","type":"product","link":"https:\/\/scar-id.com\/pt-pt\/produto\/r896-white-socks\/","title":{"rendered":"Meias Brancas R896"},"content":{"rendered":"<!DOCTYPE html PUBLIC \"-\/\/W3C\/\/DTD HTML 4.0 Transitional\/\/EN\" \"http:\/\/www.w3.org\/TR\/REC-html40\/loose.dtd\">\n<html><body><p><img fetchpriority=\"high\" decoding=\"async\" class=\"alignnone size-full wp-image-6835\" src=\"https:\/\/scar-id.com\/wp-content\/uploads\/2019\/10\/1ST-white.jpg\" alt=\"\" width=\"1400\" height=\"1097\"> <img decoding=\"async\" class=\"alignnone size-full wp-image-6837\" src=\"https:\/\/scar-id.com\/wp-content\/uploads\/2019\/10\/2ND-white.jpg\" alt=\"\" width=\"1400\" height=\"1097\"> <img decoding=\"async\" class=\"alignnone size-full wp-image-6839\" src=\"https:\/\/scar-id.com\/wp-content\/uploads\/2019\/10\/3DR-white.jpg\" alt=\"\" width=\"1400\" height=\"1097\"> <img loading=\"lazy\" decoding=\"async\" class=\"alignnone size-full wp-image-6841\" src=\"https:\/\/scar-id.com\/wp-content\/uploads\/2019\/10\/thumb-white.jpg\" alt=\"\" width=\"1400\" height=\"1870\"> <img loading=\"lazy\" decoding=\"async\" class=\"alignnone size-full wp-image-6843\" src=\"https:\/\/scar-id.com\/wp-content\/uploads\/2019\/10\/white-02-web.jpg\" alt=\"\" width=\"1400\" height=\"1707\"><\/p>\n<\/body><\/html>\n","protected":false},"excerpt":{"rendered":"<h6><strong>Comprimento:<\/strong> Meias Longas (17cm)<\/h6>\n<h6><strong>Tamanho:<\/strong> EU 40-45 | UK 6-10 | US 7-11 | JP 25-29<\/h6>\n<h6><strong>Material:<\/strong> 95% Poliamida + 5% Elastano<\/h6>\n<h6><\/h6>\n<h6><\/h6>\n<h6>Todas as pe\u00e7as seleccionadas de SAYGRRR! s\u00e3o<\/h6>\n<h6>Desenhadas e Produzidas em Portugal<\/h6>\n<h6>Para informa\u00e7\u00f5es n\u00e3o hesite em nos contactar<\/h6>\n<h6><a href=\"mailto:info@scar-id.com\">info@scar-id.com<\/a>\u00a0\/ (+351) 22\u00a0203 3087<\/h6>\n","protected":false},"featured_media":0,"template":"","meta":{"_uag_custom_page_level_css":""},"product_brand":[],"product_cat":[],"product_tag":[],"class_list":{"0":"post-10500","1":"product","2":"type-product","3":"status-publish","5":"pif-has-gallery","7":"first","8":"outofstock","9":"taxable","10":"shipping-taxable","11":"purchasable","12":"product-type-simple"},"aioseo_notices":[],"uagb_featured_image_src":{"full":false,"thumbnail":false,"medium":false,"medium_large":false,"large":false,"1536x1536":false,"2048x2048":false,"woocommerce_thumbnail":false,"woocommerce_single":false,"woocommerce_gallery_thumbnail":false},"uagb_author_info":{"display_name":"scar-id","author_link":"https:\/\/scar-id.com\/pt-pt\/author\/"},"uagb_comment_info":0,"uagb_excerpt":"Comprimento: Meias Longas (17cm) Tamanho: EU 40-45 | UK 6-10 | US 7-11 | JP 25-29 Material: 95% Poliamida + 5% Elastano Todas as pe\u00e7as seleccionadas de SAYGRRR! s\u00e3o Desenhadas e Produzidas em Portugal Para informa\u00e7\u00f5es n\u00e3o hesite em nos contactar info@scar-id.com\u00a0\/ (+351) 22\u00a0203 3087","_links":{"self":[{"href":"https:\/\/scar-id.com\/pt-pt\/wp-json\/wp\/v2\/product\/10500","targetHints":{"allow":["GET"]}}],"collection":[{"href":"https:\/\/scar-id.com\/pt-pt\/wp-json\/wp\/v2\/product"}],"about":[{"href":"https:\/\/scar-id.com\/pt-pt\/wp-json\/wp\/v2\/types\/product"}],"wp:attachment":[{"href":"https:\/\/scar-id.com\/pt-pt\/wp-json\/wp\/v2\/media?parent=10500"}],"wp:term":[{"taxonomy":"product_brand","embeddable":true,"href":"https:\/\/scar-id.com\/pt-pt\/wp-json\/wp\/v2\/product_brand?post=10500"},{"taxonomy":"product_cat","embeddable":true,"href":"https:\/\/scar-id.com\/pt-pt\/wp-json\/wp\/v2\/product_cat?post=10500"},{"taxonomy":"product_tag","embeddable":true,"href":"https:\/\/scar-id.com\/pt-pt\/wp-json\/wp\/v2\/product_tag?post=10500"}],"curies":[{"name":"wp","href":"https:\/\/api.w.org\/{rel}","templated":true}]}}