{"id":10818,"date":"2019-11-16T14:45:50","date_gmt":"2019-11-16T14:45:50","guid":{"rendered":"https:\/\/scar-id.com\/produto\/veredictum-necklace-2\/"},"modified":"2020-02-29T15:28:54","modified_gmt":"2020-02-29T15:28:54","slug":"veredictum-necklace-2","status":"publish","type":"product","link":"https:\/\/scar-id.com\/pt-pt\/produto\/veredictum-necklace-2\/","title":{"rendered":"Colar Veredictum 02"},"content":{"rendered":"<!DOCTYPE html PUBLIC \"-\/\/W3C\/\/DTD HTML 4.0 Transitional\/\/EN\" \"http:\/\/www.w3.org\/TR\/REC-html40\/loose.dtd\">\n<html><body><p><img fetchpriority=\"high\" decoding=\"async\" class=\"alignnone size-full wp-image-9394\" src=\"https:\/\/scar-id.com\/wp-content\/uploads\/2019\/11\/C-BASE-1.jpg\" alt=\"\" width=\"1400\" height=\"2085\" srcset=\"https:\/\/scar-id.com\/wp-content\/uploads\/2019\/11\/C-BASE-1.jpg 671w, https:\/\/scar-id.com\/wp-content\/uploads\/2019\/11\/C-BASE-1-201x300.jpg 201w, https:\/\/scar-id.com\/wp-content\/uploads\/2019\/11\/C-BASE-1-688x1024.jpg 688w, https:\/\/scar-id.com\/wp-content\/uploads\/2019\/11\/C-BASE-1-768x1144.jpg 768w, https:\/\/scar-id.com\/wp-content\/uploads\/2019\/11\/C-BASE-1-1031x1536.jpg 1031w, https:\/\/scar-id.com\/wp-content\/uploads\/2019\/11\/C-BASE-1-1375x2048.jpg 1375w, https:\/\/scar-id.com\/wp-content\/uploads\/2019\/11\/C-BASE-1-324x483.jpg 324w, https:\/\/scar-id.com\/wp-content\/uploads\/2019\/11\/C-BASE-1-416x620.jpg 416w\" sizes=\"(max-width: 1400px) 100vw, 1400px\" \/><\/p>\n<\/body><\/html>\n","protected":false},"excerpt":{"rendered":"<h6><strong>Material:<\/strong> Corda<\/h6>\n<h6><strong>Cores:<\/strong> Verde, Amarelo e Vermelho<\/h6>\n<h6><strong>Pe\u00e7a \u00danica<\/strong><\/h6>\n<h6><\/h6>\n<h6>As pe\u00e7as de joalharia de Teresa Gil s\u00e3o Desenhadas e Produzidas em Portugal<\/h6>\n<h6>Dispon\u00edveis, em exclusividade, na scar-id store e em scar-id.com<\/h6>\n<h6>Para informa\u00e7\u00f5es n\u00e3o hesite em nos contactar<\/h6>\n<h6><a href=\"mailto:info@scar-id.com\">info@scar-id.com<\/a>\u00a0\/ (+351) 22\u00a0203 3087<\/h6>\n","protected":false},"featured_media":9397,"template":"","meta":{"_uag_custom_page_level_css":""},"product_brand":[],"product_cat":[174],"product_tag":[],"class_list":{"0":"post-10818","1":"product","2":"type-product","3":"status-publish","4":"has-post-thumbnail","6":"product_cat-teresa-gil","8":"first","9":"instock","10":"taxable","11":"shipping-taxable","12":"purchasable","13":"product-type-simple"},"aioseo_notices":[],"uagb_featured_image_src":{"full":["https:\/\/scar-id.com\/wp-content\/uploads\/2019\/11\/m-mini-1.jpg",824,1138,false],"thumbnail":["https:\/\/scar-id.com\/wp-content\/uploads\/2019\/11\/m-mini-1-150x150.jpg",150,150,true],"medium":["https:\/\/scar-id.com\/wp-content\/uploads\/2019\/11\/m-mini-1-217x300.jpg",217,300,true],"medium_large":["https:\/\/scar-id.com\/wp-content\/uploads\/2019\/11\/m-mini-1-768x1061.jpg",768,1061,true],"large":["https:\/\/scar-id.com\/wp-content\/uploads\/2019\/11\/m-mini-1-741x1024.jpg",741,1024,true],"1536x1536":["https:\/\/scar-id.com\/wp-content\/uploads\/2019\/11\/m-mini-1.jpg",824,1138,false],"2048x2048":["https:\/\/scar-id.com\/wp-content\/uploads\/2019\/11\/m-mini-1.jpg",824,1138,false],"woocommerce_thumbnail":["https:\/\/scar-id.com\/wp-content\/uploads\/2019\/11\/m-mini-1-324x447.jpg",324,447,true],"woocommerce_single":["https:\/\/scar-id.com\/wp-content\/uploads\/2019\/11\/m-mini-1-416x575.jpg",416,575,true],"woocommerce_gallery_thumbnail":["https:\/\/scar-id.com\/wp-content\/uploads\/2019\/11\/m-mini-1-100x100.jpg",100,100,true]},"uagb_author_info":{"display_name":"scar-id","author_link":"https:\/\/scar-id.com\/pt-pt\/author\/"},"uagb_comment_info":0,"uagb_excerpt":"Material: Corda Cores: Verde, Amarelo e Vermelho Pe\u00e7a \u00danica As pe\u00e7as de joalharia de Teresa Gil s\u00e3o Desenhadas e Produzidas em Portugal Dispon\u00edveis, em exclusividade, na scar-id store e em scar-id.com Para informa\u00e7\u00f5es n\u00e3o hesite em nos contactar info@scar-id.com\u00a0\/ (+351) 22\u00a0203 3087","_links":{"self":[{"href":"https:\/\/scar-id.com\/pt-pt\/wp-json\/wp\/v2\/product\/10818","targetHints":{"allow":["GET"]}}],"collection":[{"href":"https:\/\/scar-id.com\/pt-pt\/wp-json\/wp\/v2\/product"}],"about":[{"href":"https:\/\/scar-id.com\/pt-pt\/wp-json\/wp\/v2\/types\/product"}],"wp:featuredmedia":[{"embeddable":true,"href":"https:\/\/scar-id.com\/pt-pt\/wp-json\/wp\/v2\/media\/9397"}],"wp:attachment":[{"href":"https:\/\/scar-id.com\/pt-pt\/wp-json\/wp\/v2\/media?parent=10818"}],"wp:term":[{"taxonomy":"product_brand","embeddable":true,"href":"https:\/\/scar-id.com\/pt-pt\/wp-json\/wp\/v2\/product_brand?post=10818"},{"taxonomy":"product_cat","embeddable":true,"href":"https:\/\/scar-id.com\/pt-pt\/wp-json\/wp\/v2\/product_cat?post=10818"},{"taxonomy":"product_tag","embeddable":true,"href":"https:\/\/scar-id.com\/pt-pt\/wp-json\/wp\/v2\/product_tag?post=10818"}],"curies":[{"name":"wp","href":"https:\/\/api.w.org\/{rel}","templated":true}]}}