{"id":10941,"date":"2019-10-17T18:24:01","date_gmt":"2019-10-17T18:24:01","guid":{"rendered":"https:\/\/scar-id.com\/produto\/sulco-half-circle-l-earrings\/"},"modified":"2020-03-05T15:42:04","modified_gmt":"2020-03-05T15:42:04","slug":"sulco-half-circle-l-earrings","status":"publish","type":"product","link":"https:\/\/scar-id.com\/pt-pt\/produto\/sulco-half-circle-l-earrings\/","title":{"rendered":"Brincos Sulco Meio-C\u00edrculo L"},"content":{"rendered":"<!DOCTYPE html PUBLIC \"-\/\/W3C\/\/DTD HTML 4.0 Transitional\/\/EN\" \"http:\/\/www.w3.org\/TR\/REC-html40\/loose.dtd\">\n<html><body><p><img fetchpriority=\"high\" decoding=\"async\" class=\"size-full wp-image-4081 aligncenter\" src=\"https:\/\/scar-id.com\/wp-content\/uploads\/2019\/10\/27-1.jpg\" alt=\"\" width=\"1400\" height=\"1194\" srcset=\"https:\/\/scar-id.com\/wp-content\/uploads\/2019\/10\/27-1.jpg 1000w, https:\/\/scar-id.com\/wp-content\/uploads\/2019\/10\/27-1-300x256.jpg 300w, https:\/\/scar-id.com\/wp-content\/uploads\/2019\/10\/27-1-768x655.jpg 768w, https:\/\/scar-id.com\/wp-content\/uploads\/2019\/10\/27-1-1024x873.jpg 1024w, https:\/\/scar-id.com\/wp-content\/uploads\/2019\/10\/27-1-324x276.jpg 324w, https:\/\/scar-id.com\/wp-content\/uploads\/2019\/10\/27-1-416x355.jpg 416w\" sizes=\"(max-width: 1400px) 100vw, 1400px\" \/><\/p>\n<p><img decoding=\"async\" class=\"size-full wp-image-4083\" src=\"https:\/\/scar-id.com\/wp-content\/uploads\/2019\/10\/28-1.jpg\" alt=\"\" width=\"1400\" height=\"1017\" srcset=\"https:\/\/scar-id.com\/wp-content\/uploads\/2019\/10\/28-1.jpg 1000w, https:\/\/scar-id.com\/wp-content\/uploads\/2019\/10\/28-1-300x218.jpg 300w, https:\/\/scar-id.com\/wp-content\/uploads\/2019\/10\/28-1-768x558.jpg 768w, https:\/\/scar-id.com\/wp-content\/uploads\/2019\/10\/28-1-1024x744.jpg 1024w, https:\/\/scar-id.com\/wp-content\/uploads\/2019\/10\/28-1-324x235.jpg 324w, https:\/\/scar-id.com\/wp-content\/uploads\/2019\/10\/28-1-416x302.jpg 416w\" sizes=\"(max-width: 1400px) 100vw, 1400px\" \/><\/p>\n<\/body><\/html>\n","protected":false},"excerpt":{"rendered":"<h6><strong>Material:<\/strong> Lat\u00e3o<\/h6>\n<h6>(Espeque em Prata 925 e trav\u00e3o de Silicone)<\/h6>\n<h6><strong>Dimens\u00f5es:<\/strong> 2,5cm (max.)<\/h6>\n<h6>Todas as pe\u00e7as de joalharia da parceria<\/h6>\n<h6>ATER x PATRICIA COSTA s\u00e3o<\/h6>\n<h6>Desenhadas e Produzidas em Portugal<\/h6>\n<h6>Para informa\u00e7\u00f5es e tamanhos n\u00e3o hesite em nos contactar<\/h6>\n<h6><a href=\"mailto:info@scar-id.com\">info@scar-id.com<\/a>\u00a0\/ (+351) 22\u00a0203 3087<\/h6>\n","protected":false},"featured_media":3428,"template":"","meta":{"_uag_custom_page_level_css":""},"product_brand":[],"product_cat":[133,286],"product_tag":[],"class_list":{"0":"post-10941","1":"product","2":"type-product","3":"status-publish","4":"has-post-thumbnail","6":"product_cat-ater-x-patricia-costa","7":"product_cat-seleccao-joalharia","8":"pif-has-gallery","10":"first","11":"instock","12":"taxable","13":"shipping-taxable","14":"purchasable","15":"product-type-simple"},"aioseo_notices":[],"uagb_featured_image_src":{"full":["https:\/\/scar-id.com\/wp-content\/uploads\/2019\/10\/halfcircleearrings.jpg",1400,1933,false],"thumbnail":["https:\/\/scar-id.com\/wp-content\/uploads\/2019\/10\/halfcircleearrings-150x150.jpg",150,150,true],"medium":["https:\/\/scar-id.com\/wp-content\/uploads\/2019\/10\/halfcircleearrings-217x300.jpg",217,300,true],"medium_large":["https:\/\/scar-id.com\/wp-content\/uploads\/2019\/10\/halfcircleearrings-768x1060.jpg",768,1060,true],"large":["https:\/\/scar-id.com\/wp-content\/uploads\/2019\/10\/halfcircleearrings-742x1024.jpg",742,1024,true],"1536x1536":["https:\/\/scar-id.com\/wp-content\/uploads\/2019\/10\/halfcircleearrings.jpg",1112,1536,false],"2048x2048":["https:\/\/scar-id.com\/wp-content\/uploads\/2019\/10\/halfcircleearrings.jpg",1400,1933,false],"woocommerce_thumbnail":["https:\/\/scar-id.com\/wp-content\/uploads\/2019\/10\/halfcircleearrings-324x447.jpg",324,447,true],"woocommerce_single":["https:\/\/scar-id.com\/wp-content\/uploads\/2019\/10\/halfcircleearrings-416x574.jpg",416,574,true],"woocommerce_gallery_thumbnail":["https:\/\/scar-id.com\/wp-content\/uploads\/2019\/10\/halfcircleearrings-100x100.jpg",100,100,true]},"uagb_author_info":{"display_name":"scar-id","author_link":"https:\/\/scar-id.com\/pt-pt\/author\/"},"uagb_comment_info":0,"uagb_excerpt":"Material: Lat\u00e3o (Espeque em Prata 925 e trav\u00e3o de Silicone) Dimens\u00f5es: 2,5cm (max.) Todas as pe\u00e7as de joalharia da parceria ATER x PATRICIA COSTA s\u00e3o Desenhadas e Produzidas em Portugal Para informa\u00e7\u00f5es e tamanhos n\u00e3o hesite em nos contactar info@scar-id.com\u00a0\/ (+351) 22\u00a0203 3087","_links":{"self":[{"href":"https:\/\/scar-id.com\/pt-pt\/wp-json\/wp\/v2\/product\/10941","targetHints":{"allow":["GET"]}}],"collection":[{"href":"https:\/\/scar-id.com\/pt-pt\/wp-json\/wp\/v2\/product"}],"about":[{"href":"https:\/\/scar-id.com\/pt-pt\/wp-json\/wp\/v2\/types\/product"}],"wp:featuredmedia":[{"embeddable":true,"href":"https:\/\/scar-id.com\/pt-pt\/wp-json\/wp\/v2\/media\/3428"}],"wp:attachment":[{"href":"https:\/\/scar-id.com\/pt-pt\/wp-json\/wp\/v2\/media?parent=10941"}],"wp:term":[{"taxonomy":"product_brand","embeddable":true,"href":"https:\/\/scar-id.com\/pt-pt\/wp-json\/wp\/v2\/product_brand?post=10941"},{"taxonomy":"product_cat","embeddable":true,"href":"https:\/\/scar-id.com\/pt-pt\/wp-json\/wp\/v2\/product_cat?post=10941"},{"taxonomy":"product_tag","embeddable":true,"href":"https:\/\/scar-id.com\/pt-pt\/wp-json\/wp\/v2\/product_tag?post=10941"}],"curies":[{"name":"wp","href":"https:\/\/api.w.org\/{rel}","templated":true}]}}