{"id":10947,"date":"2019-10-17T17:39:05","date_gmt":"2019-10-17T17:39:05","guid":{"rendered":"https:\/\/scar-id.com\/produto\/sulco-l-ring\/"},"modified":"2020-03-05T15:54:38","modified_gmt":"2020-03-05T15:54:38","slug":"sulco-l-ring","status":"publish","type":"product","link":"https:\/\/scar-id.com\/pt-pt\/produto\/sulco-l-ring\/","title":{"rendered":"Anel Sulco L"},"content":{"rendered":"<!DOCTYPE html PUBLIC \"-\/\/W3C\/\/DTD HTML 4.0 Transitional\/\/EN\" \"http:\/\/www.w3.org\/TR\/REC-html40\/loose.dtd\">\n<html><body><p><img fetchpriority=\"high\" decoding=\"async\" class=\"alignnone size-full wp-image-4106\" src=\"https:\/\/scar-id.com\/wp-content\/uploads\/2019\/10\/01-2.jpg\" alt=\"\" width=\"1808\" height=\"1509\" srcset=\"https:\/\/scar-id.com\/wp-content\/uploads\/2019\/10\/01-2.jpg 1000w, https:\/\/scar-id.com\/wp-content\/uploads\/2019\/10\/01-2-300x250.jpg 300w, https:\/\/scar-id.com\/wp-content\/uploads\/2019\/10\/01-2-768x641.jpg 768w, https:\/\/scar-id.com\/wp-content\/uploads\/2019\/10\/01-2-1024x855.jpg 1024w, https:\/\/scar-id.com\/wp-content\/uploads\/2019\/10\/01-2-324x270.jpg 324w, https:\/\/scar-id.com\/wp-content\/uploads\/2019\/10\/01-2-416x347.jpg 416w\" sizes=\"(max-width: 1808px) 100vw, 1808px\" \/><\/p>\n<p><img decoding=\"async\" class=\"size-full wp-image-4108\" src=\"https:\/\/scar-id.com\/wp-content\/uploads\/2019\/10\/02-2.jpg\" alt=\"\" width=\"1400\" height=\"1240\" srcset=\"https:\/\/scar-id.com\/wp-content\/uploads\/2019\/10\/02-2.jpg 1000w, https:\/\/scar-id.com\/wp-content\/uploads\/2019\/10\/02-2-300x266.jpg 300w, https:\/\/scar-id.com\/wp-content\/uploads\/2019\/10\/02-2-768x680.jpg 768w, https:\/\/scar-id.com\/wp-content\/uploads\/2019\/10\/02-2-1024x907.jpg 1024w, https:\/\/scar-id.com\/wp-content\/uploads\/2019\/10\/02-2-324x287.jpg 324w, https:\/\/scar-id.com\/wp-content\/uploads\/2019\/10\/02-2-416x368.jpg 416w\" sizes=\"(max-width: 1400px) 100vw, 1400px\" \/><\/p>\n<\/body><\/html>\n","protected":false},"excerpt":{"rendered":"<h6>Material: Lat\u00e3o<\/h6>\n<h6>Dimens\u00f5es: 5,5cm x 4cm (pe\u00e7a superior)<\/h6>\n<h6><\/h6>\n<h6>Para encomendar um Anel, por favor envie-nos a medida do<\/h6>\n<h6>di\u00e2metro interior de um anel que j\u00e1 usa, para o desenvolvermos \u00e0 sua medida<\/h6>\n<h6><\/h6>\n<h6>Todas as pe\u00e7as de joalharia da parceria<\/h6>\n<h6>ATER x PATRICIA COSTA s\u00e3o<\/h6>\n<h6>Desenhadas e Produzidas em Portugal<\/h6>\n<h6>Para informa\u00e7\u00f5es e tamanhos n\u00e3o hesite em nos contactar<\/h6>\n<h6><a href=\"mailto:info@scar-id.com\">info@scar-id.com<\/a>\u00a0\/ (+351) 22\u00a0203 3087<\/h6>\n","protected":false},"featured_media":3334,"template":"","meta":{"_uag_custom_page_level_css":""},"product_brand":[],"product_cat":[133],"product_tag":[],"class_list":{"0":"post-10947","1":"product","2":"type-product","3":"status-publish","4":"has-post-thumbnail","6":"product_cat-ater-x-patricia-costa","7":"pif-has-gallery","9":"first","10":"outofstock","11":"taxable","12":"shipping-taxable","13":"purchasable","14":"product-type-simple"},"aioseo_notices":[],"uagb_featured_image_src":{"full":["https:\/\/scar-id.com\/wp-content\/uploads\/2019\/10\/sulcolring-1.jpg",1400,1933,false],"thumbnail":["https:\/\/scar-id.com\/wp-content\/uploads\/2019\/10\/sulcolring-1-150x150.jpg",150,150,true],"medium":["https:\/\/scar-id.com\/wp-content\/uploads\/2019\/10\/sulcolring-1-217x300.jpg",217,300,true],"medium_large":["https:\/\/scar-id.com\/wp-content\/uploads\/2019\/10\/sulcolring-1-768x1060.jpg",768,1060,true],"large":["https:\/\/scar-id.com\/wp-content\/uploads\/2019\/10\/sulcolring-1-742x1024.jpg",742,1024,true],"1536x1536":["https:\/\/scar-id.com\/wp-content\/uploads\/2019\/10\/sulcolring-1.jpg",1112,1536,false],"2048x2048":["https:\/\/scar-id.com\/wp-content\/uploads\/2019\/10\/sulcolring-1.jpg",1400,1933,false],"woocommerce_thumbnail":["https:\/\/scar-id.com\/wp-content\/uploads\/2019\/10\/sulcolring-1-324x447.jpg",324,447,true],"woocommerce_single":["https:\/\/scar-id.com\/wp-content\/uploads\/2019\/10\/sulcolring-1-416x574.jpg",416,574,true],"woocommerce_gallery_thumbnail":["https:\/\/scar-id.com\/wp-content\/uploads\/2019\/10\/sulcolring-1-100x100.jpg",100,100,true]},"uagb_author_info":{"display_name":"scar-id","author_link":"https:\/\/scar-id.com\/pt-pt\/author\/"},"uagb_comment_info":0,"uagb_excerpt":"Material: Lat\u00e3o Dimens\u00f5es: 5,5cm x 4cm (pe\u00e7a superior) Para encomendar um Anel, por favor envie-nos a medida do di\u00e2metro interior de um anel que j\u00e1 usa, para o desenvolvermos \u00e0 sua medida Todas as pe\u00e7as de joalharia da parceria ATER x PATRICIA COSTA s\u00e3o Desenhadas e Produzidas em Portugal Para informa\u00e7\u00f5es e tamanhos n\u00e3o hesite&hellip;","_links":{"self":[{"href":"https:\/\/scar-id.com\/pt-pt\/wp-json\/wp\/v2\/product\/10947","targetHints":{"allow":["GET"]}}],"collection":[{"href":"https:\/\/scar-id.com\/pt-pt\/wp-json\/wp\/v2\/product"}],"about":[{"href":"https:\/\/scar-id.com\/pt-pt\/wp-json\/wp\/v2\/types\/product"}],"wp:featuredmedia":[{"embeddable":true,"href":"https:\/\/scar-id.com\/pt-pt\/wp-json\/wp\/v2\/media\/3334"}],"wp:attachment":[{"href":"https:\/\/scar-id.com\/pt-pt\/wp-json\/wp\/v2\/media?parent=10947"}],"wp:term":[{"taxonomy":"product_brand","embeddable":true,"href":"https:\/\/scar-id.com\/pt-pt\/wp-json\/wp\/v2\/product_brand?post=10947"},{"taxonomy":"product_cat","embeddable":true,"href":"https:\/\/scar-id.com\/pt-pt\/wp-json\/wp\/v2\/product_cat?post=10947"},{"taxonomy":"product_tag","embeddable":true,"href":"https:\/\/scar-id.com\/pt-pt\/wp-json\/wp\/v2\/product_tag?post=10947"}],"curies":[{"name":"wp","href":"https:\/\/api.w.org\/{rel}","templated":true}]}}