{"id":10949,"date":"2019-10-17T17:36:24","date_gmt":"2019-10-17T17:36:24","guid":{"rendered":"https:\/\/scar-id.com\/produto\/sulco-s-ring-black\/"},"modified":"2020-03-05T15:56:11","modified_gmt":"2020-03-05T15:56:11","slug":"sulco-s-ring-black","status":"publish","type":"product","link":"https:\/\/scar-id.com\/pt-pt\/produto\/sulco-s-ring-black\/","title":{"rendered":"Anel Sulco S Preto"},"content":{"rendered":"<!DOCTYPE html PUBLIC \"-\/\/W3C\/\/DTD HTML 4.0 Transitional\/\/EN\" \"http:\/\/www.w3.org\/TR\/REC-html40\/loose.dtd\">\n<html><body><p><img fetchpriority=\"high\" decoding=\"async\" class=\"size-full wp-image-4116 aligncenter\" src=\"https:\/\/scar-id.com\/wp-content\/uploads\/2019\/10\/17-1.jpg\" alt=\"\" width=\"1400\" height=\"1277\" srcset=\"https:\/\/scar-id.com\/wp-content\/uploads\/2019\/10\/17-1.jpg 1000w, https:\/\/scar-id.com\/wp-content\/uploads\/2019\/10\/17-1-300x274.jpg 300w, https:\/\/scar-id.com\/wp-content\/uploads\/2019\/10\/17-1-768x701.jpg 768w, https:\/\/scar-id.com\/wp-content\/uploads\/2019\/10\/17-1-1024x934.jpg 1024w, https:\/\/scar-id.com\/wp-content\/uploads\/2019\/10\/17-1-324x296.jpg 324w, https:\/\/scar-id.com\/wp-content\/uploads\/2019\/10\/17-1-416x379.jpg 416w\" sizes=\"(max-width: 1400px) 100vw, 1400px\" \/><\/p>\n<p><img decoding=\"async\" class=\"size-full wp-image-4118\" src=\"https:\/\/scar-id.com\/wp-content\/uploads\/2019\/10\/21-1.jpg\" alt=\"\" width=\"1400\" height=\"1166\" srcset=\"https:\/\/scar-id.com\/wp-content\/uploads\/2019\/10\/21-1.jpg 1000w, https:\/\/scar-id.com\/wp-content\/uploads\/2019\/10\/21-1-300x250.jpg 300w, https:\/\/scar-id.com\/wp-content\/uploads\/2019\/10\/21-1-768x640.jpg 768w, https:\/\/scar-id.com\/wp-content\/uploads\/2019\/10\/21-1-1024x853.jpg 1024w, https:\/\/scar-id.com\/wp-content\/uploads\/2019\/10\/21-1-324x270.jpg 324w, https:\/\/scar-id.com\/wp-content\/uploads\/2019\/10\/21-1-416x346.jpg 416w\" sizes=\"(max-width: 1400px) 100vw, 1400px\" \/><\/p>\n<figure id=\"attachment_4120\" aria-describedby=\"caption-attachment-4120\" style=\"width: 1400px\" class=\"wp-caption aligncenter\"><img decoding=\"async\" class=\"size-full wp-image-4120\" src=\"https:\/\/scar-id.com\/wp-content\/uploads\/2019\/10\/22-1.jpg\" alt=\"\" width=\"1400\" height=\"1245\" srcset=\"https:\/\/scar-id.com\/wp-content\/uploads\/2019\/10\/22-1.jpg 1000w, https:\/\/scar-id.com\/wp-content\/uploads\/2019\/10\/22-1-300x267.jpg 300w, https:\/\/scar-id.com\/wp-content\/uploads\/2019\/10\/22-1-768x683.jpg 768w, https:\/\/scar-id.com\/wp-content\/uploads\/2019\/10\/22-1-1024x911.jpg 1024w, https:\/\/scar-id.com\/wp-content\/uploads\/2019\/10\/22-1-324x288.jpg 324w, https:\/\/scar-id.com\/wp-content\/uploads\/2019\/10\/22-1-416x370.jpg 416w\" sizes=\"(max-width: 1400px) 100vw, 1400px\" \/><figcaption id=\"caption-attachment-4120\" class=\"wp-caption-text\">www.heldersousa.com<\/figcaption><\/figure>\n<\/body><\/html>\n","protected":false},"excerpt":{"rendered":"<h6><strong>Material:<\/strong> Lat\u00e3o<\/h6>\n<h6><\/h6>\n<h6>Para encomendar um Anel, por favor envie-nos a medida do<\/h6>\n<h6>di\u00e2metro interior de um anel que j\u00e1 usa, para o desenvolvermos \u00e0 sua medida<\/h6>\n<h6><\/h6>\n<h6>Todas as pe\u00e7as de joalharia da parceria<\/h6>\n<h6>ATER x PATRICIA COSTA s\u00e3o<\/h6>\n<h6>Desenhadas e Produzidas em Portugal<\/h6>\n<h6>Para informa\u00e7\u00f5es e tamanhos n\u00e3o hesite em nos contactar<\/h6>\n<h6><a href=\"mailto:info@scar-id.com\">info@scar-id.com<\/a>\u00a0\/ (+351) 22\u00a0203 3087<\/h6>\n","protected":false},"featured_media":3521,"template":"","meta":{"_uag_custom_page_level_css":""},"product_brand":[],"product_cat":[133],"product_tag":[],"class_list":{"0":"post-10949","1":"product","2":"type-product","3":"status-publish","4":"has-post-thumbnail","6":"product_cat-ater-x-patricia-costa","7":"pif-has-gallery","9":"first","10":"outofstock","11":"taxable","12":"shipping-taxable","13":"purchasable","14":"product-type-simple"},"aioseo_notices":[],"uagb_featured_image_src":{"full":["https:\/\/scar-id.com\/wp-content\/uploads\/2019\/10\/Sringblack.jpg",1400,1933,false],"thumbnail":["https:\/\/scar-id.com\/wp-content\/uploads\/2019\/10\/Sringblack-150x150.jpg",150,150,true],"medium":["https:\/\/scar-id.com\/wp-content\/uploads\/2019\/10\/Sringblack-217x300.jpg",217,300,true],"medium_large":["https:\/\/scar-id.com\/wp-content\/uploads\/2019\/10\/Sringblack-768x1060.jpg",768,1060,true],"large":["https:\/\/scar-id.com\/wp-content\/uploads\/2019\/10\/Sringblack-742x1024.jpg",742,1024,true],"1536x1536":["https:\/\/scar-id.com\/wp-content\/uploads\/2019\/10\/Sringblack.jpg",1112,1536,false],"2048x2048":["https:\/\/scar-id.com\/wp-content\/uploads\/2019\/10\/Sringblack.jpg",1400,1933,false],"woocommerce_thumbnail":["https:\/\/scar-id.com\/wp-content\/uploads\/2019\/10\/Sringblack-324x447.jpg",324,447,true],"woocommerce_single":["https:\/\/scar-id.com\/wp-content\/uploads\/2019\/10\/Sringblack-416x574.jpg",416,574,true],"woocommerce_gallery_thumbnail":["https:\/\/scar-id.com\/wp-content\/uploads\/2019\/10\/Sringblack-100x100.jpg",100,100,true]},"uagb_author_info":{"display_name":"scar-id","author_link":"https:\/\/scar-id.com\/pt-pt\/author\/"},"uagb_comment_info":0,"uagb_excerpt":"Material: Lat\u00e3o Para encomendar um Anel, por favor envie-nos a medida do di\u00e2metro interior de um anel que j\u00e1 usa, para o desenvolvermos \u00e0 sua medida Todas as pe\u00e7as de joalharia da parceria ATER x PATRICIA COSTA s\u00e3o Desenhadas e Produzidas em Portugal Para informa\u00e7\u00f5es e tamanhos n\u00e3o hesite em nos contactar info@scar-id.com\u00a0\/ (+351) 22\u00a0203&hellip;","_links":{"self":[{"href":"https:\/\/scar-id.com\/pt-pt\/wp-json\/wp\/v2\/product\/10949","targetHints":{"allow":["GET"]}}],"collection":[{"href":"https:\/\/scar-id.com\/pt-pt\/wp-json\/wp\/v2\/product"}],"about":[{"href":"https:\/\/scar-id.com\/pt-pt\/wp-json\/wp\/v2\/types\/product"}],"wp:featuredmedia":[{"embeddable":true,"href":"https:\/\/scar-id.com\/pt-pt\/wp-json\/wp\/v2\/media\/3521"}],"wp:attachment":[{"href":"https:\/\/scar-id.com\/pt-pt\/wp-json\/wp\/v2\/media?parent=10949"}],"wp:term":[{"taxonomy":"product_brand","embeddable":true,"href":"https:\/\/scar-id.com\/pt-pt\/wp-json\/wp\/v2\/product_brand?post=10949"},{"taxonomy":"product_cat","embeddable":true,"href":"https:\/\/scar-id.com\/pt-pt\/wp-json\/wp\/v2\/product_cat?post=10949"},{"taxonomy":"product_tag","embeddable":true,"href":"https:\/\/scar-id.com\/pt-pt\/wp-json\/wp\/v2\/product_tag?post=10949"}],"curies":[{"name":"wp","href":"https:\/\/api.w.org\/{rel}","templated":true}]}}