{"id":10950,"date":"2019-10-17T15:22:58","date_gmt":"2019-10-17T15:22:58","guid":{"rendered":"https:\/\/scar-id.com\/produto\/sulco-square-rubber-necklace\/"},"modified":"2020-03-05T16:08:42","modified_gmt":"2020-03-05T16:08:42","slug":"sulco-square-rubber-necklace","status":"publish","type":"product","link":"https:\/\/scar-id.com\/pt-pt\/produto\/sulco-square-rubber-necklace\/","title":{"rendered":"Colar Sulco Borracha Quadrada"},"content":{"rendered":"<!DOCTYPE html PUBLIC \"-\/\/W3C\/\/DTD HTML 4.0 Transitional\/\/EN\" \"http:\/\/www.w3.org\/TR\/REC-html40\/loose.dtd\">\n<html><body><p><img fetchpriority=\"high\" decoding=\"async\" class=\"size-full wp-image-4122 aligncenter\" src=\"https:\/\/scar-id.com\/wp-content\/uploads\/2019\/10\/38-1.jpg\" alt=\"\" width=\"1400\" height=\"1936\" srcset=\"https:\/\/scar-id.com\/wp-content\/uploads\/2019\/10\/38-1.jpg 723w, https:\/\/scar-id.com\/wp-content\/uploads\/2019\/10\/38-1-217x300.jpg 217w, https:\/\/scar-id.com\/wp-content\/uploads\/2019\/10\/38-1-768x1062.jpg 768w, https:\/\/scar-id.com\/wp-content\/uploads\/2019\/10\/38-1-740x1024.jpg 740w, https:\/\/scar-id.com\/wp-content\/uploads\/2019\/10\/38-1-324x448.jpg 324w, https:\/\/scar-id.com\/wp-content\/uploads\/2019\/10\/38-1-416x575.jpg 416w\" sizes=\"(max-width: 1400px) 100vw, 1400px\" \/> <img decoding=\"async\" class=\"size-full wp-image-4124 aligncenter\" src=\"https:\/\/scar-id.com\/wp-content\/uploads\/2019\/10\/39-1.jpg\" alt=\"\" width=\"1400\" height=\"1431\" srcset=\"https:\/\/scar-id.com\/wp-content\/uploads\/2019\/10\/39-1.jpg 978w, https:\/\/scar-id.com\/wp-content\/uploads\/2019\/10\/39-1-294x300.jpg 294w, https:\/\/scar-id.com\/wp-content\/uploads\/2019\/10\/39-1-768x785.jpg 768w, https:\/\/scar-id.com\/wp-content\/uploads\/2019\/10\/39-1-1002x1024.jpg 1002w, https:\/\/scar-id.com\/wp-content\/uploads\/2019\/10\/39-1-324x331.jpg 324w, https:\/\/scar-id.com\/wp-content\/uploads\/2019\/10\/39-1-416x425.jpg 416w\" sizes=\"(max-width: 1400px) 100vw, 1400px\" \/><\/p>\n<\/body><\/html>\n","protected":false},"excerpt":{"rendered":"<h6><strong>Material:<\/strong> Lat\u00e3o + Borracha<\/h6>\n<h6><strong>Dimens\u00f5es:<\/strong> 7cm x 5cm (Pe\u00e7a em Lat\u00e3o)<\/h6>\n<h6><\/h6>\n<h6>Todas as pe\u00e7as de joalharia da parceria<\/h6>\n<h6>ATER x PATRICIA COSTA s\u00e3o<\/h6>\n<h6>Desenhadas e Produzidas em Portugal<\/h6>\n<h6>Para informa\u00e7\u00f5es e tamanhos n\u00e3o hesite em nos contactar<\/h6>\n<h6><a href=\"mailto:info@scar-id.com\">info@scar-id.com<\/a>\u00a0\/ (+351) 22\u00a0203 3087<\/h6>\n","protected":false},"featured_media":3542,"template":"","meta":{"_uag_custom_page_level_css":""},"product_brand":[],"product_cat":[133],"product_tag":[],"class_list":{"0":"post-10950","1":"product","2":"type-product","3":"status-publish","4":"has-post-thumbnail","6":"product_cat-ater-x-patricia-costa","7":"pif-has-gallery","9":"first","10":"outofstock","11":"taxable","12":"shipping-taxable","13":"purchasable","14":"product-type-simple"},"aioseo_notices":[],"uagb_featured_image_src":{"full":["https:\/\/scar-id.com\/wp-content\/uploads\/2019\/10\/squarerubbernecklace.jpg",1400,1933,false],"thumbnail":["https:\/\/scar-id.com\/wp-content\/uploads\/2019\/10\/squarerubbernecklace-150x150.jpg",150,150,true],"medium":["https:\/\/scar-id.com\/wp-content\/uploads\/2019\/10\/squarerubbernecklace-217x300.jpg",217,300,true],"medium_large":["https:\/\/scar-id.com\/wp-content\/uploads\/2019\/10\/squarerubbernecklace-768x1060.jpg",768,1060,true],"large":["https:\/\/scar-id.com\/wp-content\/uploads\/2019\/10\/squarerubbernecklace-742x1024.jpg",742,1024,true],"1536x1536":["https:\/\/scar-id.com\/wp-content\/uploads\/2019\/10\/squarerubbernecklace.jpg",1112,1536,false],"2048x2048":["https:\/\/scar-id.com\/wp-content\/uploads\/2019\/10\/squarerubbernecklace.jpg",1400,1933,false],"woocommerce_thumbnail":["https:\/\/scar-id.com\/wp-content\/uploads\/2019\/10\/squarerubbernecklace-324x447.jpg",324,447,true],"woocommerce_single":["https:\/\/scar-id.com\/wp-content\/uploads\/2019\/10\/squarerubbernecklace-416x574.jpg",416,574,true],"woocommerce_gallery_thumbnail":["https:\/\/scar-id.com\/wp-content\/uploads\/2019\/10\/squarerubbernecklace-100x100.jpg",100,100,true]},"uagb_author_info":{"display_name":"scar-id","author_link":"https:\/\/scar-id.com\/pt-pt\/author\/"},"uagb_comment_info":0,"uagb_excerpt":"Material: Lat\u00e3o + Borracha Dimens\u00f5es: 7cm x 5cm (Pe\u00e7a em Lat\u00e3o) Todas as pe\u00e7as de joalharia da parceria ATER x PATRICIA COSTA s\u00e3o Desenhadas e Produzidas em Portugal Para informa\u00e7\u00f5es e tamanhos n\u00e3o hesite em nos contactar info@scar-id.com\u00a0\/ (+351) 22\u00a0203 3087","_links":{"self":[{"href":"https:\/\/scar-id.com\/pt-pt\/wp-json\/wp\/v2\/product\/10950","targetHints":{"allow":["GET"]}}],"collection":[{"href":"https:\/\/scar-id.com\/pt-pt\/wp-json\/wp\/v2\/product"}],"about":[{"href":"https:\/\/scar-id.com\/pt-pt\/wp-json\/wp\/v2\/types\/product"}],"wp:featuredmedia":[{"embeddable":true,"href":"https:\/\/scar-id.com\/pt-pt\/wp-json\/wp\/v2\/media\/3542"}],"wp:attachment":[{"href":"https:\/\/scar-id.com\/pt-pt\/wp-json\/wp\/v2\/media?parent=10950"}],"wp:term":[{"taxonomy":"product_brand","embeddable":true,"href":"https:\/\/scar-id.com\/pt-pt\/wp-json\/wp\/v2\/product_brand?post=10950"},{"taxonomy":"product_cat","embeddable":true,"href":"https:\/\/scar-id.com\/pt-pt\/wp-json\/wp\/v2\/product_cat?post=10950"},{"taxonomy":"product_tag","embeddable":true,"href":"https:\/\/scar-id.com\/pt-pt\/wp-json\/wp\/v2\/product_tag?post=10950"}],"curies":[{"name":"wp","href":"https:\/\/api.w.org\/{rel}","templated":true}]}}