{"id":10952,"date":"2019-10-17T15:06:38","date_gmt":"2019-10-17T15:06:38","guid":{"rendered":"https:\/\/scar-id.com\/produto\/sulco-asymmetric-necklace\/"},"modified":"2022-01-10T16:51:06","modified_gmt":"2022-01-10T16:51:06","slug":"sulco-asymmetric-necklace","status":"publish","type":"product","link":"https:\/\/scar-id.com\/pt-pt\/produto\/sulco-asymmetric-necklace\/","title":{"rendered":"Colar Assim\u00e9trico Sulco"},"content":{"rendered":"<!DOCTYPE html PUBLIC \"-\/\/W3C\/\/DTD HTML 4.0 Transitional\/\/EN\" \"http:\/\/www.w3.org\/TR\/REC-html40\/loose.dtd\">\n<html><body><p><img fetchpriority=\"high\" decoding=\"async\" class=\"size-full wp-image-4131 aligncenter\" src=\"https:\/\/scar-id.com\/wp-content\/uploads\/2019\/10\/42-1.jpg\" alt=\"\" width=\"1400\" height=\"1833\" srcset=\"https:\/\/scar-id.com\/wp-content\/uploads\/2019\/10\/42-1.jpg 764w, https:\/\/scar-id.com\/wp-content\/uploads\/2019\/10\/42-1-229x300.jpg 229w, https:\/\/scar-id.com\/wp-content\/uploads\/2019\/10\/42-1-768x1006.jpg 768w, https:\/\/scar-id.com\/wp-content\/uploads\/2019\/10\/42-1-782x1024.jpg 782w, https:\/\/scar-id.com\/wp-content\/uploads\/2019\/10\/42-1-324x424.jpg 324w, https:\/\/scar-id.com\/wp-content\/uploads\/2019\/10\/42-1-416x545.jpg 416w\" sizes=\"(max-width: 1400px) 100vw, 1400px\" \/> <img decoding=\"async\" class=\"size-full wp-image-4133 aligncenter\" src=\"https:\/\/scar-id.com\/wp-content\/uploads\/2019\/10\/43-1.jpg\" alt=\"\" width=\"1400\" height=\"1683\" srcset=\"https:\/\/scar-id.com\/wp-content\/uploads\/2019\/10\/43-1.jpg 832w, https:\/\/scar-id.com\/wp-content\/uploads\/2019\/10\/43-1-250x300.jpg 250w, https:\/\/scar-id.com\/wp-content\/uploads\/2019\/10\/43-1-768x923.jpg 768w, https:\/\/scar-id.com\/wp-content\/uploads\/2019\/10\/43-1-852x1024.jpg 852w, https:\/\/scar-id.com\/wp-content\/uploads\/2019\/10\/43-1-324x389.jpg 324w, https:\/\/scar-id.com\/wp-content\/uploads\/2019\/10\/43-1-416x500.jpg 416w\" sizes=\"(max-width: 1400px) 100vw, 1400px\" \/><\/p>\n<\/body><\/html>\n","protected":false},"excerpt":{"rendered":"<h6><strong>Material:<\/strong> Lat\u00e3o<\/h6>\n<h6><\/h6>\n<h6>Todas as pe\u00e7as de joalharia da parceria<\/h6>\n<h6>ATER x PATRICIA COSTA s\u00e3o<\/h6>\n<h6>Desenhadas e Produzidas em Portugal<\/h6>\n<h6>Para informa\u00e7\u00f5es e tamanhos n\u00e3o hesite em nos contactar<\/h6>\n<h6><a href=\"mailto:info@scar-id.com\">info@scar-id.com<\/a>\u00a0\/ (+351) 22\u00a0203 3087<\/h6>\n<address>\u00a0<\/address>\n","protected":false},"featured_media":3561,"template":"","meta":{"_uag_custom_page_level_css":""},"product_brand":[],"product_cat":[133],"product_tag":[],"class_list":{"0":"post-10952","1":"product","2":"type-product","3":"status-publish","4":"has-post-thumbnail","6":"product_cat-ater-x-patricia-costa","7":"pif-has-gallery","9":"first","10":"outofstock","11":"taxable","12":"shipping-taxable","13":"purchasable","14":"product-type-simple"},"aioseo_notices":[],"uagb_featured_image_src":{"full":["https:\/\/scar-id.com\/wp-content\/uploads\/2019\/10\/assymetricnecklace.jpg",1400,1933,false],"thumbnail":["https:\/\/scar-id.com\/wp-content\/uploads\/2019\/10\/assymetricnecklace-150x150.jpg",150,150,true],"medium":["https:\/\/scar-id.com\/wp-content\/uploads\/2019\/10\/assymetricnecklace-217x300.jpg",217,300,true],"medium_large":["https:\/\/scar-id.com\/wp-content\/uploads\/2019\/10\/assymetricnecklace-768x1060.jpg",768,1060,true],"large":["https:\/\/scar-id.com\/wp-content\/uploads\/2019\/10\/assymetricnecklace-742x1024.jpg",742,1024,true],"1536x1536":["https:\/\/scar-id.com\/wp-content\/uploads\/2019\/10\/assymetricnecklace.jpg",1112,1536,false],"2048x2048":["https:\/\/scar-id.com\/wp-content\/uploads\/2019\/10\/assymetricnecklace.jpg",1400,1933,false],"woocommerce_thumbnail":["https:\/\/scar-id.com\/wp-content\/uploads\/2019\/10\/assymetricnecklace-324x447.jpg",324,447,true],"woocommerce_single":["https:\/\/scar-id.com\/wp-content\/uploads\/2019\/10\/assymetricnecklace-416x574.jpg",416,574,true],"woocommerce_gallery_thumbnail":["https:\/\/scar-id.com\/wp-content\/uploads\/2019\/10\/assymetricnecklace-100x100.jpg",100,100,true]},"uagb_author_info":{"display_name":"scar-id","author_link":"https:\/\/scar-id.com\/pt-pt\/author\/"},"uagb_comment_info":0,"uagb_excerpt":"Material: Lat\u00e3o Todas as pe\u00e7as de joalharia da parceria ATER x PATRICIA COSTA s\u00e3o Desenhadas e Produzidas em Portugal Para informa\u00e7\u00f5es e tamanhos n\u00e3o hesite em nos contactar info@scar-id.com\u00a0\/ (+351) 22\u00a0203 3087 \u00a0","_links":{"self":[{"href":"https:\/\/scar-id.com\/pt-pt\/wp-json\/wp\/v2\/product\/10952","targetHints":{"allow":["GET"]}}],"collection":[{"href":"https:\/\/scar-id.com\/pt-pt\/wp-json\/wp\/v2\/product"}],"about":[{"href":"https:\/\/scar-id.com\/pt-pt\/wp-json\/wp\/v2\/types\/product"}],"wp:featuredmedia":[{"embeddable":true,"href":"https:\/\/scar-id.com\/pt-pt\/wp-json\/wp\/v2\/media\/3561"}],"wp:attachment":[{"href":"https:\/\/scar-id.com\/pt-pt\/wp-json\/wp\/v2\/media?parent=10952"}],"wp:term":[{"taxonomy":"product_brand","embeddable":true,"href":"https:\/\/scar-id.com\/pt-pt\/wp-json\/wp\/v2\/product_brand?post=10952"},{"taxonomy":"product_cat","embeddable":true,"href":"https:\/\/scar-id.com\/pt-pt\/wp-json\/wp\/v2\/product_cat?post=10952"},{"taxonomy":"product_tag","embeddable":true,"href":"https:\/\/scar-id.com\/pt-pt\/wp-json\/wp\/v2\/product_tag?post=10952"}],"curies":[{"name":"wp","href":"https:\/\/api.w.org\/{rel}","templated":true}]}}