{"id":11101,"date":"2019-11-20T12:54:54","date_gmt":"2019-11-20T12:54:54","guid":{"rendered":"https:\/\/scar-id.com\/produto\/glacier-bracelet\/"},"modified":"2020-03-30T14:46:41","modified_gmt":"2020-03-30T14:46:41","slug":"glacier-bracelet","status":"publish","type":"product","link":"https:\/\/scar-id.com\/pt-pt\/produto\/glacier-bracelet\/","title":{"rendered":"Pulseira Glaciar"},"content":{"rendered":"<!DOCTYPE html PUBLIC \"-\/\/W3C\/\/DTD HTML 4.0 Transitional\/\/EN\" \"http:\/\/www.w3.org\/TR\/REC-html40\/loose.dtd\">\n<html><body><p><img fetchpriority=\"high\" decoding=\"async\" class=\"size-full wp-image-6327 aligncenter\" src=\"https:\/\/scar-id.com\/wp-content\/uploads\/2019\/11\/AM_PRODUTO_G_23.jpg\" alt=\"\" width=\"1400\" height=\"937\" srcset=\"https:\/\/scar-id.com\/wp-content\/uploads\/2019\/11\/AM_PRODUTO_G_23.jpg 1000w, https:\/\/scar-id.com\/wp-content\/uploads\/2019\/11\/AM_PRODUTO_G_23-300x201.jpg 300w, https:\/\/scar-id.com\/wp-content\/uploads\/2019\/11\/AM_PRODUTO_G_23-768x514.jpg 768w, https:\/\/scar-id.com\/wp-content\/uploads\/2019\/11\/AM_PRODUTO_G_23-1024x685.jpg 1024w, https:\/\/scar-id.com\/wp-content\/uploads\/2019\/11\/AM_PRODUTO_G_23-324x217.jpg 324w, https:\/\/scar-id.com\/wp-content\/uploads\/2019\/11\/AM_PRODUTO_G_23-416x278.jpg 416w\" sizes=\"(max-width: 1400px) 100vw, 1400px\" \/><\/p>\n<\/body><\/html>\n","protected":false},"excerpt":{"rendered":"<h6><strong>Apenas Online<\/strong><\/h6>\n<h6><strong>Material:<\/strong> Prata 925 Branqueada<\/h6>\n<h6><strong>Peso:<\/strong> 24,8g<\/h6>\n<h6><strong>Nota:<\/strong> Para encomendar uma pulseira, sugerimos que nos forne\u00e7a a medida do di\u00e2metro interno que deseja<\/h6>\n<h6><\/h6>\n<p>&nbsp;<\/p>\n<h6>Todas as pe\u00e7as seleccionadas de Andrea Martins s\u00e3o<\/h6>\n<h6>Desenhadas e Produzidas em Portugal<\/h6>\n<h6>Para informa\u00e7\u00f5es e medidas por favor contacte-nos<\/h6>\n<h6><a href=\"mailto:info@scar-id.com\">info@scar-id.com<\/a>\u00a0\/ (+351) 22\u00a0203 3087<\/h6>\n","protected":false},"featured_media":6508,"template":"","meta":{"_uag_custom_page_level_css":""},"product_brand":[],"product_cat":[129,93],"product_tag":[],"class_list":{"0":"post-11101","1":"product","2":"type-product","3":"status-publish","4":"has-post-thumbnail","6":"product_cat-andrea-martins","7":"product_cat-pulseiras","9":"first","10":"instock","11":"taxable","12":"shipping-taxable","13":"purchasable","14":"product-type-simple"},"aioseo_notices":[],"uagb_featured_image_src":{"full":["https:\/\/scar-id.com\/wp-content\/uploads\/2019\/11\/AM_PRODUTO_G_233.jpg",824,1138,false],"thumbnail":["https:\/\/scar-id.com\/wp-content\/uploads\/2019\/11\/AM_PRODUTO_G_233-150x150.jpg",150,150,true],"medium":["https:\/\/scar-id.com\/wp-content\/uploads\/2019\/11\/AM_PRODUTO_G_233-217x300.jpg",217,300,true],"medium_large":["https:\/\/scar-id.com\/wp-content\/uploads\/2019\/11\/AM_PRODUTO_G_233-768x1061.jpg",768,1061,true],"large":["https:\/\/scar-id.com\/wp-content\/uploads\/2019\/11\/AM_PRODUTO_G_233-741x1024.jpg",741,1024,true],"1536x1536":["https:\/\/scar-id.com\/wp-content\/uploads\/2019\/11\/AM_PRODUTO_G_233.jpg",824,1138,false],"2048x2048":["https:\/\/scar-id.com\/wp-content\/uploads\/2019\/11\/AM_PRODUTO_G_233.jpg",824,1138,false],"woocommerce_thumbnail":["https:\/\/scar-id.com\/wp-content\/uploads\/2019\/11\/AM_PRODUTO_G_233-324x447.jpg",324,447,true],"woocommerce_single":["https:\/\/scar-id.com\/wp-content\/uploads\/2019\/11\/AM_PRODUTO_G_233-416x575.jpg",416,575,true],"woocommerce_gallery_thumbnail":["https:\/\/scar-id.com\/wp-content\/uploads\/2019\/11\/AM_PRODUTO_G_233-100x100.jpg",100,100,true]},"uagb_author_info":{"display_name":"scar-id","author_link":"https:\/\/scar-id.com\/pt-pt\/author\/"},"uagb_comment_info":0,"uagb_excerpt":"Apenas Online Material: Prata 925 Branqueada Peso: 24,8g Nota: Para encomendar uma pulseira, sugerimos que nos forne\u00e7a a medida do di\u00e2metro interno que deseja &nbsp; Todas as pe\u00e7as seleccionadas de Andrea Martins s\u00e3o Desenhadas e Produzidas em Portugal Para informa\u00e7\u00f5es e medidas por favor contacte-nos info@scar-id.com\u00a0\/ (+351) 22\u00a0203 3087","_links":{"self":[{"href":"https:\/\/scar-id.com\/pt-pt\/wp-json\/wp\/v2\/product\/11101","targetHints":{"allow":["GET"]}}],"collection":[{"href":"https:\/\/scar-id.com\/pt-pt\/wp-json\/wp\/v2\/product"}],"about":[{"href":"https:\/\/scar-id.com\/pt-pt\/wp-json\/wp\/v2\/types\/product"}],"wp:featuredmedia":[{"embeddable":true,"href":"https:\/\/scar-id.com\/pt-pt\/wp-json\/wp\/v2\/media\/6508"}],"wp:attachment":[{"href":"https:\/\/scar-id.com\/pt-pt\/wp-json\/wp\/v2\/media?parent=11101"}],"wp:term":[{"taxonomy":"product_brand","embeddable":true,"href":"https:\/\/scar-id.com\/pt-pt\/wp-json\/wp\/v2\/product_brand?post=11101"},{"taxonomy":"product_cat","embeddable":true,"href":"https:\/\/scar-id.com\/pt-pt\/wp-json\/wp\/v2\/product_cat?post=11101"},{"taxonomy":"product_tag","embeddable":true,"href":"https:\/\/scar-id.com\/pt-pt\/wp-json\/wp\/v2\/product_tag?post=11101"}],"curies":[{"name":"wp","href":"https:\/\/api.w.org\/{rel}","templated":true}]}}