{"id":11218,"date":"2019-11-16T14:56:54","date_gmt":"2019-11-16T14:56:54","guid":{"rendered":"https:\/\/scar-id.com\/produto\/stone-pendant\/"},"modified":"2020-04-01T16:24:58","modified_gmt":"2020-04-01T16:24:58","slug":"stone-pendant","status":"publish","type":"product","link":"https:\/\/scar-id.com\/pt-pt\/produto\/stone-pendant\/","title":{"rendered":"Pendente Stone"},"content":{"rendered":"<!DOCTYPE html PUBLIC \"-\/\/W3C\/\/DTD HTML 4.0 Transitional\/\/EN\" \"http:\/\/www.w3.org\/TR\/REC-html40\/loose.dtd\">\n<html><body><p><img fetchpriority=\"high\" decoding=\"async\" class=\"alignnone size-full wp-image-8052\" src=\"https:\/\/scar-id.com\/wp-content\/uploads\/2019\/11\/779A0880-2Ricardo-Leal_photographer-1.jpg\" alt=\"\" width=\"1400\" height=\"2085\"><\/p>\n<\/body><\/html>\n","protected":false},"excerpt":{"rendered":"<h6><strong>Nota:<\/strong> Apenas Online; 7 dias para tempo de produ\u00e7\u00e3o p\u00f3s-compra<\/h6>\n<h6><strong>Material:<\/strong> Prata 925 (AcabamentoDourado)<\/h6>\n<h6><\/h6>\n<h6><\/h6>\n<h6><\/h6>\n<h6>Todas as pe\u00e7as de joalharia seleccionadas de Mariadovale s\u00e3o<\/h6>\n<h6>Desenhadas e Produzidas, \u00e0 m\u00e3o, em Portugal<\/h6>\n<h6>Para informa\u00e7\u00f5es, por favor contacte-nos:<\/h6>\n<h6><a href=\"mailto:info@scar-id.com\">info@scar-id.com<\/a>\u00a0\/ (+351) 22\u00a0203 3087<\/h6>\n<h6>(fotografia: Ricardo Leal)<\/h6>\n","protected":false},"featured_media":0,"template":"","meta":{"_uag_custom_page_level_css":""},"product_brand":[],"product_cat":[],"product_tag":[],"class_list":{"0":"post-11218","1":"product","2":"type-product","3":"status-publish","6":"first","7":"instock","8":"taxable","9":"shipping-taxable","10":"purchasable","11":"product-type-simple"},"aioseo_notices":[],"uagb_featured_image_src":{"full":false,"thumbnail":false,"medium":false,"medium_large":false,"large":false,"1536x1536":false,"2048x2048":false,"woocommerce_thumbnail":false,"woocommerce_single":false,"woocommerce_gallery_thumbnail":false},"uagb_author_info":{"display_name":"scar-id","author_link":"https:\/\/scar-id.com\/pt-pt\/author\/"},"uagb_comment_info":0,"uagb_excerpt":"Nota: Apenas Online; 7 dias para tempo de produ\u00e7\u00e3o p\u00f3s-compra Material: Prata 925 (AcabamentoDourado) Todas as pe\u00e7as de joalharia seleccionadas de Mariadovale s\u00e3o Desenhadas e Produzidas, \u00e0 m\u00e3o, em Portugal Para informa\u00e7\u00f5es, por favor contacte-nos: info@scar-id.com\u00a0\/ (+351) 22\u00a0203 3087 (fotografia: Ricardo Leal)","_links":{"self":[{"href":"https:\/\/scar-id.com\/pt-pt\/wp-json\/wp\/v2\/product\/11218","targetHints":{"allow":["GET"]}}],"collection":[{"href":"https:\/\/scar-id.com\/pt-pt\/wp-json\/wp\/v2\/product"}],"about":[{"href":"https:\/\/scar-id.com\/pt-pt\/wp-json\/wp\/v2\/types\/product"}],"wp:attachment":[{"href":"https:\/\/scar-id.com\/pt-pt\/wp-json\/wp\/v2\/media?parent=11218"}],"wp:term":[{"taxonomy":"product_brand","embeddable":true,"href":"https:\/\/scar-id.com\/pt-pt\/wp-json\/wp\/v2\/product_brand?post=11218"},{"taxonomy":"product_cat","embeddable":true,"href":"https:\/\/scar-id.com\/pt-pt\/wp-json\/wp\/v2\/product_cat?post=11218"},{"taxonomy":"product_tag","embeddable":true,"href":"https:\/\/scar-id.com\/pt-pt\/wp-json\/wp\/v2\/product_tag?post=11218"}],"curies":[{"name":"wp","href":"https:\/\/api.w.org\/{rel}","templated":true}]}}