{"id":11320,"date":"2020-02-04T11:42:29","date_gmt":"2020-02-04T11:42:29","guid":{"rendered":"https:\/\/scar-id.com\/produto\/spider-cube-bench\/"},"modified":"2020-03-31T15:07:13","modified_gmt":"2020-03-31T15:07:13","slug":"spider-cube-bench","status":"publish","type":"product","link":"https:\/\/scar-id.com\/pt-pt\/produto\/spider-cube-bench\/","title":{"rendered":"Banco Longo Aranha"},"content":{"rendered":"<!DOCTYPE html PUBLIC \"-\/\/W3C\/\/DTD HTML 4.0 Transitional\/\/EN\" \"http:\/\/www.w3.org\/TR\/REC-html40\/loose.dtd\">\n<html><body><p><img fetchpriority=\"high\" decoding=\"async\" class=\"alignnone size-full wp-image-9573\" src=\"https:\/\/scar-id.com\/wp-content\/uploads\/2020\/02\/1-RUA-ESCURA-BANCO-LONGO-PRODUTO-1.jpg\" alt=\"\" width=\"1400\" height=\"1105\" srcset=\"https:\/\/scar-id.com\/wp-content\/uploads\/2020\/02\/1-RUA-ESCURA-BANCO-LONGO-PRODUTO-1.jpg 1000w, https:\/\/scar-id.com\/wp-content\/uploads\/2020\/02\/1-RUA-ESCURA-BANCO-LONGO-PRODUTO-1-300x237.jpg 300w, https:\/\/scar-id.com\/wp-content\/uploads\/2020\/02\/1-RUA-ESCURA-BANCO-LONGO-PRODUTO-1-1024x808.jpg 1024w, https:\/\/scar-id.com\/wp-content\/uploads\/2020\/02\/1-RUA-ESCURA-BANCO-LONGO-PRODUTO-1-768x606.jpg 768w, https:\/\/scar-id.com\/wp-content\/uploads\/2020\/02\/1-RUA-ESCURA-BANCO-LONGO-PRODUTO-1-324x256.jpg 324w, https:\/\/scar-id.com\/wp-content\/uploads\/2020\/02\/1-RUA-ESCURA-BANCO-LONGO-PRODUTO-1-416x328.jpg 416w\" sizes=\"(max-width: 1400px) 100vw, 1400px\" \/> <img decoding=\"async\" class=\"alignnone size-full wp-image-9575\" src=\"https:\/\/scar-id.com\/wp-content\/uploads\/2020\/02\/1-RUA-ESCURA-BANCO-LONGO-PRODUTO-3.jpg\" alt=\"\" width=\"1400\" height=\"945\" srcset=\"https:\/\/scar-id.com\/wp-content\/uploads\/2020\/02\/1-RUA-ESCURA-BANCO-LONGO-PRODUTO-3.jpg 1000w, https:\/\/scar-id.com\/wp-content\/uploads\/2020\/02\/1-RUA-ESCURA-BANCO-LONGO-PRODUTO-3-300x203.jpg 300w, https:\/\/scar-id.com\/wp-content\/uploads\/2020\/02\/1-RUA-ESCURA-BANCO-LONGO-PRODUTO-3-1024x691.jpg 1024w, https:\/\/scar-id.com\/wp-content\/uploads\/2020\/02\/1-RUA-ESCURA-BANCO-LONGO-PRODUTO-3-768x518.jpg 768w, https:\/\/scar-id.com\/wp-content\/uploads\/2020\/02\/1-RUA-ESCURA-BANCO-LONGO-PRODUTO-3-324x219.jpg 324w, https:\/\/scar-id.com\/wp-content\/uploads\/2020\/02\/1-RUA-ESCURA-BANCO-LONGO-PRODUTO-3-416x281.jpg 416w\" sizes=\"(max-width: 1400px) 100vw, 1400px\" \/><\/p>\n<\/body><\/html>\n","protected":false},"excerpt":{"rendered":"<h6><strong>Descri\u00e7\u00e3o:<\/strong> \u00b4Aranha` \u00e9 um banco de mobili\u00e1rio urbano em bet\u00e3o e estrutura exposta.<\/h6>\n<h6>A colec\u00e7\u00e3o combina o uso de materiais robustos e dur\u00e1veis com um desenho delicado.<\/h6>\n<h6>Esta rela\u00e7\u00e3o resulta numa imagem contempor\u00e2nea e minimal, capaz de se adaptar \u00e0 envolvente.<\/h6>\n<h6>Em 2015, \u00b4Aranha` foi condecorada com o Pr\u00e9mio Larus Design.<\/h6>\n<h6><\/h6>\n<h6><\/h6>\n<h6>A colec\u00e7\u00e3o Aranha est\u00e1 dispon\u00edvel, em exclusividade na scar-id store e scar-id.com<\/h6>\n<h6>As pe\u00e7as de Rua Escura s\u00e3o desenhadas e produzidas em Portugal<\/h6>\n<h6>Para informa\u00e7\u00f5es, tamanhos, encomendas e transporte, por favor contacte-nos:<\/h6>\n<h6><a href=\"mailto:info@scar-id.com\">info@scar-id.com<\/a>\u00a0\/ (+351) 22\u00a0203 3087<\/h6>\n","protected":false},"featured_media":9582,"template":"","meta":{"_uag_custom_page_level_css":""},"product_brand":[],"product_cat":[167],"product_tag":[],"class_list":{"0":"post-11320","1":"product","2":"type-product","3":"status-publish","4":"has-post-thumbnail","6":"product_cat-rua-escura","8":"first","9":"instock","10":"taxable","11":"shipping-taxable","12":"purchasable","13":"product-type-simple"},"aioseo_notices":[],"uagb_featured_image_src":{"full":["https:\/\/scar-id.com\/wp-content\/uploads\/2020\/02\/RUA-ESCURO-BANCO-LONGO-MINI.jpg",824,1138,false],"thumbnail":["https:\/\/scar-id.com\/wp-content\/uploads\/2020\/02\/RUA-ESCURO-BANCO-LONGO-MINI-150x150.jpg",150,150,true],"medium":["https:\/\/scar-id.com\/wp-content\/uploads\/2020\/02\/RUA-ESCURO-BANCO-LONGO-MINI-217x300.jpg",217,300,true],"medium_large":["https:\/\/scar-id.com\/wp-content\/uploads\/2020\/02\/RUA-ESCURO-BANCO-LONGO-MINI-768x1061.jpg",768,1061,true],"large":["https:\/\/scar-id.com\/wp-content\/uploads\/2020\/02\/RUA-ESCURO-BANCO-LONGO-MINI-741x1024.jpg",741,1024,true],"1536x1536":["https:\/\/scar-id.com\/wp-content\/uploads\/2020\/02\/RUA-ESCURO-BANCO-LONGO-MINI.jpg",824,1138,false],"2048x2048":["https:\/\/scar-id.com\/wp-content\/uploads\/2020\/02\/RUA-ESCURO-BANCO-LONGO-MINI.jpg",824,1138,false],"woocommerce_thumbnail":["https:\/\/scar-id.com\/wp-content\/uploads\/2020\/02\/RUA-ESCURO-BANCO-LONGO-MINI-324x447.jpg",324,447,true],"woocommerce_single":["https:\/\/scar-id.com\/wp-content\/uploads\/2020\/02\/RUA-ESCURO-BANCO-LONGO-MINI-416x575.jpg",416,575,true],"woocommerce_gallery_thumbnail":["https:\/\/scar-id.com\/wp-content\/uploads\/2020\/02\/RUA-ESCURO-BANCO-LONGO-MINI-100x100.jpg",100,100,true]},"uagb_author_info":{"display_name":"scar-id","author_link":"https:\/\/scar-id.com\/pt-pt\/author\/"},"uagb_comment_info":0,"uagb_excerpt":"Descri\u00e7\u00e3o: \u00b4Aranha` \u00e9 um banco de mobili\u00e1rio urbano em bet\u00e3o e estrutura exposta. A colec\u00e7\u00e3o combina o uso de materiais robustos e dur\u00e1veis com um desenho delicado. Esta rela\u00e7\u00e3o resulta numa imagem contempor\u00e2nea e minimal, capaz de se adaptar \u00e0 envolvente. Em 2015, \u00b4Aranha` foi condecorada com o Pr\u00e9mio Larus Design. A colec\u00e7\u00e3o Aranha est\u00e1&hellip;","_links":{"self":[{"href":"https:\/\/scar-id.com\/pt-pt\/wp-json\/wp\/v2\/product\/11320","targetHints":{"allow":["GET"]}}],"collection":[{"href":"https:\/\/scar-id.com\/pt-pt\/wp-json\/wp\/v2\/product"}],"about":[{"href":"https:\/\/scar-id.com\/pt-pt\/wp-json\/wp\/v2\/types\/product"}],"wp:featuredmedia":[{"embeddable":true,"href":"https:\/\/scar-id.com\/pt-pt\/wp-json\/wp\/v2\/media\/9582"}],"wp:attachment":[{"href":"https:\/\/scar-id.com\/pt-pt\/wp-json\/wp\/v2\/media?parent=11320"}],"wp:term":[{"taxonomy":"product_brand","embeddable":true,"href":"https:\/\/scar-id.com\/pt-pt\/wp-json\/wp\/v2\/product_brand?post=11320"},{"taxonomy":"product_cat","embeddable":true,"href":"https:\/\/scar-id.com\/pt-pt\/wp-json\/wp\/v2\/product_cat?post=11320"},{"taxonomy":"product_tag","embeddable":true,"href":"https:\/\/scar-id.com\/pt-pt\/wp-json\/wp\/v2\/product_tag?post=11320"}],"curies":[{"name":"wp","href":"https:\/\/api.w.org\/{rel}","templated":true}]}}