{"id":11328,"date":"2019-12-14T15:02:58","date_gmt":"2019-12-14T15:02:58","guid":{"rendered":"https:\/\/scar-id.com\/produto\/light-cannons-grey-ring\/"},"modified":"2020-03-24T20:33:10","modified_gmt":"2020-03-24T20:33:10","slug":"light-cannons-grey-ring","status":"publish","type":"product","link":"https:\/\/scar-id.com\/pt-pt\/produto\/light-cannons-grey-ring\/","title":{"rendered":"Anel Light Cannons Cinzento"},"content":{"rendered":"<!DOCTYPE html PUBLIC \"-\/\/W3C\/\/DTD HTML 4.0 Transitional\/\/EN\" \"http:\/\/www.w3.org\/TR\/REC-html40\/loose.dtd\">\n<html><body><p><img fetchpriority=\"high\" decoding=\"async\" class=\"alignnone size-full wp-image-7869\" src=\"https:\/\/scar-id.com\/wp-content\/uploads\/2019\/12\/DSC0022-1.jpg\" alt=\"\" width=\"1400\" height=\"1793\" srcset=\"https:\/\/scar-id.com\/wp-content\/uploads\/2019\/12\/DSC0022-1.jpg 781w, https:\/\/scar-id.com\/wp-content\/uploads\/2019\/12\/DSC0022-1-234x300.jpg 234w, https:\/\/scar-id.com\/wp-content\/uploads\/2019\/12\/DSC0022-1-800x1024.jpg 800w, https:\/\/scar-id.com\/wp-content\/uploads\/2019\/12\/DSC0022-1-768x984.jpg 768w, https:\/\/scar-id.com\/wp-content\/uploads\/2019\/12\/DSC0022-1-1199x1536.jpg 1199w, https:\/\/scar-id.com\/wp-content\/uploads\/2019\/12\/DSC0022-1-324x415.jpg 324w, https:\/\/scar-id.com\/wp-content\/uploads\/2019\/12\/DSC0022-1-416x533.jpg 416w\" sizes=\"(max-width: 1400px) 100vw, 1400px\" \/><\/p>\n<\/body><\/html>\n","protected":false},"excerpt":{"rendered":"<h6><strong>Material: <\/strong>Impress\u00e3o 3D PLA<\/h6>\n<h6><strong>Cor:<\/strong> Cinzento com verniz colorido no interior<\/h6>\n<h6><strong>Nota:<\/strong> Para encomendar um anel, sugerimos que nos forne\u00e7a a medida interna que deseja, para podermos produzir o tamanho perfeito para si<\/h6>\n<h6><\/h6>\n<h6><\/h6>\n<h6><strong>Por favor escolha o modelo<\/strong><\/h6>\n<h6>S, M e L s\u00e3o diferentes em altura<\/h6>\n<h6><\/h6>\n<h6><\/h6>\n<h6>As pe\u00e7as de joalharia de WEK s\u00e3o<\/h6>\n<h6>Desenhadas e Produzidas em Portugal<\/h6>\n<h6>Para informa\u00e7\u00f5es e medidas por favor contacte-nos:<\/h6>\n<h6><a href=\"mailto:info@scar-id.com\">info@scar-id.com<\/a>\u00a0\/ (+351) 22\u00a0203 3087<\/h6>\n","protected":false},"featured_media":7868,"template":"","meta":{"_uag_custom_page_level_css":""},"product_brand":[],"product_cat":[176],"product_tag":[],"class_list":{"0":"post-11328","1":"product","2":"type-product","3":"status-publish","4":"has-post-thumbnail","6":"product_cat-wek","7":"pa_tamanho-l","8":"pa_tamanho-m","9":"pa_tamanho-s","11":"first","12":"instock","13":"taxable","14":"shipping-taxable","15":"purchasable","16":"product-type-variable"},"aioseo_notices":[],"uagb_featured_image_src":{"full":["https:\/\/scar-id.com\/wp-content\/uploads\/2019\/12\/DSC0022.jpg",824,1138,false],"thumbnail":["https:\/\/scar-id.com\/wp-content\/uploads\/2019\/12\/DSC0022-150x150.jpg",150,150,true],"medium":["https:\/\/scar-id.com\/wp-content\/uploads\/2019\/12\/DSC0022-217x300.jpg",217,300,true],"medium_large":["https:\/\/scar-id.com\/wp-content\/uploads\/2019\/12\/DSC0022-768x1061.jpg",768,1061,true],"large":["https:\/\/scar-id.com\/wp-content\/uploads\/2019\/12\/DSC0022-741x1024.jpg",741,1024,true],"1536x1536":["https:\/\/scar-id.com\/wp-content\/uploads\/2019\/12\/DSC0022.jpg",824,1138,false],"2048x2048":["https:\/\/scar-id.com\/wp-content\/uploads\/2019\/12\/DSC0022.jpg",824,1138,false],"woocommerce_thumbnail":["https:\/\/scar-id.com\/wp-content\/uploads\/2019\/12\/DSC0022-324x447.jpg",324,447,true],"woocommerce_single":["https:\/\/scar-id.com\/wp-content\/uploads\/2019\/12\/DSC0022-416x575.jpg",416,575,true],"woocommerce_gallery_thumbnail":["https:\/\/scar-id.com\/wp-content\/uploads\/2019\/12\/DSC0022-100x100.jpg",100,100,true]},"uagb_author_info":{"display_name":"scar-id","author_link":"https:\/\/scar-id.com\/pt-pt\/author\/"},"uagb_comment_info":0,"uagb_excerpt":"Material: Impress\u00e3o 3D PLA Cor: Cinzento com verniz colorido no interior Nota: Para encomendar um anel, sugerimos que nos forne\u00e7a a medida interna que deseja, para podermos produzir o tamanho perfeito para si Por favor escolha o modelo S, M e L s\u00e3o diferentes em altura As pe\u00e7as de joalharia de WEK s\u00e3o Desenhadas e&hellip;","_links":{"self":[{"href":"https:\/\/scar-id.com\/pt-pt\/wp-json\/wp\/v2\/product\/11328","targetHints":{"allow":["GET"]}}],"collection":[{"href":"https:\/\/scar-id.com\/pt-pt\/wp-json\/wp\/v2\/product"}],"about":[{"href":"https:\/\/scar-id.com\/pt-pt\/wp-json\/wp\/v2\/types\/product"}],"wp:featuredmedia":[{"embeddable":true,"href":"https:\/\/scar-id.com\/pt-pt\/wp-json\/wp\/v2\/media\/7868"}],"wp:attachment":[{"href":"https:\/\/scar-id.com\/pt-pt\/wp-json\/wp\/v2\/media?parent=11328"}],"wp:term":[{"taxonomy":"product_brand","embeddable":true,"href":"https:\/\/scar-id.com\/pt-pt\/wp-json\/wp\/v2\/product_brand?post=11328"},{"taxonomy":"product_cat","embeddable":true,"href":"https:\/\/scar-id.com\/pt-pt\/wp-json\/wp\/v2\/product_cat?post=11328"},{"taxonomy":"product_tag","embeddable":true,"href":"https:\/\/scar-id.com\/pt-pt\/wp-json\/wp\/v2\/product_tag?post=11328"}],"curies":[{"name":"wp","href":"https:\/\/api.w.org\/{rel}","templated":true}]}}