{"id":11338,"date":"2019-12-13T18:30:24","date_gmt":"2019-12-13T18:30:24","guid":{"rendered":"https:\/\/scar-id.com\/produto\/facet-ring\/"},"modified":"2020-03-24T23:02:33","modified_gmt":"2020-03-24T23:02:33","slug":"facet-ring","status":"publish","type":"product","link":"https:\/\/scar-id.com\/pt-pt\/produto\/facet-ring\/","title":{"rendered":"Anel Facet"},"content":{"rendered":"<!DOCTYPE html PUBLIC \"-\/\/W3C\/\/DTD HTML 4.0 Transitional\/\/EN\" \"http:\/\/www.w3.org\/TR\/REC-html40\/loose.dtd\">\n<html><body><p><img fetchpriority=\"high\" decoding=\"async\" class=\"alignnone size-full wp-image-7842\" src=\"https:\/\/scar-id.com\/wp-content\/uploads\/2019\/12\/DSC0219.jpg\" alt=\"\" width=\"1400\" height=\"1793\" srcset=\"https:\/\/scar-id.com\/wp-content\/uploads\/2019\/12\/DSC0219.jpg 781w, https:\/\/scar-id.com\/wp-content\/uploads\/2019\/12\/DSC0219-234x300.jpg 234w, https:\/\/scar-id.com\/wp-content\/uploads\/2019\/12\/DSC0219-800x1024.jpg 800w, https:\/\/scar-id.com\/wp-content\/uploads\/2019\/12\/DSC0219-768x984.jpg 768w, https:\/\/scar-id.com\/wp-content\/uploads\/2019\/12\/DSC0219-1199x1536.jpg 1199w, https:\/\/scar-id.com\/wp-content\/uploads\/2019\/12\/DSC0219-324x415.jpg 324w, https:\/\/scar-id.com\/wp-content\/uploads\/2019\/12\/DSC0219-416x533.jpg 416w\" sizes=\"(max-width: 1400px) 100vw, 1400px\" \/> <img decoding=\"async\" class=\"alignnone size-full wp-image-7844\" src=\"https:\/\/scar-id.com\/wp-content\/uploads\/2019\/12\/DSC0228.jpg\" alt=\"\" width=\"1400\" height=\"1793\" srcset=\"https:\/\/scar-id.com\/wp-content\/uploads\/2019\/12\/DSC0228.jpg 781w, https:\/\/scar-id.com\/wp-content\/uploads\/2019\/12\/DSC0228-234x300.jpg 234w, https:\/\/scar-id.com\/wp-content\/uploads\/2019\/12\/DSC0228-800x1024.jpg 800w, https:\/\/scar-id.com\/wp-content\/uploads\/2019\/12\/DSC0228-768x984.jpg 768w, https:\/\/scar-id.com\/wp-content\/uploads\/2019\/12\/DSC0228-1199x1536.jpg 1199w, https:\/\/scar-id.com\/wp-content\/uploads\/2019\/12\/DSC0228-324x415.jpg 324w, https:\/\/scar-id.com\/wp-content\/uploads\/2019\/12\/DSC0228-416x533.jpg 416w\" sizes=\"(max-width: 1400px) 100vw, 1400px\" \/> <img decoding=\"async\" class=\"alignnone size-full wp-image-7846\" src=\"https:\/\/scar-id.com\/wp-content\/uploads\/2019\/12\/DSC0235.jpg\" alt=\"\" width=\"1400\" height=\"1289\" srcset=\"https:\/\/scar-id.com\/wp-content\/uploads\/2019\/12\/DSC0235.jpg 1000w, https:\/\/scar-id.com\/wp-content\/uploads\/2019\/12\/DSC0235-300x276.jpg 300w, https:\/\/scar-id.com\/wp-content\/uploads\/2019\/12\/DSC0235-1024x943.jpg 1024w, https:\/\/scar-id.com\/wp-content\/uploads\/2019\/12\/DSC0235-768x707.jpg 768w, https:\/\/scar-id.com\/wp-content\/uploads\/2019\/12\/DSC0235-324x298.jpg 324w, https:\/\/scar-id.com\/wp-content\/uploads\/2019\/12\/DSC0235-416x383.jpg 416w\" sizes=\"(max-width: 1400px) 100vw, 1400px\" \/><\/p>\n<\/body><\/html>\n","protected":false},"excerpt":{"rendered":"<h6><strong>Material: <\/strong>Impress\u00e3o 3D PLA Preto<\/h6>\n<h6><strong>Cor:<\/strong> Preto \/ Branco \/ Verde<\/h6>\n<h6><strong>Nota:<\/strong> Para encomendar um anel, sugerimos que nos forne\u00e7a a medida interna que deseja, para podermos produzir o tamanho perfeito para si<\/h6>\n<h6><\/h6>\n<h6><\/h6>\n<h6>As pe\u00e7as de joalharia de WEK s\u00e3o<\/h6>\n<h6>Desenhadas e Produzidas em Portugal<\/h6>\n<h6>Para informa\u00e7\u00f5es e medidas por favor contacte-nos:<\/h6>\n<h6><a href=\"mailto:info@scar-id.com\">info@scar-id.com<\/a>\u00a0\/ (+351) 22\u00a0203 3087<\/h6>\n","protected":false},"featured_media":7849,"template":"","meta":{"_uag_custom_page_level_css":""},"product_brand":[],"product_cat":[93,176],"product_tag":[],"class_list":{"0":"post-11338","1":"product","2":"type-product","3":"status-publish","4":"has-post-thumbnail","6":"product_cat-pulseiras","7":"product_cat-wek","8":"pa_cor-branco","9":"pa_cor-green-pt-pt","10":"pa_cor-preto","11":"pif-has-gallery","13":"first","14":"outofstock","15":"taxable","16":"shipping-taxable","17":"purchasable","18":"product-type-variable"},"aioseo_notices":[],"uagb_featured_image_src":{"full":["https:\/\/scar-id.com\/wp-content\/uploads\/2019\/12\/DSC0219-1.jpg",824,1138,false],"thumbnail":["https:\/\/scar-id.com\/wp-content\/uploads\/2019\/12\/DSC0219-1-150x150.jpg",150,150,true],"medium":["https:\/\/scar-id.com\/wp-content\/uploads\/2019\/12\/DSC0219-1-217x300.jpg",217,300,true],"medium_large":["https:\/\/scar-id.com\/wp-content\/uploads\/2019\/12\/DSC0219-1-768x1061.jpg",768,1061,true],"large":["https:\/\/scar-id.com\/wp-content\/uploads\/2019\/12\/DSC0219-1-741x1024.jpg",741,1024,true],"1536x1536":["https:\/\/scar-id.com\/wp-content\/uploads\/2019\/12\/DSC0219-1.jpg",824,1138,false],"2048x2048":["https:\/\/scar-id.com\/wp-content\/uploads\/2019\/12\/DSC0219-1.jpg",824,1138,false],"woocommerce_thumbnail":["https:\/\/scar-id.com\/wp-content\/uploads\/2019\/12\/DSC0219-1-324x447.jpg",324,447,true],"woocommerce_single":["https:\/\/scar-id.com\/wp-content\/uploads\/2019\/12\/DSC0219-1-416x575.jpg",416,575,true],"woocommerce_gallery_thumbnail":["https:\/\/scar-id.com\/wp-content\/uploads\/2019\/12\/DSC0219-1-100x100.jpg",100,100,true]},"uagb_author_info":{"display_name":"scar-id","author_link":"https:\/\/scar-id.com\/pt-pt\/author\/"},"uagb_comment_info":0,"uagb_excerpt":"Material: Impress\u00e3o 3D PLA Preto Cor: Preto \/ Branco \/ Verde Nota: Para encomendar um anel, sugerimos que nos forne\u00e7a a medida interna que deseja, para podermos produzir o tamanho perfeito para si As pe\u00e7as de joalharia de WEK s\u00e3o Desenhadas e Produzidas em Portugal Para informa\u00e7\u00f5es e medidas por favor contacte-nos: info@scar-id.com\u00a0\/ (+351) 22\u00a0203&hellip;","_links":{"self":[{"href":"https:\/\/scar-id.com\/pt-pt\/wp-json\/wp\/v2\/product\/11338","targetHints":{"allow":["GET"]}}],"collection":[{"href":"https:\/\/scar-id.com\/pt-pt\/wp-json\/wp\/v2\/product"}],"about":[{"href":"https:\/\/scar-id.com\/pt-pt\/wp-json\/wp\/v2\/types\/product"}],"wp:featuredmedia":[{"embeddable":true,"href":"https:\/\/scar-id.com\/pt-pt\/wp-json\/wp\/v2\/media\/7849"}],"wp:attachment":[{"href":"https:\/\/scar-id.com\/pt-pt\/wp-json\/wp\/v2\/media?parent=11338"}],"wp:term":[{"taxonomy":"product_brand","embeddable":true,"href":"https:\/\/scar-id.com\/pt-pt\/wp-json\/wp\/v2\/product_brand?post=11338"},{"taxonomy":"product_cat","embeddable":true,"href":"https:\/\/scar-id.com\/pt-pt\/wp-json\/wp\/v2\/product_cat?post=11338"},{"taxonomy":"product_tag","embeddable":true,"href":"https:\/\/scar-id.com\/pt-pt\/wp-json\/wp\/v2\/product_tag?post=11338"}],"curies":[{"name":"wp","href":"https:\/\/api.w.org\/{rel}","templated":true}]}}