{"id":11361,"date":"2019-12-13T16:08:40","date_gmt":"2019-12-13T16:08:40","guid":{"rendered":"https:\/\/scar-id.com\/produto\/casacade-necklace-copy-copy-copy-2\/"},"modified":"2020-05-20T14:54:05","modified_gmt":"2020-05-20T14:54:05","slug":"colar-assimetrico-cinzento","status":"publish","type":"product","link":"https:\/\/scar-id.com\/pt-pt\/produto\/colar-assimetrico-cinzento\/","title":{"rendered":"Colar Assim\u00e9trico Cinzento"},"content":{"rendered":"<!DOCTYPE html PUBLIC \"-\/\/W3C\/\/DTD HTML 4.0 Transitional\/\/EN\" \"http:\/\/www.w3.org\/TR\/REC-html40\/loose.dtd\">\n<html><body><p><img fetchpriority=\"high\" decoding=\"async\" class=\"alignnone size-full wp-image-7777\" src=\"https:\/\/scar-id.com\/wp-content\/uploads\/2019\/12\/29.-bold-assimetrico-1.jpg\" alt=\"\" width=\"1400\" height=\"1551\" srcset=\"https:\/\/scar-id.com\/wp-content\/uploads\/2019\/12\/29.-bold-assimetrico-1.jpg 903w, https:\/\/scar-id.com\/wp-content\/uploads\/2019\/12\/29.-bold-assimetrico-1-271x300.jpg 271w, https:\/\/scar-id.com\/wp-content\/uploads\/2019\/12\/29.-bold-assimetrico-1-924x1024.jpg 924w, https:\/\/scar-id.com\/wp-content\/uploads\/2019\/12\/29.-bold-assimetrico-1-768x851.jpg 768w, https:\/\/scar-id.com\/wp-content\/uploads\/2019\/12\/29.-bold-assimetrico-1-1386x1536.jpg 1386w, https:\/\/scar-id.com\/wp-content\/uploads\/2019\/12\/29.-bold-assimetrico-1-324x359.jpg 324w, https:\/\/scar-id.com\/wp-content\/uploads\/2019\/12\/29.-bold-assimetrico-1-416x461.jpg 416w\" sizes=\"(max-width: 1400px) 100vw, 1400px\" \/> <img decoding=\"async\" class=\"alignnone size-full wp-image-7779\" src=\"https:\/\/scar-id.com\/wp-content\/uploads\/2019\/12\/29.1.-bold-assimetrico-1.jpg\" alt=\"\" width=\"1400\" height=\"1543\" srcset=\"https:\/\/scar-id.com\/wp-content\/uploads\/2019\/12\/29.1.-bold-assimetrico-1.jpg 907w, https:\/\/scar-id.com\/wp-content\/uploads\/2019\/12\/29.1.-bold-assimetrico-1-272x300.jpg 272w, https:\/\/scar-id.com\/wp-content\/uploads\/2019\/12\/29.1.-bold-assimetrico-1-929x1024.jpg 929w, https:\/\/scar-id.com\/wp-content\/uploads\/2019\/12\/29.1.-bold-assimetrico-1-768x846.jpg 768w, https:\/\/scar-id.com\/wp-content\/uploads\/2019\/12\/29.1.-bold-assimetrico-1-1394x1536.jpg 1394w, https:\/\/scar-id.com\/wp-content\/uploads\/2019\/12\/29.1.-bold-assimetrico-1-324x357.jpg 324w, https:\/\/scar-id.com\/wp-content\/uploads\/2019\/12\/29.1.-bold-assimetrico-1-416x458.jpg 416w\" sizes=\"(max-width: 1400px) 100vw, 1400px\" \/><\/p>\n<\/body><\/html>\n","protected":false},"excerpt":{"rendered":"<h6><strong>Fio:<\/strong> PVC Cinzento<\/h6>\n<h6><strong>Fecho: <\/strong>Impress\u00e3o 3D PLA Cinzento<\/h6>\n<p>&nbsp;<\/p>\n<h6><\/h6>\n<h6>Tempo para produ\u00e7\u00e3o: 7 dias<\/h6>\n<h6><\/h6>\n<p>&nbsp;<\/p>\n<h6>As pe\u00e7as de joalharia de WEK s\u00e3o<\/h6>\n<h6>Desenhadas e Produzidas em Portugal<\/h6>\n<h6>Para informa\u00e7\u00f5es e medidas por favor contacte-nos:<\/h6>\n<h6><a href=\"mailto:info@scar-id.com\">info@scar-id.com<\/a>\u00a0\/ (+351) 22\u00a0203 3087<\/h6>\n","protected":false},"featured_media":7737,"template":"","meta":{"_uag_custom_page_level_css":""},"product_brand":[],"product_cat":[286,176],"product_tag":[],"class_list":{"0":"post-11361","1":"product","2":"type-product","3":"status-publish","4":"has-post-thumbnail","6":"product_cat-seleccao-joalharia","7":"product_cat-wek","8":"pif-has-gallery","10":"first","11":"outofstock","12":"taxable","13":"shipping-taxable","14":"purchasable","15":"product-type-simple"},"aioseo_notices":[],"uagb_featured_image_src":{"full":["https:\/\/scar-id.com\/wp-content\/uploads\/2019\/12\/29.1.-bold-assimetrico.jpg",824,1138,false],"thumbnail":["https:\/\/scar-id.com\/wp-content\/uploads\/2019\/12\/29.1.-bold-assimetrico-150x150.jpg",150,150,true],"medium":["https:\/\/scar-id.com\/wp-content\/uploads\/2019\/12\/29.1.-bold-assimetrico-217x300.jpg",217,300,true],"medium_large":["https:\/\/scar-id.com\/wp-content\/uploads\/2019\/12\/29.1.-bold-assimetrico-768x1061.jpg",768,1061,true],"large":["https:\/\/scar-id.com\/wp-content\/uploads\/2019\/12\/29.1.-bold-assimetrico-741x1024.jpg",741,1024,true],"1536x1536":["https:\/\/scar-id.com\/wp-content\/uploads\/2019\/12\/29.1.-bold-assimetrico.jpg",824,1138,false],"2048x2048":["https:\/\/scar-id.com\/wp-content\/uploads\/2019\/12\/29.1.-bold-assimetrico.jpg",824,1138,false],"woocommerce_thumbnail":["https:\/\/scar-id.com\/wp-content\/uploads\/2019\/12\/29.1.-bold-assimetrico-324x447.jpg",324,447,true],"woocommerce_single":["https:\/\/scar-id.com\/wp-content\/uploads\/2019\/12\/29.1.-bold-assimetrico-416x575.jpg",416,575,true],"woocommerce_gallery_thumbnail":["https:\/\/scar-id.com\/wp-content\/uploads\/2019\/12\/29.1.-bold-assimetrico-100x100.jpg",100,100,true]},"uagb_author_info":{"display_name":"scar-id","author_link":"https:\/\/scar-id.com\/pt-pt\/author\/"},"uagb_comment_info":0,"uagb_excerpt":"Fio: PVC Cinzento Fecho: Impress\u00e3o 3D PLA Cinzento &nbsp; Tempo para produ\u00e7\u00e3o: 7 dias &nbsp; As pe\u00e7as de joalharia de WEK s\u00e3o Desenhadas e Produzidas em Portugal Para informa\u00e7\u00f5es e medidas por favor contacte-nos: info@scar-id.com\u00a0\/ (+351) 22\u00a0203 3087","_links":{"self":[{"href":"https:\/\/scar-id.com\/pt-pt\/wp-json\/wp\/v2\/product\/11361","targetHints":{"allow":["GET"]}}],"collection":[{"href":"https:\/\/scar-id.com\/pt-pt\/wp-json\/wp\/v2\/product"}],"about":[{"href":"https:\/\/scar-id.com\/pt-pt\/wp-json\/wp\/v2\/types\/product"}],"wp:featuredmedia":[{"embeddable":true,"href":"https:\/\/scar-id.com\/pt-pt\/wp-json\/wp\/v2\/media\/7737"}],"wp:attachment":[{"href":"https:\/\/scar-id.com\/pt-pt\/wp-json\/wp\/v2\/media?parent=11361"}],"wp:term":[{"taxonomy":"product_brand","embeddable":true,"href":"https:\/\/scar-id.com\/pt-pt\/wp-json\/wp\/v2\/product_brand?post=11361"},{"taxonomy":"product_cat","embeddable":true,"href":"https:\/\/scar-id.com\/pt-pt\/wp-json\/wp\/v2\/product_cat?post=11361"},{"taxonomy":"product_tag","embeddable":true,"href":"https:\/\/scar-id.com\/pt-pt\/wp-json\/wp\/v2\/product_tag?post=11361"}],"curies":[{"name":"wp","href":"https:\/\/api.w.org\/{rel}","templated":true}]}}