{"id":11362,"date":"2019-12-13T16:08:38","date_gmt":"2019-12-13T16:08:38","guid":{"rendered":"https:\/\/scar-id.com\/produto\/casacade-necklace-copy-copy-3\/"},"modified":"2020-05-20T17:36:42","modified_gmt":"2020-05-20T17:36:42","slug":"colar-messy-assimetrico","status":"publish","type":"product","link":"https:\/\/scar-id.com\/pt-pt\/produto\/colar-messy-assimetrico\/","title":{"rendered":"Colar Messy Assim\u00e9trico"},"content":{"rendered":"<!DOCTYPE html PUBLIC \"-\/\/W3C\/\/DTD HTML 4.0 Transitional\/\/EN\" \"http:\/\/www.w3.org\/TR\/REC-html40\/loose.dtd\">\n<html><body><p><img fetchpriority=\"high\" decoding=\"async\" class=\"alignnone size-full wp-image-7803\" src=\"https:\/\/scar-id.com\/wp-content\/uploads\/2019\/12\/30.-bold-assimetrico-preto-1.jpg\" alt=\"\" width=\"1400\" height=\"1631\" srcset=\"https:\/\/scar-id.com\/wp-content\/uploads\/2019\/12\/30.-bold-assimetrico-preto-1.jpg 858w, https:\/\/scar-id.com\/wp-content\/uploads\/2019\/12\/30.-bold-assimetrico-preto-1-258x300.jpg 258w, https:\/\/scar-id.com\/wp-content\/uploads\/2019\/12\/30.-bold-assimetrico-preto-1-879x1024.jpg 879w, https:\/\/scar-id.com\/wp-content\/uploads\/2019\/12\/30.-bold-assimetrico-preto-1-768x895.jpg 768w, https:\/\/scar-id.com\/wp-content\/uploads\/2019\/12\/30.-bold-assimetrico-preto-1-1318x1536.jpg 1318w, https:\/\/scar-id.com\/wp-content\/uploads\/2019\/12\/30.-bold-assimetrico-preto-1-324x377.jpg 324w, https:\/\/scar-id.com\/wp-content\/uploads\/2019\/12\/30.-bold-assimetrico-preto-1-416x485.jpg 416w\" sizes=\"(max-width: 1400px) 100vw, 1400px\" \/> <img decoding=\"async\" class=\"alignnone size-full wp-image-7805\" src=\"https:\/\/scar-id.com\/wp-content\/uploads\/2019\/12\/31.-bold-assimetrico-preto-1.jpg\" alt=\"\" width=\"1400\" height=\"1479\" srcset=\"https:\/\/scar-id.com\/wp-content\/uploads\/2019\/12\/31.-bold-assimetrico-preto-1.jpg 947w, https:\/\/scar-id.com\/wp-content\/uploads\/2019\/12\/31.-bold-assimetrico-preto-1-284x300.jpg 284w, https:\/\/scar-id.com\/wp-content\/uploads\/2019\/12\/31.-bold-assimetrico-preto-1-969x1024.jpg 969w, https:\/\/scar-id.com\/wp-content\/uploads\/2019\/12\/31.-bold-assimetrico-preto-1-768x811.jpg 768w, https:\/\/scar-id.com\/wp-content\/uploads\/2019\/12\/31.-bold-assimetrico-preto-1-324x342.jpg 324w, https:\/\/scar-id.com\/wp-content\/uploads\/2019\/12\/31.-bold-assimetrico-preto-1-416x439.jpg 416w\" sizes=\"(max-width: 1400px) 100vw, 1400px\" \/><\/p>\n<\/body><\/html>\n","protected":false},"excerpt":{"rendered":"<h6><strong>Fio:<\/strong> PVC Preto<\/h6>\n<h6><strong>Fecho: <\/strong>Impress\u00e3o 3D PLA Preto<\/h6>\n<p>&nbsp;<\/p>\n<h6>Tempo para produ\u00e7\u00e3o: 7 dias<\/h6>\n<p>&nbsp;<\/p>\n<h6>As pe\u00e7as de joalharia de WEK s\u00e3o<\/h6>\n<h6>Desenhadas e Produzidas em Portugal<\/h6>\n<h6>Para informa\u00e7\u00f5es e medidas por favor contacte-nos:<\/h6>\n<h6><a href=\"mailto:info@scar-id.com\">info@scar-id.com<\/a>\u00a0\/ (+351) 22\u00a0203 3087<\/h6>\n","protected":false},"featured_media":7739,"template":"","meta":{"_uag_custom_page_level_css":""},"product_brand":[],"product_cat":[176],"product_tag":[],"class_list":{"0":"post-11362","1":"product","2":"type-product","3":"status-publish","4":"has-post-thumbnail","6":"product_cat-wek","7":"pif-has-gallery","9":"first","10":"outofstock","11":"taxable","12":"shipping-taxable","13":"purchasable","14":"product-type-simple"},"aioseo_notices":[],"uagb_featured_image_src":{"full":["https:\/\/scar-id.com\/wp-content\/uploads\/2019\/12\/30.-bold-assimetrico-preto.jpg",824,1138,false],"thumbnail":["https:\/\/scar-id.com\/wp-content\/uploads\/2019\/12\/30.-bold-assimetrico-preto-150x150.jpg",150,150,true],"medium":["https:\/\/scar-id.com\/wp-content\/uploads\/2019\/12\/30.-bold-assimetrico-preto-217x300.jpg",217,300,true],"medium_large":["https:\/\/scar-id.com\/wp-content\/uploads\/2019\/12\/30.-bold-assimetrico-preto-768x1061.jpg",768,1061,true],"large":["https:\/\/scar-id.com\/wp-content\/uploads\/2019\/12\/30.-bold-assimetrico-preto-741x1024.jpg",741,1024,true],"1536x1536":["https:\/\/scar-id.com\/wp-content\/uploads\/2019\/12\/30.-bold-assimetrico-preto.jpg",824,1138,false],"2048x2048":["https:\/\/scar-id.com\/wp-content\/uploads\/2019\/12\/30.-bold-assimetrico-preto.jpg",824,1138,false],"woocommerce_thumbnail":["https:\/\/scar-id.com\/wp-content\/uploads\/2019\/12\/30.-bold-assimetrico-preto-324x447.jpg",324,447,true],"woocommerce_single":["https:\/\/scar-id.com\/wp-content\/uploads\/2019\/12\/30.-bold-assimetrico-preto-416x575.jpg",416,575,true],"woocommerce_gallery_thumbnail":["https:\/\/scar-id.com\/wp-content\/uploads\/2019\/12\/30.-bold-assimetrico-preto-100x100.jpg",100,100,true]},"uagb_author_info":{"display_name":"scar-id","author_link":"https:\/\/scar-id.com\/pt-pt\/author\/"},"uagb_comment_info":0,"uagb_excerpt":"Fio: PVC Preto Fecho: Impress\u00e3o 3D PLA Preto &nbsp; Tempo para produ\u00e7\u00e3o: 7 dias &nbsp; As pe\u00e7as de joalharia de WEK s\u00e3o Desenhadas e Produzidas em Portugal Para informa\u00e7\u00f5es e medidas por favor contacte-nos: info@scar-id.com\u00a0\/ (+351) 22\u00a0203 3087","_links":{"self":[{"href":"https:\/\/scar-id.com\/pt-pt\/wp-json\/wp\/v2\/product\/11362","targetHints":{"allow":["GET"]}}],"collection":[{"href":"https:\/\/scar-id.com\/pt-pt\/wp-json\/wp\/v2\/product"}],"about":[{"href":"https:\/\/scar-id.com\/pt-pt\/wp-json\/wp\/v2\/types\/product"}],"wp:featuredmedia":[{"embeddable":true,"href":"https:\/\/scar-id.com\/pt-pt\/wp-json\/wp\/v2\/media\/7739"}],"wp:attachment":[{"href":"https:\/\/scar-id.com\/pt-pt\/wp-json\/wp\/v2\/media?parent=11362"}],"wp:term":[{"taxonomy":"product_brand","embeddable":true,"href":"https:\/\/scar-id.com\/pt-pt\/wp-json\/wp\/v2\/product_brand?post=11362"},{"taxonomy":"product_cat","embeddable":true,"href":"https:\/\/scar-id.com\/pt-pt\/wp-json\/wp\/v2\/product_cat?post=11362"},{"taxonomy":"product_tag","embeddable":true,"href":"https:\/\/scar-id.com\/pt-pt\/wp-json\/wp\/v2\/product_tag?post=11362"}],"curies":[{"name":"wp","href":"https:\/\/api.w.org\/{rel}","templated":true}]}}