{"id":11371,"date":"2019-12-13T15:09:55","date_gmt":"2019-12-13T15:09:55","guid":{"rendered":"https:\/\/scar-id.com\/produto\/black-xl-bracelet\/"},"modified":"2020-03-24T17:14:42","modified_gmt":"2020-03-24T17:14:42","slug":"black-xl-bracelet","status":"publish","type":"product","link":"https:\/\/scar-id.com\/pt-pt\/produto\/black-xl-bracelet\/","title":{"rendered":"Pulseira XL Preta"},"content":{"rendered":"<!DOCTYPE html PUBLIC \"-\/\/W3C\/\/DTD HTML 4.0 Transitional\/\/EN\" \"http:\/\/www.w3.org\/TR\/REC-html40\/loose.dtd\">\n<html><body><p><img fetchpriority=\"high\" decoding=\"async\" class=\"alignnone size-full wp-image-7621\" src=\"https:\/\/scar-id.com\/wp-content\/uploads\/2019\/12\/DSC0027.jpg\" alt=\"\" width=\"1400\" height=\"1087\" srcset=\"https:\/\/scar-id.com\/wp-content\/uploads\/2019\/12\/DSC0027.jpg 1000w, https:\/\/scar-id.com\/wp-content\/uploads\/2019\/12\/DSC0027-300x233.jpg 300w, https:\/\/scar-id.com\/wp-content\/uploads\/2019\/12\/DSC0027-1024x795.jpg 1024w, https:\/\/scar-id.com\/wp-content\/uploads\/2019\/12\/DSC0027-768x596.jpg 768w, https:\/\/scar-id.com\/wp-content\/uploads\/2019\/12\/DSC0027-324x252.jpg 324w, https:\/\/scar-id.com\/wp-content\/uploads\/2019\/12\/DSC0027-416x323.jpg 416w\" sizes=\"(max-width: 1400px) 100vw, 1400px\" \/> <img decoding=\"async\" class=\"alignnone size-full wp-image-7623\" src=\"https:\/\/scar-id.com\/wp-content\/uploads\/2019\/12\/DSC0116.jpg\" alt=\"\" width=\"1400\" height=\"1087\" srcset=\"https:\/\/scar-id.com\/wp-content\/uploads\/2019\/12\/DSC0116.jpg 1000w, https:\/\/scar-id.com\/wp-content\/uploads\/2019\/12\/DSC0116-300x233.jpg 300w, https:\/\/scar-id.com\/wp-content\/uploads\/2019\/12\/DSC0116-1024x795.jpg 1024w, https:\/\/scar-id.com\/wp-content\/uploads\/2019\/12\/DSC0116-768x596.jpg 768w, https:\/\/scar-id.com\/wp-content\/uploads\/2019\/12\/DSC0116-324x252.jpg 324w, https:\/\/scar-id.com\/wp-content\/uploads\/2019\/12\/DSC0116-416x323.jpg 416w\" sizes=\"(max-width: 1400px) 100vw, 1400px\" \/> <img decoding=\"async\" class=\"alignnone size-full wp-image-7625\" src=\"https:\/\/scar-id.com\/wp-content\/uploads\/2019\/12\/DSC0127.jpg\" alt=\"\" width=\"1400\" height=\"1087\" srcset=\"https:\/\/scar-id.com\/wp-content\/uploads\/2019\/12\/DSC0127.jpg 1000w, https:\/\/scar-id.com\/wp-content\/uploads\/2019\/12\/DSC0127-300x233.jpg 300w, https:\/\/scar-id.com\/wp-content\/uploads\/2019\/12\/DSC0127-1024x795.jpg 1024w, https:\/\/scar-id.com\/wp-content\/uploads\/2019\/12\/DSC0127-768x596.jpg 768w, https:\/\/scar-id.com\/wp-content\/uploads\/2019\/12\/DSC0127-324x252.jpg 324w, https:\/\/scar-id.com\/wp-content\/uploads\/2019\/12\/DSC0127-416x323.jpg 416w\" sizes=\"(max-width: 1400px) 100vw, 1400px\" \/><\/p>\n<\/body><\/html>\n","protected":false},"excerpt":{"rendered":"<h6><strong>Descri\u00e7\u00e3o: <\/strong>A Colec\u00e7\u00e3o BLACK \u00e9 exclusiva para a scar-id store<\/h6>\n<h6><strong>Detalhe:<\/strong> Pe\u00e7a ajust\u00e1vel<\/h6>\n<h6><strong>Material: <\/strong>Impress\u00e3o 3D PLA Preto + Borracha Preta<\/h6>\n<h6><\/h6>\n<h6>As pe\u00e7as de joalharia de WEK s\u00e3o<\/h6>\n<h6>Desenhadas e Produzidas em Portugal<\/h6>\n<h6>Para informa\u00e7\u00f5es e medidas por favor contacte-nos:<\/h6>\n<h6><a href=\"mailto:info@scar-id.com\">info@scar-id.com<\/a>\u00a0\/ (+351) 22\u00a0203 3087<\/h6>\n<h6><\/h6>\n","protected":false},"featured_media":7592,"template":"","meta":{"_uag_custom_page_level_css":""},"product_brand":[],"product_cat":[93,176],"product_tag":[],"class_list":{"0":"post-11371","1":"product","2":"type-product","3":"status-publish","4":"has-post-thumbnail","6":"product_cat-pulseiras","7":"product_cat-wek","8":"pif-has-gallery","10":"first","11":"outofstock","12":"taxable","13":"shipping-taxable","14":"purchasable","15":"product-type-simple"},"aioseo_notices":[],"uagb_featured_image_src":{"full":["https:\/\/scar-id.com\/wp-content\/uploads\/2019\/12\/a2.jpg",824,1138,false],"thumbnail":["https:\/\/scar-id.com\/wp-content\/uploads\/2019\/12\/a2-150x150.jpg",150,150,true],"medium":["https:\/\/scar-id.com\/wp-content\/uploads\/2019\/12\/a2-217x300.jpg",217,300,true],"medium_large":["https:\/\/scar-id.com\/wp-content\/uploads\/2019\/12\/a2-768x1061.jpg",768,1061,true],"large":["https:\/\/scar-id.com\/wp-content\/uploads\/2019\/12\/a2-741x1024.jpg",741,1024,true],"1536x1536":["https:\/\/scar-id.com\/wp-content\/uploads\/2019\/12\/a2.jpg",824,1138,false],"2048x2048":["https:\/\/scar-id.com\/wp-content\/uploads\/2019\/12\/a2.jpg",824,1138,false],"woocommerce_thumbnail":["https:\/\/scar-id.com\/wp-content\/uploads\/2019\/12\/a2-324x447.jpg",324,447,true],"woocommerce_single":["https:\/\/scar-id.com\/wp-content\/uploads\/2019\/12\/a2-416x575.jpg",416,575,true],"woocommerce_gallery_thumbnail":["https:\/\/scar-id.com\/wp-content\/uploads\/2019\/12\/a2-100x100.jpg",100,100,true]},"uagb_author_info":{"display_name":"scar-id","author_link":"https:\/\/scar-id.com\/pt-pt\/author\/"},"uagb_comment_info":0,"uagb_excerpt":"Descri\u00e7\u00e3o: A Colec\u00e7\u00e3o BLACK \u00e9 exclusiva para a scar-id store Detalhe: Pe\u00e7a ajust\u00e1vel Material: Impress\u00e3o 3D PLA Preto + Borracha Preta As pe\u00e7as de joalharia de WEK s\u00e3o Desenhadas e Produzidas em Portugal Para informa\u00e7\u00f5es e medidas por favor contacte-nos: info@scar-id.com\u00a0\/ (+351) 22\u00a0203 3087","_links":{"self":[{"href":"https:\/\/scar-id.com\/pt-pt\/wp-json\/wp\/v2\/product\/11371","targetHints":{"allow":["GET"]}}],"collection":[{"href":"https:\/\/scar-id.com\/pt-pt\/wp-json\/wp\/v2\/product"}],"about":[{"href":"https:\/\/scar-id.com\/pt-pt\/wp-json\/wp\/v2\/types\/product"}],"wp:featuredmedia":[{"embeddable":true,"href":"https:\/\/scar-id.com\/pt-pt\/wp-json\/wp\/v2\/media\/7592"}],"wp:attachment":[{"href":"https:\/\/scar-id.com\/pt-pt\/wp-json\/wp\/v2\/media?parent=11371"}],"wp:term":[{"taxonomy":"product_brand","embeddable":true,"href":"https:\/\/scar-id.com\/pt-pt\/wp-json\/wp\/v2\/product_brand?post=11371"},{"taxonomy":"product_cat","embeddable":true,"href":"https:\/\/scar-id.com\/pt-pt\/wp-json\/wp\/v2\/product_cat?post=11371"},{"taxonomy":"product_tag","embeddable":true,"href":"https:\/\/scar-id.com\/pt-pt\/wp-json\/wp\/v2\/product_tag?post=11371"}],"curies":[{"name":"wp","href":"https:\/\/api.w.org\/{rel}","templated":true}]}}