{"id":11378,"date":"2020-01-27T19:41:57","date_gmt":"2020-01-27T19:41:57","guid":{"rendered":"https:\/\/scar-id.com\/produto\/complex-jacquard-kimono\/"},"modified":"2021-05-29T15:30:27","modified_gmt":"2021-05-29T15:30:27","slug":"complex-jacquard-kimono","status":"publish","type":"product","link":"https:\/\/scar-id.com\/pt-pt\/produto\/complex-jacquard-kimono\/","title":{"rendered":"Complex Jacquard Kimono"},"content":{"rendered":"<!DOCTYPE html PUBLIC \"-\/\/W3C\/\/DTD HTML 4.0 Transitional\/\/EN\" \"http:\/\/www.w3.org\/TR\/REC-html40\/loose.dtd\">\n<html><body><p><img fetchpriority=\"high\" decoding=\"async\" class=\"alignnone size-full wp-image-8774\" src=\"https:\/\/scar-id.com\/wp-content\/uploads\/2020\/01\/kimono-complex-jacquard.jpg\" alt=\"\" width=\"1400\" height=\"2551\" srcset=\"https:\/\/scar-id.com\/wp-content\/uploads\/2020\/01\/kimono-complex-jacquard.jpg 549w, https:\/\/scar-id.com\/wp-content\/uploads\/2020\/01\/kimono-complex-jacquard-165x300.jpg 165w, https:\/\/scar-id.com\/wp-content\/uploads\/2020\/01\/kimono-complex-jacquard-562x1024.jpg 562w, https:\/\/scar-id.com\/wp-content\/uploads\/2020\/01\/kimono-complex-jacquard-768x1399.jpg 768w, https:\/\/scar-id.com\/wp-content\/uploads\/2020\/01\/kimono-complex-jacquard-843x1536.jpg 843w, https:\/\/scar-id.com\/wp-content\/uploads\/2020\/01\/kimono-complex-jacquard-1124x2048.jpg 1124w, https:\/\/scar-id.com\/wp-content\/uploads\/2020\/01\/kimono-complex-jacquard-324x590.jpg 324w, https:\/\/scar-id.com\/wp-content\/uploads\/2020\/01\/kimono-complex-jacquard-416x758.jpg 416w\" sizes=\"(max-width: 1400px) 100vw, 1400px\" \/><img decoding=\"async\" class=\"alignnone size-full wp-image-8876\" src=\"https:\/\/scar-id.com\/wp-content\/uploads\/2020\/01\/kimono-complex-jacquard.1.jpg\" alt=\"\" width=\"1400\" height=\"2354\" srcset=\"https:\/\/scar-id.com\/wp-content\/uploads\/2020\/01\/kimono-complex-jacquard.1.jpg 595w, https:\/\/scar-id.com\/wp-content\/uploads\/2020\/01\/kimono-complex-jacquard.1-178x300.jpg 178w, https:\/\/scar-id.com\/wp-content\/uploads\/2020\/01\/kimono-complex-jacquard.1-609x1024.jpg 609w, https:\/\/scar-id.com\/wp-content\/uploads\/2020\/01\/kimono-complex-jacquard.1-768x1291.jpg 768w, https:\/\/scar-id.com\/wp-content\/uploads\/2020\/01\/kimono-complex-jacquard.1-914x1536.jpg 914w, https:\/\/scar-id.com\/wp-content\/uploads\/2020\/01\/kimono-complex-jacquard.1-1218x2048.jpg 1218w, https:\/\/scar-id.com\/wp-content\/uploads\/2020\/01\/kimono-complex-jacquard.1-324x545.jpg 324w, https:\/\/scar-id.com\/wp-content\/uploads\/2020\/01\/kimono-complex-jacquard.1-416x699.jpg 416w\" sizes=\"(max-width: 1400px) 100vw, 1400px\" \/><\/p>\n<\/body><\/html>\n","protected":false},"excerpt":{"rendered":"<h6><strong>Material: <\/strong>84% Viscose + 2% Poli\u00e9ster + 9% Elit\u00e9 + 5% PTB<\/h6>\n<h6><\/h6>\n<p>&nbsp;<\/p>\n<h6>Todas as pe\u00e7as de Susana Bettencourt s\u00e3o<\/h6>\n<h6>Desenhadas e Produzidas em Portugal<\/h6>\n<h6>Para informa\u00e7\u00f5es, por favor contacte-nos:<\/h6>\n<h6><a href=\"mailto:info@scar-id.com\">info@scar-id.com<\/a>\u00a0\/ (+351) 22\u00a0203 3087<\/h6>\n","protected":false},"featured_media":8783,"template":"","meta":{"_uag_custom_page_level_css":""},"product_brand":[],"product_cat":[172],"product_tag":[],"class_list":{"0":"post-11378","1":"product","2":"type-product","3":"status-publish","4":"has-post-thumbnail","6":"product_cat-susana-bettencourt","7":"pif-has-gallery","9":"first","10":"instock","11":"sale","12":"taxable","13":"shipping-taxable","14":"purchasable","15":"product-type-simple"},"aioseo_notices":[],"uagb_featured_image_src":{"full":["https:\/\/scar-id.com\/wp-content\/uploads\/2020\/01\/kimono-complex-jacquard-2.jpg",824,1138,false],"thumbnail":["https:\/\/scar-id.com\/wp-content\/uploads\/2020\/01\/kimono-complex-jacquard-2-150x150.jpg",150,150,true],"medium":["https:\/\/scar-id.com\/wp-content\/uploads\/2020\/01\/kimono-complex-jacquard-2-217x300.jpg",217,300,true],"medium_large":["https:\/\/scar-id.com\/wp-content\/uploads\/2020\/01\/kimono-complex-jacquard-2-768x1061.jpg",768,1061,true],"large":["https:\/\/scar-id.com\/wp-content\/uploads\/2020\/01\/kimono-complex-jacquard-2-741x1024.jpg",741,1024,true],"1536x1536":["https:\/\/scar-id.com\/wp-content\/uploads\/2020\/01\/kimono-complex-jacquard-2.jpg",824,1138,false],"2048x2048":["https:\/\/scar-id.com\/wp-content\/uploads\/2020\/01\/kimono-complex-jacquard-2.jpg",824,1138,false],"woocommerce_thumbnail":["https:\/\/scar-id.com\/wp-content\/uploads\/2020\/01\/kimono-complex-jacquard-2-324x447.jpg",324,447,true],"woocommerce_single":["https:\/\/scar-id.com\/wp-content\/uploads\/2020\/01\/kimono-complex-jacquard-2-416x575.jpg",416,575,true],"woocommerce_gallery_thumbnail":["https:\/\/scar-id.com\/wp-content\/uploads\/2020\/01\/kimono-complex-jacquard-2-100x100.jpg",100,100,true]},"uagb_author_info":{"display_name":"scar-id","author_link":"https:\/\/scar-id.com\/pt-pt\/author\/"},"uagb_comment_info":0,"uagb_excerpt":"Material: 84% Viscose + 2% Poli\u00e9ster + 9% Elit\u00e9 + 5% PTB &nbsp; Todas as pe\u00e7as de Susana Bettencourt s\u00e3o Desenhadas e Produzidas em Portugal Para informa\u00e7\u00f5es, por favor contacte-nos: info@scar-id.com\u00a0\/ (+351) 22\u00a0203 3087","_links":{"self":[{"href":"https:\/\/scar-id.com\/pt-pt\/wp-json\/wp\/v2\/product\/11378","targetHints":{"allow":["GET"]}}],"collection":[{"href":"https:\/\/scar-id.com\/pt-pt\/wp-json\/wp\/v2\/product"}],"about":[{"href":"https:\/\/scar-id.com\/pt-pt\/wp-json\/wp\/v2\/types\/product"}],"wp:featuredmedia":[{"embeddable":true,"href":"https:\/\/scar-id.com\/pt-pt\/wp-json\/wp\/v2\/media\/8783"}],"wp:attachment":[{"href":"https:\/\/scar-id.com\/pt-pt\/wp-json\/wp\/v2\/media?parent=11378"}],"wp:term":[{"taxonomy":"product_brand","embeddable":true,"href":"https:\/\/scar-id.com\/pt-pt\/wp-json\/wp\/v2\/product_brand?post=11378"},{"taxonomy":"product_cat","embeddable":true,"href":"https:\/\/scar-id.com\/pt-pt\/wp-json\/wp\/v2\/product_cat?post=11378"},{"taxonomy":"product_tag","embeddable":true,"href":"https:\/\/scar-id.com\/pt-pt\/wp-json\/wp\/v2\/product_tag?post=11378"}],"curies":[{"name":"wp","href":"https:\/\/api.w.org\/{rel}","templated":true}]}}