{"id":11385,"date":"2019-11-05T12:40:48","date_gmt":"2019-11-05T12:40:48","guid":{"rendered":"https:\/\/scar-id.com\/produto\/check-jacquard-kimono\/"},"modified":"2021-05-29T15:51:55","modified_gmt":"2021-05-29T15:51:55","slug":"check-jacquard-kimono-susana-bettencourt","status":"publish","type":"product","link":"https:\/\/scar-id.com\/pt-pt\/produto\/check-jacquard-kimono-susana-bettencourt\/","title":{"rendered":"Kimono Check Jacquard"},"content":{"rendered":"<!DOCTYPE html PUBLIC \"-\/\/W3C\/\/DTD HTML 4.0 Transitional\/\/EN\" \"http:\/\/www.w3.org\/TR\/REC-html40\/loose.dtd\">\n<html><body><p><img fetchpriority=\"high\" decoding=\"async\" class=\"alignnone size-full wp-image-8784\" src=\"https:\/\/scar-id.com\/wp-content\/uploads\/2019\/11\/kimono.jpg\" alt=\"\" width=\"1400\" height=\"2480\" srcset=\"https:\/\/scar-id.com\/wp-content\/uploads\/2019\/11\/kimono.jpg 565w, https:\/\/scar-id.com\/wp-content\/uploads\/2019\/11\/kimono-169x300.jpg 169w, https:\/\/scar-id.com\/wp-content\/uploads\/2019\/11\/kimono-578x1024.jpg 578w, https:\/\/scar-id.com\/wp-content\/uploads\/2019\/11\/kimono-768x1360.jpg 768w, https:\/\/scar-id.com\/wp-content\/uploads\/2019\/11\/kimono-867x1536.jpg 867w, https:\/\/scar-id.com\/wp-content\/uploads\/2019\/11\/kimono-1156x2048.jpg 1156w, https:\/\/scar-id.com\/wp-content\/uploads\/2019\/11\/kimono-324x574.jpg 324w, https:\/\/scar-id.com\/wp-content\/uploads\/2019\/11\/kimono-416x737.jpg 416w\" sizes=\"(max-width: 1400px) 100vw, 1400px\" \/><img decoding=\"async\" class=\"size-full wp-image-4680 aligncenter\" src=\"https:\/\/scar-id.com\/wp-content\/uploads\/2019\/11\/3Y0A0044.jpg\" alt=\"\" width=\"1400\" height=\"1867\" srcset=\"https:\/\/scar-id.com\/wp-content\/uploads\/2019\/11\/3Y0A0044.jpg 750w, https:\/\/scar-id.com\/wp-content\/uploads\/2019\/11\/3Y0A0044-225x300.jpg 225w, https:\/\/scar-id.com\/wp-content\/uploads\/2019\/11\/3Y0A0044-768x1024.jpg 768w, https:\/\/scar-id.com\/wp-content\/uploads\/2019\/11\/3Y0A0044-324x432.jpg 324w, https:\/\/scar-id.com\/wp-content\/uploads\/2019\/11\/3Y0A0044-416x555.jpg 416w\" sizes=\"(max-width: 1400px) 100vw, 1400px\" \/><\/p>\n<\/body><\/html>\n","protected":false},"excerpt":{"rendered":"<h6><strong>Material:<\/strong> 50% L\u00e3 + 10% Poliamida + 20% Poli\u00e9ster + 11% Viscose + 2% Mohair + 1% Elit\u00e9 + 1% Nylon + 5% Acr\u00edlico<\/h6>\n<h6><\/h6>\n<h6>Todas as pe\u00e7as de Susana Bettencourt s\u00e3o<\/h6>\n<h6>Desenhadas e Produzidas em Portugal<\/h6>\n<h6>Para informa\u00e7\u00f5es, por favor contacte-nos:<\/h6>\n<h6><a href=\"mailto:info@scar-id.com\">info@scar-id.com<\/a>\u00a0\/ (+351) 22\u00a0203 3087<\/h6>\n","protected":false},"featured_media":8788,"template":"","meta":{"_uag_custom_page_level_css":""},"product_brand":[],"product_cat":[172],"product_tag":[],"class_list":{"0":"post-11385","1":"product","2":"type-product","3":"status-publish","4":"has-post-thumbnail","6":"product_cat-susana-bettencourt","7":"pif-has-gallery","9":"first","10":"instock","11":"sale","12":"taxable","13":"shipping-taxable","14":"purchasable","15":"product-type-simple"},"aioseo_notices":[],"uagb_featured_image_src":{"full":["https:\/\/scar-id.com\/wp-content\/uploads\/2019\/11\/kimono-1.jpg",824,1138,false],"thumbnail":["https:\/\/scar-id.com\/wp-content\/uploads\/2019\/11\/kimono-1-150x150.jpg",150,150,true],"medium":["https:\/\/scar-id.com\/wp-content\/uploads\/2019\/11\/kimono-1-217x300.jpg",217,300,true],"medium_large":["https:\/\/scar-id.com\/wp-content\/uploads\/2019\/11\/kimono-1-768x1061.jpg",768,1061,true],"large":["https:\/\/scar-id.com\/wp-content\/uploads\/2019\/11\/kimono-1-741x1024.jpg",741,1024,true],"1536x1536":["https:\/\/scar-id.com\/wp-content\/uploads\/2019\/11\/kimono-1.jpg",824,1138,false],"2048x2048":["https:\/\/scar-id.com\/wp-content\/uploads\/2019\/11\/kimono-1.jpg",824,1138,false],"woocommerce_thumbnail":["https:\/\/scar-id.com\/wp-content\/uploads\/2019\/11\/kimono-1-324x447.jpg",324,447,true],"woocommerce_single":["https:\/\/scar-id.com\/wp-content\/uploads\/2019\/11\/kimono-1-416x575.jpg",416,575,true],"woocommerce_gallery_thumbnail":["https:\/\/scar-id.com\/wp-content\/uploads\/2019\/11\/kimono-1-100x100.jpg",100,100,true]},"uagb_author_info":{"display_name":"scar-id","author_link":"https:\/\/scar-id.com\/pt-pt\/author\/"},"uagb_comment_info":0,"uagb_excerpt":"Material: 50% L\u00e3 + 10% Poliamida + 20% Poli\u00e9ster + 11% Viscose + 2% Mohair + 1% Elit\u00e9 + 1% Nylon + 5% Acr\u00edlico Todas as pe\u00e7as de Susana Bettencourt s\u00e3o Desenhadas e Produzidas em Portugal Para informa\u00e7\u00f5es, por favor contacte-nos: info@scar-id.com\u00a0\/ (+351) 22\u00a0203 3087","_links":{"self":[{"href":"https:\/\/scar-id.com\/pt-pt\/wp-json\/wp\/v2\/product\/11385","targetHints":{"allow":["GET"]}}],"collection":[{"href":"https:\/\/scar-id.com\/pt-pt\/wp-json\/wp\/v2\/product"}],"about":[{"href":"https:\/\/scar-id.com\/pt-pt\/wp-json\/wp\/v2\/types\/product"}],"wp:featuredmedia":[{"embeddable":true,"href":"https:\/\/scar-id.com\/pt-pt\/wp-json\/wp\/v2\/media\/8788"}],"wp:attachment":[{"href":"https:\/\/scar-id.com\/pt-pt\/wp-json\/wp\/v2\/media?parent=11385"}],"wp:term":[{"taxonomy":"product_brand","embeddable":true,"href":"https:\/\/scar-id.com\/pt-pt\/wp-json\/wp\/v2\/product_brand?post=11385"},{"taxonomy":"product_cat","embeddable":true,"href":"https:\/\/scar-id.com\/pt-pt\/wp-json\/wp\/v2\/product_cat?post=11385"},{"taxonomy":"product_tag","embeddable":true,"href":"https:\/\/scar-id.com\/pt-pt\/wp-json\/wp\/v2\/product_tag?post=11385"}],"curies":[{"name":"wp","href":"https:\/\/api.w.org\/{rel}","templated":true}]}}