{"id":11389,"date":"2019-11-05T12:37:56","date_gmt":"2019-11-05T12:37:56","guid":{"rendered":"https:\/\/scar-id.com\/produto\/check-jacquard-sweater\/"},"modified":"2020-04-01T17:51:00","modified_gmt":"2020-04-01T17:51:00","slug":"check-jacquard-sweater","status":"publish","type":"product","link":"https:\/\/scar-id.com\/pt-pt\/produto\/check-jacquard-sweater\/","title":{"rendered":"Camisola Check Jacquard"},"content":{"rendered":"<!DOCTYPE html PUBLIC \"-\/\/W3C\/\/DTD HTML 4.0 Transitional\/\/EN\" \"http:\/\/www.w3.org\/TR\/REC-html40\/loose.dtd\">\n<html><body><p><img fetchpriority=\"high\" decoding=\"async\" class=\"alignnone size-full wp-image-9018\" src=\"https:\/\/scar-id.com\/wp-content\/uploads\/2019\/11\/checksweat.jpg\" alt=\"\" width=\"1400\" height=\"1928\" srcset=\"https:\/\/scar-id.com\/wp-content\/uploads\/2019\/11\/checksweat.jpg 726w, https:\/\/scar-id.com\/wp-content\/uploads\/2019\/11\/checksweat-218x300.jpg 218w, https:\/\/scar-id.com\/wp-content\/uploads\/2019\/11\/checksweat-744x1024.jpg 744w, https:\/\/scar-id.com\/wp-content\/uploads\/2019\/11\/checksweat-768x1058.jpg 768w, https:\/\/scar-id.com\/wp-content\/uploads\/2019\/11\/checksweat-1115x1536.jpg 1115w, https:\/\/scar-id.com\/wp-content\/uploads\/2019\/11\/checksweat-324x446.jpg 324w, https:\/\/scar-id.com\/wp-content\/uploads\/2019\/11\/checksweat-416x573.jpg 416w\" sizes=\"(max-width: 1400px) 100vw, 1400px\" \/><img decoding=\"async\" class=\"size-full wp-image-4689 aligncenter\" src=\"https:\/\/scar-id.com\/wp-content\/uploads\/2019\/11\/3Y0A0061.jpg\" alt=\"\" width=\"1400\" height=\"1867\" srcset=\"https:\/\/scar-id.com\/wp-content\/uploads\/2019\/11\/3Y0A0061.jpg 750w, https:\/\/scar-id.com\/wp-content\/uploads\/2019\/11\/3Y0A0061-225x300.jpg 225w, https:\/\/scar-id.com\/wp-content\/uploads\/2019\/11\/3Y0A0061-768x1024.jpg 768w, https:\/\/scar-id.com\/wp-content\/uploads\/2019\/11\/3Y0A0061-324x432.jpg 324w, https:\/\/scar-id.com\/wp-content\/uploads\/2019\/11\/3Y0A0061-416x555.jpg 416w\" sizes=\"(max-width: 1400px) 100vw, 1400px\" \/><img decoding=\"async\" class=\"size-full wp-image-4733 aligncenter\" src=\"https:\/\/scar-id.com\/wp-content\/uploads\/2019\/11\/Susana_Bettencourt_2113199.jpg\" alt=\"\" width=\"1400\" height=\"2100\" srcset=\"https:\/\/scar-id.com\/wp-content\/uploads\/2019\/11\/Susana_Bettencourt_2113199.jpg 667w, https:\/\/scar-id.com\/wp-content\/uploads\/2019\/11\/Susana_Bettencourt_2113199-200x300.jpg 200w, https:\/\/scar-id.com\/wp-content\/uploads\/2019\/11\/Susana_Bettencourt_2113199-768x1152.jpg 768w, https:\/\/scar-id.com\/wp-content\/uploads\/2019\/11\/Susana_Bettencourt_2113199-683x1024.jpg 683w, https:\/\/scar-id.com\/wp-content\/uploads\/2019\/11\/Susana_Bettencourt_2113199-324x486.jpg 324w, https:\/\/scar-id.com\/wp-content\/uploads\/2019\/11\/Susana_Bettencourt_2113199-416x624.jpg 416w\" sizes=\"(max-width: 1400px) 100vw, 1400px\" \/><img loading=\"lazy\" decoding=\"async\" class=\"alignnone size-full wp-image-9021\" src=\"https:\/\/scar-id.com\/wp-content\/uploads\/2019\/11\/checksweat.detail.jpg\" alt=\"\" width=\"1400\" height=\"1742\" srcset=\"https:\/\/scar-id.com\/wp-content\/uploads\/2019\/11\/checksweat.detail.jpg 804w, https:\/\/scar-id.com\/wp-content\/uploads\/2019\/11\/checksweat.detail-241x300.jpg 241w, https:\/\/scar-id.com\/wp-content\/uploads\/2019\/11\/checksweat.detail-823x1024.jpg 823w, https:\/\/scar-id.com\/wp-content\/uploads\/2019\/11\/checksweat.detail-768x956.jpg 768w, https:\/\/scar-id.com\/wp-content\/uploads\/2019\/11\/checksweat.detail-1234x1536.jpg 1234w, https:\/\/scar-id.com\/wp-content\/uploads\/2019\/11\/checksweat.detail-324x403.jpg 324w, https:\/\/scar-id.com\/wp-content\/uploads\/2019\/11\/checksweat.detail-416x518.jpg 416w\" sizes=\"(max-width: 1400px) 100vw, 1400px\" \/><\/p>\n<\/body><\/html>\n","protected":false},"excerpt":{"rendered":"<h6><strong>Material:<\/strong> 50% L\u00e3 + 10% Poliamida + 20% Poli\u00e9ster + 11% Viscose + 2% Mohair + 1% Elit\u00e9 + 1% Nylon + 5% Acr\u00edlico<\/h6>\n<h6><\/h6>\n<h6>Todas as pe\u00e7as de Susana Bettencourt s\u00e3o<\/h6>\n<h6>Desenhadas e Produzidas em Portugal<\/h6>\n<h6>Para informa\u00e7\u00f5es, por favor contacte-nos:<\/h6>\n<h6><a href=\"mailto:info@scar-id.com\">info@scar-id.com<\/a>\u00a0\/ (+351) 22\u00a0203 3087<\/h6>\n","protected":false},"featured_media":9024,"template":"","meta":{"_uag_custom_page_level_css":""},"product_brand":[],"product_cat":[172],"product_tag":[],"class_list":{"0":"post-11389","1":"product","2":"type-product","3":"status-publish","4":"has-post-thumbnail","6":"product_cat-susana-bettencourt","7":"pif-has-gallery","9":"first","10":"instock","11":"sale","12":"taxable","13":"shipping-taxable","14":"purchasable","15":"product-type-simple"},"aioseo_notices":[],"uagb_featured_image_src":{"full":["https:\/\/scar-id.com\/wp-content\/uploads\/2019\/11\/checksweat-1.jpg",824,1138,false],"thumbnail":["https:\/\/scar-id.com\/wp-content\/uploads\/2019\/11\/checksweat-1-150x150.jpg",150,150,true],"medium":["https:\/\/scar-id.com\/wp-content\/uploads\/2019\/11\/checksweat-1-217x300.jpg",217,300,true],"medium_large":["https:\/\/scar-id.com\/wp-content\/uploads\/2019\/11\/checksweat-1-768x1061.jpg",768,1061,true],"large":["https:\/\/scar-id.com\/wp-content\/uploads\/2019\/11\/checksweat-1-741x1024.jpg",741,1024,true],"1536x1536":["https:\/\/scar-id.com\/wp-content\/uploads\/2019\/11\/checksweat-1.jpg",824,1138,false],"2048x2048":["https:\/\/scar-id.com\/wp-content\/uploads\/2019\/11\/checksweat-1.jpg",824,1138,false],"woocommerce_thumbnail":["https:\/\/scar-id.com\/wp-content\/uploads\/2019\/11\/checksweat-1-324x447.jpg",324,447,true],"woocommerce_single":["https:\/\/scar-id.com\/wp-content\/uploads\/2019\/11\/checksweat-1-416x575.jpg",416,575,true],"woocommerce_gallery_thumbnail":["https:\/\/scar-id.com\/wp-content\/uploads\/2019\/11\/checksweat-1-100x100.jpg",100,100,true]},"uagb_author_info":{"display_name":"scar-id","author_link":"https:\/\/scar-id.com\/pt-pt\/author\/"},"uagb_comment_info":0,"uagb_excerpt":"Material: 50% L\u00e3 + 10% Poliamida + 20% Poli\u00e9ster + 11% Viscose + 2% Mohair + 1% Elit\u00e9 + 1% Nylon + 5% Acr\u00edlico Todas as pe\u00e7as de Susana Bettencourt s\u00e3o Desenhadas e Produzidas em Portugal Para informa\u00e7\u00f5es, por favor contacte-nos: info@scar-id.com\u00a0\/ (+351) 22\u00a0203 3087","_links":{"self":[{"href":"https:\/\/scar-id.com\/pt-pt\/wp-json\/wp\/v2\/product\/11389","targetHints":{"allow":["GET"]}}],"collection":[{"href":"https:\/\/scar-id.com\/pt-pt\/wp-json\/wp\/v2\/product"}],"about":[{"href":"https:\/\/scar-id.com\/pt-pt\/wp-json\/wp\/v2\/types\/product"}],"wp:featuredmedia":[{"embeddable":true,"href":"https:\/\/scar-id.com\/pt-pt\/wp-json\/wp\/v2\/media\/9024"}],"wp:attachment":[{"href":"https:\/\/scar-id.com\/pt-pt\/wp-json\/wp\/v2\/media?parent=11389"}],"wp:term":[{"taxonomy":"product_brand","embeddable":true,"href":"https:\/\/scar-id.com\/pt-pt\/wp-json\/wp\/v2\/product_brand?post=11389"},{"taxonomy":"product_cat","embeddable":true,"href":"https:\/\/scar-id.com\/pt-pt\/wp-json\/wp\/v2\/product_cat?post=11389"},{"taxonomy":"product_tag","embeddable":true,"href":"https:\/\/scar-id.com\/pt-pt\/wp-json\/wp\/v2\/product_tag?post=11389"}],"curies":[{"name":"wp","href":"https:\/\/api.w.org\/{rel}","templated":true}]}}