{"id":11493,"date":"2019-10-18T13:29:25","date_gmt":"2019-10-18T13:29:25","guid":{"rendered":"https:\/\/scar-id.com\/produto\/band-tape-blue-sweater\/"},"modified":"2020-04-06T16:30:36","modified_gmt":"2020-04-06T16:30:36","slug":"band-tape-blue-sweater","status":"publish","type":"product","link":"https:\/\/scar-id.com\/pt-pt\/produto\/band-tape-blue-sweater\/","title":{"rendered":"Camisola Band Tape Azul"},"content":{"rendered":"<!DOCTYPE html PUBLIC \"-\/\/W3C\/\/DTD HTML 4.0 Transitional\/\/EN\" \"http:\/\/www.w3.org\/TR\/REC-html40\/loose.dtd\">\n<html><body><p><img fetchpriority=\"high\" decoding=\"async\" class=\"size-full wp-image-3993 aligncenter\" src=\"https:\/\/scar-id.com\/wp-content\/uploads\/2019\/10\/2.-BAND-tape-long-sleeve.Blue-copy-1.jpg\" alt=\"\" width=\"1400\" height=\"1715\"> <img decoding=\"async\" class=\"size-full wp-image-3995 aligncenter\" src=\"https:\/\/scar-id.com\/wp-content\/uploads\/2019\/10\/Carla_Pontes_1813924-3.jpg\" alt=\"\" width=\"1400\" height=\"2100\"><\/p>\n<\/body><\/html>\n","protected":false},"excerpt":{"rendered":"<h6><strong>Material:<\/strong>\u00a0 55% L\u00e3 + 37% Algod\u00e3o + 8% Poliamida<\/h6>\n<h6><strong>Tamanho:<\/strong> M<\/h6>\n<h6><\/h6>\n<h6><strong>Largura:<\/strong> 48cm<\/h6>\n<h6><strong>Altura:<\/strong> 72cm<\/h6>\n<h6><\/h6>\n<p>&nbsp;<\/p>\n<h6>Todas as pe\u00e7as de Carla Pontes s\u00e3o<\/h6>\n<h6>Desenhadas e Produzidas em Portugal<\/h6>\n<h6>Para informa\u00e7\u00f5es, por favor contacte-nos:<\/h6>\n<h6><a href=\"mailto:info@scar-id.com\">info@scar-id.com<\/a>\u00a0\/ (+351) 22\u00a0203 3087<\/h6>\n","protected":false},"featured_media":3998,"template":"","meta":{"_uag_custom_page_level_css":""},"product_brand":[],"product_cat":[],"product_tag":[],"class_list":{"0":"post-11493","1":"product","2":"type-product","3":"status-publish","4":"has-post-thumbnail","6":"pif-has-gallery","8":"first","9":"instock","10":"sale","11":"taxable","12":"shipping-taxable","13":"purchasable","14":"product-type-simple"},"aioseo_notices":[],"uagb_featured_image_src":{"full":["https:\/\/scar-id.com\/wp-content\/uploads\/2019\/10\/bandtapebluesweat-1.jpg",824,1138,false],"thumbnail":["https:\/\/scar-id.com\/wp-content\/uploads\/2019\/10\/bandtapebluesweat-1-150x150.jpg",150,150,true],"medium":["https:\/\/scar-id.com\/wp-content\/uploads\/2019\/10\/bandtapebluesweat-1-217x300.jpg",217,300,true],"medium_large":["https:\/\/scar-id.com\/wp-content\/uploads\/2019\/10\/bandtapebluesweat-1-768x1061.jpg",768,1061,true],"large":["https:\/\/scar-id.com\/wp-content\/uploads\/2019\/10\/bandtapebluesweat-1-741x1024.jpg",741,1024,true],"1536x1536":["https:\/\/scar-id.com\/wp-content\/uploads\/2019\/10\/bandtapebluesweat-1.jpg",824,1138,false],"2048x2048":["https:\/\/scar-id.com\/wp-content\/uploads\/2019\/10\/bandtapebluesweat-1.jpg",824,1138,false],"woocommerce_thumbnail":["https:\/\/scar-id.com\/wp-content\/uploads\/2019\/10\/bandtapebluesweat-1-324x447.jpg",324,447,true],"woocommerce_single":["https:\/\/scar-id.com\/wp-content\/uploads\/2019\/10\/bandtapebluesweat-1-416x575.jpg",416,575,true],"woocommerce_gallery_thumbnail":["https:\/\/scar-id.com\/wp-content\/uploads\/2019\/10\/bandtapebluesweat-1-100x100.jpg",100,100,true]},"uagb_author_info":{"display_name":"scar-id","author_link":"https:\/\/scar-id.com\/pt-pt\/author\/"},"uagb_comment_info":0,"uagb_excerpt":"Material:\u00a0 55% L\u00e3 + 37% Algod\u00e3o + 8% Poliamida Tamanho: M Largura: 48cm Altura: 72cm &nbsp; Todas as pe\u00e7as de Carla Pontes s\u00e3o Desenhadas e Produzidas em Portugal Para informa\u00e7\u00f5es, por favor contacte-nos: info@scar-id.com\u00a0\/ (+351) 22\u00a0203 3087","_links":{"self":[{"href":"https:\/\/scar-id.com\/pt-pt\/wp-json\/wp\/v2\/product\/11493","targetHints":{"allow":["GET"]}}],"collection":[{"href":"https:\/\/scar-id.com\/pt-pt\/wp-json\/wp\/v2\/product"}],"about":[{"href":"https:\/\/scar-id.com\/pt-pt\/wp-json\/wp\/v2\/types\/product"}],"wp:featuredmedia":[{"embeddable":true,"href":"https:\/\/scar-id.com\/pt-pt\/wp-json\/wp\/v2\/media\/3998"}],"wp:attachment":[{"href":"https:\/\/scar-id.com\/pt-pt\/wp-json\/wp\/v2\/media?parent=11493"}],"wp:term":[{"taxonomy":"product_brand","embeddable":true,"href":"https:\/\/scar-id.com\/pt-pt\/wp-json\/wp\/v2\/product_brand?post=11493"},{"taxonomy":"product_cat","embeddable":true,"href":"https:\/\/scar-id.com\/pt-pt\/wp-json\/wp\/v2\/product_cat?post=11493"},{"taxonomy":"product_tag","embeddable":true,"href":"https:\/\/scar-id.com\/pt-pt\/wp-json\/wp\/v2\/product_tag?post=11493"}],"curies":[{"name":"wp","href":"https:\/\/api.w.org\/{rel}","templated":true}]}}