{"id":13893,"date":"2020-03-25T18:45:20","date_gmt":"2020-04-27T19:28:47","guid":{"rendered":"https:\/\/scar-id.com\/?post_type=product&#038;p=13893"},"modified":"2020-04-27T19:36:29","modified_gmt":"2020-04-27T19:36:29","slug":"13893","status":"publish","type":"product","link":"https:\/\/scar-id.com\/pt-pt\/produto\/13893\/","title":{"rendered":"Vestido, Acr\u00edlico Preto sobre Branco"},"content":{"rendered":"<!DOCTYPE html PUBLIC \"-\/\/W3C\/\/DTD HTML 4.0 Transitional\/\/EN\" \"http:\/\/www.w3.org\/TR\/REC-html40\/loose.dtd\">\n<html><body><p><img fetchpriority=\"high\" decoding=\"async\" class=\"alignnone size-full wp-image-11822\" src=\"https:\/\/scar-id.com\/wp-content\/uploads\/2020\/03\/7-2.jpg\" alt=\"\" width=\"1400\" height=\"2067\" srcset=\"https:\/\/scar-id.com\/wp-content\/uploads\/2020\/03\/7-2.jpg 677w, https:\/\/scar-id.com\/wp-content\/uploads\/2020\/03\/7-2-203x300.jpg 203w, https:\/\/scar-id.com\/wp-content\/uploads\/2020\/03\/7-2-694x1024.jpg 694w, https:\/\/scar-id.com\/wp-content\/uploads\/2020\/03\/7-2-768x1134.jpg 768w, https:\/\/scar-id.com\/wp-content\/uploads\/2020\/03\/7-2-1040x1536.jpg 1040w, https:\/\/scar-id.com\/wp-content\/uploads\/2020\/03\/7-2-1387x2048.jpg 1387w, https:\/\/scar-id.com\/wp-content\/uploads\/2020\/03\/7-2-324x478.jpg 324w, https:\/\/scar-id.com\/wp-content\/uploads\/2020\/03\/7-2-416x614.jpg 416w\" sizes=\"(max-width: 1400px) 100vw, 1400px\" \/><\/p>\n<\/body><\/html>\n","protected":false},"excerpt":{"rendered":"<h6><strong>Detalhe:<\/strong> Vestido largo preto, com detalhe pintado \u00e0 m\u00e3o sobre tecido com tinta acr\u00edlica<\/h6>\n<h6><strong>Material:<\/strong> 50% Algod\u00e3o + 50% Modal (detalhes: 1o0% Acr\u00edlico)<\/h6>\n<h6><\/h6>\n<p>&nbsp;<\/p>\n<h6>As colec\u00e7\u00f5es ATER by scar-id s\u00e3o exclusivas, dispon\u00edveis na scar-id store e em scar-id.com<\/h6>\n<h6>Desenhado e Produzido em Portugal<\/h6>\n<h6>Para informa\u00e7\u00f5es, por favor contacte-nos<\/h6>\n<h6><a href=\"mailto:info@scar-id.com\">info@scar-id.com<\/a>\u00a0\/ (+351) 22\u00a0203 3087<\/h6>\n","protected":false},"featured_media":11836,"template":"","meta":{"_uag_custom_page_level_css":""},"product_brand":[],"product_cat":[132],"product_tag":[],"class_list":{"0":"post-13893","1":"product","2":"type-product","3":"status-publish","4":"has-post-thumbnail","6":"product_cat-ater-x-liv","8":"first","9":"outofstock","10":"taxable","11":"shipping-taxable","12":"product-type-simple"},"aioseo_notices":[],"uagb_featured_image_src":{"full":["https:\/\/scar-id.com\/wp-content\/uploads\/2020\/03\/8-1.jpg",824,1138,false],"thumbnail":["https:\/\/scar-id.com\/wp-content\/uploads\/2020\/03\/8-1-150x150.jpg",150,150,true],"medium":["https:\/\/scar-id.com\/wp-content\/uploads\/2020\/03\/8-1-217x300.jpg",217,300,true],"medium_large":["https:\/\/scar-id.com\/wp-content\/uploads\/2020\/03\/8-1-768x1061.jpg",768,1061,true],"large":["https:\/\/scar-id.com\/wp-content\/uploads\/2020\/03\/8-1-741x1024.jpg",741,1024,true],"1536x1536":["https:\/\/scar-id.com\/wp-content\/uploads\/2020\/03\/8-1.jpg",824,1138,false],"2048x2048":["https:\/\/scar-id.com\/wp-content\/uploads\/2020\/03\/8-1.jpg",824,1138,false],"woocommerce_thumbnail":["https:\/\/scar-id.com\/wp-content\/uploads\/2020\/03\/8-1-324x447.jpg",324,447,true],"woocommerce_single":["https:\/\/scar-id.com\/wp-content\/uploads\/2020\/03\/8-1-416x575.jpg",416,575,true],"woocommerce_gallery_thumbnail":["https:\/\/scar-id.com\/wp-content\/uploads\/2020\/03\/8-1-100x100.jpg",100,100,true]},"uagb_author_info":{"display_name":"scar-id","author_link":"https:\/\/scar-id.com\/pt-pt\/author\/"},"uagb_comment_info":0,"uagb_excerpt":"Detalhe: Vestido largo preto, com detalhe pintado \u00e0 m\u00e3o sobre tecido com tinta acr\u00edlica Material: 50% Algod\u00e3o + 50% Modal (detalhes: 1o0% Acr\u00edlico) &nbsp; As colec\u00e7\u00f5es ATER by scar-id s\u00e3o exclusivas, dispon\u00edveis na scar-id store e em scar-id.com Desenhado e Produzido em Portugal Para informa\u00e7\u00f5es, por favor contacte-nos info@scar-id.com\u00a0\/ (+351) 22\u00a0203 3087","_links":{"self":[{"href":"https:\/\/scar-id.com\/pt-pt\/wp-json\/wp\/v2\/product\/13893","targetHints":{"allow":["GET"]}}],"collection":[{"href":"https:\/\/scar-id.com\/pt-pt\/wp-json\/wp\/v2\/product"}],"about":[{"href":"https:\/\/scar-id.com\/pt-pt\/wp-json\/wp\/v2\/types\/product"}],"wp:featuredmedia":[{"embeddable":true,"href":"https:\/\/scar-id.com\/pt-pt\/wp-json\/wp\/v2\/media\/11836"}],"wp:attachment":[{"href":"https:\/\/scar-id.com\/pt-pt\/wp-json\/wp\/v2\/media?parent=13893"}],"wp:term":[{"taxonomy":"product_brand","embeddable":true,"href":"https:\/\/scar-id.com\/pt-pt\/wp-json\/wp\/v2\/product_brand?post=13893"},{"taxonomy":"product_cat","embeddable":true,"href":"https:\/\/scar-id.com\/pt-pt\/wp-json\/wp\/v2\/product_cat?post=13893"},{"taxonomy":"product_tag","embeddable":true,"href":"https:\/\/scar-id.com\/pt-pt\/wp-json\/wp\/v2\/product_tag?post=13893"}],"curies":[{"name":"wp","href":"https:\/\/api.w.org\/{rel}","templated":true}]}}