{"id":13895,"date":"2020-03-25T18:45:18","date_gmt":"2020-04-27T19:33:52","guid":{"rendered":"https:\/\/scar-id.com\/?post_type=product&#038;p=13895"},"modified":"2020-04-27T19:39:55","modified_gmt":"2020-04-27T19:39:55","slug":"13895","status":"publish","type":"product","link":"https:\/\/scar-id.com\/pt-pt\/produto\/13895\/","title":{"rendered":"Camisola, Acr\u00edlico Preto sobre Branco"},"content":{"rendered":"<!DOCTYPE html PUBLIC \"-\/\/W3C\/\/DTD HTML 4.0 Transitional\/\/EN\" \"http:\/\/www.w3.org\/TR\/REC-html40\/loose.dtd\">\n<html><body><p><img fetchpriority=\"high\" decoding=\"async\" class=\"alignnone size-full wp-image-11814\" src=\"https:\/\/scar-id.com\/wp-content\/uploads\/2020\/03\/6-2.jpg\" alt=\"\" width=\"1400\" height=\"1979\" srcset=\"https:\/\/scar-id.com\/wp-content\/uploads\/2020\/03\/6-2.jpg 707w, https:\/\/scar-id.com\/wp-content\/uploads\/2020\/03\/6-2-212x300.jpg 212w, https:\/\/scar-id.com\/wp-content\/uploads\/2020\/03\/6-2-724x1024.jpg 724w, https:\/\/scar-id.com\/wp-content\/uploads\/2020\/03\/6-2-768x1086.jpg 768w, https:\/\/scar-id.com\/wp-content\/uploads\/2020\/03\/6-2-1087x1536.jpg 1087w, https:\/\/scar-id.com\/wp-content\/uploads\/2020\/03\/6-2-324x458.jpg 324w, https:\/\/scar-id.com\/wp-content\/uploads\/2020\/03\/6-2-416x588.jpg 416w\" sizes=\"(max-width: 1400px) 100vw, 1400px\" \/><\/p>\n<\/body><\/html>\n","protected":false},"excerpt":{"rendered":"<h6><strong>Detalhe:<\/strong> Camisola unissexo com detalhe pintado \u00e0 m\u00e3o com tinta acr\u00edlica<\/h6>\n<h6><strong>Material:<\/strong> 50% Algod\u00e3o + 50% Modal (detalhes: 1o0% Algod\u00e3o)<\/h6>\n<h6><\/h6>\n<p>&nbsp;<\/p>\n<h6>As colec\u00e7\u00f5es ATER by scar-id s\u00e3o exclusivas, dispon\u00edveis na scar-id store e em scar-id.com<\/h6>\n<h6>Desenhado e Produzido em Portugal<\/h6>\n<h6>Para informa\u00e7\u00f5es, por favor contacte-nos<\/h6>\n<h6><a href=\"mailto:info@scar-id.com\">info@scar-id.com<\/a>\u00a0\/ (+351) 22\u00a0203 3087<\/h6>\n","protected":false},"featured_media":11817,"template":"","meta":{"_uag_custom_page_level_css":""},"product_brand":[],"product_cat":[132],"product_tag":[],"class_list":{"0":"post-13895","1":"product","2":"type-product","3":"status-publish","4":"has-post-thumbnail","6":"product_cat-ater-x-liv","8":"first","9":"outofstock","10":"taxable","11":"shipping-taxable","12":"product-type-simple"},"aioseo_notices":[],"uagb_featured_image_src":{"full":["https:\/\/scar-id.com\/wp-content\/uploads\/2020\/03\/7-1.jpg",824,1138,false],"thumbnail":["https:\/\/scar-id.com\/wp-content\/uploads\/2020\/03\/7-1-150x150.jpg",150,150,true],"medium":["https:\/\/scar-id.com\/wp-content\/uploads\/2020\/03\/7-1-217x300.jpg",217,300,true],"medium_large":["https:\/\/scar-id.com\/wp-content\/uploads\/2020\/03\/7-1-768x1061.jpg",768,1061,true],"large":["https:\/\/scar-id.com\/wp-content\/uploads\/2020\/03\/7-1-741x1024.jpg",741,1024,true],"1536x1536":["https:\/\/scar-id.com\/wp-content\/uploads\/2020\/03\/7-1.jpg",824,1138,false],"2048x2048":["https:\/\/scar-id.com\/wp-content\/uploads\/2020\/03\/7-1.jpg",824,1138,false],"woocommerce_thumbnail":["https:\/\/scar-id.com\/wp-content\/uploads\/2020\/03\/7-1-324x447.jpg",324,447,true],"woocommerce_single":["https:\/\/scar-id.com\/wp-content\/uploads\/2020\/03\/7-1-416x575.jpg",416,575,true],"woocommerce_gallery_thumbnail":["https:\/\/scar-id.com\/wp-content\/uploads\/2020\/03\/7-1-100x100.jpg",100,100,true]},"uagb_author_info":{"display_name":"scar-id","author_link":"https:\/\/scar-id.com\/pt-pt\/author\/"},"uagb_comment_info":0,"uagb_excerpt":"Detalhe: Camisola unissexo com detalhe pintado \u00e0 m\u00e3o com tinta acr\u00edlica Material: 50% Algod\u00e3o + 50% Modal (detalhes: 1o0% Algod\u00e3o) &nbsp; As colec\u00e7\u00f5es ATER by scar-id s\u00e3o exclusivas, dispon\u00edveis na scar-id store e em scar-id.com Desenhado e Produzido em Portugal Para informa\u00e7\u00f5es, por favor contacte-nos info@scar-id.com\u00a0\/ (+351) 22\u00a0203 3087","_links":{"self":[{"href":"https:\/\/scar-id.com\/pt-pt\/wp-json\/wp\/v2\/product\/13895","targetHints":{"allow":["GET"]}}],"collection":[{"href":"https:\/\/scar-id.com\/pt-pt\/wp-json\/wp\/v2\/product"}],"about":[{"href":"https:\/\/scar-id.com\/pt-pt\/wp-json\/wp\/v2\/types\/product"}],"wp:featuredmedia":[{"embeddable":true,"href":"https:\/\/scar-id.com\/pt-pt\/wp-json\/wp\/v2\/media\/11817"}],"wp:attachment":[{"href":"https:\/\/scar-id.com\/pt-pt\/wp-json\/wp\/v2\/media?parent=13895"}],"wp:term":[{"taxonomy":"product_brand","embeddable":true,"href":"https:\/\/scar-id.com\/pt-pt\/wp-json\/wp\/v2\/product_brand?post=13895"},{"taxonomy":"product_cat","embeddable":true,"href":"https:\/\/scar-id.com\/pt-pt\/wp-json\/wp\/v2\/product_cat?post=13895"},{"taxonomy":"product_tag","embeddable":true,"href":"https:\/\/scar-id.com\/pt-pt\/wp-json\/wp\/v2\/product_tag?post=13895"}],"curies":[{"name":"wp","href":"https:\/\/api.w.org\/{rel}","templated":true}]}}