{"id":14335,"date":"2020-05-08T11:48:52","date_gmt":"2020-05-08T11:48:52","guid":{"rendered":"https:\/\/scar-id.com\/produto\/li-quida-coloured-barbed-wire-2\/"},"modified":"2020-05-19T15:12:42","modified_gmt":"2020-05-19T15:12:42","slug":"li-quida-coloured-barbed-wire-2","status":"publish","type":"product","link":"https:\/\/scar-id.com\/pt-pt\/produto\/li-quida-coloured-barbed-wire-2\/","title":{"rendered":"Li Quida Coloured Barbed Wire"},"content":{"rendered":"<!DOCTYPE html PUBLIC \"-\/\/W3C\/\/DTD HTML 4.0 Transitional\/\/EN\" \"http:\/\/www.w3.org\/TR\/REC-html40\/loose.dtd\">\n<html><body><p><img fetchpriority=\"high\" decoding=\"async\" class=\"alignnone size-full wp-image-14277\" src=\"https:\/\/scar-id.com\/wp-content\/uploads\/2020\/05\/202005_wek_liquida02_01.jpg\" alt=\"\" width=\"1400\" height=\"1902\" srcset=\"https:\/\/scar-id.com\/wp-content\/uploads\/2020\/05\/202005_wek_liquida02_01.jpg 1400w, https:\/\/scar-id.com\/wp-content\/uploads\/2020\/05\/202005_wek_liquida02_01-221x300.jpg 221w, https:\/\/scar-id.com\/wp-content\/uploads\/2020\/05\/202005_wek_liquida02_01-754x1024.jpg 754w, https:\/\/scar-id.com\/wp-content\/uploads\/2020\/05\/202005_wek_liquida02_01-768x1043.jpg 768w, https:\/\/scar-id.com\/wp-content\/uploads\/2020\/05\/202005_wek_liquida02_01-1131x1536.jpg 1131w, https:\/\/scar-id.com\/wp-content\/uploads\/2020\/05\/202005_wek_liquida02_01-324x440.jpg 324w, https:\/\/scar-id.com\/wp-content\/uploads\/2020\/05\/202005_wek_liquida02_01-416x565.jpg 416w\" sizes=\"(max-width: 1400px) 100vw, 1400px\" \/> <img decoding=\"async\" class=\"alignnone size-full wp-image-14279\" src=\"https:\/\/scar-id.com\/wp-content\/uploads\/2020\/05\/202005_wek_liquida02_02.jpg\" alt=\"\" width=\"1400\" height=\"1400\" srcset=\"https:\/\/scar-id.com\/wp-content\/uploads\/2020\/05\/202005_wek_liquida02_02.jpg 1400w, https:\/\/scar-id.com\/wp-content\/uploads\/2020\/05\/202005_wek_liquida02_02-300x300.jpg 300w, https:\/\/scar-id.com\/wp-content\/uploads\/2020\/05\/202005_wek_liquida02_02-1024x1024.jpg 1024w, https:\/\/scar-id.com\/wp-content\/uploads\/2020\/05\/202005_wek_liquida02_02-150x150.jpg 150w, https:\/\/scar-id.com\/wp-content\/uploads\/2020\/05\/202005_wek_liquida02_02-768x768.jpg 768w, https:\/\/scar-id.com\/wp-content\/uploads\/2020\/05\/202005_wek_liquida02_02-324x324.jpg 324w, https:\/\/scar-id.com\/wp-content\/uploads\/2020\/05\/202005_wek_liquida02_02-416x416.jpg 416w, https:\/\/scar-id.com\/wp-content\/uploads\/2020\/05\/202005_wek_liquida02_02-100x100.jpg 100w\" sizes=\"(max-width: 1400px) 100vw, 1400px\" \/><\/p>\n<p>&nbsp;<\/p>\n<p><img decoding=\"async\" class=\"alignnone size-full wp-image-14410\" src=\"https:\/\/scar-id.com\/wp-content\/uploads\/2020\/05\/li%CC%81-quida-fb-capa.jpg\" alt=\"\" width=\"1400\" height=\"734\"><\/p>\n<\/body><\/html>\n","protected":false},"excerpt":{"rendered":"<h6>Depois de alguns anos a acompanharem os trabalhos mutuamente, surge finalmente uma colec\u00e7\u00e3o da marca portuguesa WEK ilustrada pelo artista brasileiro Ninhol.<\/h6>\n<h6>Portugal e Brasil encontram-se assim numa colec\u00e7\u00e3o limitada, com muita cor e calor \u00e0 mistura.&#8221;<\/h6>\n<h6><strong>Nota: <\/strong>Cada pe\u00e7a \u00e9 acompanhada por uma ilustra\u00e7\u00e3o A4 de Ninhol num elogio \u00e0 mulher que inspira os dois artistas.<\/h6>\n<h6><strong>Material:<\/strong> PVC<\/h6>\n<p>&nbsp;<\/p>\n<p>&nbsp;<\/p>\n<h6>As pe\u00e7as de joalharia de WEK s\u00e3o<\/h6>\n<h6>Desenhadas e Produzidas em Portugal<\/h6>\n<h6>Para informa\u00e7\u00f5es e medidas por favor contacte-nos:<\/h6>\n<h6><a href=\"mailto:info@scar-id.com\">info@scar-id.com<\/a>\u00a0\/ (+351) 22\u00a0203 3087<\/h6>\n","protected":false},"featured_media":14282,"template":"","meta":{"_uag_custom_page_level_css":""},"product_brand":[],"product_cat":[176],"product_tag":[],"class_list":{"0":"post-14335","1":"product","2":"type-product","3":"status-publish","4":"has-post-thumbnail","6":"product_cat-wek","8":"first","9":"outofstock","10":"taxable","11":"shipping-taxable","12":"purchasable","13":"product-type-simple"},"aioseo_notices":[],"uagb_featured_image_src":{"full":["https:\/\/scar-id.com\/wp-content\/uploads\/2020\/05\/2-2.jpg",824,1138,false],"thumbnail":["https:\/\/scar-id.com\/wp-content\/uploads\/2020\/05\/2-2-150x150.jpg",150,150,true],"medium":["https:\/\/scar-id.com\/wp-content\/uploads\/2020\/05\/2-2-217x300.jpg",217,300,true],"medium_large":["https:\/\/scar-id.com\/wp-content\/uploads\/2020\/05\/2-2-768x1061.jpg",768,1061,true],"large":["https:\/\/scar-id.com\/wp-content\/uploads\/2020\/05\/2-2-741x1024.jpg",741,1024,true],"1536x1536":["https:\/\/scar-id.com\/wp-content\/uploads\/2020\/05\/2-2.jpg",824,1138,false],"2048x2048":["https:\/\/scar-id.com\/wp-content\/uploads\/2020\/05\/2-2.jpg",824,1138,false],"woocommerce_thumbnail":["https:\/\/scar-id.com\/wp-content\/uploads\/2020\/05\/2-2-324x447.jpg",324,447,true],"woocommerce_single":["https:\/\/scar-id.com\/wp-content\/uploads\/2020\/05\/2-2-416x575.jpg",416,575,true],"woocommerce_gallery_thumbnail":["https:\/\/scar-id.com\/wp-content\/uploads\/2020\/05\/2-2-100x100.jpg",100,100,true]},"uagb_author_info":{"display_name":"scar-id","author_link":"https:\/\/scar-id.com\/pt-pt\/author\/"},"uagb_comment_info":0,"uagb_excerpt":"Depois de alguns anos a acompanharem os trabalhos mutuamente, surge finalmente uma colec\u00e7\u00e3o da marca portuguesa WEK ilustrada pelo artista brasileiro Ninhol. Portugal e Brasil encontram-se assim numa colec\u00e7\u00e3o limitada, com muita cor e calor \u00e0 mistura.\" Nota: Cada pe\u00e7a \u00e9 acompanhada por uma ilustra\u00e7\u00e3o A4 de Ninhol num elogio \u00e0 mulher que inspira os&hellip;","_links":{"self":[{"href":"https:\/\/scar-id.com\/pt-pt\/wp-json\/wp\/v2\/product\/14335","targetHints":{"allow":["GET"]}}],"collection":[{"href":"https:\/\/scar-id.com\/pt-pt\/wp-json\/wp\/v2\/product"}],"about":[{"href":"https:\/\/scar-id.com\/pt-pt\/wp-json\/wp\/v2\/types\/product"}],"wp:featuredmedia":[{"embeddable":true,"href":"https:\/\/scar-id.com\/pt-pt\/wp-json\/wp\/v2\/media\/14282"}],"wp:attachment":[{"href":"https:\/\/scar-id.com\/pt-pt\/wp-json\/wp\/v2\/media?parent=14335"}],"wp:term":[{"taxonomy":"product_brand","embeddable":true,"href":"https:\/\/scar-id.com\/pt-pt\/wp-json\/wp\/v2\/product_brand?post=14335"},{"taxonomy":"product_cat","embeddable":true,"href":"https:\/\/scar-id.com\/pt-pt\/wp-json\/wp\/v2\/product_cat?post=14335"},{"taxonomy":"product_tag","embeddable":true,"href":"https:\/\/scar-id.com\/pt-pt\/wp-json\/wp\/v2\/product_tag?post=14335"}],"curies":[{"name":"wp","href":"https:\/\/api.w.org\/{rel}","templated":true}]}}