{"id":15915,"date":"2020-10-30T15:54:45","date_gmt":"2020-10-30T15:54:45","guid":{"rendered":"https:\/\/scar-id.com\/produto\/fumo-shirt\/"},"modified":"2021-06-25T10:56:20","modified_gmt":"2021-06-25T10:56:20","slug":"fumo-shirt-alexandra-moura","status":"publish","type":"product","link":"https:\/\/scar-id.com\/pt-pt\/produto\/fumo-shirt-alexandra-moura\/","title":{"rendered":"Camisa Fumo"},"content":{"rendered":"<!DOCTYPE html PUBLIC \"-\/\/W3C\/\/DTD HTML 4.0 Transitional\/\/EN\" \"http:\/\/www.w3.org\/TR\/REC-html40\/loose.dtd\">\n<html><body><p><img fetchpriority=\"high\" decoding=\"async\" class=\"size-full wp-image-15849\" src=\"https:\/\/scar-id.com\/wp-content\/uploads\/2020\/10\/12.-fumo.jpg\" alt=\"\" width=\"1400\" height=\"1697\" srcset=\"https:\/\/scar-id.com\/wp-content\/uploads\/2020\/10\/12.-fumo.jpg 1400w, https:\/\/scar-id.com\/wp-content\/uploads\/2020\/10\/12.-fumo-247x300.jpg 247w, https:\/\/scar-id.com\/wp-content\/uploads\/2020\/10\/12.-fumo-845x1024.jpg 845w, https:\/\/scar-id.com\/wp-content\/uploads\/2020\/10\/12.-fumo-768x931.jpg 768w, https:\/\/scar-id.com\/wp-content\/uploads\/2020\/10\/12.-fumo-1267x1536.jpg 1267w, https:\/\/scar-id.com\/wp-content\/uploads\/2020\/10\/12.-fumo-324x393.jpg 324w, https:\/\/scar-id.com\/wp-content\/uploads\/2020\/10\/12.-fumo-416x504.jpg 416w\" sizes=\"(max-width: 1400px) 100vw, 1400px\" \/><\/p>\n<p><img decoding=\"async\" class=\"size-full wp-image-15851\" src=\"https:\/\/scar-id.com\/wp-content\/uploads\/2020\/10\/13.-fumo.jpg\" alt=\"\" width=\"1400\" height=\"1796\" srcset=\"https:\/\/scar-id.com\/wp-content\/uploads\/2020\/10\/13.-fumo.jpg 1400w, https:\/\/scar-id.com\/wp-content\/uploads\/2020\/10\/13.-fumo-234x300.jpg 234w, https:\/\/scar-id.com\/wp-content\/uploads\/2020\/10\/13.-fumo-798x1024.jpg 798w, https:\/\/scar-id.com\/wp-content\/uploads\/2020\/10\/13.-fumo-768x985.jpg 768w, https:\/\/scar-id.com\/wp-content\/uploads\/2020\/10\/13.-fumo-1197x1536.jpg 1197w, https:\/\/scar-id.com\/wp-content\/uploads\/2020\/10\/13.-fumo-324x416.jpg 324w, https:\/\/scar-id.com\/wp-content\/uploads\/2020\/10\/13.-fumo-416x534.jpg 416w\" sizes=\"(max-width: 1400px) 100vw, 1400px\" \/><\/p>\n<p><img decoding=\"async\" class=\"alignnone size-full wp-image-15853\" src=\"https:\/\/scar-id.com\/wp-content\/uploads\/2020\/10\/14.-fumo.jpg\" alt=\"\" width=\"1400\" height=\"1980\" srcset=\"https:\/\/scar-id.com\/wp-content\/uploads\/2020\/10\/14.-fumo.jpg 1400w, https:\/\/scar-id.com\/wp-content\/uploads\/2020\/10\/14.-fumo-212x300.jpg 212w, https:\/\/scar-id.com\/wp-content\/uploads\/2020\/10\/14.-fumo-724x1024.jpg 724w, https:\/\/scar-id.com\/wp-content\/uploads\/2020\/10\/14.-fumo-768x1086.jpg 768w, https:\/\/scar-id.com\/wp-content\/uploads\/2020\/10\/14.-fumo-1086x1536.jpg 1086w, https:\/\/scar-id.com\/wp-content\/uploads\/2020\/10\/14.-fumo-324x458.jpg 324w, https:\/\/scar-id.com\/wp-content\/uploads\/2020\/10\/14.-fumo-416x588.jpg 416w\" sizes=\"(max-width: 1400px) 100vw, 1400px\" \/><\/p>\n<\/body><\/html>\n","protected":false},"excerpt":{"rendered":"<h6><strong>Material:<\/strong> 98% Algod\u00e3o+ 2% Elastano<\/h6>\n<h6><strong>Tamanho:<\/strong> M<\/h6>\n<h6><\/h6>\n<p>&nbsp;<\/p>\n<h6>Todas as pe\u00e7as seleccionadas de Alexandra Moura s\u00e3o Desenhadas e Produzidas em Portugal<\/h6>\n<h6>Para informa\u00e7\u00f5es, por favor contacte-nos<\/h6>\n<h6><a href=\"mailto:info@scar-id.com\">info@scar-id.com<\/a>\u00a0\/ (+351) 22\u00a0203 3087<\/h6>\n","protected":false},"featured_media":15856,"template":"","meta":{"_uag_custom_page_level_css":""},"product_brand":[],"product_cat":[126],"product_tag":[],"class_list":{"0":"post-15915","1":"product","2":"type-product","3":"status-publish","4":"has-post-thumbnail","6":"product_cat-alexandra-moura","8":"first","9":"instock","10":"sale","11":"taxable","12":"shipping-taxable","13":"purchasable","14":"product-type-simple"},"aioseo_notices":[],"uagb_featured_image_src":{"full":["https:\/\/scar-id.com\/wp-content\/uploads\/2020\/10\/fumo.jpg",824,1138,false],"thumbnail":["https:\/\/scar-id.com\/wp-content\/uploads\/2020\/10\/fumo-150x150.jpg",150,150,true],"medium":["https:\/\/scar-id.com\/wp-content\/uploads\/2020\/10\/fumo-217x300.jpg",217,300,true],"medium_large":["https:\/\/scar-id.com\/wp-content\/uploads\/2020\/10\/fumo-768x1061.jpg",768,1061,true],"large":["https:\/\/scar-id.com\/wp-content\/uploads\/2020\/10\/fumo-741x1024.jpg",741,1024,true],"1536x1536":["https:\/\/scar-id.com\/wp-content\/uploads\/2020\/10\/fumo.jpg",824,1138,false],"2048x2048":["https:\/\/scar-id.com\/wp-content\/uploads\/2020\/10\/fumo.jpg",824,1138,false],"woocommerce_thumbnail":["https:\/\/scar-id.com\/wp-content\/uploads\/2020\/10\/fumo-324x447.jpg",324,447,true],"woocommerce_single":["https:\/\/scar-id.com\/wp-content\/uploads\/2020\/10\/fumo-416x575.jpg",416,575,true],"woocommerce_gallery_thumbnail":["https:\/\/scar-id.com\/wp-content\/uploads\/2020\/10\/fumo-100x100.jpg",100,100,true]},"uagb_author_info":{"display_name":"scar-id","author_link":"https:\/\/scar-id.com\/pt-pt\/author\/"},"uagb_comment_info":0,"uagb_excerpt":"Material: 98% Algod\u00e3o+ 2% Elastano Tamanho: M &nbsp; Todas as pe\u00e7as seleccionadas de Alexandra Moura s\u00e3o Desenhadas e Produzidas em Portugal Para informa\u00e7\u00f5es, por favor contacte-nos info@scar-id.com\u00a0\/ (+351) 22\u00a0203 3087","_links":{"self":[{"href":"https:\/\/scar-id.com\/pt-pt\/wp-json\/wp\/v2\/product\/15915","targetHints":{"allow":["GET"]}}],"collection":[{"href":"https:\/\/scar-id.com\/pt-pt\/wp-json\/wp\/v2\/product"}],"about":[{"href":"https:\/\/scar-id.com\/pt-pt\/wp-json\/wp\/v2\/types\/product"}],"wp:featuredmedia":[{"embeddable":true,"href":"https:\/\/scar-id.com\/pt-pt\/wp-json\/wp\/v2\/media\/15856"}],"wp:attachment":[{"href":"https:\/\/scar-id.com\/pt-pt\/wp-json\/wp\/v2\/media?parent=15915"}],"wp:term":[{"taxonomy":"product_brand","embeddable":true,"href":"https:\/\/scar-id.com\/pt-pt\/wp-json\/wp\/v2\/product_brand?post=15915"},{"taxonomy":"product_cat","embeddable":true,"href":"https:\/\/scar-id.com\/pt-pt\/wp-json\/wp\/v2\/product_cat?post=15915"},{"taxonomy":"product_tag","embeddable":true,"href":"https:\/\/scar-id.com\/pt-pt\/wp-json\/wp\/v2\/product_tag?post=15915"}],"curies":[{"name":"wp","href":"https:\/\/api.w.org\/{rel}","templated":true}]}}