{"id":16489,"date":"2020-11-13T16:35:17","date_gmt":"2020-11-13T16:35:17","guid":{"rendered":"https:\/\/scar-id.com\/produto\/ater-blue-jar\/"},"modified":"2020-11-16T15:24:13","modified_gmt":"2020-11-16T15:24:13","slug":"ater-blue-jar","status":"publish","type":"product","link":"https:\/\/scar-id.com\/pt-pt\/produto\/ater-blue-jar\/","title":{"rendered":"Jarra Azul ATER"},"content":{"rendered":"<!DOCTYPE html PUBLIC \"-\/\/W3C\/\/DTD HTML 4.0 Transitional\/\/EN\" \"http:\/\/www.w3.org\/TR\/REC-html40\/loose.dtd\">\n<html><body><p><img fetchpriority=\"high\" decoding=\"async\" class=\"alignnone size-full wp-image-16456\" src=\"https:\/\/scar-id.com\/wp-content\/uploads\/2020\/11\/20.jpg\" alt=\"\" width=\"1400\" height=\"1701\" srcset=\"https:\/\/scar-id.com\/wp-content\/uploads\/2020\/11\/20.jpg 1400w, https:\/\/scar-id.com\/wp-content\/uploads\/2020\/11\/20-247x300.jpg 247w, https:\/\/scar-id.com\/wp-content\/uploads\/2020\/11\/20-843x1024.jpg 843w, https:\/\/scar-id.com\/wp-content\/uploads\/2020\/11\/20-768x933.jpg 768w, https:\/\/scar-id.com\/wp-content\/uploads\/2020\/11\/20-1264x1536.jpg 1264w, https:\/\/scar-id.com\/wp-content\/uploads\/2020\/11\/20-324x394.jpg 324w, https:\/\/scar-id.com\/wp-content\/uploads\/2020\/11\/20-416x505.jpg 416w\" sizes=\"(max-width: 1400px) 100vw, 1400px\" \/><\/p>\n<\/body><\/html>\n","protected":false},"excerpt":{"rendered":"<h6><strong>Material:<\/strong> Gr\u00e9s azul com vidrado no interior<\/h6>\n<h6><strong>Produ\u00e7\u00e3o:<\/strong> Feito \u00e0 m\u00e3o<\/h6>\n<h6><\/h6>\n<h6><strong>Altura (aprox.):<\/strong> 27cm<\/h6>\n<h6><strong>Di\u00e2metro (aprox.):<\/strong> 9cm<\/h6>\n<h6><\/h6>\n<p>&nbsp;<\/p>\n<h6>Available at scar-id store and scar-id.com<\/h6>\n<h6>For information, please contact us:<\/h6>\n<h6><a href=\"mailto:info@scar-id.com\">info@scar-id.com<\/a> \/ (+351)222 033\u00a0087<\/h6>\n","protected":false},"featured_media":16455,"template":"","meta":{"_uag_custom_page_level_css":""},"product_brand":[],"product_cat":[356],"product_tag":[],"class_list":{"0":"post-16489","1":"product","2":"type-product","3":"status-publish","4":"has-post-thumbnail","6":"product_cat-ater-objects-pt","8":"first","9":"outofstock","10":"taxable","11":"shipping-taxable","12":"product-type-simple"},"aioseo_notices":[],"uagb_featured_image_src":{"full":["https:\/\/scar-id.com\/wp-content\/uploads\/2020\/11\/15-1.jpg",824,1138,false],"thumbnail":["https:\/\/scar-id.com\/wp-content\/uploads\/2020\/11\/15-1-150x150.jpg",150,150,true],"medium":["https:\/\/scar-id.com\/wp-content\/uploads\/2020\/11\/15-1-217x300.jpg",217,300,true],"medium_large":["https:\/\/scar-id.com\/wp-content\/uploads\/2020\/11\/15-1-768x1061.jpg",768,1061,true],"large":["https:\/\/scar-id.com\/wp-content\/uploads\/2020\/11\/15-1-741x1024.jpg",741,1024,true],"1536x1536":["https:\/\/scar-id.com\/wp-content\/uploads\/2020\/11\/15-1.jpg",824,1138,false],"2048x2048":["https:\/\/scar-id.com\/wp-content\/uploads\/2020\/11\/15-1.jpg",824,1138,false],"woocommerce_thumbnail":["https:\/\/scar-id.com\/wp-content\/uploads\/2020\/11\/15-1-324x447.jpg",324,447,true],"woocommerce_single":["https:\/\/scar-id.com\/wp-content\/uploads\/2020\/11\/15-1-416x575.jpg",416,575,true],"woocommerce_gallery_thumbnail":["https:\/\/scar-id.com\/wp-content\/uploads\/2020\/11\/15-1-100x100.jpg",100,100,true]},"uagb_author_info":{"display_name":"scar-id","author_link":"https:\/\/scar-id.com\/pt-pt\/author\/"},"uagb_comment_info":0,"uagb_excerpt":"Material: Gr\u00e9s azul com vidrado no interior Produ\u00e7\u00e3o: Feito \u00e0 m\u00e3o Altura (aprox.): 27cm Di\u00e2metro (aprox.): 9cm &nbsp; Available at scar-id store and scar-id.com For information, please contact us: info@scar-id.com \/ (+351)222 033\u00a0087","_links":{"self":[{"href":"https:\/\/scar-id.com\/pt-pt\/wp-json\/wp\/v2\/product\/16489","targetHints":{"allow":["GET"]}}],"collection":[{"href":"https:\/\/scar-id.com\/pt-pt\/wp-json\/wp\/v2\/product"}],"about":[{"href":"https:\/\/scar-id.com\/pt-pt\/wp-json\/wp\/v2\/types\/product"}],"wp:featuredmedia":[{"embeddable":true,"href":"https:\/\/scar-id.com\/pt-pt\/wp-json\/wp\/v2\/media\/16455"}],"wp:attachment":[{"href":"https:\/\/scar-id.com\/pt-pt\/wp-json\/wp\/v2\/media?parent=16489"}],"wp:term":[{"taxonomy":"product_brand","embeddable":true,"href":"https:\/\/scar-id.com\/pt-pt\/wp-json\/wp\/v2\/product_brand?post=16489"},{"taxonomy":"product_cat","embeddable":true,"href":"https:\/\/scar-id.com\/pt-pt\/wp-json\/wp\/v2\/product_cat?post=16489"},{"taxonomy":"product_tag","embeddable":true,"href":"https:\/\/scar-id.com\/pt-pt\/wp-json\/wp\/v2\/product_tag?post=16489"}],"curies":[{"name":"wp","href":"https:\/\/api.w.org\/{rel}","templated":true}]}}