{"id":16892,"date":"2020-12-12T19:08:15","date_gmt":"2020-12-12T19:08:15","guid":{"rendered":"https:\/\/scar-id.com\/produto\/ater-dark-blue-tea-pot\/"},"modified":"2020-12-23T18:56:40","modified_gmt":"2020-12-23T18:56:40","slug":"ater-dark-blue-tea-pot","status":"publish","type":"product","link":"https:\/\/scar-id.com\/pt-pt\/produto\/ater-dark-blue-tea-pot\/","title":{"rendered":"Bule Azul Escuro ATER"},"content":{"rendered":"<!DOCTYPE html PUBLIC \"-\/\/W3C\/\/DTD HTML 4.0 Transitional\/\/EN\" \"http:\/\/www.w3.org\/TR\/REC-html40\/loose.dtd\">\n<html><body><p><img fetchpriority=\"high\" decoding=\"async\" class=\"alignnone size-full wp-image-16611\" src=\"https:\/\/scar-id.com\/wp-content\/uploads\/2020\/12\/27.jpg\" alt=\"\" width=\"935\" height=\"1000\" srcset=\"https:\/\/scar-id.com\/wp-content\/uploads\/2020\/12\/27.jpg 935w, https:\/\/scar-id.com\/wp-content\/uploads\/2020\/12\/27-281x300.jpg 281w, https:\/\/scar-id.com\/wp-content\/uploads\/2020\/12\/27-768x821.jpg 768w, https:\/\/scar-id.com\/wp-content\/uploads\/2020\/12\/27-324x347.jpg 324w, https:\/\/scar-id.com\/wp-content\/uploads\/2020\/12\/27-416x445.jpg 416w\" sizes=\"(max-width: 935px) 100vw, 935px\" \/> <img decoding=\"async\" class=\"alignnone size-full wp-image-16613\" src=\"https:\/\/scar-id.com\/wp-content\/uploads\/2020\/12\/28.jpg\" alt=\"\" width=\"935\" height=\"1000\" srcset=\"https:\/\/scar-id.com\/wp-content\/uploads\/2020\/12\/28.jpg 935w, https:\/\/scar-id.com\/wp-content\/uploads\/2020\/12\/28-281x300.jpg 281w, https:\/\/scar-id.com\/wp-content\/uploads\/2020\/12\/28-768x821.jpg 768w, https:\/\/scar-id.com\/wp-content\/uploads\/2020\/12\/28-324x347.jpg 324w, https:\/\/scar-id.com\/wp-content\/uploads\/2020\/12\/28-416x445.jpg 416w\" sizes=\"(max-width: 935px) 100vw, 935px\" \/><\/p>\n<\/body><\/html>\n","protected":false},"excerpt":{"rendered":"<h6><strong>Material:<\/strong> Faian\u00e7a com vidrado azul escuro<\/h6>\n<h6><strong>Produ\u00e7\u00e3o:<\/strong> Feito \u00e0 m\u00e3o<\/h6>\n<h6><\/h6>\n<h6><\/h6>\n<p>&nbsp;<\/p>\n<h6>Dispon\u00edvel na scar-id store e em scar-id.com<\/h6>\n<h6>Para informa\u00e7\u00f5es, por favor contacte-nos<\/h6>\n<h6><a href=\"mailto:info@scar-id.com\">info@scar-id.com<\/a>\u00a0\/ (+351) 22\u00a0203 3087<\/h6>\n","protected":false},"featured_media":16616,"template":"","meta":{"_uag_custom_page_level_css":""},"product_brand":[],"product_cat":[356],"product_tag":[],"class_list":{"0":"post-16892","1":"product","2":"type-product","3":"status-publish","4":"has-post-thumbnail","6":"product_cat-ater-objects-pt","8":"first","9":"outofstock","10":"taxable","11":"shipping-taxable","12":"product-type-simple"},"aioseo_notices":[],"uagb_featured_image_src":{"full":["https:\/\/scar-id.com\/wp-content\/uploads\/2020\/12\/21.jpg",724,1000,false],"thumbnail":["https:\/\/scar-id.com\/wp-content\/uploads\/2020\/12\/21-150x150.jpg",150,150,true],"medium":["https:\/\/scar-id.com\/wp-content\/uploads\/2020\/12\/21-217x300.jpg",217,300,true],"medium_large":["https:\/\/scar-id.com\/wp-content\/uploads\/2020\/12\/21.jpg",724,1000,false],"large":["https:\/\/scar-id.com\/wp-content\/uploads\/2020\/12\/21.jpg",724,1000,false],"1536x1536":["https:\/\/scar-id.com\/wp-content\/uploads\/2020\/12\/21.jpg",724,1000,false],"2048x2048":["https:\/\/scar-id.com\/wp-content\/uploads\/2020\/12\/21.jpg",724,1000,false],"woocommerce_thumbnail":["https:\/\/scar-id.com\/wp-content\/uploads\/2020\/12\/21-324x448.jpg",324,448,true],"woocommerce_single":["https:\/\/scar-id.com\/wp-content\/uploads\/2020\/12\/21-416x575.jpg",416,575,true],"woocommerce_gallery_thumbnail":["https:\/\/scar-id.com\/wp-content\/uploads\/2020\/12\/21-100x100.jpg",100,100,true]},"uagb_author_info":{"display_name":"scar-id","author_link":"https:\/\/scar-id.com\/pt-pt\/author\/"},"uagb_comment_info":0,"uagb_excerpt":"Material: Faian\u00e7a com vidrado azul escuro Produ\u00e7\u00e3o: Feito \u00e0 m\u00e3o &nbsp; Dispon\u00edvel na scar-id store e em scar-id.com Para informa\u00e7\u00f5es, por favor contacte-nos info@scar-id.com\u00a0\/ (+351) 22\u00a0203 3087","_links":{"self":[{"href":"https:\/\/scar-id.com\/pt-pt\/wp-json\/wp\/v2\/product\/16892","targetHints":{"allow":["GET"]}}],"collection":[{"href":"https:\/\/scar-id.com\/pt-pt\/wp-json\/wp\/v2\/product"}],"about":[{"href":"https:\/\/scar-id.com\/pt-pt\/wp-json\/wp\/v2\/types\/product"}],"wp:featuredmedia":[{"embeddable":true,"href":"https:\/\/scar-id.com\/pt-pt\/wp-json\/wp\/v2\/media\/16616"}],"wp:attachment":[{"href":"https:\/\/scar-id.com\/pt-pt\/wp-json\/wp\/v2\/media?parent=16892"}],"wp:term":[{"taxonomy":"product_brand","embeddable":true,"href":"https:\/\/scar-id.com\/pt-pt\/wp-json\/wp\/v2\/product_brand?post=16892"},{"taxonomy":"product_cat","embeddable":true,"href":"https:\/\/scar-id.com\/pt-pt\/wp-json\/wp\/v2\/product_cat?post=16892"},{"taxonomy":"product_tag","embeddable":true,"href":"https:\/\/scar-id.com\/pt-pt\/wp-json\/wp\/v2\/product_tag?post=16892"}],"curies":[{"name":"wp","href":"https:\/\/api.w.org\/{rel}","templated":true}]}}