{"id":16893,"date":"2020-12-12T19:08:04","date_gmt":"2020-12-12T19:08:04","guid":{"rendered":"https:\/\/scar-id.com\/produto\/ater-black-bottle-2\/"},"modified":"2020-12-23T18:56:04","modified_gmt":"2020-12-23T18:56:04","slug":"ater-black-bottle-2","status":"publish","type":"product","link":"https:\/\/scar-id.com\/pt-pt\/produto\/ater-black-bottle-2\/","title":{"rendered":"Garrafa Preta ATER"},"content":{"rendered":"<!DOCTYPE html PUBLIC \"-\/\/W3C\/\/DTD HTML 4.0 Transitional\/\/EN\" \"http:\/\/www.w3.org\/TR\/REC-html40\/loose.dtd\">\n<html><body><p><img fetchpriority=\"high\" decoding=\"async\" class=\"alignnone size-full wp-image-16621\" src=\"https:\/\/scar-id.com\/wp-content\/uploads\/2020\/12\/30.jpg\" alt=\"\" width=\"935\" height=\"1000\" srcset=\"https:\/\/scar-id.com\/wp-content\/uploads\/2020\/12\/30.jpg 935w, https:\/\/scar-id.com\/wp-content\/uploads\/2020\/12\/30-281x300.jpg 281w, https:\/\/scar-id.com\/wp-content\/uploads\/2020\/12\/30-768x821.jpg 768w, https:\/\/scar-id.com\/wp-content\/uploads\/2020\/12\/30-324x347.jpg 324w, https:\/\/scar-id.com\/wp-content\/uploads\/2020\/12\/30-416x445.jpg 416w\" sizes=\"(max-width: 935px) 100vw, 935px\" \/> <img decoding=\"async\" class=\"alignnone size-full wp-image-16623\" src=\"https:\/\/scar-id.com\/wp-content\/uploads\/2020\/12\/31.jpg\" alt=\"\" width=\"935\" height=\"1000\" srcset=\"https:\/\/scar-id.com\/wp-content\/uploads\/2020\/12\/31.jpg 935w, https:\/\/scar-id.com\/wp-content\/uploads\/2020\/12\/31-281x300.jpg 281w, https:\/\/scar-id.com\/wp-content\/uploads\/2020\/12\/31-768x821.jpg 768w, https:\/\/scar-id.com\/wp-content\/uploads\/2020\/12\/31-324x347.jpg 324w, https:\/\/scar-id.com\/wp-content\/uploads\/2020\/12\/31-416x445.jpg 416w\" sizes=\"(max-width: 935px) 100vw, 935px\" \/><\/p>\n<\/body><\/html>\n","protected":false},"excerpt":{"rendered":"<h6><strong>Material:<\/strong> Faian\u00e7a com vidrado azul escuro pelo exterior e vidrado branco pelo interior<\/h6>\n<h6><strong>Produ\u00e7\u00e3o:<\/strong> Feito \u00e0 m\u00e3o<\/h6>\n<h6><\/h6>\n<h6><\/h6>\n<p>&nbsp;<\/p>\n<h6>Dispon\u00edvel na scar-id store e em scar-id.com<\/h6>\n<h6>Para informa\u00e7\u00f5es, por favor contacte-nos<\/h6>\n<h6><a href=\"mailto:info@scar-id.com\">info@scar-id.com<\/a>\u00a0\/ (+351) 22\u00a0203 3087<\/h6>\n","protected":false},"featured_media":16626,"template":"","meta":{"_uag_custom_page_level_css":""},"product_brand":[],"product_cat":[356],"product_tag":[],"class_list":{"0":"post-16893","1":"product","2":"type-product","3":"status-publish","4":"has-post-thumbnail","6":"product_cat-ater-objects-pt","8":"first","9":"outofstock","10":"taxable","11":"shipping-taxable","12":"product-type-simple"},"aioseo_notices":[],"uagb_featured_image_src":{"full":["https:\/\/scar-id.com\/wp-content\/uploads\/2020\/12\/23.jpg",724,1000,false],"thumbnail":["https:\/\/scar-id.com\/wp-content\/uploads\/2020\/12\/23-150x150.jpg",150,150,true],"medium":["https:\/\/scar-id.com\/wp-content\/uploads\/2020\/12\/23-217x300.jpg",217,300,true],"medium_large":["https:\/\/scar-id.com\/wp-content\/uploads\/2020\/12\/23.jpg",724,1000,false],"large":["https:\/\/scar-id.com\/wp-content\/uploads\/2020\/12\/23.jpg",724,1000,false],"1536x1536":["https:\/\/scar-id.com\/wp-content\/uploads\/2020\/12\/23.jpg",724,1000,false],"2048x2048":["https:\/\/scar-id.com\/wp-content\/uploads\/2020\/12\/23.jpg",724,1000,false],"woocommerce_thumbnail":["https:\/\/scar-id.com\/wp-content\/uploads\/2020\/12\/23-324x448.jpg",324,448,true],"woocommerce_single":["https:\/\/scar-id.com\/wp-content\/uploads\/2020\/12\/23-416x575.jpg",416,575,true],"woocommerce_gallery_thumbnail":["https:\/\/scar-id.com\/wp-content\/uploads\/2020\/12\/23-100x100.jpg",100,100,true]},"uagb_author_info":{"display_name":"scar-id","author_link":"https:\/\/scar-id.com\/pt-pt\/author\/"},"uagb_comment_info":0,"uagb_excerpt":"Material: Faian\u00e7a com vidrado azul escuro pelo exterior e vidrado branco pelo interior Produ\u00e7\u00e3o: Feito \u00e0 m\u00e3o &nbsp; Dispon\u00edvel na scar-id store e em scar-id.com Para informa\u00e7\u00f5es, por favor contacte-nos info@scar-id.com\u00a0\/ (+351) 22\u00a0203 3087","_links":{"self":[{"href":"https:\/\/scar-id.com\/pt-pt\/wp-json\/wp\/v2\/product\/16893","targetHints":{"allow":["GET"]}}],"collection":[{"href":"https:\/\/scar-id.com\/pt-pt\/wp-json\/wp\/v2\/product"}],"about":[{"href":"https:\/\/scar-id.com\/pt-pt\/wp-json\/wp\/v2\/types\/product"}],"wp:featuredmedia":[{"embeddable":true,"href":"https:\/\/scar-id.com\/pt-pt\/wp-json\/wp\/v2\/media\/16626"}],"wp:attachment":[{"href":"https:\/\/scar-id.com\/pt-pt\/wp-json\/wp\/v2\/media?parent=16893"}],"wp:term":[{"taxonomy":"product_brand","embeddable":true,"href":"https:\/\/scar-id.com\/pt-pt\/wp-json\/wp\/v2\/product_brand?post=16893"},{"taxonomy":"product_cat","embeddable":true,"href":"https:\/\/scar-id.com\/pt-pt\/wp-json\/wp\/v2\/product_cat?post=16893"},{"taxonomy":"product_tag","embeddable":true,"href":"https:\/\/scar-id.com\/pt-pt\/wp-json\/wp\/v2\/product_tag?post=16893"}],"curies":[{"name":"wp","href":"https:\/\/api.w.org\/{rel}","templated":true}]}}