{"id":17395,"date":"2021-02-08T12:34:32","date_gmt":"2021-02-08T12:34:32","guid":{"rendered":"https:\/\/scar-id.com\/produto\/portable-wood-laptop-stand\/"},"modified":"2024-01-09T09:37:21","modified_gmt":"2024-01-09T09:37:21","slug":"suporte-portatil-kima","status":"publish","type":"product","link":"https:\/\/scar-id.com\/pt-pt\/produto\/suporte-portatil-kima\/","title":{"rendered":"Suporte Port\u00e1til em Madeira"},"content":{"rendered":"<!DOCTYPE html PUBLIC \"-\/\/W3C\/\/DTD HTML 4.0 Transitional\/\/EN\" \"http:\/\/www.w3.org\/TR\/REC-html40\/loose.dtd\">\n<html><body><p><img fetchpriority=\"high\" decoding=\"async\" class=\"alignnone size-full wp-image-17385\" src=\"https:\/\/scar-id.com\/wp-content\/uploads\/2021\/02\/KIMA-02.jpg\" alt=\"\" width=\"1000\" height=\"1000\" srcset=\"https:\/\/scar-id.com\/wp-content\/uploads\/2021\/02\/KIMA-02.jpg 1000w, https:\/\/scar-id.com\/wp-content\/uploads\/2021\/02\/KIMA-02-300x300.jpg 300w, https:\/\/scar-id.com\/wp-content\/uploads\/2021\/02\/KIMA-02-150x150.jpg 150w, https:\/\/scar-id.com\/wp-content\/uploads\/2021\/02\/KIMA-02-768x768.jpg 768w, https:\/\/scar-id.com\/wp-content\/uploads\/2021\/02\/KIMA-02-324x324.jpg 324w, https:\/\/scar-id.com\/wp-content\/uploads\/2021\/02\/KIMA-02-416x416.jpg 416w, https:\/\/scar-id.com\/wp-content\/uploads\/2021\/02\/KIMA-02-100x100.jpg 100w\" sizes=\"(max-width: 1000px) 100vw, 1000px\" \/> <img decoding=\"async\" class=\"alignnone size-full wp-image-17387\" src=\"https:\/\/scar-id.com\/wp-content\/uploads\/2021\/02\/KIMA-03.jpg\" alt=\"\" width=\"1000\" height=\"1000\" srcset=\"https:\/\/scar-id.com\/wp-content\/uploads\/2021\/02\/KIMA-03.jpg 1000w, https:\/\/scar-id.com\/wp-content\/uploads\/2021\/02\/KIMA-03-300x300.jpg 300w, https:\/\/scar-id.com\/wp-content\/uploads\/2021\/02\/KIMA-03-150x150.jpg 150w, https:\/\/scar-id.com\/wp-content\/uploads\/2021\/02\/KIMA-03-768x768.jpg 768w, https:\/\/scar-id.com\/wp-content\/uploads\/2021\/02\/KIMA-03-324x324.jpg 324w, https:\/\/scar-id.com\/wp-content\/uploads\/2021\/02\/KIMA-03-416x416.jpg 416w, https:\/\/scar-id.com\/wp-content\/uploads\/2021\/02\/KIMA-03-100x100.jpg 100w\" sizes=\"(max-width: 1000px) 100vw, 1000px\" \/><img decoding=\"async\" class=\"alignnone size-full wp-image-17396\" src=\"https:\/\/scar-id.com\/wp-content\/uploads\/2021\/02\/1-kima.jpg\" alt=\"\" width=\"1000\" height=\"700\" srcset=\"https:\/\/scar-id.com\/wp-content\/uploads\/2021\/02\/1-kima.jpg 1000w, https:\/\/scar-id.com\/wp-content\/uploads\/2021\/02\/1-kima-300x210.jpg 300w, https:\/\/scar-id.com\/wp-content\/uploads\/2021\/02\/1-kima-768x538.jpg 768w, https:\/\/scar-id.com\/wp-content\/uploads\/2021\/02\/1-kima-324x227.jpg 324w, https:\/\/scar-id.com\/wp-content\/uploads\/2021\/02\/1-kima-416x291.jpg 416w\" sizes=\"(max-width: 1000px) 100vw, 1000px\" \/> <img loading=\"lazy\" decoding=\"async\" class=\"alignnone size-full wp-image-17389\" src=\"https:\/\/scar-id.com\/wp-content\/uploads\/2021\/02\/KIMA-04.jpg\" alt=\"\" width=\"1000\" height=\"1000\" srcset=\"https:\/\/scar-id.com\/wp-content\/uploads\/2021\/02\/KIMA-04.jpg 1000w, https:\/\/scar-id.com\/wp-content\/uploads\/2021\/02\/KIMA-04-300x300.jpg 300w, https:\/\/scar-id.com\/wp-content\/uploads\/2021\/02\/KIMA-04-150x150.jpg 150w, https:\/\/scar-id.com\/wp-content\/uploads\/2021\/02\/KIMA-04-768x768.jpg 768w, https:\/\/scar-id.com\/wp-content\/uploads\/2021\/02\/KIMA-04-324x324.jpg 324w, https:\/\/scar-id.com\/wp-content\/uploads\/2021\/02\/KIMA-04-416x416.jpg 416w, https:\/\/scar-id.com\/wp-content\/uploads\/2021\/02\/KIMA-04-100x100.jpg 100w\" sizes=\"(max-width: 1000px) 100vw, 1000px\" \/><img loading=\"lazy\" decoding=\"async\" class=\"alignnone size-full wp-image-17383\" src=\"https:\/\/scar-id.com\/wp-content\/uploads\/2021\/02\/KIMA-01.jpg\" alt=\"\" width=\"1000\" height=\"1000\" srcset=\"https:\/\/scar-id.com\/wp-content\/uploads\/2021\/02\/KIMA-01.jpg 1000w, https:\/\/scar-id.com\/wp-content\/uploads\/2021\/02\/KIMA-01-300x300.jpg 300w, https:\/\/scar-id.com\/wp-content\/uploads\/2021\/02\/KIMA-01-150x150.jpg 150w, https:\/\/scar-id.com\/wp-content\/uploads\/2021\/02\/KIMA-01-768x768.jpg 768w, https:\/\/scar-id.com\/wp-content\/uploads\/2021\/02\/KIMA-01-324x324.jpg 324w, https:\/\/scar-id.com\/wp-content\/uploads\/2021\/02\/KIMA-01-416x416.jpg 416w, https:\/\/scar-id.com\/wp-content\/uploads\/2021\/02\/KIMA-01-100x100.jpg 100w\" sizes=\"(max-width: 1000px) 100vw, 1000px\" \/><\/p>\n<\/body><\/html>\n","protected":false},"excerpt":{"rendered":"<h6><strong>Material: <\/strong>Madeira de Faia<\/h6>\n<h6><strong>Dimens\u00f5es:<\/strong> 29cm x 7cm<\/h6>\n<h6><strong>Description: <\/strong>Suporte para computador, tablet or telem\u00f3vel, com inclina\u00e7\u00e3o de 15 e 30 degrees. Suporte de duas pe\u00e7as em madeira, conectado por \u00edmans<\/h6>\n<h6><\/h6>\n<h6><\/h6>\n<h6><\/h6>\n<p>&nbsp;<\/p>\n<h6>Todas as pe\u00e7as seleccionadas de Kima s\u00e3o<\/h6>\n<h6>Desenhadas e Produzidas em Portugal<\/h6>\n<h6>Para informa\u00e7\u00f5es e medidas, por favor contacte-nos:<\/h6>\n<h6><a href=\"mailto:info@scar-id.com\">info@scar-id.com<\/a>\u00a0\/ (+351) 22\u00a0203 3087<\/h6>\n","protected":false},"featured_media":17394,"template":"","meta":{"_uag_custom_page_level_css":""},"product_brand":[],"product_cat":[351],"product_tag":[],"class_list":{"0":"post-17395","1":"product","2":"type-product","3":"status-publish","4":"has-post-thumbnail","6":"product_cat-kima-pt","7":"pif-has-gallery","9":"first","10":"instock","11":"taxable","12":"shipping-taxable","13":"purchasable","14":"product-type-simple"},"aioseo_notices":[],"uagb_featured_image_src":{"full":["https:\/\/scar-id.com\/wp-content\/uploads\/2021\/02\/KIMA-03-mini.jpg",724,1000,false],"thumbnail":["https:\/\/scar-id.com\/wp-content\/uploads\/2021\/02\/KIMA-03-mini-150x150.jpg",150,150,true],"medium":["https:\/\/scar-id.com\/wp-content\/uploads\/2021\/02\/KIMA-03-mini-217x300.jpg",217,300,true],"medium_large":["https:\/\/scar-id.com\/wp-content\/uploads\/2021\/02\/KIMA-03-mini.jpg",724,1000,false],"large":["https:\/\/scar-id.com\/wp-content\/uploads\/2021\/02\/KIMA-03-mini.jpg",724,1000,false],"1536x1536":["https:\/\/scar-id.com\/wp-content\/uploads\/2021\/02\/KIMA-03-mini.jpg",724,1000,false],"2048x2048":["https:\/\/scar-id.com\/wp-content\/uploads\/2021\/02\/KIMA-03-mini.jpg",724,1000,false],"woocommerce_thumbnail":["https:\/\/scar-id.com\/wp-content\/uploads\/2021\/02\/KIMA-03-mini-324x448.jpg",324,448,true],"woocommerce_single":["https:\/\/scar-id.com\/wp-content\/uploads\/2021\/02\/KIMA-03-mini-416x575.jpg",416,575,true],"woocommerce_gallery_thumbnail":["https:\/\/scar-id.com\/wp-content\/uploads\/2021\/02\/KIMA-03-mini-100x100.jpg",100,100,true]},"uagb_author_info":{"display_name":"scar-id","author_link":"https:\/\/scar-id.com\/pt-pt\/author\/"},"uagb_comment_info":0,"uagb_excerpt":"Material: Madeira de Faia Dimens\u00f5es: 29cm x 7cm Description: Suporte para computador, tablet or telem\u00f3vel, com inclina\u00e7\u00e3o de 15 e 30 degrees. Suporte de duas pe\u00e7as em madeira, conectado por \u00edmans &nbsp; Todas as pe\u00e7as seleccionadas de Kima s\u00e3o Desenhadas e Produzidas em Portugal Para informa\u00e7\u00f5es e medidas, por favor contacte-nos: info@scar-id.com\u00a0\/ (+351) 22\u00a0203 3087","_links":{"self":[{"href":"https:\/\/scar-id.com\/pt-pt\/wp-json\/wp\/v2\/product\/17395","targetHints":{"allow":["GET"]}}],"collection":[{"href":"https:\/\/scar-id.com\/pt-pt\/wp-json\/wp\/v2\/product"}],"about":[{"href":"https:\/\/scar-id.com\/pt-pt\/wp-json\/wp\/v2\/types\/product"}],"wp:featuredmedia":[{"embeddable":true,"href":"https:\/\/scar-id.com\/pt-pt\/wp-json\/wp\/v2\/media\/17394"}],"wp:attachment":[{"href":"https:\/\/scar-id.com\/pt-pt\/wp-json\/wp\/v2\/media?parent=17395"}],"wp:term":[{"taxonomy":"product_brand","embeddable":true,"href":"https:\/\/scar-id.com\/pt-pt\/wp-json\/wp\/v2\/product_brand?post=17395"},{"taxonomy":"product_cat","embeddable":true,"href":"https:\/\/scar-id.com\/pt-pt\/wp-json\/wp\/v2\/product_cat?post=17395"},{"taxonomy":"product_tag","embeddable":true,"href":"https:\/\/scar-id.com\/pt-pt\/wp-json\/wp\/v2\/product_tag?post=17395"}],"curies":[{"name":"wp","href":"https:\/\/api.w.org\/{rel}","templated":true}]}}