{"id":18603,"date":"2020-12-23T19:03:17","date_gmt":"2020-12-23T19:03:17","guid":{"rendered":"https:\/\/scar-id.com\/produto\/samo-2\/"},"modified":"2021-05-27T10:07:38","modified_gmt":"2021-05-27T10:07:38","slug":"samo-2","status":"publish","type":"product","link":"https:\/\/scar-id.com\/pt-pt\/produto\/samo-2\/","title":{"rendered":"Samo #2"},"content":{"rendered":"<!DOCTYPE html PUBLIC \"-\/\/W3C\/\/DTD HTML 4.0 Transitional\/\/EN\" \"http:\/\/www.w3.org\/TR\/REC-html40\/loose.dtd\">\n<html><body><p><img fetchpriority=\"high\" decoding=\"async\" class=\"alignnone size-full wp-image-16908\" src=\"https:\/\/scar-id.com\/wp-content\/uploads\/2020\/12\/galula-samo-2-bowl-1-1.jpg\" alt=\"\" width=\"1000\" height=\"1000\" srcset=\"https:\/\/scar-id.com\/wp-content\/uploads\/2020\/12\/galula-samo-2-bowl-1-1.jpg 1000w, https:\/\/scar-id.com\/wp-content\/uploads\/2020\/12\/galula-samo-2-bowl-1-1-300x300.jpg 300w, https:\/\/scar-id.com\/wp-content\/uploads\/2020\/12\/galula-samo-2-bowl-1-1-150x150.jpg 150w, https:\/\/scar-id.com\/wp-content\/uploads\/2020\/12\/galula-samo-2-bowl-1-1-768x768.jpg 768w, https:\/\/scar-id.com\/wp-content\/uploads\/2020\/12\/galula-samo-2-bowl-1-1-324x324.jpg 324w, https:\/\/scar-id.com\/wp-content\/uploads\/2020\/12\/galula-samo-2-bowl-1-1-416x416.jpg 416w, https:\/\/scar-id.com\/wp-content\/uploads\/2020\/12\/galula-samo-2-bowl-1-1-100x100.jpg 100w\" sizes=\"(max-width: 1000px) 100vw, 1000px\" \/> <img decoding=\"async\" class=\"alignnone size-full wp-image-16910\" src=\"https:\/\/scar-id.com\/wp-content\/uploads\/2020\/12\/galula-samo-2-bowl-2-1.jpg\" alt=\"\" width=\"1000\" height=\"1000\" srcset=\"https:\/\/scar-id.com\/wp-content\/uploads\/2020\/12\/galula-samo-2-bowl-2-1.jpg 1000w, https:\/\/scar-id.com\/wp-content\/uploads\/2020\/12\/galula-samo-2-bowl-2-1-300x300.jpg 300w, https:\/\/scar-id.com\/wp-content\/uploads\/2020\/12\/galula-samo-2-bowl-2-1-150x150.jpg 150w, https:\/\/scar-id.com\/wp-content\/uploads\/2020\/12\/galula-samo-2-bowl-2-1-768x768.jpg 768w, https:\/\/scar-id.com\/wp-content\/uploads\/2020\/12\/galula-samo-2-bowl-2-1-324x324.jpg 324w, https:\/\/scar-id.com\/wp-content\/uploads\/2020\/12\/galula-samo-2-bowl-2-1-416x416.jpg 416w, https:\/\/scar-id.com\/wp-content\/uploads\/2020\/12\/galula-samo-2-bowl-2-1-100x100.jpg 100w\" sizes=\"(max-width: 1000px) 100vw, 1000px\" \/><\/p>\n<\/body><\/html>\n","protected":false},"excerpt":{"rendered":"<h6><strong>Descri\u00e7\u00e3o:<\/strong> Fruteira em corti\u00e7a clara<\/h6>\n<h6><strong>Dimens\u00f5es<\/strong>\u00a0\u00d8: 19,8 cm x H: 9,5 cm<\/h6>\n<h6><\/h6>\n<p>&nbsp;<\/p>\n<h6><\/h6>\n<h6>Todas as pe\u00e7as seleccionadas Galula s\u00e3o<\/h6>\n<h6>Desenhadas e Produzidas em Portugal<\/h6>\n<h6>Para informa\u00e7\u00f5es e medidas n\u00e3o hesite em nos contactar<\/h6>\n<h6><a href=\"mailto:info@scar-id.com\">info@scar-id.com<\/a>\u00a0\/ (+351) 22\u00a0203 3087<\/h6>\n<h6><\/h6>\n<h6><\/h6>\n","protected":false},"featured_media":16913,"template":"","meta":{"_uag_custom_page_level_css":""},"product_brand":[],"product_cat":[148],"product_tag":[],"class_list":{"0":"post-18603","1":"product","2":"type-product","3":"status-publish","4":"has-post-thumbnail","6":"product_cat-galula","7":"pif-has-gallery","9":"first","10":"instock","11":"taxable","12":"shipping-taxable","13":"purchasable","14":"product-type-simple"},"aioseo_notices":[],"uagb_featured_image_src":{"full":["https:\/\/scar-id.com\/wp-content\/uploads\/2020\/12\/3.jpg",724,1000,false],"thumbnail":["https:\/\/scar-id.com\/wp-content\/uploads\/2020\/12\/3-150x150.jpg",150,150,true],"medium":["https:\/\/scar-id.com\/wp-content\/uploads\/2020\/12\/3-217x300.jpg",217,300,true],"medium_large":["https:\/\/scar-id.com\/wp-content\/uploads\/2020\/12\/3.jpg",724,1000,false],"large":["https:\/\/scar-id.com\/wp-content\/uploads\/2020\/12\/3.jpg",724,1000,false],"1536x1536":["https:\/\/scar-id.com\/wp-content\/uploads\/2020\/12\/3.jpg",724,1000,false],"2048x2048":["https:\/\/scar-id.com\/wp-content\/uploads\/2020\/12\/3.jpg",724,1000,false],"woocommerce_thumbnail":["https:\/\/scar-id.com\/wp-content\/uploads\/2020\/12\/3-324x448.jpg",324,448,true],"woocommerce_single":["https:\/\/scar-id.com\/wp-content\/uploads\/2020\/12\/3-416x575.jpg",416,575,true],"woocommerce_gallery_thumbnail":["https:\/\/scar-id.com\/wp-content\/uploads\/2020\/12\/3-100x100.jpg",100,100,true]},"uagb_author_info":{"display_name":"scar-id","author_link":"https:\/\/scar-id.com\/pt-pt\/author\/"},"uagb_comment_info":0,"uagb_excerpt":"Descri\u00e7\u00e3o: Fruteira em corti\u00e7a clara Dimens\u00f5es\u00a0\u00d8: 19,8 cm x H: 9,5 cm &nbsp; Todas as pe\u00e7as seleccionadas Galula s\u00e3o Desenhadas e Produzidas em Portugal Para informa\u00e7\u00f5es e medidas n\u00e3o hesite em nos contactar info@scar-id.com\u00a0\/ (+351) 22\u00a0203 3087","_links":{"self":[{"href":"https:\/\/scar-id.com\/pt-pt\/wp-json\/wp\/v2\/product\/18603","targetHints":{"allow":["GET"]}}],"collection":[{"href":"https:\/\/scar-id.com\/pt-pt\/wp-json\/wp\/v2\/product"}],"about":[{"href":"https:\/\/scar-id.com\/pt-pt\/wp-json\/wp\/v2\/types\/product"}],"wp:featuredmedia":[{"embeddable":true,"href":"https:\/\/scar-id.com\/pt-pt\/wp-json\/wp\/v2\/media\/16913"}],"wp:attachment":[{"href":"https:\/\/scar-id.com\/pt-pt\/wp-json\/wp\/v2\/media?parent=18603"}],"wp:term":[{"taxonomy":"product_brand","embeddable":true,"href":"https:\/\/scar-id.com\/pt-pt\/wp-json\/wp\/v2\/product_brand?post=18603"},{"taxonomy":"product_cat","embeddable":true,"href":"https:\/\/scar-id.com\/pt-pt\/wp-json\/wp\/v2\/product_cat?post=18603"},{"taxonomy":"product_tag","embeddable":true,"href":"https:\/\/scar-id.com\/pt-pt\/wp-json\/wp\/v2\/product_tag?post=18603"}],"curies":[{"name":"wp","href":"https:\/\/api.w.org\/{rel}","templated":true}]}}