{"id":19461,"date":"2021-09-06T14:24:32","date_gmt":"2021-09-06T14:24:32","guid":{"rendered":"https:\/\/scar-id.com\/produto\/ater-raw-and-blue-bowl\/"},"modified":"2021-09-24T17:22:23","modified_gmt":"2021-09-24T17:22:23","slug":"ater-taca-cru-azul","status":"publish","type":"product","link":"https:\/\/scar-id.com\/pt-pt\/produto\/ater-taca-cru-azul\/","title":{"rendered":"Ta\u00e7a Cru e Azul ATER"},"content":{"rendered":"<!DOCTYPE html PUBLIC \"-\/\/W3C\/\/DTD HTML 4.0 Transitional\/\/EN\" \"http:\/\/www.w3.org\/TR\/REC-html40\/loose.dtd\">\n<html><body><p><img fetchpriority=\"high\" decoding=\"async\" class=\"alignnone size-full wp-image-19453\" src=\"https:\/\/scar-id.com\/wp-content\/uploads\/2021\/09\/scar-id-ater-objects-raw-blue-bowl-2-1.jpg\" alt=\"\" width=\"1400\" height=\"1670\" srcset=\"https:\/\/scar-id.com\/wp-content\/uploads\/2021\/09\/scar-id-ater-objects-raw-blue-bowl-2-1.jpg 1400w, https:\/\/scar-id.com\/wp-content\/uploads\/2021\/09\/scar-id-ater-objects-raw-blue-bowl-2-1-251x300.jpg 251w, https:\/\/scar-id.com\/wp-content\/uploads\/2021\/09\/scar-id-ater-objects-raw-blue-bowl-2-1-858x1024.jpg 858w, https:\/\/scar-id.com\/wp-content\/uploads\/2021\/09\/scar-id-ater-objects-raw-blue-bowl-2-1-768x916.jpg 768w, https:\/\/scar-id.com\/wp-content\/uploads\/2021\/09\/scar-id-ater-objects-raw-blue-bowl-2-1-1288x1536.jpg 1288w, https:\/\/scar-id.com\/wp-content\/uploads\/2021\/09\/scar-id-ater-objects-raw-blue-bowl-2-1-324x386.jpg 324w, https:\/\/scar-id.com\/wp-content\/uploads\/2021\/09\/scar-id-ater-objects-raw-blue-bowl-2-1-416x496.jpg 416w\" sizes=\"(max-width: 1400px) 100vw, 1400px\" \/><img decoding=\"async\" class=\"alignnone size-full wp-image-19906\" src=\"https:\/\/scar-id.com\/wp-content\/uploads\/2021\/09\/ater-scar-id-raw-blue-bowl-event-3.jpg\" alt=\"ATER Bowl\" width=\"1298\" height=\"933\" srcset=\"https:\/\/scar-id.com\/wp-content\/uploads\/2021\/09\/ater-scar-id-raw-blue-bowl-event-3.jpg 1298w, https:\/\/scar-id.com\/wp-content\/uploads\/2021\/09\/ater-scar-id-raw-blue-bowl-event-3-300x216.jpg 300w, https:\/\/scar-id.com\/wp-content\/uploads\/2021\/09\/ater-scar-id-raw-blue-bowl-event-3-1024x736.jpg 1024w, https:\/\/scar-id.com\/wp-content\/uploads\/2021\/09\/ater-scar-id-raw-blue-bowl-event-3-768x552.jpg 768w, https:\/\/scar-id.com\/wp-content\/uploads\/2021\/09\/ater-scar-id-raw-blue-bowl-event-3-324x233.jpg 324w, https:\/\/scar-id.com\/wp-content\/uploads\/2021\/09\/ater-scar-id-raw-blue-bowl-event-3-416x299.jpg 416w\" sizes=\"(max-width: 1298px) 100vw, 1298px\" \/><img decoding=\"async\" class=\"size-full wp-image-19442 aligncenter\" src=\"https:\/\/scar-id.com\/wp-content\/uploads\/2021\/09\/scar-id-ater-objects-raw-blue-bowl-1.jpg\" alt=\"\" width=\"1400\" height=\"1715\" srcset=\"https:\/\/scar-id.com\/wp-content\/uploads\/2021\/09\/scar-id-ater-objects-raw-blue-bowl-1.jpg 1400w, https:\/\/scar-id.com\/wp-content\/uploads\/2021\/09\/scar-id-ater-objects-raw-blue-bowl-1-245x300.jpg 245w, https:\/\/scar-id.com\/wp-content\/uploads\/2021\/09\/scar-id-ater-objects-raw-blue-bowl-1-836x1024.jpg 836w, https:\/\/scar-id.com\/wp-content\/uploads\/2021\/09\/scar-id-ater-objects-raw-blue-bowl-1-768x941.jpg 768w, https:\/\/scar-id.com\/wp-content\/uploads\/2021\/09\/scar-id-ater-objects-raw-blue-bowl-1-1254x1536.jpg 1254w, https:\/\/scar-id.com\/wp-content\/uploads\/2021\/09\/scar-id-ater-objects-raw-blue-bowl-1-324x397.jpg 324w, https:\/\/scar-id.com\/wp-content\/uploads\/2021\/09\/scar-id-ater-objects-raw-blue-bowl-1-416x510.jpg 416w\" sizes=\"(max-width: 1400px) 100vw, 1400px\" \/><img loading=\"lazy\" decoding=\"async\" class=\"alignnone size-full wp-image-19451\" src=\"https:\/\/scar-id.com\/wp-content\/uploads\/2021\/09\/scar-id-ater-objects-raw-blue-bowl-3.jpg\" alt=\"\" width=\"1400\" height=\"1613\" srcset=\"https:\/\/scar-id.com\/wp-content\/uploads\/2021\/09\/scar-id-ater-objects-raw-blue-bowl-3.jpg 1400w, https:\/\/scar-id.com\/wp-content\/uploads\/2021\/09\/scar-id-ater-objects-raw-blue-bowl-3-260x300.jpg 260w, https:\/\/scar-id.com\/wp-content\/uploads\/2021\/09\/scar-id-ater-objects-raw-blue-bowl-3-889x1024.jpg 889w, https:\/\/scar-id.com\/wp-content\/uploads\/2021\/09\/scar-id-ater-objects-raw-blue-bowl-3-768x885.jpg 768w, https:\/\/scar-id.com\/wp-content\/uploads\/2021\/09\/scar-id-ater-objects-raw-blue-bowl-3-1333x1536.jpg 1333w, https:\/\/scar-id.com\/wp-content\/uploads\/2021\/09\/scar-id-ater-objects-raw-blue-bowl-3-324x373.jpg 324w, https:\/\/scar-id.com\/wp-content\/uploads\/2021\/09\/scar-id-ater-objects-raw-blue-bowl-3-416x479.jpg 416w\" sizes=\"(max-width: 1400px) 100vw, 1400px\" \/><img loading=\"lazy\" decoding=\"async\" class=\"alignnone size-full wp-image-19886\" src=\"https:\/\/scar-id.com\/wp-content\/uploads\/2021\/09\/ater-scar-id-bird-sauce-pourer-event-2.jpg\" alt=\"ATER Sauce Pourer\" width=\"1400\" height=\"2100\" srcset=\"https:\/\/scar-id.com\/wp-content\/uploads\/2021\/09\/ater-scar-id-bird-sauce-pourer-event-2.jpg 1400w, https:\/\/scar-id.com\/wp-content\/uploads\/2021\/09\/ater-scar-id-bird-sauce-pourer-event-2-200x300.jpg 200w, https:\/\/scar-id.com\/wp-content\/uploads\/2021\/09\/ater-scar-id-bird-sauce-pourer-event-2-683x1024.jpg 683w, https:\/\/scar-id.com\/wp-content\/uploads\/2021\/09\/ater-scar-id-bird-sauce-pourer-event-2-768x1152.jpg 768w, https:\/\/scar-id.com\/wp-content\/uploads\/2021\/09\/ater-scar-id-bird-sauce-pourer-event-2-1024x1536.jpg 1024w, https:\/\/scar-id.com\/wp-content\/uploads\/2021\/09\/ater-scar-id-bird-sauce-pourer-event-2-1365x2048.jpg 1365w, https:\/\/scar-id.com\/wp-content\/uploads\/2021\/09\/ater-scar-id-bird-sauce-pourer-event-2-324x486.jpg 324w, https:\/\/scar-id.com\/wp-content\/uploads\/2021\/09\/ater-scar-id-bird-sauce-pourer-event-2-416x624.jpg 416w\" sizes=\"(max-width: 1400px) 100vw, 1400px\" \/> <img loading=\"lazy\" decoding=\"async\" class=\"alignnone size-full wp-image-19902\" src=\"https:\/\/scar-id.com\/wp-content\/uploads\/2021\/09\/ater-scar-id-raw-blue-bowl-event-1.jpg\" alt=\"ATER Sauce Pourer\" width=\"1400\" height=\"2100\" srcset=\"https:\/\/scar-id.com\/wp-content\/uploads\/2021\/09\/ater-scar-id-raw-blue-bowl-event-1.jpg 1400w, https:\/\/scar-id.com\/wp-content\/uploads\/2021\/09\/ater-scar-id-raw-blue-bowl-event-1-200x300.jpg 200w, https:\/\/scar-id.com\/wp-content\/uploads\/2021\/09\/ater-scar-id-raw-blue-bowl-event-1-683x1024.jpg 683w, https:\/\/scar-id.com\/wp-content\/uploads\/2021\/09\/ater-scar-id-raw-blue-bowl-event-1-768x1152.jpg 768w, https:\/\/scar-id.com\/wp-content\/uploads\/2021\/09\/ater-scar-id-raw-blue-bowl-event-1-1024x1536.jpg 1024w, https:\/\/scar-id.com\/wp-content\/uploads\/2021\/09\/ater-scar-id-raw-blue-bowl-event-1-1365x2048.jpg 1365w, https:\/\/scar-id.com\/wp-content\/uploads\/2021\/09\/ater-scar-id-raw-blue-bowl-event-1-324x486.jpg 324w, https:\/\/scar-id.com\/wp-content\/uploads\/2021\/09\/ater-scar-id-raw-blue-bowl-event-1-416x624.jpg 416w\" sizes=\"(max-width: 1400px) 100vw, 1400px\" \/><\/p>\n<\/body><\/html>\n","protected":false},"excerpt":{"rendered":"<h6><strong>Material: <\/strong>Faian\u00e7a (vidrado azul e transparente)<\/h6>\n<h6><strong>Produ\u00e7\u00e3o:<\/strong> Feito \u00e0 m\u00e3o<\/h6>\n<h6><\/h6>\n<h6><strong>Altura (aprox.): <\/strong>6cm<\/h6>\n<h6><strong>Di\u00e2metro<\/strong><strong>\u00a0(aprox.): <\/strong>15cm<\/h6>\n<h6><\/h6>\n<p>&nbsp;<\/p>\n<h6>Dispon\u00edvel na scar-id store e em scar-id.com<\/h6>\n<h6>Para informa\u00e7\u00f5es, por favor contacte-nos<\/h6>\n<h6><a href=\"mailto:info@scar-id.com\">info@scar-id.com<\/a>\u00a0\/ (+351) 22\u00a0203 3087<\/h6>\n<h6>(Fotografia do Evento por Ricardo Pita)<\/h6>\n<h6><\/h6>\n","protected":false},"featured_media":19447,"template":"","meta":{"_uag_custom_page_level_css":""},"product_brand":[],"product_cat":[356],"product_tag":[],"class_list":{"0":"post-19461","1":"product","2":"type-product","3":"status-publish","4":"has-post-thumbnail","6":"product_cat-ater-objects-pt","8":"first","9":"instock","10":"taxable","11":"shipping-taxable","12":"purchasable","13":"product-type-simple"},"aioseo_notices":[],"uagb_featured_image_src":{"full":["https:\/\/scar-id.com\/wp-content\/uploads\/2021\/09\/scar-id-ater-objects-raw-blue-bowl.jpg",824,1138,false],"thumbnail":["https:\/\/scar-id.com\/wp-content\/uploads\/2021\/09\/scar-id-ater-objects-raw-blue-bowl-150x150.jpg",150,150,true],"medium":["https:\/\/scar-id.com\/wp-content\/uploads\/2021\/09\/scar-id-ater-objects-raw-blue-bowl-217x300.jpg",217,300,true],"medium_large":["https:\/\/scar-id.com\/wp-content\/uploads\/2021\/09\/scar-id-ater-objects-raw-blue-bowl-768x1061.jpg",768,1061,true],"large":["https:\/\/scar-id.com\/wp-content\/uploads\/2021\/09\/scar-id-ater-objects-raw-blue-bowl-741x1024.jpg",741,1024,true],"1536x1536":["https:\/\/scar-id.com\/wp-content\/uploads\/2021\/09\/scar-id-ater-objects-raw-blue-bowl.jpg",824,1138,false],"2048x2048":["https:\/\/scar-id.com\/wp-content\/uploads\/2021\/09\/scar-id-ater-objects-raw-blue-bowl.jpg",824,1138,false],"woocommerce_thumbnail":["https:\/\/scar-id.com\/wp-content\/uploads\/2021\/09\/scar-id-ater-objects-raw-blue-bowl-324x447.jpg",324,447,true],"woocommerce_single":["https:\/\/scar-id.com\/wp-content\/uploads\/2021\/09\/scar-id-ater-objects-raw-blue-bowl-416x575.jpg",416,575,true],"woocommerce_gallery_thumbnail":["https:\/\/scar-id.com\/wp-content\/uploads\/2021\/09\/scar-id-ater-objects-raw-blue-bowl-100x100.jpg",100,100,true]},"uagb_author_info":{"display_name":"scar-id","author_link":"https:\/\/scar-id.com\/pt-pt\/author\/"},"uagb_comment_info":0,"uagb_excerpt":"Material: Faian\u00e7a (vidrado azul e transparente) Produ\u00e7\u00e3o: Feito \u00e0 m\u00e3o Altura (aprox.): 6cm Di\u00e2metro\u00a0(aprox.): 15cm &nbsp; Dispon\u00edvel na scar-id store e em scar-id.com Para informa\u00e7\u00f5es, por favor contacte-nos info@scar-id.com\u00a0\/ (+351) 22\u00a0203 3087 (Fotografia do Evento por Ricardo Pita)","_links":{"self":[{"href":"https:\/\/scar-id.com\/pt-pt\/wp-json\/wp\/v2\/product\/19461","targetHints":{"allow":["GET"]}}],"collection":[{"href":"https:\/\/scar-id.com\/pt-pt\/wp-json\/wp\/v2\/product"}],"about":[{"href":"https:\/\/scar-id.com\/pt-pt\/wp-json\/wp\/v2\/types\/product"}],"wp:featuredmedia":[{"embeddable":true,"href":"https:\/\/scar-id.com\/pt-pt\/wp-json\/wp\/v2\/media\/19447"}],"wp:attachment":[{"href":"https:\/\/scar-id.com\/pt-pt\/wp-json\/wp\/v2\/media?parent=19461"}],"wp:term":[{"taxonomy":"product_brand","embeddable":true,"href":"https:\/\/scar-id.com\/pt-pt\/wp-json\/wp\/v2\/product_brand?post=19461"},{"taxonomy":"product_cat","embeddable":true,"href":"https:\/\/scar-id.com\/pt-pt\/wp-json\/wp\/v2\/product_cat?post=19461"},{"taxonomy":"product_tag","embeddable":true,"href":"https:\/\/scar-id.com\/pt-pt\/wp-json\/wp\/v2\/product_tag?post=19461"}],"curies":[{"name":"wp","href":"https:\/\/api.w.org\/{rel}","templated":true}]}}