{"id":20079,"date":"2021-10-20T11:47:42","date_gmt":"2021-10-20T11:47:42","guid":{"rendered":"https:\/\/scar-id.com\/produto\/disruption-midi-skirt\/"},"modified":"2021-10-26T11:26:04","modified_gmt":"2021-10-26T11:26:04","slug":"disruption-saia","status":"publish","type":"product","link":"https:\/\/scar-id.com\/pt-pt\/produto\/disruption-saia\/","title":{"rendered":"Saia Disruption"},"content":{"rendered":"<!DOCTYPE html PUBLIC \"-\/\/W3C\/\/DTD HTML 4.0 Transitional\/\/EN\" \"http:\/\/www.w3.org\/TR\/REC-html40\/loose.dtd\">\n<html><body><p><img fetchpriority=\"high\" decoding=\"async\" class=\"alignnone size-full wp-image-20036\" src=\"https:\/\/scar-id.com\/wp-content\/uploads\/2021\/10\/scar-id-alexandra-moura-aw21-disruption-midi-skirt-1.jpg\" alt=\"\" width=\"1400\" height=\"2100\" srcset=\"https:\/\/scar-id.com\/wp-content\/uploads\/2021\/10\/scar-id-alexandra-moura-aw21-disruption-midi-skirt-1.jpg 1400w, https:\/\/scar-id.com\/wp-content\/uploads\/2021\/10\/scar-id-alexandra-moura-aw21-disruption-midi-skirt-1-200x300.jpg 200w, https:\/\/scar-id.com\/wp-content\/uploads\/2021\/10\/scar-id-alexandra-moura-aw21-disruption-midi-skirt-1-683x1024.jpg 683w, https:\/\/scar-id.com\/wp-content\/uploads\/2021\/10\/scar-id-alexandra-moura-aw21-disruption-midi-skirt-1-768x1152.jpg 768w, https:\/\/scar-id.com\/wp-content\/uploads\/2021\/10\/scar-id-alexandra-moura-aw21-disruption-midi-skirt-1-1024x1536.jpg 1024w, https:\/\/scar-id.com\/wp-content\/uploads\/2021\/10\/scar-id-alexandra-moura-aw21-disruption-midi-skirt-1-1365x2048.jpg 1365w, https:\/\/scar-id.com\/wp-content\/uploads\/2021\/10\/scar-id-alexandra-moura-aw21-disruption-midi-skirt-1-324x486.jpg 324w, https:\/\/scar-id.com\/wp-content\/uploads\/2021\/10\/scar-id-alexandra-moura-aw21-disruption-midi-skirt-1-416x624.jpg 416w\" sizes=\"(max-width: 1400px) 100vw, 1400px\" \/> <img decoding=\"async\" class=\"alignnone size-full wp-image-20038\" src=\"https:\/\/scar-id.com\/wp-content\/uploads\/2021\/10\/scar-id-alexandra-moura-aw21-disruption-midi-skirt-2.jpg\" alt=\"\" width=\"1400\" height=\"2100\" srcset=\"https:\/\/scar-id.com\/wp-content\/uploads\/2021\/10\/scar-id-alexandra-moura-aw21-disruption-midi-skirt-2.jpg 1400w, https:\/\/scar-id.com\/wp-content\/uploads\/2021\/10\/scar-id-alexandra-moura-aw21-disruption-midi-skirt-2-200x300.jpg 200w, https:\/\/scar-id.com\/wp-content\/uploads\/2021\/10\/scar-id-alexandra-moura-aw21-disruption-midi-skirt-2-683x1024.jpg 683w, https:\/\/scar-id.com\/wp-content\/uploads\/2021\/10\/scar-id-alexandra-moura-aw21-disruption-midi-skirt-2-768x1152.jpg 768w, https:\/\/scar-id.com\/wp-content\/uploads\/2021\/10\/scar-id-alexandra-moura-aw21-disruption-midi-skirt-2-1024x1536.jpg 1024w, https:\/\/scar-id.com\/wp-content\/uploads\/2021\/10\/scar-id-alexandra-moura-aw21-disruption-midi-skirt-2-1365x2048.jpg 1365w, https:\/\/scar-id.com\/wp-content\/uploads\/2021\/10\/scar-id-alexandra-moura-aw21-disruption-midi-skirt-2-324x486.jpg 324w, https:\/\/scar-id.com\/wp-content\/uploads\/2021\/10\/scar-id-alexandra-moura-aw21-disruption-midi-skirt-2-416x624.jpg 416w\" sizes=\"(max-width: 1400px) 100vw, 1400px\" \/> <img decoding=\"async\" class=\"alignnone size-full wp-image-20040\" src=\"https:\/\/scar-id.com\/wp-content\/uploads\/2021\/10\/scar-id-alexandra-moura-aw21-disruption-midi-skirt-3.jpg\" alt=\"\" width=\"1400\" height=\"2100\" srcset=\"https:\/\/scar-id.com\/wp-content\/uploads\/2021\/10\/scar-id-alexandra-moura-aw21-disruption-midi-skirt-3.jpg 1400w, https:\/\/scar-id.com\/wp-content\/uploads\/2021\/10\/scar-id-alexandra-moura-aw21-disruption-midi-skirt-3-200x300.jpg 200w, https:\/\/scar-id.com\/wp-content\/uploads\/2021\/10\/scar-id-alexandra-moura-aw21-disruption-midi-skirt-3-683x1024.jpg 683w, https:\/\/scar-id.com\/wp-content\/uploads\/2021\/10\/scar-id-alexandra-moura-aw21-disruption-midi-skirt-3-768x1152.jpg 768w, https:\/\/scar-id.com\/wp-content\/uploads\/2021\/10\/scar-id-alexandra-moura-aw21-disruption-midi-skirt-3-1024x1536.jpg 1024w, https:\/\/scar-id.com\/wp-content\/uploads\/2021\/10\/scar-id-alexandra-moura-aw21-disruption-midi-skirt-3-1365x2048.jpg 1365w, https:\/\/scar-id.com\/wp-content\/uploads\/2021\/10\/scar-id-alexandra-moura-aw21-disruption-midi-skirt-3-324x486.jpg 324w, https:\/\/scar-id.com\/wp-content\/uploads\/2021\/10\/scar-id-alexandra-moura-aw21-disruption-midi-skirt-3-416x624.jpg 416w\" sizes=\"(max-width: 1400px) 100vw, 1400px\" \/><\/p>\n<\/body><\/html>\n","protected":false},"excerpt":{"rendered":"<h6><strong>Material:<\/strong> 100% Denim (Algod\u00e3o)<\/h6>\n<h6><strong>Tamanho:<\/strong> S<\/h6>\n<h6><\/h6>\n<p>&nbsp;<\/p>\n<h6>Todas as pe\u00e7as seleccionada de Alexandra Moura<\/h6>\n<h6>s\u00e3o desenhadas e produzidas em Portugal<\/h6>\n<h6>Para informa\u00e7\u00f5es e medidas, por favor contacte-nos<\/h6>\n<h6><a href=\"mailto:info@scar-id.com\">info@scar-id.com<\/a>\u00a0\/ (+351) 22\u00a0203 3087<\/h6>\n","protected":false},"featured_media":20065,"template":"","meta":{"_uag_custom_page_level_css":""},"product_brand":[],"product_cat":[126],"product_tag":[],"class_list":{"0":"post-20079","1":"product","2":"type-product","3":"status-publish","4":"has-post-thumbnail","6":"product_cat-alexandra-moura","8":"first","9":"instock","10":"sale","11":"taxable","12":"shipping-taxable","13":"purchasable","14":"product-type-simple"},"aioseo_notices":[],"uagb_featured_image_src":{"full":["https:\/\/scar-id.com\/wp-content\/uploads\/2021\/10\/scar-id-alexandra-moura-aw21-disruption-midi-skirt-1-1.jpg",824,1138,false],"thumbnail":["https:\/\/scar-id.com\/wp-content\/uploads\/2021\/10\/scar-id-alexandra-moura-aw21-disruption-midi-skirt-1-1-150x150.jpg",150,150,true],"medium":["https:\/\/scar-id.com\/wp-content\/uploads\/2021\/10\/scar-id-alexandra-moura-aw21-disruption-midi-skirt-1-1-217x300.jpg",217,300,true],"medium_large":["https:\/\/scar-id.com\/wp-content\/uploads\/2021\/10\/scar-id-alexandra-moura-aw21-disruption-midi-skirt-1-1-768x1061.jpg",768,1061,true],"large":["https:\/\/scar-id.com\/wp-content\/uploads\/2021\/10\/scar-id-alexandra-moura-aw21-disruption-midi-skirt-1-1-741x1024.jpg",741,1024,true],"1536x1536":["https:\/\/scar-id.com\/wp-content\/uploads\/2021\/10\/scar-id-alexandra-moura-aw21-disruption-midi-skirt-1-1.jpg",824,1138,false],"2048x2048":["https:\/\/scar-id.com\/wp-content\/uploads\/2021\/10\/scar-id-alexandra-moura-aw21-disruption-midi-skirt-1-1.jpg",824,1138,false],"woocommerce_thumbnail":["https:\/\/scar-id.com\/wp-content\/uploads\/2021\/10\/scar-id-alexandra-moura-aw21-disruption-midi-skirt-1-1-324x447.jpg",324,447,true],"woocommerce_single":["https:\/\/scar-id.com\/wp-content\/uploads\/2021\/10\/scar-id-alexandra-moura-aw21-disruption-midi-skirt-1-1-416x575.jpg",416,575,true],"woocommerce_gallery_thumbnail":["https:\/\/scar-id.com\/wp-content\/uploads\/2021\/10\/scar-id-alexandra-moura-aw21-disruption-midi-skirt-1-1-100x100.jpg",100,100,true]},"uagb_author_info":{"display_name":"scar-id","author_link":"https:\/\/scar-id.com\/pt-pt\/author\/"},"uagb_comment_info":0,"uagb_excerpt":"Material: 100% Denim (Algod\u00e3o) Tamanho: S &nbsp; Todas as pe\u00e7as seleccionada de Alexandra Moura s\u00e3o desenhadas e produzidas em Portugal Para informa\u00e7\u00f5es e medidas, por favor contacte-nos info@scar-id.com\u00a0\/ (+351) 22\u00a0203 3087","_links":{"self":[{"href":"https:\/\/scar-id.com\/pt-pt\/wp-json\/wp\/v2\/product\/20079","targetHints":{"allow":["GET"]}}],"collection":[{"href":"https:\/\/scar-id.com\/pt-pt\/wp-json\/wp\/v2\/product"}],"about":[{"href":"https:\/\/scar-id.com\/pt-pt\/wp-json\/wp\/v2\/types\/product"}],"wp:featuredmedia":[{"embeddable":true,"href":"https:\/\/scar-id.com\/pt-pt\/wp-json\/wp\/v2\/media\/20065"}],"wp:attachment":[{"href":"https:\/\/scar-id.com\/pt-pt\/wp-json\/wp\/v2\/media?parent=20079"}],"wp:term":[{"taxonomy":"product_brand","embeddable":true,"href":"https:\/\/scar-id.com\/pt-pt\/wp-json\/wp\/v2\/product_brand?post=20079"},{"taxonomy":"product_cat","embeddable":true,"href":"https:\/\/scar-id.com\/pt-pt\/wp-json\/wp\/v2\/product_cat?post=20079"},{"taxonomy":"product_tag","embeddable":true,"href":"https:\/\/scar-id.com\/pt-pt\/wp-json\/wp\/v2\/product_tag?post=20079"}],"curies":[{"name":"wp","href":"https:\/\/api.w.org\/{rel}","templated":true}]}}