{"id":20445,"date":"2021-12-15T17:02:34","date_gmt":"2021-12-15T17:02:34","guid":{"rendered":"https:\/\/scar-id.com\/produto\/cir-colar-necklace-blue\/"},"modified":"2025-12-12T11:20:17","modified_gmt":"2025-12-12T11:20:17","slug":"cir-colar-azul","status":"publish","type":"product","link":"https:\/\/scar-id.com\/pt-pt\/produto\/cir-colar-azul\/","title":{"rendered":"Cir_Colar Azul"},"content":{"rendered":"<!DOCTYPE html PUBLIC \"-\/\/W3C\/\/DTD HTML 4.0 Transitional\/\/EN\" \"http:\/\/www.w3.org\/TR\/REC-html40\/loose.dtd\">\n<html><body><p><img fetchpriority=\"high\" decoding=\"async\" class=\"alignnone size-full wp-image-20400\" src=\"https:\/\/scar-id.com\/wp-content\/uploads\/2021\/12\/Blue-circular-necklace-mi-mitrika-scar-id-6.jpg\" alt=\"\" width=\"1400\" height=\"933\" srcset=\"https:\/\/scar-id.com\/wp-content\/uploads\/2021\/12\/Blue-circular-necklace-mi-mitrika-scar-id-6.jpg 1400w, https:\/\/scar-id.com\/wp-content\/uploads\/2021\/12\/Blue-circular-necklace-mi-mitrika-scar-id-6-300x200.jpg 300w, https:\/\/scar-id.com\/wp-content\/uploads\/2021\/12\/Blue-circular-necklace-mi-mitrika-scar-id-6-1024x682.jpg 1024w, https:\/\/scar-id.com\/wp-content\/uploads\/2021\/12\/Blue-circular-necklace-mi-mitrika-scar-id-6-768x512.jpg 768w, https:\/\/scar-id.com\/wp-content\/uploads\/2021\/12\/Blue-circular-necklace-mi-mitrika-scar-id-6-324x216.jpg 324w, https:\/\/scar-id.com\/wp-content\/uploads\/2021\/12\/Blue-circular-necklace-mi-mitrika-scar-id-6-416x277.jpg 416w\" sizes=\"(max-width: 1400px) 100vw, 1400px\" \/><img decoding=\"async\" class=\"alignnone size-full wp-image-20390\" src=\"https:\/\/scar-id.com\/wp-content\/uploads\/2021\/12\/Blue-circular-necklace-mi-mitrika-scar-id.jpg\" alt=\"\" width=\"1400\" height=\"1400\" srcset=\"https:\/\/scar-id.com\/wp-content\/uploads\/2021\/12\/Blue-circular-necklace-mi-mitrika-scar-id.jpg 1400w, https:\/\/scar-id.com\/wp-content\/uploads\/2021\/12\/Blue-circular-necklace-mi-mitrika-scar-id-300x300.jpg 300w, https:\/\/scar-id.com\/wp-content\/uploads\/2021\/12\/Blue-circular-necklace-mi-mitrika-scar-id-1024x1024.jpg 1024w, https:\/\/scar-id.com\/wp-content\/uploads\/2021\/12\/Blue-circular-necklace-mi-mitrika-scar-id-150x150.jpg 150w, https:\/\/scar-id.com\/wp-content\/uploads\/2021\/12\/Blue-circular-necklace-mi-mitrika-scar-id-768x768.jpg 768w, https:\/\/scar-id.com\/wp-content\/uploads\/2021\/12\/Blue-circular-necklace-mi-mitrika-scar-id-324x324.jpg 324w, https:\/\/scar-id.com\/wp-content\/uploads\/2021\/12\/Blue-circular-necklace-mi-mitrika-scar-id-416x416.jpg 416w, https:\/\/scar-id.com\/wp-content\/uploads\/2021\/12\/Blue-circular-necklace-mi-mitrika-scar-id-100x100.jpg 100w\" sizes=\"(max-width: 1400px) 100vw, 1400px\" \/> <img decoding=\"async\" class=\"alignnone size-full wp-image-20392\" src=\"https:\/\/scar-id.com\/wp-content\/uploads\/2021\/12\/Blue-circular-necklace-mi-mitrika-scar-id-2.jpg\" alt=\"\" width=\"1400\" height=\"1400\" srcset=\"https:\/\/scar-id.com\/wp-content\/uploads\/2021\/12\/Blue-circular-necklace-mi-mitrika-scar-id-2.jpg 1400w, https:\/\/scar-id.com\/wp-content\/uploads\/2021\/12\/Blue-circular-necklace-mi-mitrika-scar-id-2-300x300.jpg 300w, https:\/\/scar-id.com\/wp-content\/uploads\/2021\/12\/Blue-circular-necklace-mi-mitrika-scar-id-2-1024x1024.jpg 1024w, https:\/\/scar-id.com\/wp-content\/uploads\/2021\/12\/Blue-circular-necklace-mi-mitrika-scar-id-2-150x150.jpg 150w, https:\/\/scar-id.com\/wp-content\/uploads\/2021\/12\/Blue-circular-necklace-mi-mitrika-scar-id-2-768x768.jpg 768w, https:\/\/scar-id.com\/wp-content\/uploads\/2021\/12\/Blue-circular-necklace-mi-mitrika-scar-id-2-324x324.jpg 324w, https:\/\/scar-id.com\/wp-content\/uploads\/2021\/12\/Blue-circular-necklace-mi-mitrika-scar-id-2-416x416.jpg 416w, https:\/\/scar-id.com\/wp-content\/uploads\/2021\/12\/Blue-circular-necklace-mi-mitrika-scar-id-2-100x100.jpg 100w\" sizes=\"(max-width: 1400px) 100vw, 1400px\" \/> <img loading=\"lazy\" decoding=\"async\" class=\"alignnone size-full wp-image-20394\" src=\"https:\/\/scar-id.com\/wp-content\/uploads\/2021\/12\/Blue-circular-necklace-mi-mitrika-scar-id-3.jpg\" alt=\"\" width=\"1400\" height=\"1400\" srcset=\"https:\/\/scar-id.com\/wp-content\/uploads\/2021\/12\/Blue-circular-necklace-mi-mitrika-scar-id-3.jpg 1400w, https:\/\/scar-id.com\/wp-content\/uploads\/2021\/12\/Blue-circular-necklace-mi-mitrika-scar-id-3-300x300.jpg 300w, https:\/\/scar-id.com\/wp-content\/uploads\/2021\/12\/Blue-circular-necklace-mi-mitrika-scar-id-3-1024x1024.jpg 1024w, https:\/\/scar-id.com\/wp-content\/uploads\/2021\/12\/Blue-circular-necklace-mi-mitrika-scar-id-3-150x150.jpg 150w, https:\/\/scar-id.com\/wp-content\/uploads\/2021\/12\/Blue-circular-necklace-mi-mitrika-scar-id-3-768x768.jpg 768w, https:\/\/scar-id.com\/wp-content\/uploads\/2021\/12\/Blue-circular-necklace-mi-mitrika-scar-id-3-324x324.jpg 324w, https:\/\/scar-id.com\/wp-content\/uploads\/2021\/12\/Blue-circular-necklace-mi-mitrika-scar-id-3-416x416.jpg 416w, https:\/\/scar-id.com\/wp-content\/uploads\/2021\/12\/Blue-circular-necklace-mi-mitrika-scar-id-3-100x100.jpg 100w\" sizes=\"(max-width: 1400px) 100vw, 1400px\" \/> <img loading=\"lazy\" decoding=\"async\" class=\"alignnone size-full wp-image-20396\" src=\"https:\/\/scar-id.com\/wp-content\/uploads\/2021\/12\/Blue-circular-necklace-mi-mitrika-scar-id-4.jpg\" alt=\"\" width=\"1400\" height=\"1400\" srcset=\"https:\/\/scar-id.com\/wp-content\/uploads\/2021\/12\/Blue-circular-necklace-mi-mitrika-scar-id-4.jpg 1400w, https:\/\/scar-id.com\/wp-content\/uploads\/2021\/12\/Blue-circular-necklace-mi-mitrika-scar-id-4-300x300.jpg 300w, https:\/\/scar-id.com\/wp-content\/uploads\/2021\/12\/Blue-circular-necklace-mi-mitrika-scar-id-4-1024x1024.jpg 1024w, https:\/\/scar-id.com\/wp-content\/uploads\/2021\/12\/Blue-circular-necklace-mi-mitrika-scar-id-4-150x150.jpg 150w, https:\/\/scar-id.com\/wp-content\/uploads\/2021\/12\/Blue-circular-necklace-mi-mitrika-scar-id-4-768x768.jpg 768w, https:\/\/scar-id.com\/wp-content\/uploads\/2021\/12\/Blue-circular-necklace-mi-mitrika-scar-id-4-324x324.jpg 324w, https:\/\/scar-id.com\/wp-content\/uploads\/2021\/12\/Blue-circular-necklace-mi-mitrika-scar-id-4-416x416.jpg 416w, https:\/\/scar-id.com\/wp-content\/uploads\/2021\/12\/Blue-circular-necklace-mi-mitrika-scar-id-4-100x100.jpg 100w\" sizes=\"(max-width: 1400px) 100vw, 1400px\" \/> <img loading=\"lazy\" decoding=\"async\" class=\"alignnone size-full wp-image-20398\" src=\"https:\/\/scar-id.com\/wp-content\/uploads\/2021\/12\/Blue-circular-necklace-mi-mitrika-scar-id-5.jpg\" alt=\"\" width=\"1400\" height=\"919\" srcset=\"https:\/\/scar-id.com\/wp-content\/uploads\/2021\/12\/Blue-circular-necklace-mi-mitrika-scar-id-5.jpg 1400w, https:\/\/scar-id.com\/wp-content\/uploads\/2021\/12\/Blue-circular-necklace-mi-mitrika-scar-id-5-300x197.jpg 300w, https:\/\/scar-id.com\/wp-content\/uploads\/2021\/12\/Blue-circular-necklace-mi-mitrika-scar-id-5-1024x672.jpg 1024w, https:\/\/scar-id.com\/wp-content\/uploads\/2021\/12\/Blue-circular-necklace-mi-mitrika-scar-id-5-768x504.jpg 768w, https:\/\/scar-id.com\/wp-content\/uploads\/2021\/12\/Blue-circular-necklace-mi-mitrika-scar-id-5-324x213.jpg 324w, https:\/\/scar-id.com\/wp-content\/uploads\/2021\/12\/Blue-circular-necklace-mi-mitrika-scar-id-5-416x273.jpg 416w\" sizes=\"(max-width: 1400px) 100vw, 1400px\" \/><\/p>\n<\/body><\/html>\n","protected":false},"excerpt":{"rendered":"<h5><strong>Material:<\/strong> Algod\u00e3o<\/h5>\n<h5><strong>Detalhe:<\/strong> Cada colar \u00e9 acompanhado por uma ilustra\u00e7\u00e3o de Ana Ventura<\/h5>\n<h5><strong>Produ\u00e7\u00e3o:<\/strong> Feito \u00e0 m\u00e3o<\/h5>\n<h5><\/h5>\n<p>&nbsp;<\/p>\n<p>&nbsp;<\/p>\n<h5><\/h5>\n<h5>As pe\u00e7as de joalharia de Mi Mitrika s\u00e3o Desenhadas e Produzidas em Portugal<\/h5>\n<h5>Dispon\u00edveis na scar-id store e emscar-id.com<\/h5>\n<h5>Para informa\u00e7\u00f5es e medidas, por favor contacte-nos:<\/h5>\n<h5><a href=\"mailto:info@scar-id.com\">info@scar-id.com<\/a>\u00a0\/ (+351) 22\u00a0203 3087<\/h5>\n","protected":false},"featured_media":20403,"template":"","meta":{"_uag_custom_page_level_css":""},"product_brand":[],"product_cat":[370],"product_tag":[],"class_list":{"0":"post-20445","1":"product","2":"type-product","3":"status-publish","4":"has-post-thumbnail","6":"product_cat-mi-mitika-en-pt-pt","7":"pif-has-gallery","9":"first","10":"outofstock","11":"taxable","12":"shipping-taxable","13":"purchasable","14":"product-type-simple"},"aioseo_notices":[],"uagb_featured_image_src":{"full":["https:\/\/scar-id.com\/wp-content\/uploads\/2021\/12\/blue-circular-necklace-mi-mitrika-scar-id-mini-1.jpg",824,1138,false],"thumbnail":["https:\/\/scar-id.com\/wp-content\/uploads\/2021\/12\/blue-circular-necklace-mi-mitrika-scar-id-mini-1-150x150.jpg",150,150,true],"medium":["https:\/\/scar-id.com\/wp-content\/uploads\/2021\/12\/blue-circular-necklace-mi-mitrika-scar-id-mini-1-217x300.jpg",217,300,true],"medium_large":["https:\/\/scar-id.com\/wp-content\/uploads\/2021\/12\/blue-circular-necklace-mi-mitrika-scar-id-mini-1-768x1061.jpg",768,1061,true],"large":["https:\/\/scar-id.com\/wp-content\/uploads\/2021\/12\/blue-circular-necklace-mi-mitrika-scar-id-mini-1-741x1024.jpg",741,1024,true],"1536x1536":["https:\/\/scar-id.com\/wp-content\/uploads\/2021\/12\/blue-circular-necklace-mi-mitrika-scar-id-mini-1.jpg",824,1138,false],"2048x2048":["https:\/\/scar-id.com\/wp-content\/uploads\/2021\/12\/blue-circular-necklace-mi-mitrika-scar-id-mini-1.jpg",824,1138,false],"woocommerce_thumbnail":["https:\/\/scar-id.com\/wp-content\/uploads\/2021\/12\/blue-circular-necklace-mi-mitrika-scar-id-mini-1-324x447.jpg",324,447,true],"woocommerce_single":["https:\/\/scar-id.com\/wp-content\/uploads\/2021\/12\/blue-circular-necklace-mi-mitrika-scar-id-mini-1-416x575.jpg",416,575,true],"woocommerce_gallery_thumbnail":["https:\/\/scar-id.com\/wp-content\/uploads\/2021\/12\/blue-circular-necklace-mi-mitrika-scar-id-mini-1-100x100.jpg",100,100,true]},"uagb_author_info":{"display_name":"scar-id","author_link":"https:\/\/scar-id.com\/pt-pt\/author\/"},"uagb_comment_info":0,"uagb_excerpt":"Material: Algod\u00e3o Detalhe: Cada colar \u00e9 acompanhado por uma ilustra\u00e7\u00e3o de Ana Ventura Produ\u00e7\u00e3o: Feito \u00e0 m\u00e3o &nbsp; &nbsp; As pe\u00e7as de joalharia de Mi Mitrika s\u00e3o Desenhadas e Produzidas em Portugal Dispon\u00edveis na scar-id store e emscar-id.com Para informa\u00e7\u00f5es e medidas, por favor contacte-nos: info@scar-id.com\u00a0\/ (+351) 22\u00a0203 3087","_links":{"self":[{"href":"https:\/\/scar-id.com\/pt-pt\/wp-json\/wp\/v2\/product\/20445","targetHints":{"allow":["GET"]}}],"collection":[{"href":"https:\/\/scar-id.com\/pt-pt\/wp-json\/wp\/v2\/product"}],"about":[{"href":"https:\/\/scar-id.com\/pt-pt\/wp-json\/wp\/v2\/types\/product"}],"wp:featuredmedia":[{"embeddable":true,"href":"https:\/\/scar-id.com\/pt-pt\/wp-json\/wp\/v2\/media\/20403"}],"wp:attachment":[{"href":"https:\/\/scar-id.com\/pt-pt\/wp-json\/wp\/v2\/media?parent=20445"}],"wp:term":[{"taxonomy":"product_brand","embeddable":true,"href":"https:\/\/scar-id.com\/pt-pt\/wp-json\/wp\/v2\/product_brand?post=20445"},{"taxonomy":"product_cat","embeddable":true,"href":"https:\/\/scar-id.com\/pt-pt\/wp-json\/wp\/v2\/product_cat?post=20445"},{"taxonomy":"product_tag","embeddable":true,"href":"https:\/\/scar-id.com\/pt-pt\/wp-json\/wp\/v2\/product_tag?post=20445"}],"curies":[{"name":"wp","href":"https:\/\/api.w.org\/{rel}","templated":true}]}}