{"id":20575,"date":"2021-12-21T16:18:08","date_gmt":"2021-12-21T16:18:08","guid":{"rendered":"https:\/\/scar-id.com\/produto\/am-socks-white\/"},"modified":"2021-12-21T16:43:30","modified_gmt":"2021-12-21T16:43:30","slug":"am-meias-brancas","status":"publish","type":"product","link":"https:\/\/scar-id.com\/pt-pt\/produto\/am-meias-brancas\/","title":{"rendered":"Meias Brancas AM"},"content":{"rendered":"<!DOCTYPE html PUBLIC \"-\/\/W3C\/\/DTD HTML 4.0 Transitional\/\/EN\" \"http:\/\/www.w3.org\/TR\/REC-html40\/loose.dtd\">\n<html><body><p><img fetchpriority=\"high\" decoding=\"async\" class=\"alignnone size-full wp-image-20561\" src=\"https:\/\/scar-id.com\/wp-content\/uploads\/2021\/12\/socks-alexandra-moura-scar-id-white-3.jpg\" alt=\"\" width=\"1400\" height=\"1850\" srcset=\"https:\/\/scar-id.com\/wp-content\/uploads\/2021\/12\/socks-alexandra-moura-scar-id-white-3.jpg 1400w, https:\/\/scar-id.com\/wp-content\/uploads\/2021\/12\/socks-alexandra-moura-scar-id-white-3-227x300.jpg 227w, https:\/\/scar-id.com\/wp-content\/uploads\/2021\/12\/socks-alexandra-moura-scar-id-white-3-775x1024.jpg 775w, https:\/\/scar-id.com\/wp-content\/uploads\/2021\/12\/socks-alexandra-moura-scar-id-white-3-768x1015.jpg 768w, https:\/\/scar-id.com\/wp-content\/uploads\/2021\/12\/socks-alexandra-moura-scar-id-white-3-1162x1536.jpg 1162w, https:\/\/scar-id.com\/wp-content\/uploads\/2021\/12\/socks-alexandra-moura-scar-id-white-3-324x428.jpg 324w, https:\/\/scar-id.com\/wp-content\/uploads\/2021\/12\/socks-alexandra-moura-scar-id-white-3-416x550.jpg 416w\" sizes=\"(max-width: 1400px) 100vw, 1400px\" \/> <img decoding=\"async\" class=\"alignnone size-full wp-image-20559\" src=\"https:\/\/scar-id.com\/wp-content\/uploads\/2021\/12\/socks-alexandra-moura-scar-id-white-2.jpg\" alt=\"\" width=\"1400\" height=\"1953\" srcset=\"https:\/\/scar-id.com\/wp-content\/uploads\/2021\/12\/socks-alexandra-moura-scar-id-white-2.jpg 1400w, https:\/\/scar-id.com\/wp-content\/uploads\/2021\/12\/socks-alexandra-moura-scar-id-white-2-215x300.jpg 215w, https:\/\/scar-id.com\/wp-content\/uploads\/2021\/12\/socks-alexandra-moura-scar-id-white-2-734x1024.jpg 734w, https:\/\/scar-id.com\/wp-content\/uploads\/2021\/12\/socks-alexandra-moura-scar-id-white-2-768x1071.jpg 768w, https:\/\/scar-id.com\/wp-content\/uploads\/2021\/12\/socks-alexandra-moura-scar-id-white-2-1101x1536.jpg 1101w, https:\/\/scar-id.com\/wp-content\/uploads\/2021\/12\/socks-alexandra-moura-scar-id-white-2-324x452.jpg 324w, https:\/\/scar-id.com\/wp-content\/uploads\/2021\/12\/socks-alexandra-moura-scar-id-white-2-416x580.jpg 416w\" sizes=\"(max-width: 1400px) 100vw, 1400px\" \/> <img decoding=\"async\" class=\"alignnone size-full wp-image-20557\" src=\"https:\/\/scar-id.com\/wp-content\/uploads\/2021\/12\/socks-alexandra-moura-scar-id-white-1.jpg\" alt=\"\" width=\"1400\" height=\"1521\" srcset=\"https:\/\/scar-id.com\/wp-content\/uploads\/2021\/12\/socks-alexandra-moura-scar-id-white-1.jpg 1400w, https:\/\/scar-id.com\/wp-content\/uploads\/2021\/12\/socks-alexandra-moura-scar-id-white-1-276x300.jpg 276w, https:\/\/scar-id.com\/wp-content\/uploads\/2021\/12\/socks-alexandra-moura-scar-id-white-1-943x1024.jpg 943w, https:\/\/scar-id.com\/wp-content\/uploads\/2021\/12\/socks-alexandra-moura-scar-id-white-1-768x834.jpg 768w, https:\/\/scar-id.com\/wp-content\/uploads\/2021\/12\/socks-alexandra-moura-scar-id-white-1-324x352.jpg 324w, https:\/\/scar-id.com\/wp-content\/uploads\/2021\/12\/socks-alexandra-moura-scar-id-white-1-416x452.jpg 416w\" sizes=\"(max-width: 1400px) 100vw, 1400px\" \/><\/p>\n<\/body><\/html>\n","protected":false},"excerpt":{"rendered":"<h6><strong>Material:<\/strong> 80% Algod\u00e3o + 20%Poliamida<\/h6>\n<h6><strong>Tamanho:<\/strong> Universal<\/h6>\n<h6><\/h6>\n<p>&nbsp;<\/p>\n<p>&nbsp;<\/p>\n<h6>Todas as pe\u00e7as seleccionada de Alexandra Moura<\/h6>\n<h6>s\u00e3o desenhadas e produzidas em Portugal<\/h6>\n<h6>Para informa\u00e7\u00f5es e medidas, por favor contacte-nos<\/h6>\n<h6><a href=\"mailto:info@scar-id.com\">info@scar-id.com<\/a>\u00a0\/ (+351) 22\u00a0203 3087<\/h6>\n","protected":false},"featured_media":20564,"template":"","meta":{"_uag_custom_page_level_css":""},"product_brand":[],"product_cat":[126],"product_tag":[],"class_list":{"0":"post-20575","1":"product","2":"type-product","3":"status-publish","4":"has-post-thumbnail","6":"product_cat-alexandra-moura","8":"first","9":"instock","10":"taxable","11":"shipping-taxable","12":"purchasable","13":"product-type-simple"},"aioseo_notices":[],"uagb_featured_image_src":{"full":["https:\/\/scar-id.com\/wp-content\/uploads\/2021\/12\/socks-alexandra-moura-scar-id-white-mini.jpg",824,1138,false],"thumbnail":["https:\/\/scar-id.com\/wp-content\/uploads\/2021\/12\/socks-alexandra-moura-scar-id-white-mini-150x150.jpg",150,150,true],"medium":["https:\/\/scar-id.com\/wp-content\/uploads\/2021\/12\/socks-alexandra-moura-scar-id-white-mini-217x300.jpg",217,300,true],"medium_large":["https:\/\/scar-id.com\/wp-content\/uploads\/2021\/12\/socks-alexandra-moura-scar-id-white-mini-768x1061.jpg",768,1061,true],"large":["https:\/\/scar-id.com\/wp-content\/uploads\/2021\/12\/socks-alexandra-moura-scar-id-white-mini-741x1024.jpg",741,1024,true],"1536x1536":["https:\/\/scar-id.com\/wp-content\/uploads\/2021\/12\/socks-alexandra-moura-scar-id-white-mini.jpg",824,1138,false],"2048x2048":["https:\/\/scar-id.com\/wp-content\/uploads\/2021\/12\/socks-alexandra-moura-scar-id-white-mini.jpg",824,1138,false],"woocommerce_thumbnail":["https:\/\/scar-id.com\/wp-content\/uploads\/2021\/12\/socks-alexandra-moura-scar-id-white-mini-324x447.jpg",324,447,true],"woocommerce_single":["https:\/\/scar-id.com\/wp-content\/uploads\/2021\/12\/socks-alexandra-moura-scar-id-white-mini-416x575.jpg",416,575,true],"woocommerce_gallery_thumbnail":["https:\/\/scar-id.com\/wp-content\/uploads\/2021\/12\/socks-alexandra-moura-scar-id-white-mini-100x100.jpg",100,100,true]},"uagb_author_info":{"display_name":"scar-id","author_link":"https:\/\/scar-id.com\/pt-pt\/author\/"},"uagb_comment_info":0,"uagb_excerpt":"Material: 80% Algod\u00e3o + 20%Poliamida Tamanho: Universal &nbsp; &nbsp; Todas as pe\u00e7as seleccionada de Alexandra Moura s\u00e3o desenhadas e produzidas em Portugal Para informa\u00e7\u00f5es e medidas, por favor contacte-nos info@scar-id.com\u00a0\/ (+351) 22\u00a0203 3087","_links":{"self":[{"href":"https:\/\/scar-id.com\/pt-pt\/wp-json\/wp\/v2\/product\/20575","targetHints":{"allow":["GET"]}}],"collection":[{"href":"https:\/\/scar-id.com\/pt-pt\/wp-json\/wp\/v2\/product"}],"about":[{"href":"https:\/\/scar-id.com\/pt-pt\/wp-json\/wp\/v2\/types\/product"}],"wp:featuredmedia":[{"embeddable":true,"href":"https:\/\/scar-id.com\/pt-pt\/wp-json\/wp\/v2\/media\/20564"}],"wp:attachment":[{"href":"https:\/\/scar-id.com\/pt-pt\/wp-json\/wp\/v2\/media?parent=20575"}],"wp:term":[{"taxonomy":"product_brand","embeddable":true,"href":"https:\/\/scar-id.com\/pt-pt\/wp-json\/wp\/v2\/product_brand?post=20575"},{"taxonomy":"product_cat","embeddable":true,"href":"https:\/\/scar-id.com\/pt-pt\/wp-json\/wp\/v2\/product_cat?post=20575"},{"taxonomy":"product_tag","embeddable":true,"href":"https:\/\/scar-id.com\/pt-pt\/wp-json\/wp\/v2\/product_tag?post=20575"}],"curies":[{"name":"wp","href":"https:\/\/api.w.org\/{rel}","templated":true}]}}