{"id":20644,"date":"2022-01-05T15:14:14","date_gmt":"2022-01-05T15:14:14","guid":{"rendered":"https:\/\/scar-id.com\/produto\/cork-paperweight\/"},"modified":"2022-01-05T15:35:07","modified_gmt":"2022-01-05T15:35:07","slug":"pisa-papeis-cortica-1","status":"publish","type":"product","link":"https:\/\/scar-id.com\/pt-pt\/produto\/pisa-papeis-cortica-1\/","title":{"rendered":"Pisa Pap\u00e9is em Corti\u00e7a"},"content":{"rendered":"<!DOCTYPE html PUBLIC \"-\/\/W3C\/\/DTD HTML 4.0 Transitional\/\/EN\" \"http:\/\/www.w3.org\/TR\/REC-html40\/loose.dtd\">\n<html><body><p><img fetchpriority=\"high\" decoding=\"async\" class=\"alignnone size-full wp-image-20639\" src=\"https:\/\/scar-id.com\/wp-content\/uploads\/2022\/01\/Paperweights-kimai-scar-id-4.jpg\" alt=\"\" width=\"1400\" height=\"1400\" srcset=\"https:\/\/scar-id.com\/wp-content\/uploads\/2022\/01\/Paperweights-kimai-scar-id-4.jpg 1400w, https:\/\/scar-id.com\/wp-content\/uploads\/2022\/01\/Paperweights-kimai-scar-id-4-300x300.jpg 300w, https:\/\/scar-id.com\/wp-content\/uploads\/2022\/01\/Paperweights-kimai-scar-id-4-1024x1024.jpg 1024w, https:\/\/scar-id.com\/wp-content\/uploads\/2022\/01\/Paperweights-kimai-scar-id-4-150x150.jpg 150w, https:\/\/scar-id.com\/wp-content\/uploads\/2022\/01\/Paperweights-kimai-scar-id-4-768x768.jpg 768w, https:\/\/scar-id.com\/wp-content\/uploads\/2022\/01\/Paperweights-kimai-scar-id-4-324x324.jpg 324w, https:\/\/scar-id.com\/wp-content\/uploads\/2022\/01\/Paperweights-kimai-scar-id-4-416x416.jpg 416w, https:\/\/scar-id.com\/wp-content\/uploads\/2022\/01\/Paperweights-kimai-scar-id-4-100x100.jpg 100w\" sizes=\"(max-width: 1400px) 100vw, 1400px\" \/> <img decoding=\"async\" class=\"alignnone size-full wp-image-20634\" src=\"https:\/\/scar-id.com\/wp-content\/uploads\/2022\/01\/Paperweights-kimai-scar-id-5.jpg\" alt=\"\" width=\"1400\" height=\"1400\" srcset=\"https:\/\/scar-id.com\/wp-content\/uploads\/2022\/01\/Paperweights-kimai-scar-id-5.jpg 1400w, https:\/\/scar-id.com\/wp-content\/uploads\/2022\/01\/Paperweights-kimai-scar-id-5-300x300.jpg 300w, https:\/\/scar-id.com\/wp-content\/uploads\/2022\/01\/Paperweights-kimai-scar-id-5-1024x1024.jpg 1024w, https:\/\/scar-id.com\/wp-content\/uploads\/2022\/01\/Paperweights-kimai-scar-id-5-150x150.jpg 150w, https:\/\/scar-id.com\/wp-content\/uploads\/2022\/01\/Paperweights-kimai-scar-id-5-768x768.jpg 768w, https:\/\/scar-id.com\/wp-content\/uploads\/2022\/01\/Paperweights-kimai-scar-id-5-324x324.jpg 324w, https:\/\/scar-id.com\/wp-content\/uploads\/2022\/01\/Paperweights-kimai-scar-id-5-416x416.jpg 416w, https:\/\/scar-id.com\/wp-content\/uploads\/2022\/01\/Paperweights-kimai-scar-id-5-100x100.jpg 100w\" sizes=\"(max-width: 1400px) 100vw, 1400px\" \/><\/p>\n<\/body><\/html>\n","protected":false},"excerpt":{"rendered":"<h6><strong>Material:<\/strong> Corti\u00e7a<\/h6>\n<h6><strong>Descri\u00e7\u00e3o: <\/strong>Cubo de corti\u00e7a que pode ser usado como pisa pap\u00e9is, com rasgos para folhas<\/h6>\n<h6><strong>Dimens\u00f5es:<\/strong> 7cm (cubo)<\/h6>\n<h6><\/h6>\n<h6><\/h6>\n<h6><\/h6>\n<p>&nbsp;<\/p>\n<h6>Todas as pe\u00e7as seleccionadas de Kima s\u00e3o<\/h6>\n<h6>Desenhadas e Produzidas em Portugal<\/h6>\n<h6>Para informa\u00e7\u00f5es e medidas, por favor contacte-nos:<\/h6>\n<h6><a href=\"mailto:info@scar-id.com\">info@scar-id.com<\/a>\u00a0\/ (+351) 22\u00a0203 3087<\/h6>\n","protected":false},"featured_media":20642,"template":"","meta":{"_uag_custom_page_level_css":""},"product_brand":[],"product_cat":[351],"product_tag":[],"class_list":{"0":"post-20644","1":"product","2":"type-product","3":"status-publish","4":"has-post-thumbnail","6":"product_cat-kima-pt","8":"first","9":"instock","10":"taxable","11":"shipping-taxable","12":"purchasable","13":"product-type-simple"},"aioseo_notices":[],"uagb_featured_image_src":{"full":["https:\/\/scar-id.com\/wp-content\/uploads\/2022\/01\/Paperweights-kima-mini-scar-id-1.jpg",824,1138,false],"thumbnail":["https:\/\/scar-id.com\/wp-content\/uploads\/2022\/01\/Paperweights-kima-mini-scar-id-1-150x150.jpg",150,150,true],"medium":["https:\/\/scar-id.com\/wp-content\/uploads\/2022\/01\/Paperweights-kima-mini-scar-id-1-217x300.jpg",217,300,true],"medium_large":["https:\/\/scar-id.com\/wp-content\/uploads\/2022\/01\/Paperweights-kima-mini-scar-id-1-768x1061.jpg",768,1061,true],"large":["https:\/\/scar-id.com\/wp-content\/uploads\/2022\/01\/Paperweights-kima-mini-scar-id-1-741x1024.jpg",741,1024,true],"1536x1536":["https:\/\/scar-id.com\/wp-content\/uploads\/2022\/01\/Paperweights-kima-mini-scar-id-1.jpg",824,1138,false],"2048x2048":["https:\/\/scar-id.com\/wp-content\/uploads\/2022\/01\/Paperweights-kima-mini-scar-id-1.jpg",824,1138,false],"woocommerce_thumbnail":["https:\/\/scar-id.com\/wp-content\/uploads\/2022\/01\/Paperweights-kima-mini-scar-id-1-324x447.jpg",324,447,true],"woocommerce_single":["https:\/\/scar-id.com\/wp-content\/uploads\/2022\/01\/Paperweights-kima-mini-scar-id-1-416x575.jpg",416,575,true],"woocommerce_gallery_thumbnail":["https:\/\/scar-id.com\/wp-content\/uploads\/2022\/01\/Paperweights-kima-mini-scar-id-1-100x100.jpg",100,100,true]},"uagb_author_info":{"display_name":"scar-id","author_link":"https:\/\/scar-id.com\/pt-pt\/author\/"},"uagb_comment_info":0,"uagb_excerpt":"Material: Corti\u00e7a Descri\u00e7\u00e3o: Cubo de corti\u00e7a que pode ser usado como pisa pap\u00e9is, com rasgos para folhas Dimens\u00f5es: 7cm (cubo) &nbsp; Todas as pe\u00e7as seleccionadas de Kima s\u00e3o Desenhadas e Produzidas em Portugal Para informa\u00e7\u00f5es e medidas, por favor contacte-nos: info@scar-id.com\u00a0\/ (+351) 22\u00a0203 3087","_links":{"self":[{"href":"https:\/\/scar-id.com\/pt-pt\/wp-json\/wp\/v2\/product\/20644","targetHints":{"allow":["GET"]}}],"collection":[{"href":"https:\/\/scar-id.com\/pt-pt\/wp-json\/wp\/v2\/product"}],"about":[{"href":"https:\/\/scar-id.com\/pt-pt\/wp-json\/wp\/v2\/types\/product"}],"wp:featuredmedia":[{"embeddable":true,"href":"https:\/\/scar-id.com\/pt-pt\/wp-json\/wp\/v2\/media\/20642"}],"wp:attachment":[{"href":"https:\/\/scar-id.com\/pt-pt\/wp-json\/wp\/v2\/media?parent=20644"}],"wp:term":[{"taxonomy":"product_brand","embeddable":true,"href":"https:\/\/scar-id.com\/pt-pt\/wp-json\/wp\/v2\/product_brand?post=20644"},{"taxonomy":"product_cat","embeddable":true,"href":"https:\/\/scar-id.com\/pt-pt\/wp-json\/wp\/v2\/product_cat?post=20644"},{"taxonomy":"product_tag","embeddable":true,"href":"https:\/\/scar-id.com\/pt-pt\/wp-json\/wp\/v2\/product_tag?post=20644"}],"curies":[{"name":"wp","href":"https:\/\/api.w.org\/{rel}","templated":true}]}}